{"id":9,"date":"2012-04-20T11:22:24","date_gmt":"2012-04-20T11:22:24","guid":{"rendered":"http:\/\/web.ismt.pt\/wp\/diinews\/?page_id=9"},"modified":"2019-02-21T00:08:32","modified_gmt":"2019-02-21T00:08:32","slug":"coordenacao","status":"publish","type":"page","link":"https:\/\/diinews.ismt.pt\/?page_id=9&lang=pt","title":{"rendered":"Membros"},"content":{"rendered":"<h3 style=\"text-align: justify;\">\u00c1reas&nbsp;de&nbsp;Investiga\u00e7\u00e3o<\/h3>\n<ul>\n<li><span style=\"font-size: 13px;\"><a href=\"https:\/\/diinews.ismt.pt\/wp\/diinews\/?page_id=816\" target=\"_blank\" rel=\"noopener noreferrer\">Ci\u00eancias do Comportamento<\/a><\/span><\/li>\n<li><span style=\"font-size: 13px;\"><a href=\"https:\/\/diinews.ismt.pt\/wp\/diinews\/?page_id=818\" target=\"_blank\" rel=\"noopener noreferrer\">Ci\u00eancias&nbsp;Sociais<\/a><\/span><\/li>\n<li><span style=\"font-size: 13px;\"><a href=\"https:\/\/diinews.ismt.pt\/wp\/diinews\/?page_id=820\" target=\"_blank\" rel=\"noopener noreferrer\">Comunica\u00e7\u00e3o e Tecnologia<\/a><\/span><\/li>\n<\/ul>\n<div><\/div>\n<h4>As publica\u00e7\u00f5es dos membros do DI&amp;D podem ser consultadas em:<\/h4>\n<ul>\n<li><span style=\"font-size: 13px;\"><a href=\"http:\/\/repositorio.ismt.pt\" target=\"_blank\" rel=\"noopener noreferrer\">Reposit\u00f3<span class=\"GRspelling\">rio<\/span>&nbsp;Aberto do ISMT<\/a>&nbsp;<\/span><\/li>\n<li><span style=\"font-size: 13px;\"><a href=\"https:\/\/www.authenticus.pt\/en\/institutions\/view\/293\" target=\"_blank\" rel=\"noopener noreferrer\">Authenticus<\/a><\/span><\/li>\n<li><span style=\"font-size: 13px;\"><a href=\"https:\/\/ismt.academia.edu\" target=\"_blank\" rel=\"noopener noreferrer\">Academia.edu<\/a><\/span><\/li>\n<li><span style=\"font-size: 13px;\"><a href=\"https:\/\/www.researchgate.net\/institution\/ISMT-Instituto_Superior_Miguel_Torga\" target=\"_blank\" rel=\"noopener noreferrer\">ResearchGate <\/a><\/span><\/li>\n<li><a href=\"https:\/\/www.cienciavitae.pt\"><span style=\"font-size: 13px;\">CienciaVitae<\/span><\/a><\/li>\n<li><span style=\"font-size: 13px;\"><a href=\"https:\/\/scholar.google.pt\/scholar?hl=pt-PT&amp;as_sdt=0%2C5&amp;q=%22Instituto+Superior+Miguel+Torga%22&amp;btnG=\" target=\"_blank\" rel=\"noopener noreferrer\">Google Scholar<\/a><\/span><\/li>\n<\/ul>\n<p><a style=\"letter-spacing: 0px; font-family: 'Helvetica Neue'; font-size: 12px; text-align: justify;\" href=\"http:\/\/www.cepese.pt\/portal\/investigacao\" target=\"_blank\" rel=\"noopener noreferrer\"><strong>CEPESE &#8211; Centro de Estudos da Popula\u00e7\u00e3o, Economia e Sociedade<\/strong><\/a><\/p>\n<p style=\"margin: 0px 12px 12px; text-align: justify; font-size: 12px; font-family: 'Helvetica Neue'; color: #606060;\"><span style=\"letter-spacing: 0.0px;\"><a href=\"https:\/\/diinews.ismt.pt\/wp-content\/uploads\/2019\/02\/image001.jpg\"><img loading=\"lazy\" class=\" wp-image-3279 alignleft\" src=\"https:\/\/diinews.ismt.pt\/wp-content\/uploads\/2019\/02\/image001.jpg\" alt=\"\" width=\"58\" height=\"49\"><\/a>Alguns membros do DI&amp;D do ISMT est\u00e3o integrados ou colaboram com o CEPESE, na sua maioria inseridos no Grupo de Investiga\u00e7\u00e3o <a href=\"http:\/\/www.cepese.pt\/portal\/investigacao\/grupos\/economia-sociedade-e-politica-do-portugal-contemporaneo\"><span style=\"letter-spacing: 0px; color: #606060;\">Economia, Sociedade e Pol\u00edtica do Portugal Contempor\u00e2neo<\/span><\/a>, coordenado pelo Professor Doutor Carlos Amaral Dias, na linha&nbsp;<\/span><span style=\"letter-spacing: 0.0px; color: #606060;\"><em>Sociedade, Cultura e Comportamento<\/em><\/span><span style=\"letter-spacing: 0.0px;\">.<\/span><\/p>\n","protected":false},"excerpt":{"rendered":"<p>\u00c1reas&nbsp;de&nbsp;Investiga\u00e7\u00e3o Ci\u00eancias do Comportamento Ci\u00eancias&nbsp;Sociais Comunica\u00e7\u00e3o e Tecnologia As publica\u00e7\u00f5es dos membros do DI&amp;D podem ser consultadas em: Reposit\u00f3rio&nbsp;Aberto do ISMT&nbsp; Authenticus Academia.edu ResearchGate CienciaVitae Google Scholar CEPESE &#8211; Centro de Estudos da Popula\u00e7\u00e3o, Economia e Sociedade Alguns membros do DI&amp;D do ISMT est\u00e3o integrados ou colaboram com o CEPESE, na sua maioria inseridos no [&hellip;]<\/p>\n","protected":false},"author":1,"featured_media":0,"parent":0,"menu_order":1,"comment_status":"closed","ping_status":"closed","template":"","meta":{"_mi_skip_tracking":false,"_monsterinsights_sitenote_active":false,"_monsterinsights_sitenote_note":"","_monsterinsights_sitenote_category":0},"_links":{"self":[{"href":"https:\/\/diinews.ismt.pt\/index.php?rest_route=\/wp\/v2\/pages\/9"}],"collection":[{"href":"https:\/\/diinews.ismt.pt\/index.php?rest_route=\/wp\/v2\/pages"}],"about":[{"href":"https:\/\/diinews.ismt.pt\/index.php?rest_route=\/wp\/v2\/types\/page"}],"author":[{"embeddable":true,"href":"https:\/\/diinews.ismt.pt\/index.php?rest_route=\/wp\/v2\/users\/1"}],"replies":[{"embeddable":true,"href":"https:\/\/diinews.ismt.pt\/index.php?rest_route=%2Fwp%2Fv2%2Fcomments&post=9"}],"version-history":[{"count":202,"href":"https:\/\/diinews.ismt.pt\/index.php?rest_route=\/wp\/v2\/pages\/9\/revisions"}],"predecessor-version":[{"id":3282,"href":"https:\/\/diinews.ismt.pt\/index.php?rest_route=\/wp\/v2\/pages\/9\/revisions\/3282"}],"wp:attachment":[{"href":"https:\/\/diinews.ismt.pt\/index.php?rest_route=%2Fwp%2Fv2%2Fmedia&parent=9"}],"curies":[{"name":"wp","href":"https:\/\/api.w.org\/{rel}","templated":true}]}}