{"id":842,"date":"2013-07-22T19:59:11","date_gmt":"2013-07-22T19:59:11","guid":{"rendered":"http:\/\/web.ismt.pt\/wp\/diinews\/?page_id=842"},"modified":"2013-11-20T19:16:02","modified_gmt":"2013-11-20T19:16:02","slug":"2013-2","status":"publish","type":"page","link":"https:\/\/diinews.ismt.pt\/?page_id=842","title":{"rendered":"2013"},"content":{"rendered":"<p><strong><span style=\"color: #993300;\">Semin\u00e1rio Te\u00f3rico-Pr\u00e1tico Psicoterapia Psicodin\u00e2mica<\/span><\/strong><\/p>\n<p>No \u00e2mbito\u00a0da Especialidade em Psicoterapia Psicodin\u00e2mica do curso de 2.\u00ba ciclo de Psicologia Cl\u00ednica, vai decorrer\u00a0o semin\u00e1rio\u00a0te\u00f3rico-pr\u00e1tico\u00a0relativo\u00a0ao\u00a0tema: a Revista Portuguesa de Psican\u00e1lise (RPP) como instrumento de divulga\u00e7\u00e3o da teoria e da pr\u00e1tica terap\u00eautica da psican\u00e1lise em Portugal.<\/p>\n<h6>Data: 20 de novembro de 2013<\/h6>\n<h6>Local: Sala 1 do Ed. Rua Augusta, 46<\/h6>\n<p><a href=\"https:\/\/diinews.ismt.pt\/wp\/diinews\/wp-content\/uploads\/2013\/07\/cartaz-rev-psic.jpg\"><img loading=\"lazy\" class=\"alignleft  wp-image-1009\" title=\"cartaz rev psic\" src=\"https:\/\/diinews.ismt.pt\/wp\/diinews\/wp-content\/uploads\/2013\/07\/cartaz-rev-psic-212x300.jpg\" alt=\"\" width=\"300\" height=\"400\" \/><\/a><\/p>\n<p>&nbsp;<\/p>\n<p>&nbsp;<\/p>\n<p>&nbsp;<\/p>\n<p>&nbsp;<\/p>\n<p>&nbsp;<\/p>\n<p>&nbsp;<\/p>\n<p>&nbsp;<\/p>\n<p>&nbsp;<\/p>\n<p>&nbsp;<\/p>\n<p>&nbsp;<\/p>\n<p><span style=\"color: #333399;\"><strong>Workshop<\/strong>:\u00a0<strong>Investiga\u00e7\u00e3o em\u00a0A\u00e7\u00e3o<\/strong><\/span><\/p>\n<p><img loading=\"lazy\" title=\"Captura de ecr\u00e3 2013-04-27, \u00e0s 09.00.13\" src=\"https:\/\/diinews.ismt.pt\/wp\/diinews\/wp-content\/uploads\/2012\/04\/Captura-de-ecr\u00e3-2013-04-27-\u00e0s-09.00.13-873x1024.png\" alt=\"\" width=\"359\" height=\"421\" \/><\/p>\n<h6><em><strong>Constru\u00e7\u00e3o a opera\u00e7\u00e3o de base da dados em SPSS<\/strong><\/em>\u00a0\u2014 Prof. Doutora Margarida Pocinho \u2014 4 de\u00a0maio de\u00a02013, 14H &#8211; 18H<\/h6>\n<h6><em><strong>A especificidade e o desafio da observa\u00e7\u00e3o emp\u00edrica<\/strong><\/em>\u00a0\u2014 Prof. Doutor Carlos Alberto Afonso \u2014 18 de\u00a0maio,\u00a014H &#8211; 18H<\/h6>\n<h6><em><strong>Biblioteca virtual: operar a partir do Mendeley<\/strong><\/em>\u00a0\u2014\u00a0Prof. Doutora Margarida Pocinho \u2014 1 de\u00a0junho\u00a0de\u00a02013, 14H &#8211; 18H<\/h6>\n<h6><em><strong>Elabora\u00e7\u00e3o de Resenhas Cr\u00edticas<\/strong><\/em>\u00a0\u2014\u00a0Prof. Doutora Esmeralda Macedo\u2014 8 de\u00a0junho\u00a0de\u00a02013, 14H &#8211; 18H<\/h6>\n<h6><strong><em>Organiza\u00e7\u00e3o e apresenta\u00e7\u00e3o de\u00a0disserta\u00e7\u00f5es\u00a0e relatorios de\u00a0investiga\u00e7\u00e3o\u00a0<\/em><\/strong>\u00a0\u2014\u00a0Prof. Doutora Regina Tralh\u00e3o Farate \u2014 15\u00a0de\u00a0junho\u00a0de\u00a02013, 14H &#8211; 18H<\/h6>\n<h4><span style=\"color: #33cccc;\"><strong>III CICLO\u00a0de\u00a0SEMIN\u00c1RIOS\u00a0SOBRE \u00c9TICA\u00a0e DEONTOLOGIA<\/strong><\/span><\/h4>\n<p><img loading=\"lazy\" title=\"\u00e9tica\" src=\"https:\/\/diinews.ismt.pt\/wp\/diinews\/wp-content\/uploads\/2012\/04\/\u00e9tica.jpg\" alt=\"\" width=\"377\" height=\"537\" \/><\/p>\n<p>&nbsp;<\/p>\n<p><span style=\"color: #c1703e;\"><strong>SEMIN\u00c1RIOS ABERTOS do GAPSI<\/strong><\/span><\/p>\n<p>Quartas-feiras, 11H-12H<\/p>\n<p><a href=\"https:\/\/diinews.ismt.pt\/wp\/diinews\/wp-content\/uploads\/2012\/04\/Semin\u00e1rios-c\u00f3pia1.jpg\"><img loading=\"lazy\" title=\"Semin\u00e1rios-c\u00f3pia\" src=\"https:\/\/diinews.ismt.pt\/wp\/diinews\/wp-content\/uploads\/2012\/04\/Semin\u00e1rios-c\u00f3pia1.jpg\" alt=\"\" width=\"455\" height=\"643\" \/><\/a><\/p>\n<p>&nbsp;<\/p>\n<p style=\"margin: 0px 0px 12px; font-size: 11px; font-family: 'Helvetica Neue';\"><span style=\"letter-spacing: 0.0px; color: #ff8c00;\"><em>Fobia Social\u00a0<\/em><\/span><span style=\"letter-spacing: 0.0px;\">\u2014 Mestre Joana Matreno \u2014\u00a019 de Dezembro de 2012 e 9 de Janeiro de 2013<\/span><\/p>\n<p style=\"margin: 0px 0px 12px; font-size: 11px; font-family: 'Helvetica Neue';\"><span style=\"letter-spacing: 0.0px; color: #ff8c00;\">Psicodrama\u00a0<\/span><span style=\"letter-spacing: 0.0px;\">\u2014 Mestre Margarida Oliveira e Dra. Paula Carri\u00e7o \u2014\u00a023 de Janeiro de 2013<\/span><\/p>\n<p style=\"margin: 0px 0px 12px; font-size: 11px; font-family: 'Helvetica Neue';\"><span style=\"letter-spacing: 0.0px; color: #ff8c00;\"><em>Depress\u00e3o<\/em>\u00a0<\/span><span style=\"letter-spacing: 0.0px;\">\u2014 Mestre Claudia Filipe \u2014\u00a030 de Janeiro de 2013<\/span><\/p>\n<p style=\"margin: 0px 0px 12px; font-size: 11px; font-family: 'Helvetica Neue'; color: #ff8c00;\"><span style=\"letter-spacing: 0.0px;\"><em>Perturba\u00e7\u00e3o da Ansiedade Generalizada em Idosos\u00a0<\/em><\/span><span style=\"letter-spacing: 0.0px; color: #232323;\">\u2014 Mestre In\u00eas Pena \u2014\u00a013 de Fevereiro de 2013<\/span><\/p>\n<p style=\"margin: 0px 0px 12px; font-size: 11px; font-family: 'Helvetica Neue';\"><span style=\"letter-spacing: 0.0px; color: #ff8c00;\"><em>Perturba\u00e7\u00e3o do Stress P\u00f3s-Traum\u00e1tico\u00a0e RDRM<\/em>\u00a0<\/span><span style=\"letter-spacing: 0.0px;\">\u2014 Mestre Sara Moitinho \u2014\u00a020 de Fevereiro de 2013<\/span><\/p>\n<p style=\"margin: 0px 0px 12px; font-size: 11px; font-family: 'Helvetica Neue';\"><span style=\"letter-spacing: 0.0px; color: #ff8c00;\"><em>Mindfullness<\/em>\u00a0<\/span><span style=\"letter-spacing: 0.0px;\">\u2014 Mestre Carla Susana Neves e Prof. Doutora S\u00f3nia Sim\u00f5es\u00a0\u2014\u00a027 de Fevereiro de 2013<\/span><\/p>\n<p style=\"margin: 0px 0px 12px; font-size: 11px; font-family: 'Helvetica Neue';\"><span style=\"letter-spacing: 0.0px; color: #ff8c00;\"><em>Perturba\u00e7\u00e3o de Aten\u00e7\u00e3o\u00a0<\/em><\/span><span style=\"letter-spacing: 0.0px;\">\u2014 Mestre Lu\u00edsa Caldas \u2014\u00a013 de Mar\u00e7o de 2013<\/span><\/p>\n<p style=\"margin: 0px 0px 12px; font-size: 11px; font-family: 'Helvetica Neue';\"><span style=\"letter-spacing: 0.0px; color: #ff8c00;\"><em>Perturba\u00e7\u00f5es Alimentares<\/em>\u00a0<\/span><span style=\"letter-spacing: 0.0px;\">\u2014 Mestre Vanessa Vig\u00e1rio\u00a0\u2014\u00a020 de Mar\u00e7o de 2013<\/span><\/p>\n<p style=\"margin: 0px 0px 12px; font-size: 11px; font-family: 'Helvetica Neue';\"><span style=\"letter-spacing: 0.0px; color: #ff8c00;\"><em>Doen\u00e7as dos Pri\u00f5es<\/em>\u00a0<\/span><span style=\"letter-spacing: 0.0px;\">\u2014 Mestre Vera Pascoal \u2014\u00a03 de Abril de 2013<\/span><\/p>\n<p style=\"margin: 0px 0px 12px; font-size: 11px; font-family: 'Helvetica Neue';\"><span style=\"letter-spacing: 0.0px; color: #ff8c00;\"><em>Risoterapia<\/em>\u00a0<\/span><span style=\"letter-spacing: 0.0px;\">\u2014 Mestre F\u00e1tima Rodrigues \u2014\u00a024 de Abril de 2013<\/span><\/p>\n<p>&nbsp;<\/p>\n","protected":false},"excerpt":{"rendered":"<p>Semin\u00e1rio Te\u00f3rico-Pr\u00e1tico Psicoterapia Psicodin\u00e2mica No \u00e2mbito\u00a0da Especialidade em Psicoterapia Psicodin\u00e2mica do curso de 2.\u00ba ciclo de Psicologia Cl\u00ednica, vai decorrer\u00a0o semin\u00e1rio\u00a0te\u00f3rico-pr\u00e1tico\u00a0relativo\u00a0ao\u00a0tema: a Revista Portuguesa de Psican\u00e1lise (RPP) como instrumento de divulga\u00e7\u00e3o da teoria e da pr\u00e1tica terap\u00eautica da psican\u00e1lise em Portugal. Data: 20 de novembro de 2013 Local: Sala 1 do Ed. Rua Augusta, 46 [&hellip;]<\/p>\n","protected":false},"author":1,"featured_media":0,"parent":39,"menu_order":1,"comment_status":"closed","ping_status":"closed","template":"onecolumn-page.php","meta":{"_mi_skip_tracking":false,"_monsterinsights_sitenote_active":false,"_monsterinsights_sitenote_note":"","_monsterinsights_sitenote_category":0},"_links":{"self":[{"href":"https:\/\/diinews.ismt.pt\/index.php?rest_route=\/wp\/v2\/pages\/842"}],"collection":[{"href":"https:\/\/diinews.ismt.pt\/index.php?rest_route=\/wp\/v2\/pages"}],"about":[{"href":"https:\/\/diinews.ismt.pt\/index.php?rest_route=\/wp\/v2\/types\/page"}],"author":[{"embeddable":true,"href":"https:\/\/diinews.ismt.pt\/index.php?rest_route=\/wp\/v2\/users\/1"}],"replies":[{"embeddable":true,"href":"https:\/\/diinews.ismt.pt\/index.php?rest_route=%2Fwp%2Fv2%2Fcomments&post=842"}],"version-history":[{"count":12,"href":"https:\/\/diinews.ismt.pt\/index.php?rest_route=\/wp\/v2\/pages\/842\/revisions"}],"predecessor-version":[{"id":1006,"href":"https:\/\/diinews.ismt.pt\/index.php?rest_route=\/wp\/v2\/pages\/842\/revisions\/1006"}],"up":[{"embeddable":true,"href":"https:\/\/diinews.ismt.pt\/index.php?rest_route=\/wp\/v2\/pages\/39"}],"wp:attachment":[{"href":"https:\/\/diinews.ismt.pt\/index.php?rest_route=%2Fwp%2Fv2%2Fmedia&parent=842"}],"curies":[{"name":"wp","href":"https:\/\/api.w.org\/{rel}","templated":true}]}}