{"id":820,"date":"2013-07-22T19:30:12","date_gmt":"2013-07-22T19:30:12","guid":{"rendered":"http:\/\/web.ismt.pt\/wp\/diinews\/?page_id=820"},"modified":"2019-02-21T00:26:51","modified_gmt":"2019-02-21T00:26:51","slug":"comunicacao-e-tecnologia","status":"publish","type":"page","link":"https:\/\/diinews.ismt.pt\/?page_id=820&lang=pt","title":{"rendered":"Comunica\u00e7\u00e3o e Tecnologia"},"content":{"rendered":"<p>Nas p\u00e1ginas dos Investigadores, clique para\u00a0conhecer\u00a0as\u00a0publica\u00e7\u00f5es,\u00a0comunica\u00e7\u00f5es\u00a0e apresenta\u00e7\u00f5es\u00a0de\u00a0cada\u00a0membro do DI&amp;D. Nestas p\u00e1ginas, a maior\u00a0parte dos investigadores\u00a0disponibilizam\u00a0as suas\u00a0publica\u00e7\u00f5es\u00a0(livros,\u00a0artigos, resumos, p\u00f3steres, e outros).<br \/>Clique nos links dos Projetos de\u00a0Investiga\u00e7\u00e3o para obter mais\u00a0pormenores.<\/p>\n\n\n<div class=\"wp-block-columns has-2-columns\">\n<div class=\"wp-block-column\">\n<h4>Investigador | a<\/h4>\n\n\n\n<p>Dinis Alves<\/p>\n\n\n\n<p>Jos\u00e9 Vicente Serrano<\/p>\n\n\n\n<p>Pedro Sim\u00f5es<\/p>\n\n\n\n<p>Ricardo Malheiro<\/p>\n\n\n\n<p>Sofia Figueiredo<\/p>\n<\/div>\n\n\n\n<div class=\"wp-block-column\">\n<h4>P\u00e1ginas<\/h4>\n<\/div>\n<\/div>\n","protected":false},"excerpt":{"rendered":"<p>Nas p\u00e1ginas dos Investigadores, clique para\u00a0conhecer\u00a0as\u00a0publica\u00e7\u00f5es,\u00a0comunica\u00e7\u00f5es\u00a0e apresenta\u00e7\u00f5es\u00a0de\u00a0cada\u00a0membro do DI&amp;D. Nestas p\u00e1ginas, a maior\u00a0parte dos investigadores\u00a0disponibilizam\u00a0as suas\u00a0publica\u00e7\u00f5es\u00a0(livros,\u00a0artigos, resumos, p\u00f3steres, e outros).Clique nos links dos Projetos de\u00a0Investiga\u00e7\u00e3o para obter mais\u00a0pormenores. Investigador | a Dinis Alves Jos\u00e9 Vicente Serrano Pedro Sim\u00f5es Ricardo Malheiro Sofia Figueiredo P\u00e1ginas<\/p>\n","protected":false},"author":1,"featured_media":0,"parent":9,"menu_order":1,"comment_status":"closed","ping_status":"closed","template":"","meta":{"_mi_skip_tracking":false,"_monsterinsights_sitenote_active":false,"_monsterinsights_sitenote_note":"","_monsterinsights_sitenote_category":0},"_links":{"self":[{"href":"https:\/\/diinews.ismt.pt\/index.php?rest_route=\/wp\/v2\/pages\/820"}],"collection":[{"href":"https:\/\/diinews.ismt.pt\/index.php?rest_route=\/wp\/v2\/pages"}],"about":[{"href":"https:\/\/diinews.ismt.pt\/index.php?rest_route=\/wp\/v2\/types\/page"}],"author":[{"embeddable":true,"href":"https:\/\/diinews.ismt.pt\/index.php?rest_route=\/wp\/v2\/users\/1"}],"replies":[{"embeddable":true,"href":"https:\/\/diinews.ismt.pt\/index.php?rest_route=%2Fwp%2Fv2%2Fcomments&post=820"}],"version-history":[{"count":12,"href":"https:\/\/diinews.ismt.pt\/index.php?rest_route=\/wp\/v2\/pages\/820\/revisions"}],"predecessor-version":[{"id":3343,"href":"https:\/\/diinews.ismt.pt\/index.php?rest_route=\/wp\/v2\/pages\/820\/revisions\/3343"}],"up":[{"embeddable":true,"href":"https:\/\/diinews.ismt.pt\/index.php?rest_route=\/wp\/v2\/pages\/9"}],"wp:attachment":[{"href":"https:\/\/diinews.ismt.pt\/index.php?rest_route=%2Fwp%2Fv2%2Fmedia&parent=820"}],"curies":[{"name":"wp","href":"https:\/\/api.w.org\/{rel}","templated":true}]}}