{"id":816,"date":"2013-07-22T19:28:42","date_gmt":"2013-07-22T19:28:42","guid":{"rendered":"http:\/\/web.ismt.pt\/wp\/diinews\/?page_id=816"},"modified":"2019-02-21T00:07:56","modified_gmt":"2019-02-21T00:07:56","slug":"ciencias-do-comportamento","status":"publish","type":"page","link":"https:\/\/diinews.ismt.pt\/?page_id=816&lang=pt","title":{"rendered":"Ci\u00eancias do Comportamento"},"content":{"rendered":"<p>Nas p\u00e1ginas dos Investigadores, clique para&nbsp;conhecer&nbsp;as&nbsp;publica\u00e7\u00f5es,&nbsp;comunica\u00e7\u00f5es&nbsp;e apresenta\u00e7\u00f5es&nbsp;de&nbsp;cada&nbsp;membro do DI&amp;D. Nestas p\u00e1ginas, a maior&nbsp;parte dos investigadores&nbsp;disponibilizam&nbsp;as suas&nbsp;publica\u00e7\u00f5es&nbsp;(livros,&nbsp;artigos, resumos, p\u00f3steres e outros).<\/p>\n<p><\/p>\n\n\n<div class=\"wp-block-columns has-2-columns\">\n<div class=\"wp-block-column\">\n<h3 style=\"text-align:center\"><strong>Investigador|a<\/strong><\/h3>\n\n\n\n<div class=\"wp-block-image\"><figure class=\"aligncenter is-resized\"><img loading=\"lazy\" src=\"https:\/\/diinews.ismt.pt\/wp-content\/uploads\/2019\/02\/image-3.png\" alt=\"\" class=\"wp-image-3306\" width=\"138\" height=\"138\" srcset=\"https:\/\/diinews.ismt.pt\/wp-content\/uploads\/2019\/02\/image-3.png 225w, https:\/\/diinews.ismt.pt\/wp-content\/uploads\/2019\/02\/image-3-150x150.png 150w\" sizes=\"(max-width: 138px) 100vw, 138px\" \/><figcaption>Ana Galhardo<br>CienciaVitae<br><a rel=\"noreferrer noopener\" href=\"http:\/\/www.researchgate.net\/profile\/Ana_Galhardo\/\" target=\"_blank\">ResearchGate <\/a><br><a rel=\"noreferrer noopener\" href=\"https:\/\/orcid.org\/0000-0002-3484-6683\" target=\"_blank\">ORCID<\/a> <\/figcaption><\/figure><\/div>\n\n\n\n<div class=\"wp-block-image\"><figure class=\"aligncenter is-resized\"><img loading=\"lazy\" src=\"https:\/\/diinews.ismt.pt\/wp-content\/uploads\/2019\/02\/image-7.png\" alt=\"\" class=\"wp-image-3310\" width=\"148\" height=\"145\"\/><figcaption>Carlos Farate<br>CienciaVitae<br>ResearchGate<br>ORCID<\/figcaption><\/figure><\/div>\n\n\n\n<div class=\"wp-block-image\"><figure class=\"aligncenter is-resized\"><a href=\"https:\/\/diinews.ismt.pt\/wp-content\/uploads\/2018\/01\/Helena.jpg\"><img loading=\"lazy\" src=\"https:\/\/diinews.ismt.pt\/wp-content\/uploads\/2018\/01\/Helena.jpg\" alt=\"\" class=\"wp-image-2276\" width=\"138\" height=\"166\" srcset=\"https:\/\/diinews.ismt.pt\/wp-content\/uploads\/2018\/01\/Helena.jpg 1196w, https:\/\/diinews.ismt.pt\/wp-content\/uploads\/2018\/01\/Helena-249x300.jpg 249w, https:\/\/diinews.ismt.pt\/wp-content\/uploads\/2018\/01\/Helena-768x926.jpg 768w, https:\/\/diinews.ismt.pt\/wp-content\/uploads\/2018\/01\/Helena-849x1024.jpg 849w\" sizes=\"(max-width: 138px) 100vw, 138px\" \/><\/a><figcaption>Helena Esp\u00edrito-Santo<br><a rel=\"noreferrer noopener\" href=\"https:\/\/orcid.org\/0000-0003-2625-3754\" target=\"_blank\">ORCID<\/a> | <a rel=\"noreferrer noopener\" href=\"https:\/\/www.researchgate.net\/profile\/Helena_Espirito_Santo\/?cp=shp\" target=\"_blank\">ResearchGate<\/a> | <a rel=\"noreferrer noopener\" href=\"http:\/\/www.degois.pt\/visualizador\/curriculum.jsp?key=5582490645535335\" target=\"_blank\">CienciaVita<\/a><a href=\"https:\/\/orcid.org\/0000-0002-9246-0164\"><\/a><br><\/figcaption><\/figure><\/div>\n\n\n\n<div class=\"wp-block-image\"><figure class=\"aligncenter is-resized\"><img loading=\"lazy\" src=\"https:\/\/diinews.ismt.pt\/wp-content\/uploads\/2019\/02\/image-9.png\" alt=\"\" class=\"wp-image-3318\" width=\"138\" height=\"197\"\/><figcaption>Joana Sequeira<br>CienciaVitae<br> ORCID <br>ResearchGate<\/figcaption><\/figure><\/div>\n\n\n\n<div class=\"wp-block-image\"><figure class=\"aligncenter is-resized\"><img loading=\"lazy\" src=\"https:\/\/diinews.ismt.pt\/wp-content\/uploads\/2019\/02\/image-13.png\" alt=\"\" class=\"wp-image-3326\" width=\"162\" height=\"162\" srcset=\"https:\/\/diinews.ismt.pt\/wp-content\/uploads\/2019\/02\/image-13.png 512w, https:\/\/diinews.ismt.pt\/wp-content\/uploads\/2019\/02\/image-13-150x150.png 150w, https:\/\/diinews.ismt.pt\/wp-content\/uploads\/2019\/02\/image-13-300x300.png 300w\" sizes=\"(max-width: 162px) 100vw, 162px\" \/><figcaption>Laura Lemos<br>CienciaVitae<br>ResearchGate<br>ORCID<br><\/figcaption><\/figure><\/div>\n\n\n\n<div class=\"wp-block-image\"><figure class=\"aligncenter is-resized\"><img loading=\"lazy\" src=\"https:\/\/diinews.ismt.pt\/wp-content\/uploads\/2019\/02\/image-16.png\" alt=\"\" class=\"wp-image-3330\" width=\"154\" height=\"202\"\/><figcaption>S\u00f3nia Sim\u00f5es<br>CienciaVitae<br> ResearchGate<br> ORCID<br><\/figcaption><\/figure><\/div>\n\n\n\n<p><\/p>\n\n\n\n<p><\/p>\n<\/div>\n\n\n\n<div class=\"wp-block-column\">\n<h3 style=\"text-align:center\"><strong>Investigador|a<\/strong><\/h3>\n\n\n\n<div class=\"wp-block-image\"><figure class=\"aligncenter is-resized\"><img loading=\"lazy\" src=\"https:\/\/diinews.ismt.pt\/wp-content\/uploads\/2019\/02\/image-4.png\" alt=\"\" class=\"wp-image-3307\" width=\"136\" height=\"89\"\/><figcaption>Carlos Amaral Dias<br><a href=\"https:\/\/orcid.org\/0000-0001-9752-8829\">ORCID<\/a><br><\/figcaption><\/figure><\/div>\n\n\n\n<div class=\"wp-block-image\"><figure class=\"aligncenter is-resized\"><img loading=\"lazy\" src=\"https:\/\/diinews.ismt.pt\/wp-content\/uploads\/2019\/02\/image-6.png\" alt=\"\" class=\"wp-image-3309\" width=\"132\" height=\"135\" srcset=\"https:\/\/diinews.ismt.pt\/wp-content\/uploads\/2019\/02\/image-6.png 595w, https:\/\/diinews.ismt.pt\/wp-content\/uploads\/2019\/02\/image-6-293x300.png 293w\" sizes=\"(max-width: 132px) 100vw, 132px\" \/><figcaption>Esmeralda Macedo<br>CienciaVitae<br>ResearchGate<br>ORCID<\/figcaption><\/figure><\/div>\n\n\n\n<div class=\"wp-block-image\"><figure class=\"aligncenter is-resized\"><img loading=\"lazy\" src=\"https:\/\/diinews.ismt.pt\/wp-content\/uploads\/2019\/02\/image-8.png\" alt=\"\" class=\"wp-image-3315\" width=\"164\" height=\"92\"\/><figcaption>Henrique Vicente<br>CienciaVitae<br>ORCID<\/figcaption><\/figure><\/div>\n\n\n\n<div class=\"wp-block-image\"><figure class=\"aligncenter is-resized\"><img loading=\"lazy\" src=\"https:\/\/diinews.ismt.pt\/wp-content\/uploads\/2019\/02\/image-11.png\" alt=\"\" class=\"wp-image-3322\" width=\"145\" height=\"145\" srcset=\"https:\/\/diinews.ismt.pt\/wp-content\/uploads\/2019\/02\/image-11.png 225w, https:\/\/diinews.ismt.pt\/wp-content\/uploads\/2019\/02\/image-11-150x150.png 150w\" sizes=\"(max-width: 145px) 100vw, 145px\" \/><figcaption>Ilda Massano-Cardoso<br>CienciaVitae<br>ResearchGate<br>ORCID<\/figcaption><\/figure><\/div>\n\n\n\n<p><\/p>\n\n\n\n<div class=\"wp-block-image\"><figure class=\"aligncenter is-resized\"><img loading=\"lazy\" src=\"https:\/\/diinews.ismt.pt\/wp-content\/uploads\/2019\/02\/image-10.png\" alt=\"\" class=\"wp-image-3319\" width=\"151\" height=\"151\" srcset=\"https:\/\/diinews.ismt.pt\/wp-content\/uploads\/2019\/02\/image-10.png 512w, https:\/\/diinews.ismt.pt\/wp-content\/uploads\/2019\/02\/image-10-150x150.png 150w, https:\/\/diinews.ismt.pt\/wp-content\/uploads\/2019\/02\/image-10-300x300.png 300w\" sizes=\"(max-width: 151px) 100vw, 151px\" \/><figcaption>Marina Cunha<br>CienciaVitae<br>ResearchGate<br>ORCID<\/figcaption><\/figure><\/div>\n\n\n\n<div class=\"wp-block-image\"><figure class=\"aligncenter is-resized\"><img loading=\"lazy\" src=\"https:\/\/diinews.ismt.pt\/wp-content\/uploads\/2019\/02\/image-15.png\" alt=\"\" class=\"wp-image-3328\" width=\"157\" height=\"157\" srcset=\"https:\/\/diinews.ismt.pt\/wp-content\/uploads\/2019\/02\/image-15.png 512w, https:\/\/diinews.ismt.pt\/wp-content\/uploads\/2019\/02\/image-15-150x150.png 150w, https:\/\/diinews.ismt.pt\/wp-content\/uploads\/2019\/02\/image-15-300x300.png 300w\" sizes=\"(max-width: 157px) 100vw, 157px\" \/><figcaption>Teresa Carvalho<br>CienciaVitae<br>ResearchGate<br>ORCID<br><\/figcaption><\/figure><\/div>\n\n\n\n<p><\/p>\n\n\n\n<p><\/p>\n\n\n\n<p><br><\/p>\n<\/div>\n<\/div>\n\n\n\n<p><\/p>\n","protected":false},"excerpt":{"rendered":"<p>Nas p\u00e1ginas dos Investigadores, clique para&nbsp;conhecer&nbsp;as&nbsp;publica\u00e7\u00f5es,&nbsp;comunica\u00e7\u00f5es&nbsp;e apresenta\u00e7\u00f5es&nbsp;de&nbsp;cada&nbsp;membro do DI&amp;D. Nestas p\u00e1ginas, a maior&nbsp;parte dos investigadores&nbsp;disponibilizam&nbsp;as suas&nbsp;publica\u00e7\u00f5es&nbsp;(livros,&nbsp;artigos, resumos, p\u00f3steres e outros). Investigador|a Investigador|a<\/p>\n","protected":false},"author":1,"featured_media":0,"parent":9,"menu_order":0,"comment_status":"closed","ping_status":"closed","template":"","meta":{"_mi_skip_tracking":false,"_monsterinsights_sitenote_active":false,"_monsterinsights_sitenote_note":"","_monsterinsights_sitenote_category":0},"_links":{"self":[{"href":"https:\/\/diinews.ismt.pt\/index.php?rest_route=\/wp\/v2\/pages\/816"}],"collection":[{"href":"https:\/\/diinews.ismt.pt\/index.php?rest_route=\/wp\/v2\/pages"}],"about":[{"href":"https:\/\/diinews.ismt.pt\/index.php?rest_route=\/wp\/v2\/types\/page"}],"author":[{"embeddable":true,"href":"https:\/\/diinews.ismt.pt\/index.php?rest_route=\/wp\/v2\/users\/1"}],"replies":[{"embeddable":true,"href":"https:\/\/diinews.ismt.pt\/index.php?rest_route=%2Fwp%2Fv2%2Fcomments&post=816"}],"version-history":[{"count":56,"href":"https:\/\/diinews.ismt.pt\/index.php?rest_route=\/wp\/v2\/pages\/816\/revisions"}],"predecessor-version":[{"id":3335,"href":"https:\/\/diinews.ismt.pt\/index.php?rest_route=\/wp\/v2\/pages\/816\/revisions\/3335"}],"up":[{"embeddable":true,"href":"https:\/\/diinews.ismt.pt\/index.php?rest_route=\/wp\/v2\/pages\/9"}],"wp:attachment":[{"href":"https:\/\/diinews.ismt.pt\/index.php?rest_route=%2Fwp%2Fv2%2Fmedia&parent=816"}],"curies":[{"name":"wp","href":"https:\/\/api.w.org\/{rel}","templated":true}]}}