{"id":72,"date":"2012-04-23T12:02:55","date_gmt":"2012-04-23T12:02:55","guid":{"rendered":"http:\/\/web.ismt.pt\/wp\/diinews\/?page_id=72"},"modified":"2019-09-09T19:20:45","modified_gmt":"2019-09-09T19:20:45","slug":"links","status":"publish","type":"page","link":"https:\/\/diinews.ismt.pt\/?page_id=72&lang=pt","title":{"rendered":"Links externos"},"content":{"rendered":"<h2>Nesta p\u00e1gina pode encontrar&nbsp;links para<\/h2>\n<ul>\n<li><span style=\"letter-spacing: 0.0px; color: #444444;\"><span style=\"letter-spacing: 0px; color: #021eaa;\"><a href=\"https:\/\/diinews.ismt.pt\/wp\/diinews\/?page_id=917\">Cole\u00e7\u00f5es de&nbsp;revistas&nbsp;portuguesas&nbsp;indexadas<\/a><\/span><\/span><\/li>\n<li><a style=\"letter-spacing: 0px;\" href=\"https:\/\/diinews.ismt.pt\/wp\/diinews\/?page_id=920\"><span style=\"letter-spacing: 0px; color: #021eaa;\"><span id=\"GRmark_b7deb82d462054b71613bd9f4da63d0f410ae45d_Busca:0\" class=\"GRcorrect\">Busca<\/span>&nbsp;<span id=\"GRmark_b7deb82d462054b71613bd9f4da63d0f410ae45d_de:1\" class=\"GRcorrect\">de<\/span>&nbsp;<span id=\"GRmark_b7deb82d462054b71613bd9f4da63d0f410ae45d_revistas:2\" class=\"GRcorrect\">revistas<\/span><\/span><\/a><\/li>\n<li><a style=\"letter-spacing: 0px;\" href=\"https:\/\/diinews.ismt.pt\/wp\/diinews\/?page_id=929\"><span style=\"letter-spacing: 0px;\"><span id=\"GRmark_655bbc82d8e6be0115e79f13d41d89326583a3cb_Busca:0\" class=\"GRcorrect\">Busca<\/span><\/span><span style=\"letter-spacing: 0px;\"> de&nbsp;<\/span><span style=\"letter-spacing: 0px;\"><span id=\"GRmark_655bbc82d8e6be0115e79f13d41d89326583a3cb_livros:1\" class=\"GRcorrect\">livros<\/span><\/span><\/a><\/li>\n<li><a style=\"letter-spacing: 0px;\" href=\"https:\/\/diinews.ismt.pt\/wp\/diinews\/?page_id=933\"><span style=\"letter-spacing: 0px; color: #021eaa;\">Outros motores&nbsp;de&nbsp;busca&nbsp;relevantes<\/span><\/a><\/li>\n<\/ul>\n<h2><span id=\"GRmark_8db7df6644b1bdbf9fb2515a7e4ba7e9660b96ef_Agendamento:0\" class=\"GRcorrect\">Agendamento<\/span> <span id=\"GRmark_9e93bf80b1dc383fbd083d9e6fb4062593b583fd_de:1\" class=\"GRcorrect\">de<\/span> confer\u00eancias<\/h2>\n<ul>\n<li><a href=\"http:\/\/www.h-net.org\/announce\/group.cgi?type=Conferences\" target=\"_blank\" rel=\"noopener noreferrer\">H-net online<\/a><\/li>\n<li><a href=\"http:\/\/www.conferencealerts.com\" target=\"_blank\" rel=\"noopener noreferrer\">Conference Alerts<\/a><\/li>\n<li><a href=\"http:\/\/www.allconferencealert.com\" target=\"_blank\" rel=\"noopener noreferrer\">All conference alert<\/a><\/li>\n<\/ul>\n","protected":false},"excerpt":{"rendered":"<p>Nesta p\u00e1gina pode encontrar&nbsp;links para Cole\u00e7\u00f5es de&nbsp;revistas&nbsp;portuguesas&nbsp;indexadas Busca&nbsp;de&nbsp;revistas Busca de&nbsp;livros Outros motores&nbsp;de&nbsp;busca&nbsp;relevantes Agendamento de confer\u00eancias H-net online Conference Alerts All conference alert<\/p>\n","protected":false},"author":1,"featured_media":0,"parent":0,"menu_order":10,"comment_status":"closed","ping_status":"closed","template":"","meta":{"_mi_skip_tracking":false,"_monsterinsights_sitenote_active":false,"_monsterinsights_sitenote_note":"","_monsterinsights_sitenote_category":0},"_links":{"self":[{"href":"https:\/\/diinews.ismt.pt\/index.php?rest_route=\/wp\/v2\/pages\/72"}],"collection":[{"href":"https:\/\/diinews.ismt.pt\/index.php?rest_route=\/wp\/v2\/pages"}],"about":[{"href":"https:\/\/diinews.ismt.pt\/index.php?rest_route=\/wp\/v2\/types\/page"}],"author":[{"embeddable":true,"href":"https:\/\/diinews.ismt.pt\/index.php?rest_route=\/wp\/v2\/users\/1"}],"replies":[{"embeddable":true,"href":"https:\/\/diinews.ismt.pt\/index.php?rest_route=%2Fwp%2Fv2%2Fcomments&post=72"}],"version-history":[{"count":95,"href":"https:\/\/diinews.ismt.pt\/index.php?rest_route=\/wp\/v2\/pages\/72\/revisions"}],"predecessor-version":[{"id":3373,"href":"https:\/\/diinews.ismt.pt\/index.php?rest_route=\/wp\/v2\/pages\/72\/revisions\/3373"}],"wp:attachment":[{"href":"https:\/\/diinews.ismt.pt\/index.php?rest_route=%2Fwp%2Fv2%2Fmedia&parent=72"}],"curies":[{"name":"wp","href":"https:\/\/api.w.org\/{rel}","templated":true}]}}