{"id":3887,"date":"2019-09-09T19:45:19","date_gmt":"2019-09-09T19:45:19","guid":{"rendered":"https:\/\/diinews.ismt.pt\/?page_id=3887"},"modified":"2019-09-09T19:45:20","modified_gmt":"2019-09-09T19:45:20","slug":"thesis","status":"publish","type":"page","link":"https:\/\/diinews.ismt.pt\/?page_id=3887","title":{"rendered":"Thesis"},"content":{"rendered":"\n<h2><em>Master\u00a0degree<\/em><\/h2>\n\n\n\n<h3>2018<\/h3>\n\n\n\n<ul><li><strong>Liliana Vanessa da Silva Ferreira Sarmento<\/strong>\u00a0( 2018, 31 october). <em><a rel=\"noreferrer noopener\" aria-label=\"Quais as melhores letras da l\u00edngua portuguesa para testar a flu\u00eancia verbal fon\u00e9mica e discriminar a exist\u00eancia e aus\u00eancia de d\u00e9fice cognitivo? Estudo de replica\u00e7\u00e3o (opens in a new tab)\" href=\"http:\/\/repositorio.ismt.pt\/handle\/123456789\/712\" target=\"_blank\">Quais as melhores letras da l\u00edngua portuguesa para testar a flu\u00eancia verbal fon\u00e9mica e discriminar a exist\u00eancia e aus\u00eancia de d\u00e9fice cognitivo? Estudo de replica\u00e7\u00e3o<\/a><\/em>\u00a0(Supervisor:\u00a0Helena Esp\u00edrito Santo;  Arguente: Laura Lemos; President: Ilda Massano ). Disserta\u00e7\u00e3o de mestrado, Instituto Superior Miguel Torga, Coimbra.<\/li><\/ul>\n\n\n\n<h2>2017<\/h2>\n\n\n\n<ul><li><strong>Virg\u00ednia\u00a0Pereira Braz<\/strong> (2017, 4 maio). <em><a rel=\"noreferrer noopener\" aria-label=\"Quais as melhores letras na l\u00edngua portuguesa para testar a flu\u00eancia verbal fon\u00e9mica e discriminar a exist\u00eancia\u00a0e aus\u00eancia de d\u00e9fice cognitivo? Estudo preliminar (opens in a new tab)\" href=\"http:\/\/repositorio.ismt.pt\/bitstream\/123456789\/712\/1\/Disserta\u00e7\u00e3o%20Virginia.pdf\" target=\"_blank\">Quais as melhores letras na l\u00edngua portuguesa para testar a flu\u00eancia verbal fon\u00e9mica e discriminar a exist\u00eancia\u00a0e aus\u00eancia de d\u00e9fice cognitivo? Estudo preliminar<\/a> <\/em>(Supervisor:\u00a0Helena Esp\u00edrito Santo; Arguente: S\u00f3nia Sim\u00f5es; President: Laura Lemos). Disserta\u00e7\u00e3o de mestrado, Instituto Superior Miguel Torga, Coimbra<\/li><\/ul>\n\n\n\n<h2>2016<\/h2>\n\n\n\n<ul><li><strong>Lu\u00eds Est\u00eav\u00e3o Morais Bonito Basto de Oliveira<\/strong> (2016, 2 junho). <em><a rel=\"noreferrer noopener\" aria-label=\"Contributo para o estudo das propriedades psicom\u00e9tricas do Teste do Desenho do Rel\u00f3gio numa amostra da popula\u00e7\u00e3o portuguesa (opens in a new tab)\" href=\"http:\/\/repositorio.ismt.pt\/handle\/123456789\/652\" target=\"_blank\">Contributo para o estudo das propriedades psicom\u00e9tricas do Teste do Desenho do Rel\u00f3gio numa amostra da popula\u00e7\u00e3o portuguesa\u00a0<\/a><\/em>(Supervisor:\u00a0Helena Esp\u00edrito Santo; Arguente: Henrique Vicente; President: Fernanda Daniel). Disserta\u00e7\u00e3o de mestrado, Instituto Superior Miguel Torga, Coimbra. <\/li><li><strong>D\u00e9bora Isabel M\u00e1ximo Domingues<\/strong> (2016, 28 de abril). <em><a rel=\"noreferrer noopener\" aria-label=\"Propriedades psicom\u00e9tricas da Bateria de Avalia\u00e7\u00e3o Frontal numa amostra de adultos da popula\u00e7\u00e3o portuguesa (opens in a new tab)\" href=\"http:\/\/repositorio.ismt.pt\/handle\/123456789\/603\" target=\"_blank\">Propriedades psicom\u00e9tricas da Bateria de Avalia\u00e7\u00e3o Frontal numa amostra de adultos da popula\u00e7\u00e3o portuguesa<\/a> <\/em>(Supervisor:\u00a0Helena Esp\u00edrito Santo; Arguente: S\u00f3nia Sim\u00f5es; President: Margarida Pocinho). Disserta\u00e7\u00e3o de mestrado, Instituto Superior Miguel Torga, Coimbra. <\/li><li><strong>Alexandra Sofia Caetano M\u00f3s<\/strong> (2016, 28 de abril). <em><a rel=\"noreferrer noopener\" aria-label=\"Propriedades psicom\u00e9tricas da Figura Complexa de Rey numa amostra de adultos da popula\u00e7\u00e3o portuguesa (opens in a new tab)\" href=\"http:\/\/repositorio.ismt.pt\/handle\/123456789\/604\" target=\"_blank\">Propriedades psicom\u00e9tricas da Figura Complexa de Rey numa amostra de adultos da popula\u00e7\u00e3o portuguesa<\/a> <\/em>(Supervisor:\u00a0Helena Esp\u00edrito Santo; Arguente: S\u00f3nia Sim\u00f5es; President: Margarida Pocinho). Disserta\u00e7\u00e3o de mestrado, Instituto Superior Miguel Torga, Coimbra. <\/li><li><strong>In\u00eas Queiroz do Nascimento Garcia<\/strong> (2016, 7 de abril). <em><a rel=\"noreferrer noopener\" aria-label=\"Estudo preliminar das propriedades psicom\u00e9tricas e dos dados n (opens in a new tab)\" href=\"http:\/\/repositorio.ismt.pt\/handle\/123456789\/619\" target=\"_blank\">Estudo preliminar das propriedades psicom\u00e9tricas e dos dados n<\/a><a href=\"http:\/\/repositorio.ismt.pt\/handle\/123456789\/619\">ormativos da Forma Geral das Matrizes Progressivas de Raven numa amostra da comunidade<\/a> <\/em>(Supervisor:\u00a0Helena Esp\u00edrito Santo; Arguente: Margarida Pocinho; President: S\u00f3nia Sim\u00f5es). Disserta\u00e7\u00e3o de mestrado, Instituto Superior Miguel Torga, Coimbra. <\/li><li><strong>Andreia Catarina de Freitas Pires<\/strong> (2016, 7 de abril). <em><a rel=\"noreferrer noopener\" aria-label=\"Estudo preliminar das propriedades psicom\u00e9tricas do Invent\u00e1rio de Lateralidade de Edinburgh numa amostra de adultos da popula\u00e7\u00e3o portuguesa (opens in a new tab)\" href=\"http:\/\/repositorio.ismt.pt\/handle\/123456789\/602\" target=\"_blank\">Estudo preliminar das propriedades psicom\u00e9tricas do Invent\u00e1rio de Lateralidade de Edinburgh numa amostra de adultos da popula\u00e7\u00e3o portuguesa<\/a> <\/em>(Supervisor:\u00a0Helena Esp\u00edrito Santo; Arguente: Margarida Pocinho; President: S\u00f3nia Sim\u00f5es). Disserta\u00e7\u00e3o de mestrado, Instituto Superior Miguel Torga, Coimbra. <\/li><li><strong>In\u00eas Maria Moreira do Amaral Pessoa<\/strong> (2016, 7 de abril). <em><a rel=\"noreferrer noopener\" aria-label=\"Propriedades psicom\u00e9tricas do Teste Stroop numa amostra de adultos da popula\u00e7\u00e3o portuguesa: Estudo preliminar (opens in a new tab)\" href=\"http:\/\/repositorio.ismt.pt\/handle\/123456789\/605\" target=\"_blank\">Propriedades psicom\u00e9tricas do Teste Stroop numa amostra de adultos da popula\u00e7\u00e3o portuguesa: Estudo preliminar<\/a> <\/em>(Supervisor:\u00a0Helena Esp\u00edrito Santo; Arguente: Margarida Pocinho; President: S\u00f3nia Sim\u00f5es). Disserta\u00e7\u00e3o de mestrado, Instituto Superior Miguel Torga, Coimbra. <\/li><\/ul>\n","protected":false},"excerpt":{"rendered":"<p>Master\u00a0degree 2018 Liliana Vanessa da Silva Ferreira Sarmento\u00a0( 2018, 31 october). Quais as melhores letras da l\u00edngua portuguesa para testar a flu\u00eancia verbal fon\u00e9mica e discriminar a exist\u00eancia e aus\u00eancia de d\u00e9fice cognitivo? Estudo de replica\u00e7\u00e3o\u00a0(Supervisor:\u00a0Helena Esp\u00edrito Santo; Arguente: Laura Lemos; President: Ilda Massano ). Disserta\u00e7\u00e3o de mestrado, Instituto Superior Miguel Torga, Coimbra. 2017 Virg\u00ednia\u00a0Pereira [&hellip;]<\/p>\n","protected":false},"author":1,"featured_media":0,"parent":0,"menu_order":1,"comment_status":"closed","ping_status":"closed","template":"","meta":{"_mi_skip_tracking":false,"_monsterinsights_sitenote_active":false,"_monsterinsights_sitenote_note":"","_monsterinsights_sitenote_category":0},"_links":{"self":[{"href":"https:\/\/diinews.ismt.pt\/index.php?rest_route=\/wp\/v2\/pages\/3887"}],"collection":[{"href":"https:\/\/diinews.ismt.pt\/index.php?rest_route=\/wp\/v2\/pages"}],"about":[{"href":"https:\/\/diinews.ismt.pt\/index.php?rest_route=\/wp\/v2\/types\/page"}],"author":[{"embeddable":true,"href":"https:\/\/diinews.ismt.pt\/index.php?rest_route=\/wp\/v2\/users\/1"}],"replies":[{"embeddable":true,"href":"https:\/\/diinews.ismt.pt\/index.php?rest_route=%2Fwp%2Fv2%2Fcomments&post=3887"}],"version-history":[{"count":1,"href":"https:\/\/diinews.ismt.pt\/index.php?rest_route=\/wp\/v2\/pages\/3887\/revisions"}],"predecessor-version":[{"id":3888,"href":"https:\/\/diinews.ismt.pt\/index.php?rest_route=\/wp\/v2\/pages\/3887\/revisions\/3888"}],"wp:attachment":[{"href":"https:\/\/diinews.ismt.pt\/index.php?rest_route=%2Fwp%2Fv2%2Fmedia&parent=3887"}],"curies":[{"name":"wp","href":"https:\/\/api.w.org\/{rel}","templated":true}]}}