{"id":3727,"date":"2019-03-05T19:01:09","date_gmt":"2019-03-05T19:01:09","guid":{"rendered":"https:\/\/diinews.ismt.pt\/?page_id=3727"},"modified":"2019-03-05T19:01:10","modified_gmt":"2019-03-05T19:01:10","slug":"estudos-normativos-de-instrumentos-neuropsicologicos","status":"publish","type":"page","link":"https:\/\/diinews.ismt.pt\/?page_id=3727&lang=pt","title":{"rendered":"Estudos Normativos de Instrumentos Neuropsicol\u00f3gicos"},"content":{"rendered":"\n<p>S\u00e3o nossos objetivos validar e estudar as\npropriedades psicom\u00e9tricas de instrumentos neuropsicol\u00f3gicos na popula\u00e7\u00e3o\nportuguesa.<\/p>\n\n\n\n<p><strong>Equipa:&nbsp;<\/strong>Helena Amaral Esp\u00edrito Santo\n(coordenadora); Fernanda Daniel Laura Lemos e Lu\u00eds Cunha.<\/p>\n\n\n\n<p><strong>Scientific production<\/strong><\/p>\n\n\n\n<ul><li><a rel=\"noreferrer noopener\" href=\"https:\/\/diinews.ismt.pt\/?page_id=3623\" target=\"_blank\">Teses\u00a0de\u00a0mestrado<\/a><\/li><li><a rel=\"noreferrer noopener\" href=\"https:\/\/diinews.ismt.pt\/?page_id=3662\" target=\"_blank\">Comunica\u00e7\u00f5es<\/a><\/li><li><a rel=\"noreferrer noopener\" href=\"https:\/\/diinews.ismt.pt\/?page_id=3677\" target=\"_blank\">Artigos em Revistas com revis\u00e3o      por Pares<\/a><\/li><li><a rel=\"noreferrer noopener\" href=\"https:\/\/diinews.ismt.pt\/?page_id=3685\" target=\"_blank\">Livros\ufeff<\/a><\/li><\/ul>\n\n\n\n<p><br><\/p>\n","protected":false},"excerpt":{"rendered":"<p>S\u00e3o nossos objetivos validar e estudar as propriedades psicom\u00e9tricas de instrumentos neuropsicol\u00f3gicos na popula\u00e7\u00e3o portuguesa. Equipa:&nbsp;Helena Amaral Esp\u00edrito Santo (coordenadora); Fernanda Daniel Laura Lemos e Lu\u00eds Cunha. Scientific production Teses\u00a0de\u00a0mestrado Comunica\u00e7\u00f5es Artigos em Revistas com revis\u00e3o por Pares Livros\ufeff<\/p>\n","protected":false},"author":1,"featured_media":0,"parent":703,"menu_order":5,"comment_status":"closed","ping_status":"closed","template":"","meta":{"_mi_skip_tracking":false,"_monsterinsights_sitenote_active":false,"_monsterinsights_sitenote_note":"","_monsterinsights_sitenote_category":0},"_links":{"self":[{"href":"https:\/\/diinews.ismt.pt\/index.php?rest_route=\/wp\/v2\/pages\/3727"}],"collection":[{"href":"https:\/\/diinews.ismt.pt\/index.php?rest_route=\/wp\/v2\/pages"}],"about":[{"href":"https:\/\/diinews.ismt.pt\/index.php?rest_route=\/wp\/v2\/types\/page"}],"author":[{"embeddable":true,"href":"https:\/\/diinews.ismt.pt\/index.php?rest_route=\/wp\/v2\/users\/1"}],"replies":[{"embeddable":true,"href":"https:\/\/diinews.ismt.pt\/index.php?rest_route=%2Fwp%2Fv2%2Fcomments&post=3727"}],"version-history":[{"count":1,"href":"https:\/\/diinews.ismt.pt\/index.php?rest_route=\/wp\/v2\/pages\/3727\/revisions"}],"predecessor-version":[{"id":3728,"href":"https:\/\/diinews.ismt.pt\/index.php?rest_route=\/wp\/v2\/pages\/3727\/revisions\/3728"}],"up":[{"embeddable":true,"href":"https:\/\/diinews.ismt.pt\/index.php?rest_route=\/wp\/v2\/pages\/703"}],"wp:attachment":[{"href":"https:\/\/diinews.ismt.pt\/index.php?rest_route=%2Fwp%2Fv2%2Fmedia&parent=3727"}],"curies":[{"name":"wp","href":"https:\/\/api.w.org\/{rel}","templated":true}]}}