{"id":3677,"date":"2019-03-05T18:21:45","date_gmt":"2019-03-05T18:21:45","guid":{"rendered":"https:\/\/diinews.ismt.pt\/?page_id=3677"},"modified":"2019-03-05T20:26:15","modified_gmt":"2019-03-05T20:26:15","slug":"papers-published-in-peer-review-journals%ef%bb%bf","status":"publish","type":"page","link":"https:\/\/diinews.ismt.pt\/?page_id=3677","title":{"rendered":"Papers published in peer review journals\ufeff"},"content":{"rendered":"\n<h2>2019<\/h2>\n\n\n\n<p>Garcia, I., Pires, A. C., Espirito-Santo, H. (submited). <em>Psychometric Properties of the Raven\u2019s Standard Progressive Matrices in a Portuguese Sample.<\/em><\/p>\n\n\n\n<h2>2018<\/h2>\n\n\n\n<p>Espirito Santo, H. (2017). <a href=\"https:\/\/rpics.ismt.pt\/index.php\/ISMT\/article\/view\/49\" target=\"_blank\" rel=\"noreferrer noopener\" aria-label=\"Editorial: A validade nos instrumentos de avalia\u00e7\u00e3o (opens in a new tab)\">Editorial: A validade nos instrumentos de avalia\u00e7\u00e3o<\/a>. <em>Revista Portuguesa de Investiga\u00e7\u00e3o Comportamental e Social, 3<\/em>(1), 1. https:\/\/doi.org\/10.7342\/ismt.rpics.2017.3.1.49<\/p>\n\n\n\n<h2>2017<\/h2>\n\n\n\n<p>Espirito-Santo, H., Pires, A. C., Queiroz Garcia, I., Daniel, F., Silva, A., &amp; Fazio, R. (2017). <a href=\"http:\/\/repositorio.ismt.pt\/handle\/123456789\/747\" target=\"_blank\" rel=\"noreferrer noopener\" aria-label=\"Preliminary validation of the Portuguese Edinburgh Handedness Inventory in an adult sample (opens in a new tab)\">Preliminary validation of the Portuguese Edinburgh Handedness Inventory in an adult sample<\/a><em>.<\/em> <em>Applied Neuropsychology: Adult, 24<\/em>(3), 275-287. https:\/\/doi.org\/10.1080\/23279095.2017.1290636<\/p>\n\n\n\n<p>Garcia, I., Pessoa, I., Monteiro, B., Daniel, F., Lemos, L., &amp; Espirito Santo, H. (2016). <a href=\"https:\/\/rpics.ismt.pt\/index.php\/ISMT\/article\/view\/41\" target=\"_blank\" rel=\"noreferrer noopener\" aria-label=\"Propriedades psicom\u00e9tricas da vers\u00e3o Torga do Teste Stroop (opens in a new tab)\">Propriedades psicom\u00e9tricas da vers\u00e3o Torga do Teste Stroop<\/a>. <em>Revista Portuguesa de Investiga\u00e7\u00e3o Comportamental e Social, 2<\/em>(2), 55-64. https:\/\/doi.org\/10.7342\/ismt.rpics.2016.2.2.41<\/p>\n","protected":false},"excerpt":{"rendered":"<p>2019 Garcia, I., Pires, A. C., Espirito-Santo, H. (submited). Psychometric Properties of the Raven\u2019s Standard Progressive Matrices in a Portuguese Sample. 2018 Espirito Santo, H. (2017). Editorial: A validade nos instrumentos de avalia\u00e7\u00e3o. Revista Portuguesa de Investiga\u00e7\u00e3o Comportamental e Social, 3(1), 1. https:\/\/doi.org\/10.7342\/ismt.rpics.2017.3.1.49 2017 Espirito-Santo, H., Pires, A. C., Queiroz Garcia, I., Daniel, F., Silva, [&hellip;]<\/p>\n","protected":false},"author":1,"featured_media":0,"parent":3723,"menu_order":3,"comment_status":"closed","ping_status":"closed","template":"","meta":{"_mi_skip_tracking":false,"_monsterinsights_sitenote_active":false,"_monsterinsights_sitenote_note":"","_monsterinsights_sitenote_category":0},"_links":{"self":[{"href":"https:\/\/diinews.ismt.pt\/index.php?rest_route=\/wp\/v2\/pages\/3677"}],"collection":[{"href":"https:\/\/diinews.ismt.pt\/index.php?rest_route=\/wp\/v2\/pages"}],"about":[{"href":"https:\/\/diinews.ismt.pt\/index.php?rest_route=\/wp\/v2\/types\/page"}],"author":[{"embeddable":true,"href":"https:\/\/diinews.ismt.pt\/index.php?rest_route=\/wp\/v2\/users\/1"}],"replies":[{"embeddable":true,"href":"https:\/\/diinews.ismt.pt\/index.php?rest_route=%2Fwp%2Fv2%2Fcomments&post=3677"}],"version-history":[{"count":3,"href":"https:\/\/diinews.ismt.pt\/index.php?rest_route=\/wp\/v2\/pages\/3677\/revisions"}],"predecessor-version":[{"id":3688,"href":"https:\/\/diinews.ismt.pt\/index.php?rest_route=\/wp\/v2\/pages\/3677\/revisions\/3688"}],"up":[{"embeddable":true,"href":"https:\/\/diinews.ismt.pt\/index.php?rest_route=\/wp\/v2\/pages\/3723"}],"wp:attachment":[{"href":"https:\/\/diinews.ismt.pt\/index.php?rest_route=%2Fwp%2Fv2%2Fmedia&parent=3677"}],"curies":[{"name":"wp","href":"https:\/\/api.w.org\/{rel}","templated":true}]}}