{"id":3623,"date":"2019-03-05T17:31:04","date_gmt":"2019-03-05T17:31:04","guid":{"rendered":"https:\/\/diinews.ismt.pt\/?page_id=3623"},"modified":"2019-09-09T20:01:35","modified_gmt":"2019-09-09T20:01:35","slug":"teses-e-dissertacoes","status":"publish","type":"page","link":"https:\/\/diinews.ismt.pt\/?page_id=3623","title":{"rendered":"Thesis"},"content":{"rendered":"<h2><b>2018<br \/>\n<\/b><\/h2>\n<ul>\n<li><strong>Liliana Vanessa da Silva Ferreira Sarmento<\/strong> (2018, 31 outubro). <a href=\"http:\/\/repositorio.ismt.pt\/handle\/123456789\/953\"><em>Quais as Melhores Letras da L\u00edngua Portuguesa para Testar a Flu\u00eancia Verbal Fon\u00e9mica e Descriminar a Exist\u00eancia e Aus\u00eancia de D\u00e9fice Cognitivo? Estudo de replica\u00e7\u00e3o<\/em><\/a> (Supervisor: Helena Esp\u00edrito Santo; Examiner: Laura Lemos; President: Ilda Massano). Instituto Superior Miguel Torga, Coimbra.<\/li>\n<\/ul>\n<h2><strong>2017<\/strong><\/h2>\n<ul>\n<li><i><\/i><strong>Virg\u00ednia\u00a0Pereira Braz<\/strong> (2017, 4 maio). <a href=\"http:\/\/repositorio.ismt.pt\/handle\/123456789\/712\"><i>Quais as melhores letras na l\u00edngua portuguesa para testar a flu\u00eancia verbal fon\u00e9mica e discriminar a exist\u00eancia\u00a0e aus\u00eancia de d\u00e9fice cognitivo? Estudo preliminar <\/i><\/a>(Orient. Helena Esp\u00edrito Santo; Examiner: S\u00f3nia Sim\u00f5es; President: Laura Lemos). Instituto Superior Miguel Torga, Coimbra<\/li>\n<\/ul>\n<h2><b>2016<br \/>\n<\/b><\/h2>\n<ul>\n<li><strong>Alexandra Sofia Caetano M\u00f3s<\/strong>\u00a0(2016, 28 de abril).\u00a0<a href=\"http:\/\/repositorio.ismt.pt\/handle\/123456789\/604\"><em>Propriedades psicom\u00e9tricas da Figura Complexa de Rey numa amostra de adultos da popula\u00e7\u00e3o portuguesa<\/em><em>\u00a0<\/em><\/a>(Supervisor: Helena Esp\u00edrito Santo; Examiner: S\u00f3nia Sim\u00f5es; President: Margarida Pocinho). Instituto Superior Miguel Torga, Coimbra.<\/li>\n<li><strong>Andreia Catarina de Freitas Pires<\/strong>\u00a0(2016, 7 de abril).\u00a0<em>E<a href=\"http:\/\/repositorio.ismt.pt\/handle\/123456789\/602\">studo preliminar das propriedades psicom\u00e9tricas do Invent\u00e1rio de Lateralidade de Edinburgh numa amostra de adultos da popula\u00e7\u00e3o portuguesa\u00a0<\/a><\/em>(Orient. Helena Esp\u00edrito Santo; Examiner: Margarida Pocinho; President: S\u00f3nia Sim\u00f5es). Instituto Superior Miguel Torga, Coimbra.<\/li>\n<li><strong>D\u00e9bora Isabel M\u00e1ximo Domingues<\/strong>\u00a0(2016, 28 de abril).\u00a0<a href=\"http:\/\/repositorio.ismt.pt\/handle\/123456789\/603\"><em>Propriedades psicom\u00e9tricas da Bateria de Avalia\u00e7\u00e3o Frontal numa amostra de adultos da popula\u00e7\u00e3o portuguesa<\/em><em>\u00a0<\/em><\/a>(Orient. H. Esp\u00edrito Santo; Examiner: S\u00f3nia Sim\u00f5es; President: Margarida Pocinho). \u00a0Instituto Superior Miguel Torga, Coimbra.<\/li>\n<li><strong>In\u00eas Maria Moreira do Amaral Pessoa<\/strong>\u00a0(2016, 7 de abril).\u00a0<a href=\"http:\/\/repositorio.ismt.pt\/handle\/123456789\/605\"><em>Propriedades psicom\u00e9tricas do Teste Stroop numa amostra de adultos da popula\u00e7\u00e3o portuguesa: Estudo preliminar<\/em><em>\u00a0<\/em><\/a>(Orient. Helena Esp\u00edrito Santo; Examiner: Margarida Pocinho; President: S\u00f3nia Sim\u00f5es). Instituto Superior Miguel Torga, Coimbra.<\/li>\n<li><strong>In\u00eas Queiroz do Nascimento Garcia<\/strong>\u00a0(2016, 7 de abril).\u00a0<a href=\"http:\/\/repositorio.ismt.pt\/handle\/123456789\/619\"><em>Estudo preliminar das propriedades psicom\u00e9tricas e dos dados normativos da Forma Geral das Matrizes Progressivas de Raven numa amostra da comunidade<\/em><em>\u00a0<\/em><\/a>(Orient. Helena Esp\u00edrito Santo; Examiner: Margarida Pocinho; President: S\u00f3nia Sim\u00f5es). Instituto Superior Miguel Torga, Coimbra.<\/li>\n<li><strong>Lu\u00eds Est\u00eav\u00e3o Morais Bonito Basto De Oliveira<\/strong>\u00a0(2016, 2 junho).\u00a0<a href=\"http:\/\/repositorio.ismt.pt\/handle\/123456789\/652\"><em>Contributo para o estudo das propriedades psicom\u00e9tricas do Teste do Desenho do Rel\u00f3gio numa amostra da popula\u00e7\u00e3o portuguesa<\/em><\/a>\u00a0(Orient. Helena Esp\u00edrito Santo; Examiner: Henrique Vicente; President: Fernanda Daniel). Instituto Superior Miguel Torga, Coimbra.<\/li>\n<\/ul>\n","protected":false},"excerpt":{"rendered":"<p>2018 Liliana Vanessa da Silva Ferreira Sarmento (2018, 31 outubro). Quais as Melhores Letras da L\u00edngua Portuguesa para Testar a Flu\u00eancia Verbal Fon\u00e9mica e Descriminar a Exist\u00eancia e Aus\u00eancia de D\u00e9fice Cognitivo? Estudo de replica\u00e7\u00e3o (Supervisor: Helena Esp\u00edrito Santo; Examiner: Laura Lemos; President: Ilda Massano). Instituto Superior Miguel Torga, Coimbra. 2017 Virg\u00ednia\u00a0Pereira Braz (2017, 4 [&hellip;]<\/p>\n","protected":false},"author":1,"featured_media":0,"parent":3723,"menu_order":1,"comment_status":"closed","ping_status":"closed","template":"","meta":{"_mi_skip_tracking":false,"_monsterinsights_sitenote_active":false,"_monsterinsights_sitenote_note":"","_monsterinsights_sitenote_category":0},"_links":{"self":[{"href":"https:\/\/diinews.ismt.pt\/index.php?rest_route=\/wp\/v2\/pages\/3623"}],"collection":[{"href":"https:\/\/diinews.ismt.pt\/index.php?rest_route=\/wp\/v2\/pages"}],"about":[{"href":"https:\/\/diinews.ismt.pt\/index.php?rest_route=\/wp\/v2\/types\/page"}],"author":[{"embeddable":true,"href":"https:\/\/diinews.ismt.pt\/index.php?rest_route=\/wp\/v2\/users\/1"}],"replies":[{"embeddable":true,"href":"https:\/\/diinews.ismt.pt\/index.php?rest_route=%2Fwp%2Fv2%2Fcomments&post=3623"}],"version-history":[{"count":11,"href":"https:\/\/diinews.ismt.pt\/index.php?rest_route=\/wp\/v2\/pages\/3623\/revisions"}],"predecessor-version":[{"id":3897,"href":"https:\/\/diinews.ismt.pt\/index.php?rest_route=\/wp\/v2\/pages\/3623\/revisions\/3897"}],"up":[{"embeddable":true,"href":"https:\/\/diinews.ismt.pt\/index.php?rest_route=\/wp\/v2\/pages\/3723"}],"wp:attachment":[{"href":"https:\/\/diinews.ismt.pt\/index.php?rest_route=%2Fwp%2Fv2%2Fmedia&parent=3623"}],"curies":[{"name":"wp","href":"https:\/\/api.w.org\/{rel}","templated":true}]}}