{"id":3511,"date":"2019-02-21T03:43:48","date_gmt":"2019-02-21T03:43:48","guid":{"rendered":"https:\/\/diinews.ismt.pt\/?page_id=3511"},"modified":"2019-02-21T03:43:48","modified_gmt":"2019-02-21T03:43:48","slug":"books-chapters","status":"publish","type":"page","link":"https:\/\/diinews.ismt.pt\/?page_id=3511","title":{"rendered":"Books\/Chapters"},"content":{"rendered":"\n<h2><strong>2015<\/strong><\/h2>\n\n\n\n<ul><li>Espirito-Santo, H., &amp; Lemos, L. (2015). <a href=\"http:\/\/repositorio.ismt.pt\/handle\/123456789\/780\" target=\"_blank\" rel=\"noreferrer noopener\"><em>Manual de reabilita\u00e7\u00e3o neuropsicol\u00f3gica.<\/em><\/a><em> Livro do terapeuta.<\/em> Coimbra:&nbsp;Instituto Superior Miguel Torga<\/li><li>Espirito-Santo, H., &amp; Lemos, L. (2015). <em><a href=\"http:\/\/repositorio.ismt.pt\/handle\/123456789\/780\" target=\"_blank\" rel=\"noreferrer noopener\">Manual de reabilita\u00e7\u00e3o neuropsicol\u00f3gica<\/a>.<\/em> <em>Livro do paciente.<\/em> Coimbra:&nbsp;Instituto Superior Miguel Torga<\/li><li>Espirito-Santo, H., &amp; Lemos, L. (2015). <a href=\"http:\/\/repositorio.ismt.pt\/handle\/123456789\/780\" target=\"_blank\" rel=\"noreferrer noopener\"><em>Manual de reabilita\u00e7\u00e3o neuropsicol\u00f3gica.<\/em><\/a> <em>Livro de instru\u00e7\u00f5es.<\/em> Coimbra:&nbsp;Instituto Superior Miguel Torga<\/li><\/ul>\n","protected":false},"excerpt":{"rendered":"<p>2015 Espirito-Santo, H., &amp; Lemos, L. (2015). Manual de reabilita\u00e7\u00e3o neuropsicol\u00f3gica. Livro do terapeuta. Coimbra:&nbsp;Instituto Superior Miguel Torga Espirito-Santo, H., &amp; Lemos, L. (2015). Manual de reabilita\u00e7\u00e3o neuropsicol\u00f3gica. Livro do paciente. Coimbra:&nbsp;Instituto Superior Miguel Torga Espirito-Santo, H., &amp; Lemos, L. (2015). Manual de reabilita\u00e7\u00e3o neuropsicol\u00f3gica. Livro de instru\u00e7\u00f5es. Coimbra:&nbsp;Instituto Superior Miguel Torga<\/p>\n","protected":false},"author":1,"featured_media":0,"parent":3462,"menu_order":4,"comment_status":"closed","ping_status":"closed","template":"","meta":{"_mi_skip_tracking":false,"_monsterinsights_sitenote_active":false,"_monsterinsights_sitenote_note":"","_monsterinsights_sitenote_category":0},"_links":{"self":[{"href":"https:\/\/diinews.ismt.pt\/index.php?rest_route=\/wp\/v2\/pages\/3511"}],"collection":[{"href":"https:\/\/diinews.ismt.pt\/index.php?rest_route=\/wp\/v2\/pages"}],"about":[{"href":"https:\/\/diinews.ismt.pt\/index.php?rest_route=\/wp\/v2\/types\/page"}],"author":[{"embeddable":true,"href":"https:\/\/diinews.ismt.pt\/index.php?rest_route=\/wp\/v2\/users\/1"}],"replies":[{"embeddable":true,"href":"https:\/\/diinews.ismt.pt\/index.php?rest_route=%2Fwp%2Fv2%2Fcomments&post=3511"}],"version-history":[{"count":1,"href":"https:\/\/diinews.ismt.pt\/index.php?rest_route=\/wp\/v2\/pages\/3511\/revisions"}],"predecessor-version":[{"id":3512,"href":"https:\/\/diinews.ismt.pt\/index.php?rest_route=\/wp\/v2\/pages\/3511\/revisions\/3512"}],"up":[{"embeddable":true,"href":"https:\/\/diinews.ismt.pt\/index.php?rest_route=\/wp\/v2\/pages\/3462"}],"wp:attachment":[{"href":"https:\/\/diinews.ismt.pt\/index.php?rest_route=%2Fwp%2Fv2%2Fmedia&parent=3511"}],"curies":[{"name":"wp","href":"https:\/\/api.w.org\/{rel}","templated":true}]}}