{"id":3505,"date":"2019-02-21T03:42:22","date_gmt":"2019-02-21T03:42:22","guid":{"rendered":"https:\/\/diinews.ismt.pt\/?page_id=3505"},"modified":"2019-02-21T03:42:22","modified_gmt":"2019-02-21T03:42:22","slug":"communications","status":"publish","type":"page","link":"https:\/\/diinews.ismt.pt\/?page_id=3505","title":{"rendered":"Communications"},"content":{"rendered":"\n<h2>2016<\/h2>\n\n\n\n<ul><li>Lemos, L., Esp\u00edrito Santo, H., Sim\u00f5es, S., Silva, F., Galhardo, J., Oliveira, M., Costa, M., Martins, S., &amp; Daniel, F. (3-6, mar\u00e7o, 2016). <a href=\"https:\/\/doi.org\/10.1016\/j.eurpsy.2016.01.588.\" target=\"_blank\" rel=\"noreferrer noopener\">EW470 \u2014 A neuropsychological group rehabilitation program with institutionalized elderly<\/a> [Abstract of&nbsp;Poster presented at the&nbsp; 24rd European Congress of Psychiatry, Madrid]. <em>European Psychiatry<\/em>, <em>33, <\/em>S235. doi:10.1016\/j.eurpsy.2016.01.588.<\/li><\/ul>\n\n\n\n<h2><strong>2014<\/strong><\/h2>\n\n\n\n<ul><li>Lemos, L.<a href=\"http:\/\/www.sciencedirect.com\/science\/article\/pii\/S0924933814788029\">,<\/a> Espirito-Santo, H., Silva, G. F., Costa, M., Cardoso, D., F. Vicente, Martins, S., Vig\u00e1rio, V., Rodrigues, F., Neves, C. S., Pascoal, V., Pinto, A. L., &amp; Moitinho, S. (2014).<a href=\"http:\/\/www.sciencedirect.com\/science\/article\/pii\/S0924933814788029\"> EPA-1657 \u2013 The impact of a neuropsychological rehabilitation group program (NRGP) on cognitive and emotional functioning in institutionalized elderly [<\/a>Abstract&nbsp;of the&nbsp;E05 &#8211; e-Poster presented&nbsp;at&nbsp;Session 05: Childhood and Geriatry, Depression do 22nd European Congress of Psychiatry. Munich, Germany]. <em>European Psychiatry, 29<\/em>(Supl. 1), 1. doi:10.1016\/S0924-9338(14)78802-9<\/li><\/ul>\n\n\n\n<h2><strong>2013<\/strong><\/h2>\n\n\n\n<ul><li>Esp\u00edrito-Santo, H., Lemos, L, Pinto, A. L., Neves, C. S., Rodrigues, F., Torres Pena, I., Caldas, L., Moitinho, S., Vig\u00e1rio, V., Pascoal, V., Fernandes, D., Cardoso, D., Vicente, F., Silva, G. F., Ventura, L., &amp; Costa, Marina.&nbsp; (2013, Junho). <em>Apresenta\u00e7\u00e3o de um programa de reabilita\u00e7\u00e3o neuropsicol\u00f3gica grupal.<\/em> Comunica\u00e7\u00e3o oral na 27\u00aa Reuni\u00e3o do Grupo de Estudos de Envelhecimento Cerebral e Dem\u00eancia. Coimbra: GEECD<\/li><\/ul>\n","protected":false},"excerpt":{"rendered":"<p>2016 Lemos, L., Esp\u00edrito Santo, H., Sim\u00f5es, S., Silva, F., Galhardo, J., Oliveira, M., Costa, M., Martins, S., &amp; Daniel, F. (3-6, mar\u00e7o, 2016). EW470 \u2014 A neuropsychological group rehabilitation program with institutionalized elderly [Abstract of&nbsp;Poster presented at the&nbsp; 24rd European Congress of Psychiatry, Madrid]. European Psychiatry, 33, S235. doi:10.1016\/j.eurpsy.2016.01.588. 2014 Lemos, L., Espirito-Santo, H., [&hellip;]<\/p>\n","protected":false},"author":1,"featured_media":0,"parent":3462,"menu_order":2,"comment_status":"closed","ping_status":"closed","template":"","meta":{"_mi_skip_tracking":false,"_monsterinsights_sitenote_active":false,"_monsterinsights_sitenote_note":"","_monsterinsights_sitenote_category":0},"_links":{"self":[{"href":"https:\/\/diinews.ismt.pt\/index.php?rest_route=\/wp\/v2\/pages\/3505"}],"collection":[{"href":"https:\/\/diinews.ismt.pt\/index.php?rest_route=\/wp\/v2\/pages"}],"about":[{"href":"https:\/\/diinews.ismt.pt\/index.php?rest_route=\/wp\/v2\/types\/page"}],"author":[{"embeddable":true,"href":"https:\/\/diinews.ismt.pt\/index.php?rest_route=\/wp\/v2\/users\/1"}],"replies":[{"embeddable":true,"href":"https:\/\/diinews.ismt.pt\/index.php?rest_route=%2Fwp%2Fv2%2Fcomments&post=3505"}],"version-history":[{"count":1,"href":"https:\/\/diinews.ismt.pt\/index.php?rest_route=\/wp\/v2\/pages\/3505\/revisions"}],"predecessor-version":[{"id":3506,"href":"https:\/\/diinews.ismt.pt\/index.php?rest_route=\/wp\/v2\/pages\/3505\/revisions\/3506"}],"up":[{"embeddable":true,"href":"https:\/\/diinews.ismt.pt\/index.php?rest_route=\/wp\/v2\/pages\/3462"}],"wp:attachment":[{"href":"https:\/\/diinews.ismt.pt\/index.php?rest_route=%2Fwp%2Fv2%2Fmedia&parent=3505"}],"curies":[{"name":"wp","href":"https:\/\/api.w.org\/{rel}","templated":true}]}}