{"id":3494,"date":"2019-02-21T03:39:23","date_gmt":"2019-02-21T03:39:23","guid":{"rendered":"https:\/\/diinews.ismt.pt\/?page_id=3494"},"modified":"2019-02-21T03:39:23","modified_gmt":"2019-02-21T03:39:23","slug":"papers","status":"publish","type":"page","link":"https:\/\/diinews.ismt.pt\/?page_id=3494","title":{"rendered":"Papers"},"content":{"rendered":"\n<h1>2018<\/h1>\n\n\n\n<ul><li>Daniel, F., Fernandes, V., Silva, A., &amp; Esp\u00edrito Santo, H. (2018). <a href=\"http:\/\/www.cienciaesaudecoletiva.com.br\/artigos\/rastreio-cognitivo-em-estruturas-residenciais-para-pessoas-idosas-no-concelho-de-miranda-do-corvo-portugal\/16770?id=16770&amp;id=16770\">Rastreio cognitivo em estruturas residenciais para pessoas idosas no Concelho de Miranda do Corvo, Portugal<\/a> [Cognitive screening for older people in long-term care institutions in the Miranda do Corvo municipality, Portugal]. <em>Ci\u00eancia &amp; Sa\u00fade Coletiva, 2018<\/em>(0237).<\/li><li>Espirito Santo, H., &amp; Daniel, F. (2018). <a href=\"https:\/\/econtent.hogrefe.com\/doi\/abs\/10.1024\/1662-9647\/a000182\">Optimism and well-being among institutionalized older adults<\/a>. <em>GeroPsych: The Journal of Gerontopsychology and Geriatric Psychiatry, 31<\/em>(1), 5-16. https:\/\/doi.org\/ 10.1024\/1662-9647\/a000182.<\/li><li>Neves, M., Garcia, I., Espirito-Santo, H., &amp; Lemos, L. (2018). <a href=\"https:\/\/rpics.ismt.pt\/index.php\/ISMT\/article\/view\/70\">Valida\u00e7\u00e3o da vers\u00e3o portuguesa de Spiritual Well-Being Questionnaire em idosos institucionalizados<\/a> [Validation of the Portuguese Spiritual Well-Being Questionnaire in institutionalized older adults]. <em>Revista Portuguesa de Investiga\u00e7\u00e3o Comportamental e Social, 4<\/em>(1), 34-42. https:\/\/doi.org\/10.7342\/ismt.rpics.2018.4.1.70<\/li><\/ul>\n\n\n\n<h1>2016<\/h1>\n\n\n\n<ul><li>Espirito-Santo, H., Pena, I., Garcia, I., Pires, C., Couto, M., &amp; Daniel, F. (2016). <a href=\"http:\/\/rpics.ismt.pt\/index.php\/ISMT\/article\/view\/40\/pdf\" target=\"_blank\" rel=\"noreferrer noopener\">Mem\u00f3ria e envelhecimento: Qual o real impacto da idade?<\/a> <em>Revista Portuguesa de Investiga\u00e7\u00e3o Comportamental e Social, 2<\/em>(2), 41-54. doi:10.7342\/ismt.rpics.2016.2.2.40<\/li><li>Espirito-Santo, H., Garcia, I., Monteiro, B., Carolino, N., &amp; Daniel, F. (2016). <a href=\"http:\/\/rpics.ismt.pt\/index.php\/ISMT\/article\/view\/39\/pdf\" target=\"_blank\" rel=\"noreferrer noopener\">Avalia\u00e7\u00e3o breve do d\u00e9fice executivo em pessoas idosas com Acidente Vascular Cerebral: Valida\u00e7\u00e3o da Bateria de Avalia\u00e7\u00e3o Frontal.<\/a> <em>Revista Portuguesa de Investiga\u00e7\u00e3o Comportamental e Social, 2<\/em>(2), 25-40. doi:10.7342\/ismt.rpics.2016.2.2.39<\/li><li>Napole\u00e3o, M., Monteiro, B., &amp; Espirito-Santo, H. (2016). <a href=\"http:\/\/rpics.ismt.pt\/index.php\/ISMT\/article\/view\/37\/pdf\" target=\"_blank\" rel=\"noreferrer noopener\">Qualidade subjetiva do sono, sintomas depressivos, sentimentos de solid\u00e3o e institucionaliza\u00e7\u00e3o em pessoas idosas.&nbsp;<\/a><em>Revista Portuguesa de Investiga\u00e7\u00e3o Comportamental e Social, 2<\/em>(2), 12-24. doi:10.7342\/ismt.rpics.2016.2.2.37<\/li><\/ul>\n\n\n\n<h1>2015<\/h1>\n\n\n\n<ul><li>Daniel, F., Vicente, H., Guadalupe, S., Silva, A., &amp; Esp\u00edrito Santo, H. (2015). <a href=\"http:\/\/rpics.ismt.pt\/index.php\/ISMT\/article\/view\/22\/25\" target=\"_blank\" rel=\"noreferrer noopener\">Propriedades psicom\u00e9tricas da vers\u00e3o portuguesa do Invent\u00e1rio de Ansiedade Geri\u00e1trica numa amostra de idosos utentes de estruturas residenciais<\/a>. <em>Revista Portuguesa de Investiga\u00e7\u00e3o Comportamental e Social, 1<\/em>(2), 15-30. doi:10.7342\/ismt.rpics.2015.1.2.22<\/li><li>Daniel, F., Antunes, A., &amp; Amaral, I. (2015). <a href=\"http:\/\/publicacoes.ispa.pt\/index.php\/ap\/article\/view\/972\" target=\"_blank\" rel=\"noreferrer noopener\">Representa\u00e7\u00f5es sociais da velhice.<\/a> <em>An\u00e1lise Psicol\u00f3gica, 33<\/em>(3), 291\u2013301. https:\/\/doi.org\/10.14417\/ap.972<\/li><li>Daniel, F., Caetano, E., Monteiro, R., &amp; Amaral, I. (2016). <a href=\"http:\/\/dx.doi.org\/10.14417\/ap.972\" target=\"_blank\" rel=\"noreferrer noopener\">Representa\u00e7\u00f5es sociais do envelhecimento ativo num olhar genderizado<\/a>.<em> An\u00e1lise Psicol\u00f3gica, 34<\/em>(4), 353-364. doi:10.14417\/ap.972<\/li><li>Daniel, F., Monteiro, R., &amp; Ferreira, J. (2016). <a href=\"http:\/\/www.scielo.br\/pdf\/sssoc\/n126\/0101-6628-sssoc-126-0235.pdf\" target=\"_blank\" rel=\"noreferrer noopener\">Cartografia da oferta p\u00fablica e privada de servi\u00e7os dirigidos \u00e0 popula\u00e7\u00e3o idosa em Portugal. <\/a><em>Servi\u00e7o Social &amp; Sociedade, 2(<\/em>126), 235\u2013261. https:\/\/doi.org\/10.1590\/0101-6628.067<\/li><\/ul>\n\n\n\n<h1><strong>2014<\/strong><\/h1>\n\n\n\n<ul><li>Vicente, F., Esp\u00edrito-Santo, H., Cardoso, D., da Silva, F., Costa, M., Martins, S., \u2026 Lemos, L. (2014). <a href=\"http:\/\/dx.doi.org\/10.1590\/S0047-20852012000100001\" target=\"_blank\" rel=\"noreferrer noopener\">Estudo longitudinal dos fatores associados \u00e0 evolu\u00e7\u00e3o de sintomas depressivos em idosos institucionalizados (Longitudinal study of factors associated with the development of depressive symptoms in institutionalized elderly.<\/a> <em>Jornal Brasileiro de Psiquiatria, 63<\/em>(4), 308-316.&nbsp;doi:10.1590\/S0047-20852012000100001<\/li><\/ul>\n","protected":false},"excerpt":{"rendered":"<p>2018 Daniel, F., Fernandes, V., Silva, A., &amp; Esp\u00edrito Santo, H. (2018). Rastreio cognitivo em estruturas residenciais para pessoas idosas no Concelho de Miranda do Corvo, Portugal [Cognitive screening for older people in long-term care institutions in the Miranda do Corvo municipality, Portugal]. Ci\u00eancia &amp; Sa\u00fade Coletiva, 2018(0237). Espirito Santo, H., &amp; Daniel, F. (2018). [&hellip;]<\/p>\n","protected":false},"author":1,"featured_media":0,"parent":3457,"menu_order":2,"comment_status":"closed","ping_status":"closed","template":"","meta":{"_mi_skip_tracking":false,"_monsterinsights_sitenote_active":false,"_monsterinsights_sitenote_note":"","_monsterinsights_sitenote_category":0},"_links":{"self":[{"href":"https:\/\/diinews.ismt.pt\/index.php?rest_route=\/wp\/v2\/pages\/3494"}],"collection":[{"href":"https:\/\/diinews.ismt.pt\/index.php?rest_route=\/wp\/v2\/pages"}],"about":[{"href":"https:\/\/diinews.ismt.pt\/index.php?rest_route=\/wp\/v2\/types\/page"}],"author":[{"embeddable":true,"href":"https:\/\/diinews.ismt.pt\/index.php?rest_route=\/wp\/v2\/users\/1"}],"replies":[{"embeddable":true,"href":"https:\/\/diinews.ismt.pt\/index.php?rest_route=%2Fwp%2Fv2%2Fcomments&post=3494"}],"version-history":[{"count":1,"href":"https:\/\/diinews.ismt.pt\/index.php?rest_route=\/wp\/v2\/pages\/3494\/revisions"}],"predecessor-version":[{"id":3495,"href":"https:\/\/diinews.ismt.pt\/index.php?rest_route=\/wp\/v2\/pages\/3494\/revisions\/3495"}],"up":[{"embeddable":true,"href":"https:\/\/diinews.ismt.pt\/index.php?rest_route=\/wp\/v2\/pages\/3457"}],"wp:attachment":[{"href":"https:\/\/diinews.ismt.pt\/index.php?rest_route=%2Fwp%2Fv2%2Fmedia&parent=3494"}],"curies":[{"name":"wp","href":"https:\/\/api.w.org\/{rel}","templated":true}]}}