{"id":3488,"date":"2019-02-21T03:37:54","date_gmt":"2019-02-21T03:37:54","guid":{"rendered":"https:\/\/diinews.ismt.pt\/?page_id=3488"},"modified":"2019-09-09T20:05:04","modified_gmt":"2019-09-09T20:05:04","slug":"dissertations","status":"publish","type":"page","link":"https:\/\/diinews.ismt.pt\/?page_id=3488","title":{"rendered":"Dissertations"},"content":{"rendered":"\n<h2><em>Ph.D.<\/em><\/h2>\n\n\n\n<h3>2014<\/h3>\n\n\n\n<ul><li><strong>In\u00eas Torres Pena<\/strong>:&nbsp;<em><a href=\"http:\/\/dehesa.unex.es:8080\/xmlui\/handle\/10662\/1778?locale-attribute=pt\">Funcionamiento neuropsicol\u00f3gico y emocional en el envejecimiento. Estudio comparativo entre ancianos institucionalizados y no-institucionalizados<\/a>&nbsp;<\/em>(Supervisors:&nbsp;Helena Esp\u00edrito Santo e Flor\u00eancio Castro). Universidade da Extremadura. Espanha<\/li><li><strong>Sara Gordo:<\/strong>&nbsp;<em>Contribuici\u00f3n del funcionamiento ejecutivo en la funcionalidad en ancianos no-institucionalizados, semi-institucionalizados e institucionalizados<\/em>&nbsp;(Supervisor:&nbsp;Ricardo Garcia).&nbsp;Universidade de Salamanca. Espanha<\/li><\/ul>\n\n\n\n<h2><em>Master&nbsp;degree<\/em><\/h2>\n\n\n\n<h3>2019<\/h3>\n\n\n\n<ul><li>Gabriela da Silva Cruz\u00a0(2019, april, 4). <em>Mindfulness em Idosos Institucionalizados: Valida\u00e7\u00e3o do Invent\u00e1rio de Mindfulness de Freiburg para Idosos<\/em>\u00a0(Supervisor:\u00a0Helena Esp\u00edrito Santo). Master dissertation Instituto Superior Miguel Torga, Coimbra.<\/li><\/ul>\n\n\n\n<h3>2018<\/h3>\n\n\n\n<ul><li><strong>S\u00edlvia Cruz<\/strong> (2018, 12 december).\u00a0<a rel=\"noreferrer noopener\" aria-label=\"Funcionamento emocional, qualidade do sono e bem-estar espiritual em idosos institucionalizados  (opens in a new tab)\" href=\"http:\/\/repositorio.ismt.pt\/handle\/123456789\/952\" target=\"_blank\">Funcionamento emocional, qualidade do sono e bem-estar espiritual em idosos institucionalizados <\/a>(Supervisor: Laura Lemos; Examiner: Helena Esp\u00edrito Santo; President: Fernanda Daniel).\u00a0Master dissertation, Instituto Superior Miguel Torga, Coimbra.<\/li><li><strong>Cristiana Duarte Ferreira<\/strong> (2018, 10 setembro). <em><a rel=\"noreferrer noopener\" aria-label=\"Valida\u00e7\u00e3o da Escala de Depress\u00e3o Geri\u00e1trica numa Amostra de Idosos Institucionalizados da Popula\u00e7\u00e3o Portuguesa (opens in a new tab)\" href=\"http:\/\/repositorio.ismt.pt\/handle\/123456789\/931\" target=\"_blank\">Valida\u00e7\u00e3o da Escala de Depress\u00e3o Geri\u00e1trica numa Amostra de Idosos Institucionalizados da Popula\u00e7\u00e3o Portuguesa<\/a><\/em> (Supervisor:\u00a0Helena Esp\u00edrito Santo; Examiner: Laura Lemos; President: F. Daniel). Master dissertation, Instituto Superior Miguel Torga, Coimbra.<\/li><li><strong>Bruno Sousa Ferreira<\/strong> (2018, 14 setembro). <em><a rel=\"noreferrer noopener\" aria-label=\"Impacto do yoga do riso na emocionalidade, na qualidade do sono e n\u00edvel cognitivo da pessoa idosa institucionalizada (opens in a new tab)\" href=\"http:\/\/dspace.ismt.pt\/handle\/123456789\/930\" target=\"_blank\">Impacto do yoga do riso na emocionalidade, na qualidade do sono e n\u00edvel cognitivo da pessoa idosa institucionalizada<\/a> <\/em>(Supervisor:\u00a0Helena Esp\u00edrito Santo; Examiner: L. Lemos; President: F. Daniel). Master dissertation, Instituto Superior Miguel Torga, Coimbra.<\/li><\/ul>\n\n\n\n<h3>2017<\/h3>\n\n\n\n<ul><li><strong>Mariana Neves<\/strong>: <a rel=\"noreferrer noopener\" href=\"http:\/\/repositorio.ismt.pt\/handle\/123456789\/724\" target=\"_blank\">Bem-estar Espiritual, Sintomas Depressivos e Ansiosos nos Idosos <\/a>(Supervisor:\u00a0Helena Esp\u00edrito Santo; Examiner: Laura Lemos; President: S\u00f3nia Sim\u00f5es). Master dissertation, Instituto Superior Miguel Torga, Coimbra.<\/li><\/ul>\n\n\n\n<h3>2016<\/h3>\n\n\n\n<ul><li><strong>Mariana Napole\u00e3o<\/strong>: <a rel=\"noreferrer noopener\" href=\"http:\/\/repositorio.ismt.pt\/handle\/123456789\/650\" target=\"_blank\">Qualidade Subjetiva do Sono, Sintomas Depressivos e Sentimentos de Solid\u00e3o em Idosos Institucionalizados e N\u00e3o Institucionalizados&nbsp;<\/a>(Supervisor:&nbsp;Helena Esp\u00edrito Santo). Master dissertation, Instituto Superior Miguel Torga, Coimbra<\/li><\/ul>\n\n\n\n<h3>2015<\/h3>\n\n\n\n<ul><li><strong>Sara Brito<\/strong>: Solid\u00e3o, Esperan\u00e7a e Seus Correlatos em Idosos Institucionalizados e N\u00e3o Institucionalizados no Concelho de Seia.\u00a0(Supervisor:\u00a0Helena Esp\u00edrito Santo; Examiner: Ana Galhardo; President: Marina Cunha). Master dissertation, Instituto Superior Miguel Torga, Coimbra<\/li><li><strong>Lu\u00eds Filipe Almeida Ventura<\/strong>. Figura Complexa de\u00a0Rey-Osterrieth\u00a0e Funcionamento Executivo em idosos institucionalizados (Supervisor: Helena Esp\u00edrito Santo; Examiner: Laura Lemos; President: Joana Sequeira). Master dissertation, Instituto Superior Miguel Torga, Coimbra<\/li><\/ul>\n\n\n\n<h3>2014<\/h3>\n\n\n\n<ul><li><strong>Carmen Sousa:\u00a0<\/strong><em><a rel=\"noreferrer noopener\" href=\"http:\/\/repositorio.ismt.pt\/handle\/123456789\/782\" target=\"_blank\">Comordidade e Rela\u00e7\u00e3o temporal entre ansiedade e depress\u00e3o em idosos institucionalizados<\/a>.<\/em>\u00a0(Supervisor:\u00a0Helena Esp\u00edrito Santo; Examiner: Margarida Pocinho; President: Esmeralda Macedo). Master dissertation, Instituto Superior Miguel Torga, Coimbra<\/li><\/ul>\n\n\n\n<h3>2013<\/h3>\n\n\n\n<ul><li><strong>Andr\u00e9 Costa:<\/strong>\u00a0<a rel=\"noreferrer noopener\" href=\"http:\/\/repositorio.ismt.pt\/handle\/123456789\/318\" target=\"_blank\"><em>Bem-estar subjetivo. Valida\u00e7\u00e3o das escalas PANAS e SWLS numa amostra de idosos portugueses institucionalizados<\/em><\/a>. (Supervisor:\u00a0Helena Esp\u00edrito Santo). Master dissertation, Instituto Superior Miguel Torga, Coimbra<\/li><li><strong>Diana Cardoso:\u00a0<\/strong><em><a rel=\"noreferrer noopener\" href=\"http:\/\/repositorio.ismt.pt\/handle\/123456789\/381\" target=\"_blank\">Sono, Depress\u00e3o e Afetividade em idosos Institucionalizados<\/a>.\u00a0<\/em>(Supervisor:\u00a0Helena Esp\u00edrito Santo). Master dissertation, Instituto Superior Miguel Torga, Coimbra<\/li><li><strong>Filomena Vicente<\/strong>:\u00a0<em><a rel=\"noreferrer noopener\" href=\"http:\/\/repositorio.ismt.pt\/handle\/123456789\/426\" target=\"_blank\">Estudo Longitudinal dos Fatores Associados \u00e0 Evolu\u00e7\u00e3o de Sintomas Depressivos em Idosos Institucionalizados<\/a>.<\/em>\u00a0(Supervisor:\u00a0Helena Esp\u00edrito Santo). Master dissertation, Instituto Superior Miguel Torga, Coimbra<\/li><li><strong>Daniela Fernandes:<\/strong>\u00a0<em><a rel=\"noreferrer noopener\" href=\"http:\/\/repositorio.ismt.pt\/handle\/123456789\/783\" target=\"_blank\">Decl\u00ednio Cognitivo e Depress\u00e3o em idosos institucionalizados do meio rural e urbano do Distrito de Coimbra<\/a>.\u00a0<\/em>(Supervisor:\u00a0Helena Esp\u00edrito Santo). Master dissertation, Instituto Superior Miguel Torga, Coimbra<\/li><\/ul>\n\n\n\n<h3>2012<\/h3>\n\n\n\n<ul><li><strong>Ana Raquel Correia<\/strong>:\u00a0<em><a href=\"https:\/\/docs.google.com\/open?id=0Bx4Cfg6cC4ZrMmxIMDFuQ0hFRWs\">O impacto da afetividade no funcionamento cognitivo<\/a>.<\/em>\u00a0(Supervisor:\u00a0Helena Esp\u00edrito Santo). Master dissertation, Instituto Superior Miguel Torga, Coimbra<\/li><li>\u00c2ngela Conde: Contributo para a valida\u00e7\u00e3o da ASKAS \u2013 <em>Aging Sexual Knowledge and Attitudes Scale<\/em> em cuidadores formais portugueses\u00a0(Supervisor: Mariana Marques). Master dissertation, Instituto Superior Miguel Torga, Coimbra<\/li><li><strong>Diana Sim\u00f5es<\/strong>:\u00a0<em><a href=\"http:\/\/helenum.ismt.pt\/Orientacoes\/Teses_files\/tese%2011%20de%20julho%20diana.pdf\">Impacto da satisfa\u00e7\u00e3o com a vida no funcionamento cognitivo<\/a>.\u00a0<\/em>(Supervisor:\u00a0Helena Esp\u00edrito Santo). Master dissertation, Instituto Superior Miguel Torga, Coimbra<\/li><li><strong>F\u00e1tima Rodrigues<\/strong>:\u00a0<em><a href=\"https:\/\/docs.google.com\/file\/d\/0Bx4Cfg6cC4ZrXzV0TlJSRHdEYUE\/edit?usp=sharing\">Flu\u00eancias verbais e funcionamento cognitivo em idosos institucionalizados do distrito de Coimbra<\/a>.\u00a0<\/em>(Supervisor:\u00a0Helena Esp\u00edrito Santo). Master dissertation, Instituto Superior Miguel Torga, Coimbra<\/li><li><strong>Lib\u00e2nia Ferreira<\/strong>:\u00a0<em><a href=\"https:\/\/docs.google.com\/open?id=0Bx4Cfg6cC4Zrck1sN1pSWGtnY2c\">O impacto das fun\u00e7\u00f5es executivas no funcionamento cognitivo do idoso sob resposta social<\/a>.\u00a0<\/em>(Supervisor:\u00a0Helena Esp\u00edrito Santo). Master dissertation, Instituto Superior Miguel Torga, Coimbra<\/li><li><strong>Lu\u00edsa Caldas<\/strong>:\u00a0<em><a href=\"https:\/\/docs.google.com\/file\/d\/0Bx4Cfg6cC4ZrMTFBRW1pRkNaRDA\/edit?usp=sharing\">Fatores Associados \u00e0s Flu\u00eancias Verbais No Idoso Sob Resposta Social do Distrito de Coimbra<\/a>.\u00a0<\/em>(Supervisor:\u00a0Helena Esp\u00edrito Santo). Master dissertation, Instituto Superior Miguel Torga, Coimbra<\/li><li><strong>Marisa Benedito Tom\u00e1s<\/strong>:\u00a0<a href=\"https:\/\/docs.google.com\/file\/d\/0Bx4Cfg6cC4ZrQTI3QnZwU3pBZ2c\/edit?usp=sharing\"><em>Rela\u00e7\u00e3o da afetividade, depress\u00e3o, ansiedade com a mem\u00f3ria a curto-prazo no idoso.\u00a0<\/em><\/a>(Supervisors: Esmeralda Macedo e Helena Esp\u00edrito Santo). Master dissertation, Instituto Superior Miguel Torga, Coimbra<\/li><li><strong>Marlene Costa<\/strong>:\u00a0<em><a href=\"https:\/\/docs.google.com\/open?id=0Bx4Cfg6cC4ZrS3JTMktmMEN0V2M\">Sentimentos de solid\u00e3o, correlatos e preditores<\/a>.\u00a0<\/em>(Supervisor:\u00a0Helena Esp\u00edrito Santo). Master dissertation, Instituto Superior Miguel Torga, Coimbra<\/li><li><strong>Rute Almeida<\/strong>:\u00a0<em><a href=\"https:\/\/docs.google.com\/file\/d\/0Bx4Cfg6cC4ZrNGlUMTVnUXhScWM\/edit?usp=sharing\">Aten\u00e7\u00e3o Seletiva e Decl\u00ednio Cognitivo<\/a>.\u00a0<\/em>(Supervisor: Mariana Marques). Master dissertation, Instituto Superior Miguel Torga, Coimbra<\/li><li><strong>Sara Moitinho<\/strong>:\u00a0<em><a href=\"https:\/\/docs.google.com\/open?id=0Bx4Cfg6cC4ZrNl9XZkVLMFo3WFU\">Fun\u00e7\u00f5es\u00a0executivas\u00a0(Frontal Assessment Battery),\u00a0capacidade\u00a0visuo-construtiva\u00a0e mem\u00f3ria (Rey Complex Figure) numa amostra\u00a0de\u00a0idosos\u00a0sob\u00a0resposta\u00a0social<\/a>.\u00a0<\/em>(Supervisor: Mariana Marques). Master dissertation, Instituto Superior Miguel Torga, Coimbra<\/li><li><strong>Tirsa Nascimento:\u00a0<\/strong><a href=\"https:\/\/docs.google.com\/open?id=0Bx4Cfg6cC4ZrMHZyVGF3eHFsZm8\"><em>Impacto da aten\u00e7\u00e3o no funcionamento cognitivo<\/em><\/a>. (Supervisor:\u00a0Helena Esp\u00edrito Santo &amp; Joana Matreno). Master dissertation, Instituto Superior Miguel Torga, Coimbra<\/li><li><strong>Vanessa Vig\u00e1rio:<\/strong>\u00a0<a href=\"https:\/\/docs.google.com\/open?id=0Bx4Cfg6cC4ZrY0Jvb1FTejNtX28\"><em>Diferen\u00e7as no funcionamento cognitivo entre idosos institucionalizados e n\u00e3o-institucionalizados<\/em><\/a>. (Supervisors: Mariana Marques &amp; Lu\u00edsa Rolim). Master dissertation, Instituto Superior Miguel Torga, Coimbra<\/li><\/ul>\n\n\n\n<h3>2011<\/h3>\n\n\n\n<ul><li><strong>Alexandra Pardal:\u00a0<\/strong><a href=\"https:\/\/docs.google.com\/file\/d\/0Bx4Cfg6cC4ZrblBTZWxBQUR1aVU\/edit?usp=sharing\"><em>Suporte Social, Sintomas de Ansiedade, de Depress\u00e3o e Satisfa\u00e7\u00e3o com a Vida em Idosos sob Resposta Social<\/em><\/a>. (Supervisors:\u00a0Helena Esp\u00edrito Santo &amp; Sandra Oliveira). Master dissertation, Miguel Torga Higher Education Institute, Coimbra<\/li><li><strong>Anabela Gaspar:<\/strong>\u00a0<a href=\"https:\/\/docs.google.com\/file\/d\/0Bx4Cfg6cC4Zrenlpcm02YUkwc2M\/edit?usp=sharing\"><em>Mem\u00f3ria a curto-prazo, satisfa\u00e7\u00e3o com a vida e afectividade em idosos institucionalizados e em centro de dia<\/em><\/a><em>.\u00a0<\/em>(Supervisors:\u00a0Helena Esp\u00edrito Santo &amp; Mariana Marques). Master dissertation, Miguel Torga Higher Education Institute, Coimbra<\/li><li><strong>Andreia Napole\u00e3o<\/strong>:\u00a0<a href=\"https:\/\/docs.google.com\/file\/d\/0Bx4Cfg6cC4ZreUtWb3gwSU1QM28\/edit?usp=sharing\"><em>Sintomas neuropsiqui\u00e1tricos e decl\u00ednio cognitivo. Associa\u00e7\u00e3o entre os sintomas neuropsiqui\u00e1tricos (NPI-Q) e o decl\u00ednio cognitivo (moca) em idosos do concelho de Coimbra<\/em><\/a>. (Supervisor: Mariana Marques). Master dissertation, Miguel Torga Higher Education Institute, Coimbra<\/li><li><strong>C\u00e1tia Noronha<\/strong>:\u00a0<a href=\"https:\/\/docs.google.com\/file\/d\/0Bx4Cfg6cC4ZrSzJQYkk5QkZfOVE\/edit?usp=sharing\"><em>Decl\u00ednio Cognitivo e Depress\u00e3o na 3\u00aa e 4\u00aa idade<\/em><\/a>. (Supervisors: Carlos Farate &amp; Helena Esp\u00edrito Santo). Master dissertation, Miguel Torga Higher Education Institute, Coimbra<\/li><li><strong>Daniel Falc\u00e3o<\/strong>: \u00a0<a href=\"https:\/\/docs.google.com\/file\/d\/0Bx4Cfg6cC4Zrc1l2U3cwU0Z1cm8\/edit?usp=sharing\"><em>Influ\u00eancia da escolaridade e da profiss\u00e3o no desempenho de idosos em testes neuropsicol\u00f3gicos<\/em><\/a><em>.\u00a0(<\/em>Supervisor:\u00a0Helena Esp\u00edrito Santo). Master dissertation, Miguel Torga Higher Education Institute, Coimbra<\/li><li><strong>Diana Carvalho:<\/strong>\u00a0<a href=\"https:\/\/docs.google.com\/file\/d\/0Bx4Cfg6cC4ZrWm5PWFo3SXJSbjQ\/edit?usp=sharing\"><em>Sintomas depressivos e defeito cognitivo em idosos sob resposta social do concelho de Coimbra<\/em><\/a><em>.\u00a0<\/em>(Supervisor:\u00a0Helena Esp\u00edrito Santo). Master dissertation, Miguel Torga Higher Education Institute, Coimbra<\/li><li><strong>Edgar Correia:<\/strong>\u00a0<a href=\"https:\/\/docs.google.com\/file\/d\/0Bx4Cfg6cC4ZrQU52OFlFeTlIMXc\/edit?usp=sharing\"><em>Teste do Tempo &amp; Troco.\u00a0Estudo\u00a0de\u00a0Valida\u00e7\u00e3o<\/em><\/a>. (Supervisor:\u00a0Helena Esp\u00edrito Santo). Master dissertation, Miguel Torga Higher Education Institute, Coimbra<\/li><li><strong>F\u00e1tima Ferreira:<\/strong>\u00a0<a href=\"https:\/\/docs.google.com\/file\/d\/0Bx4Cfg6cC4ZrNlZhcFlXQlM4bHc\/edit?usp=sharing\"><em>Fatores sociodemogr\u00e1ficos relacionados com o decl\u00ednio cognitivo e ansiedade em idosos<\/em><\/a><em>.\u00a0<\/em>(Supervisor:\u00a0Helena Esp\u00edrito Santo). Master dissertation, Miguel Torga Higher Education Institute, Coimbra<\/li><li><strong>In\u00eas Pena:<\/strong>\u00a0<a href=\"https:\/\/docs.google.com\/file\/d\/0Bx4Cfg6cC4ZrMmhkcEFvMGhqcEU\/edit?usp=sharing\"><em>Defeito cognitivo, sintomas depressivos e satisfa\u00e7\u00e3o com a vida em idosos sob resposta social do concelho de Coimbra<\/em><\/a>. (Supervisor:\u00a0Helena Esp\u00edrito Santo). Master dissertation, Miguel Torga Higher Education Institute, Coimbra<\/li><li><strong>Joana Ferreira:<\/strong>\u00a0<a href=\"https:\/\/docs.google.com\/file\/d\/0Bx4Cfg6cC4ZrWGRlQU1mVmdpaUk\/edit?usp=sharing\"><em>Autonomia e Fun\u00e7\u00f5es Cognitivas\u00a0 numa popula\u00e7\u00e3o de Idosos de Coimbra sob resposta social<\/em><\/a><em>.\u00a0<\/em>(Supervisor:\u00a0Helena Esp\u00edrito Santo &amp; Esmeralda Macedo). Master dissertation, Miguel Torga Higher Education Institute, Coimbra<\/li><li><strong>Joana Gomes<\/strong>:\u00a0\u00a0<a href=\"https:\/\/docs.google.com\/file\/d\/0Bx4Cfg6cC4ZranlUb2gydVJVZm8\/edit?usp=sharing\"><em>Contribui\u00e7\u00e3o para a Valida\u00e7\u00e3o do IQCODE &#8211; Informant Questionnaire on Cognitive Decline in the Elderly<\/em><\/a> (Supervisor:\u00a0Helena Esp\u00edrito Santo). Master dissertation, Miguel Torga Higher Education Institute, Coimbra<\/li><li><strong>Manuela Fernandes:<\/strong>\u00a0<a href=\"https:\/\/docs.google.com\/file\/d\/0Bx4Cfg6cC4ZrbjRHUWk5MktpVXM\/edit?usp=sharing\"><em>Rela\u00e7\u00e3o do bem-estar subjectivo, sa\u00fade f\u00edsica e mental do idoso sob resposta social<\/em><\/a>.\u00a0(Supervisor:\u00a0Helena Esp\u00edrito Santo &amp; Esmeralda Macedo). Master dissertation, Miguel Torga Higher Education Institute, Coimbra<\/li><li><strong>Mafalda Silva<\/strong>:\u00a0<a href=\"https:\/\/docs.google.com\/file\/d\/0Bx4Cfg6cC4ZrOG1xNXV6VFViWlU\/edit?usp=sharing\"><em>Contributo para a Valida\u00e7\u00e3o de Instrumentos de Avalia\u00e7\u00e3o das Caracter\u00edsticas Mn\u00e9sicas e Executivas de Idosos sob Resposta Social no Concelho de Coimbra<\/em><\/a>. (Supervisor: Mariana Marques &amp; Lu\u00edsa Rolim. Master dissertation, Miguel Torga Higher Education Institute, Coimbra<\/li><li><strong>Marina Sei\u00e7a<\/strong>:\u00a0\u00a0<a href=\"https:\/\/docs.google.com\/file\/d\/0Bx4Cfg6cC4ZrUUk5VkdCVWpIUEE\/edit?usp=sharing\"><em>Satisfa\u00e7\u00e3o com a Vida e Sintomas Ansiosos em Idosos sob resposta social no Concelho de Coimbra<\/em><\/a><em>.\u00a0<\/em>(Supervisors:\u00a0Helena Esp\u00edrito Santo &amp; Michael Knoch). Master dissertation, Miguel Torga Higher Education Institute, Coimbra<\/li><li><strong>Miguel Fermino:<\/strong>\u00a0<a href=\"https:\/\/docs.google.com\/open?id=0Bx4Cfg6cC4ZrMG1ZYmpMcGV1TE0\"><em>Valida\u00e7\u00e3o da Severe Impaiment Battery Language numa amostra de idosos com Alzheimer em Portugal<\/em><\/a><em>.\u00a0<\/em>(Supervisor:\u00a0Helena Esp\u00edrito Santo). Master dissertation, Miguel Torga Higher Education Institute, Coimbra<\/li><li><strong>M\u00f3nica Carvalho<\/strong>:\u00a0\u00a0<a href=\"https:\/\/docs.google.com\/file\/d\/0Bx4Cfg6cC4ZrTTJwQW85RU1EU2c\/edit?usp=sharing\"><em>Sintomas Psicopatol\u00f3gicos e Afecto Positivo nos Idosos<\/em><\/a><em>.\u00a0<\/em>(Supervisor:\u00a0Helena Esp\u00edrito Santo). Master dissertation, Miguel Torga Higher Education Institute, Coimbra<\/li><li><strong>Patr\u00edcia Rodrigues<\/strong>:\u00a0<a href=\"https:\/\/docs.google.com\/file\/d\/0Bx4Cfg6cC4ZraXFmX1dqVXJ0dFE\/edit?usp=sharing\"><em>Rela\u00e7\u00e3o entre mem\u00f3ria e fun\u00e7\u00f5es construtivo-pr\u00e1xicas e d\u00e9fice cognitivo. Associa\u00e7\u00e3o entre a aus\u00eancia de compromisso\/compromisso apenas numa prova ou em ambas as provas da Figura Complexa de Rey e a presen\u00e7a de d\u00e9fice cognitivo grave segundo o Montreal Cognitive Assessment<\/em><\/a><em>.\u00a0<\/em>(Supervisors: Mariana Marques &amp; Helena Esp\u00edrito Santo). Master dissertation, Miguel Torga Higher Education Institute, Coimbra<\/li><li><strong>Raquel Carvalho<\/strong>:\u00a0<a href=\"https:\/\/docs.google.com\/file\/d\/0Bx4Cfg6cC4ZrbEthMXB2eURwUHM\/edit?usp=sharing\"><em>Fun\u00e7\u00f5es Executivas e Satisfa\u00e7\u00e3o com a Vida: Estudo em Idosos Sob Resposta Social<\/em><\/a><em>.\u00a0<\/em>(Supervisor:\u00a0Helena Esp\u00edrito Santo). Master dissertation, Miguel Torga Higher Education Institute, Coimbra<\/li><li><strong>Rita Gon\u00e7alves<\/strong>:\u00a0<a href=\"https:\/\/docs.google.com\/file\/d\/0Bx4Cfg6cC4ZrSm45QmxwQ0NPN0k\/edit?usp=sharing\"><em>Decl\u00ednio Cognitivo, Sintomas Ansiosos e Depressivos: Estudo em Idosos sob Resposta Social<\/em><\/a><em>.\u00a0<\/em>(Supervisors:\u00a0Helena Esp\u00edrito Santo &amp; Lu\u00edsa Rolim). Master dissertation, Miguel Torga Higher Education Institute, Coimbra<\/li><li><strong>Rui Reis<\/strong>:\u00a0<a href=\"https:\/\/docs.google.com\/file\/d\/0Bx4Cfg6cC4ZrQ2pFVnlYaUlUXzg\/edit?usp=sharing\"><em>Sintomas neuropsiqui\u00e1tricos e decl\u00ednio cognitivo. Associa\u00e7\u00e3o entre os sintomas neuropsiqui\u00e1tricos relatados pelos cuidadores informais e o decl\u00ednio cognitivo avaliado junto dos idosos<\/em><\/a><em>.\u00a0<\/em>(Supervisors: Mariana Marques &amp; Helena Esp\u00edrito Santo). Master dissertation, Miguel Torga Higher Education Institute, Coimbra<\/li><li><strong>Susana Maia<\/strong>:\u00a0<a href=\"https:\/\/docs.google.com\/file\/d\/0Bx4Cfg6cC4ZrbUlsa3k1Q1dCS2c\/edit?usp=sharing\"><em>Rela\u00e7\u00e3o entre fun\u00e7\u00f5es executivas e ansiedade em idosos institucionalizados<\/em><\/a><em>.\u00a0<\/em>(Supervisor:\u00a0Helena Esp\u00edrito Santo). Master dissertation, Miguel Torga Higher Education Institute, Coimbra<\/li><\/ul>\n\n\n\n<ul><li><\/li><\/ul>\n","protected":false},"excerpt":{"rendered":"<p>Ph.D. 2014 In\u00eas Torres Pena:&nbsp;Funcionamiento neuropsicol\u00f3gico y emocional en el envejecimiento. Estudio comparativo entre ancianos institucionalizados y no-institucionalizados&nbsp;(Supervisors:&nbsp;Helena Esp\u00edrito Santo e Flor\u00eancio Castro). Universidade da Extremadura. Espanha Sara Gordo:&nbsp;Contribuici\u00f3n del funcionamiento ejecutivo en la funcionalidad en ancianos no-institucionalizados, semi-institucionalizados e institucionalizados&nbsp;(Supervisor:&nbsp;Ricardo Garcia).&nbsp;Universidade de Salamanca. Espanha Master&nbsp;degree 2019 Gabriela da Silva Cruz\u00a0(2019, april, 4). Mindfulness em [&hellip;]<\/p>\n","protected":false},"author":1,"featured_media":0,"parent":3457,"menu_order":1,"comment_status":"closed","ping_status":"closed","template":"","meta":{"_mi_skip_tracking":false,"_monsterinsights_sitenote_active":false,"_monsterinsights_sitenote_note":"","_monsterinsights_sitenote_category":0},"_links":{"self":[{"href":"https:\/\/diinews.ismt.pt\/index.php?rest_route=\/wp\/v2\/pages\/3488"}],"collection":[{"href":"https:\/\/diinews.ismt.pt\/index.php?rest_route=\/wp\/v2\/pages"}],"about":[{"href":"https:\/\/diinews.ismt.pt\/index.php?rest_route=\/wp\/v2\/types\/page"}],"author":[{"embeddable":true,"href":"https:\/\/diinews.ismt.pt\/index.php?rest_route=\/wp\/v2\/users\/1"}],"replies":[{"embeddable":true,"href":"https:\/\/diinews.ismt.pt\/index.php?rest_route=%2Fwp%2Fv2%2Fcomments&post=3488"}],"version-history":[{"count":9,"href":"https:\/\/diinews.ismt.pt\/index.php?rest_route=\/wp\/v2\/pages\/3488\/revisions"}],"predecessor-version":[{"id":3899,"href":"https:\/\/diinews.ismt.pt\/index.php?rest_route=\/wp\/v2\/pages\/3488\/revisions\/3899"}],"up":[{"embeddable":true,"href":"https:\/\/diinews.ismt.pt\/index.php?rest_route=\/wp\/v2\/pages\/3457"}],"wp:attachment":[{"href":"https:\/\/diinews.ismt.pt\/index.php?rest_route=%2Fwp%2Fv2%2Fmedia&parent=3488"}],"curies":[{"name":"wp","href":"https:\/\/api.w.org\/{rel}","templated":true}]}}