{"id":3484,"date":"2019-02-21T03:36:05","date_gmt":"2019-02-21T03:36:05","guid":{"rendered":"https:\/\/diinews.ismt.pt\/?page_id=3484"},"modified":"2019-02-21T03:36:05","modified_gmt":"2019-02-21T03:36:05","slug":"books-chapters","status":"publish","type":"page","link":"https:\/\/diinews.ismt.pt\/?page_id=3484","title":{"rendered":"Books\/Chapters"},"content":{"rendered":"\n<h2><span style=\"background-color: rgb(232, 234, 235);\"><i>Book\u00a0chapter<\/i><\/span><\/h2>\n\n\n\n<p>Costa, M., Espirito-Santo, H., Matreno, J., Fermino, S., e Amaro, H. (2012). Trauma, dissocia\u00e7\u00e3o e psicopatologia em reclusos. Em R. Quevedo-Blasco\u00a0e V. J. Quevedo-Blasco (Eds.),\u00a0Avances en Psicolog\u00eda Cl\u00ednica. Libro De Cap\u00edtulos Del v Congreso Internacional Y X Nacional de Psicolog\u00eda Cl\u00ednica(pp. 491\u2013494). Granada: Asociaci\u00f3n Espa\u00f1ola de Psicolog\u00eda Conductual AEPC. Available at  <a href=\"http:\/\/www.ispcs.es\/xcongreso\/Documentos\/librocapitulosXcongreso.pdf\">http:\/\/www.ispcs.es\/xcongreso\/Documentos\/librocapitulosXcongreso.pdf<\/a><\/p>\n","protected":false},"excerpt":{"rendered":"<p>Book\u00a0chapter Costa, M., Espirito-Santo, H., Matreno, J., Fermino, S., e Amaro, H. (2012). Trauma, dissocia\u00e7\u00e3o e psicopatologia em reclusos. Em R. Quevedo-Blasco\u00a0e V. J. Quevedo-Blasco (Eds.),\u00a0Avances en Psicolog\u00eda Cl\u00ednica. Libro De Cap\u00edtulos Del v Congreso Internacional Y X Nacional de Psicolog\u00eda Cl\u00ednica(pp. 491\u2013494). Granada: Asociaci\u00f3n Espa\u00f1ola de Psicolog\u00eda Conductual AEPC. Available at http:\/\/www.ispcs.es\/xcongreso\/Documentos\/librocapitulosXcongreso.pdf<\/p>\n","protected":false},"author":1,"featured_media":0,"parent":3450,"menu_order":4,"comment_status":"closed","ping_status":"closed","template":"","meta":{"_mi_skip_tracking":false,"_monsterinsights_sitenote_active":false,"_monsterinsights_sitenote_note":"","_monsterinsights_sitenote_category":0},"_links":{"self":[{"href":"https:\/\/diinews.ismt.pt\/index.php?rest_route=\/wp\/v2\/pages\/3484"}],"collection":[{"href":"https:\/\/diinews.ismt.pt\/index.php?rest_route=\/wp\/v2\/pages"}],"about":[{"href":"https:\/\/diinews.ismt.pt\/index.php?rest_route=\/wp\/v2\/types\/page"}],"author":[{"embeddable":true,"href":"https:\/\/diinews.ismt.pt\/index.php?rest_route=\/wp\/v2\/users\/1"}],"replies":[{"embeddable":true,"href":"https:\/\/diinews.ismt.pt\/index.php?rest_route=%2Fwp%2Fv2%2Fcomments&post=3484"}],"version-history":[{"count":1,"href":"https:\/\/diinews.ismt.pt\/index.php?rest_route=\/wp\/v2\/pages\/3484\/revisions"}],"predecessor-version":[{"id":3485,"href":"https:\/\/diinews.ismt.pt\/index.php?rest_route=\/wp\/v2\/pages\/3484\/revisions\/3485"}],"up":[{"embeddable":true,"href":"https:\/\/diinews.ismt.pt\/index.php?rest_route=\/wp\/v2\/pages\/3450"}],"wp:attachment":[{"href":"https:\/\/diinews.ismt.pt\/index.php?rest_route=%2Fwp%2Fv2%2Fmedia&parent=3484"}],"curies":[{"name":"wp","href":"https:\/\/api.w.org\/{rel}","templated":true}]}}