{"id":3481,"date":"2019-02-21T03:34:58","date_gmt":"2019-02-21T03:34:58","guid":{"rendered":"https:\/\/diinews.ismt.pt\/?page_id=3481"},"modified":"2019-03-12T01:50:56","modified_gmt":"2019-03-12T01:50:56","slug":"papers","status":"publish","type":"page","link":"https:\/\/diinews.ismt.pt\/?page_id=3481","title":{"rendered":"Papers"},"content":{"rendered":"\n<h2>2019<\/h2>\n\n\n\n<ul><li>Ramadas, E., &amp; Sim\u00f5es, S. C. (2019). <a rel=\"noreferrer noopener\" href=\"https:\/\/onlinelibrary.wiley.com\/doi\/abs\/10.1002\/capr.12205?af=R\" target=\"_blank\">The relationship between mindfulness, spiritual well-being and chronic depression: Different predictors in distinct phases of treatment<\/a>.\u00a0<em><g class=\"gr_ gr_6 gr-alert gr_spell gr_inline_cards gr_disable_anim_appear ContextualSpelling multiReplace\" id=\"6\" data-gr-id=\"6\">Counselling<\/g> and Psychotherapy Research, 00,<\/em>\u00a01\u201311. https:\/\/doi.org\/10.1002\/capr.12205.<\/li><\/ul>\n\n\n\n<h2>2018<\/h2>\n\n\n\n<ul><li>Silva, J. E., &amp; Sim\u00f5es, S. C. (2018). <a rel=\"noreferrer noopener\" aria-label=\"The relationship between self-compassion and chronic depression: a cross-sectional clinical study (opens in a new tab)\" href=\"http:\/\/psyprjournal.com\/index.php\/PPRJ\/article\/view\/26\" target=\"_blank\">The relationship between self-compassion and chronic depression: A cross-sectional clinical study<\/a>.\u00a0<em>The Psychologist: Practice &amp; Research Journal, 1(<\/em>2), 1-13.\u00a0<\/li><\/ul>\n\n\n\n<h2><strong>2017<\/strong><\/h2>\n\n\n\n<ul><li>Serrano, T., &amp; Espirito-Santo, H. (2017).<a href=\"http:\/\/repositorio.ismt.pt\/bitstream\/123456789\/748\/1\/POM689298.pdf\" target=\"_blank\" rel=\"noreferrer noopener\"> Music, ballet, mindfulness and psychological inflexibility<\/a>. <em>Psychology of Music, 45(5), 725-738.<\/em> doi: 10.1177\/0305735616689298<\/li><\/ul>\n\n\n\n<h2><strong>2016<\/strong><\/h2>\n\n\n\n<ul><li>Zavattini, G. C., Garofalo, C., Velotti, P., Romanelli, R., Espirito-Santo, H., Costa, &amp; M., Saggino, A. (2016). <a href=\"http:\/\/repositorio.ismt.pt\/handle\/123456789\/746\" target=\"_blank\" rel=\"noreferrer noopener\">Dissociative experiences and psychopathology among inmates in Italian and Portuguese prisons<\/a>.<em> International Journal of Offender Therapy and Comparative Criminology, &nbsp;60<\/em> (1), 1-18. doi: 10.1177\/0306624X15617256.<\/li><li>Garofalo, C., Velotti, P., Zavattini, G. C., Tommasi, M., Romanelli, R., Esp\u00edrito Santo, H., &amp; Saggino, H. (2015).<a href=\"http:\/\/repositorio.ismt.pt\/handle\/123456789\/460\" target=\"_blank\" rel=\"noreferrer noopener\"> On the factor structure of the Dissociative Experiences Scale: contribution with an Italian version of the DES-II.<\/a> <em>Journal of Psychiatry and Clinical Psychology,<\/em>&nbsp;<em>15<\/em>(1), 4-12. doi: 10.15557\/PiPK.2015.0001<\/li><\/ul>\n\n\n\n<h2><strong>2015<\/strong><\/h2>\n\n\n\n<ul><li>Espirito Santo, H., &amp; Matreno, J. (2015). <a href=\"http:\/\/rpics.ismt.pt\/index.php\/ISMT\/article\/view\/10\/11\" target=\"_blank\" rel=\"noreferrer noopener\">University students&#8217; psychopathology: correlates and the examiner&#8217;s potential bias effect<\/a>. <em>Portuguese Journal Of Behavioral And Social Research, 1<\/em>(1), 42-51. doi:10.7342\/ismt.rpics.2015.1.1.10<\/li><li>Martins, L., Cunha, M., Guerreiro, D., &amp; Marques, M. (2015). <a href=\"http:\/\/dx.doi.org\/10.7342\/ismt.rpics.2015.1.1.13\" target=\"_blank\" rel=\"noreferrer noopener\">Correlatos psicol\u00f3gicos de cuidadores de pessoas com defici\u00eancia mental: amostra portuguesa [Psychologicals correlates of formal carers of people with intelectual disability: a portuguese sample]<\/a>. <em>Revista Portuguesa de Investiga\u00e7\u00e3o Comportamental e Social<\/em> [<em>Portuguese Journal of Behavioral and Social Research<\/em>], <em>1<\/em>, 17-29. doi:10.7342\/ismt.rpics.2015.1.1.13<\/li><li>Sim\u00f5es, S., Ferreira, J., Braga, S., &amp; Vicente, H. (2015). <a href=\"http:\/\/rpics.ismt.pt\/index.php\/ISMT\/article\/view\/8\/6\" target=\"_blank\" rel=\"noreferrer noopener\">Bullying, vincula\u00e7\u00e3o e estilos educativos parentais em adolescentes do 3\u00ba ciclo do ensino b\u00e1sico.<\/a> <em>Revista Portuguesa de Investiga\u00e7\u00e3o Comportamental e Social, 1<\/em>(1), 30-41. doi:10.7342\/ismt.rpics.2015.1.1.8<\/li><\/ul>\n\n\n\n<h2><strong>2014<\/strong><\/h2>\n\n\n\n<ul><li>Sim\u00f5es, S., Filipe, F., &amp; Farate C. (2014). <a href=\"http:\/\/www.scielo.mec.pt\/pdf\/aps\/v32n3\/v32n3a04.pdf\" target=\"_blank\" rel=\"noreferrer noopener\">Qualidade da vincula\u00e7\u00e3o percebida por m\u00e3es e crian\u00e7as em idade escolar, provenientes de diferentes tipos de fam\u00edlia.<\/a> <em>An\u00e1lise Psicol\u00f3gica, 3<\/em>(XXXII), 289-306. doi:10.14417\/ap.829.2013<\/li><\/ul>\n\n\n\n<h2><strong>2013<\/strong><\/h2>\n\n\n\n<ul><li>Azevedo, V., Sim\u00f5es, S., Marques, M., &amp; Cunha, M. (2013). <a href=\"http:\/\/revistas.lis.ulusiada.pt\/index.php\/rpca\/article\/viewFile\/418\/398\" target=\"_blank\" rel=\"noreferrer noopener\">O Papel dos estilos educativos parentais na sintomatologia ansiosa de adolescentes do 3\u00ba ciclo do ensino b\u00e1sico [The role of parental rearing styles in anxious symptoms of adolescents from middle school].<\/a> <em>Journal of Child and Adolescent Psychology<\/em> (<em>Revista de Psicologia da Crian\u00e7a e do Adolescente<\/em>), <em>4<\/em>(2), 31- 50.<\/li><li>Sim\u00f5es, S., Farate, C. , Soares, I., &amp; Duarte, J. (2013). <a href=\"http:\/\/www.scielo.br\/scielo.php?script=sci_arttext&amp;pid=S0102-79722013000100018\" target=\"_blank\" rel=\"noreferrer noopener\">Predi\u00e7\u00e3o do apego de crian\u00e7as em fun\u00e7\u00e3o do estilo educativo materno e do tipo de fam\u00edlia [Prediction of children\u2019s attachment regarding maternal rearing style and family type],<\/a> <em>Psicologia: Reflex\u00e3o e Cr\u00edtica, 26<\/em>(1), 168-176. doi:10.1590\/S0102-79722013000100018<\/li><\/ul>\n\n\n\n<h2><strong>2011<\/strong><\/h2>\n\n\n\n<ul><li><\/li><li>Sim\u00f5es, S., Farate, C., &amp; Pocinho, M. (2011).<a href=\"http:\/\/interacoes-ismt.com\/index.php\/revista\/article\/view\/275\"> Estilos educativos parentais e comportamentos de vincula\u00e7\u00e3o das crian\u00e7as em idade escolar.\u00a0<\/a><em>Intera\u00e7\u00f5es<\/em>: <em>Sociedade e as Novas Modernidades, 20,<\/em> 75-99.<\/li><\/ul>\n\n\n\n<h2><strong>2009<\/strong><\/h2>\n\n\n\n<ul><li>Espirito Santo, H., &amp; Pio Abreu, J. L. (2009).<a href=\"http:\/\/repositorio.ismt.pt\/handle\/123456789\/152\" target=\"_blank\" rel=\"noreferrer noopener\"> Psychiatric Symptoms and Dissociation in Conversion, Somatization and Dissociative Disorders.&nbsp;<\/a><em>Australian and New Zealand Journal of Psychiatry, 43,&nbsp;<\/em>270-276. doi: 10.1080\/0004867080265330<\/li><li>Espirito Santo, H., &amp; Pio Abreu, J. L. (2008).<a href=\"http:\/\/repositorio.ismt.pt\/handle\/123456789\/63\" target=\"_blank\" rel=\"noreferrer noopener\"> Demographic and mental health factors associated with pathological dissociation in a Portuguese sample.&nbsp;<\/a><em>Journal of Trauma &amp; Dissociation, 9,<\/em>&nbsp;369-387.&nbsp;doi:10.1080\/15299730802139238<\/li><li>Espirito Santo, H., &amp; Pio Abreu, J. L. (2008).<a href=\"http:\/\/repositorio.ismt.pt\/handle\/123456789\/65\" target=\"_blank\" rel=\"noreferrer noopener\"> Portuguese validation of the Dissociative Experiences Scale (DES).&nbsp;<\/a><em>Journal of Trauma &amp; Dissociation, 10,&nbsp;<\/em>69-82.&nbsp;Doi: 10.1080\/1529973080248517<\/li><li>Espirito Santo, H., Madeira, F., &amp; Pio Abreu, J. L. (2007).<a href=\"http:\/\/repositorio.ismt.pt\/handle\/123456789\/62\" target=\"_blank\" rel=\"noreferrer noopener\"> Vers\u00e3o Portuguesa da Dissociative Disorders Interview Schedule (DDIS), Estudo preliminar de adapta\u00e7\u00e3o a uma amostra da popula\u00e7\u00e3o portuguesa.<\/a>&nbsp;<em>Revista de Psiquiatria Cl\u00ednica, 28,<\/em>&nbsp;5-17<\/li><li>Espirito Santo, H., &amp; Pio Abreu, J. L. (2007).<a href=\"http:\/\/www.scielo.br\/scielo.php?script=sci_arttext&amp;pid=S1516-44462006005000039&amp;lng=en&amp;nrm=iso&amp;tlng=en\"> Dissociative disorders and other psychopathological groups: exploring the differences through the Somatoform Dissociation Questionnaire (SDQ-20).<\/a>&nbsp;<em>Revista Brasileira de Psiquiatria, 29,&nbsp;<\/em>354-358.<\/li><\/ul>\n","protected":false},"excerpt":{"rendered":"<p>2019 Ramadas, E., &amp; Sim\u00f5es, S. C. (2019). The relationship between mindfulness, spiritual well-being and chronic depression: Different predictors in distinct phases of treatment.\u00a0Counselling and Psychotherapy Research, 00,\u00a01\u201311. https:\/\/doi.org\/10.1002\/capr.12205. 2018 Silva, J. E., &amp; Sim\u00f5es, S. C. (2018). The relationship between self-compassion and chronic depression: A cross-sectional clinical study.\u00a0The Psychologist: Practice &amp; Research Journal, 1(2), [&hellip;]<\/p>\n","protected":false},"author":1,"featured_media":0,"parent":3450,"menu_order":3,"comment_status":"closed","ping_status":"closed","template":"","meta":{"_mi_skip_tracking":false,"_monsterinsights_sitenote_active":false,"_monsterinsights_sitenote_note":"","_monsterinsights_sitenote_category":0},"_links":{"self":[{"href":"https:\/\/diinews.ismt.pt\/index.php?rest_route=\/wp\/v2\/pages\/3481"}],"collection":[{"href":"https:\/\/diinews.ismt.pt\/index.php?rest_route=\/wp\/v2\/pages"}],"about":[{"href":"https:\/\/diinews.ismt.pt\/index.php?rest_route=\/wp\/v2\/types\/page"}],"author":[{"embeddable":true,"href":"https:\/\/diinews.ismt.pt\/index.php?rest_route=\/wp\/v2\/users\/1"}],"replies":[{"embeddable":true,"href":"https:\/\/diinews.ismt.pt\/index.php?rest_route=%2Fwp%2Fv2%2Fcomments&post=3481"}],"version-history":[{"count":5,"href":"https:\/\/diinews.ismt.pt\/index.php?rest_route=\/wp\/v2\/pages\/3481\/revisions"}],"predecessor-version":[{"id":3837,"href":"https:\/\/diinews.ismt.pt\/index.php?rest_route=\/wp\/v2\/pages\/3481\/revisions\/3837"}],"up":[{"embeddable":true,"href":"https:\/\/diinews.ismt.pt\/index.php?rest_route=\/wp\/v2\/pages\/3450"}],"wp:attachment":[{"href":"https:\/\/diinews.ismt.pt\/index.php?rest_route=%2Fwp%2Fv2%2Fmedia&parent=3481"}],"curies":[{"name":"wp","href":"https:\/\/api.w.org\/{rel}","templated":true}]}}