{"id":3457,"date":"2019-02-21T03:17:53","date_gmt":"2019-02-21T03:17:53","guid":{"rendered":"https:\/\/diinews.ismt.pt\/?page_id=3457"},"modified":"2019-02-21T03:18:07","modified_gmt":"2019-02-21T03:18:07","slug":"aging-trajectories","status":"publish","type":"page","link":"https:\/\/diinews.ismt.pt\/?page_id=3457","title":{"rendered":"Aging trajectories"},"content":{"rendered":"\n<p>Aging trajectories: cognitive performance, emotional status , behavior patterns, and their longitudinal changes in Coimbra institutionalized elderly]<\/p>\n\n\n\n<p>Reference:&nbsp;PTDC\/PSI-PCL\/117379\/2010<\/p>\n\n\n\n<p>It is a priority to determine the presence of cognitive changes in the elderly before dementia sets to delay or even reverse these changes. It is also important to check if elderly suffering from neuropsychiatric symptoms that predict dementia, also for early intervention. Institutionalized elderly are a vulnerable population to cognitive decline, and therefore, we intend to identify those at risk, elucidating the correlates and risk factors of dementia progression. To this end, we are longitudinally evaluating institutionalized elderly in the municipality of Coimbra through a neuropsychological battery.<\/p>\n\n\n\n<p><strong>Research team<\/strong><br><strong>ISMT<\/strong>:&nbsp;Helena Amaral Espirito-Santo (coordenadora); professores Ana Galhardo; Carlos Amaral Dias;&nbsp;Fernanda Bento Daniel; Laura Susana Tavares Lemos;&nbsp;Mariana Vaz Pires Marques;&nbsp;Marina Cunha;&nbsp;S\u00f3nia Guadalupe Abreu; S\u00f3nia Sim\u00f5es.<br><strong>Instituto Polit\u00e9cnico de Leiria<\/strong>: Professora Sara Gordo;<br><strong>Universidade de Salamanca<\/strong>: Professor Ricardo Garcia.<\/p>\n\n\n\n<p><strong>Scientific production<\/strong>: <\/p>\n\n\n\n<ul><li><a rel=\"noreferrer noopener\" href=\"https:\/\/diinews.ismt.pt\/?page_id=1369\" target=\"_blank\">Master and Ph.D. dissertations<\/a><\/li><li><a rel=\"noreferrer noopener\" href=\"https:\/\/diinews.ismt.pt\/?page_id=1374\" target=\"_blank\">Presentation&nbsp;of&nbsp;communications&nbsp;at&nbsp;scientific&nbsp;events<\/a><\/li><li><a rel=\"noreferrer noopener\" href=\"https:\/\/diinews.ismt.pt\/?page_id=1439\" target=\"_blank\">Papers in peer review journals<\/a><\/li><li><a rel=\"noreferrer noopener\" href=\"https:\/\/diinews.ismt.pt\/?page_id=1386\" target=\"_blank\">Books or book chapters\ufeff<\/a><\/li><\/ul>\n","protected":false},"excerpt":{"rendered":"<p>Aging trajectories: cognitive performance, emotional status , behavior patterns, and their longitudinal changes in Coimbra institutionalized elderly] Reference:&nbsp;PTDC\/PSI-PCL\/117379\/2010 It is a priority to determine the presence of cognitive changes in the elderly before dementia sets to delay or even reverse these changes. It is also important to check if elderly suffering from neuropsychiatric symptoms that [&hellip;]<\/p>\n","protected":false},"author":1,"featured_media":0,"parent":3234,"menu_order":1,"comment_status":"closed","ping_status":"closed","template":"","meta":{"_mi_skip_tracking":false,"_monsterinsights_sitenote_active":false,"_monsterinsights_sitenote_note":"","_monsterinsights_sitenote_category":0},"_links":{"self":[{"href":"https:\/\/diinews.ismt.pt\/index.php?rest_route=\/wp\/v2\/pages\/3457"}],"collection":[{"href":"https:\/\/diinews.ismt.pt\/index.php?rest_route=\/wp\/v2\/pages"}],"about":[{"href":"https:\/\/diinews.ismt.pt\/index.php?rest_route=\/wp\/v2\/types\/page"}],"author":[{"embeddable":true,"href":"https:\/\/diinews.ismt.pt\/index.php?rest_route=\/wp\/v2\/users\/1"}],"replies":[{"embeddable":true,"href":"https:\/\/diinews.ismt.pt\/index.php?rest_route=%2Fwp%2Fv2%2Fcomments&post=3457"}],"version-history":[{"count":2,"href":"https:\/\/diinews.ismt.pt\/index.php?rest_route=\/wp\/v2\/pages\/3457\/revisions"}],"predecessor-version":[{"id":3459,"href":"https:\/\/diinews.ismt.pt\/index.php?rest_route=\/wp\/v2\/pages\/3457\/revisions\/3459"}],"up":[{"embeddable":true,"href":"https:\/\/diinews.ismt.pt\/index.php?rest_route=\/wp\/v2\/pages\/3234"}],"wp:attachment":[{"href":"https:\/\/diinews.ismt.pt\/index.php?rest_route=%2Fwp%2Fv2%2Fmedia&parent=3457"}],"curies":[{"name":"wp","href":"https:\/\/api.w.org\/{rel}","templated":true}]}}