{"id":2705,"date":"2018-02-07T14:58:08","date_gmt":"2018-02-07T14:58:08","guid":{"rendered":"http:\/\/diinews.ismt.pt\/?page_id=2705"},"modified":"2018-02-07T14:59:47","modified_gmt":"2018-02-07T14:59:47","slug":"noticias","status":"publish","type":"page","link":"https:\/\/diinews.ismt.pt\/?page_id=2705","title":{"rendered":"Not\u00edcias"},"content":{"rendered":"<p><img loading=\"lazy\" class=\"aligncenter size-full wp-image-2708\" src=\"https:\/\/diinews.ismt.pt\/wp-content\/uploads\/2018\/02\/Captura-de-ecr\u00e3-2018-02-07-\u00e0s-14.58.43.png\" alt=\"\" width=\"1742\" height=\"586\" srcset=\"https:\/\/diinews.ismt.pt\/wp-content\/uploads\/2018\/02\/Captura-de-ecr\u00e3-2018-02-07-\u00e0s-14.58.43.png 1742w, https:\/\/diinews.ismt.pt\/wp-content\/uploads\/2018\/02\/Captura-de-ecr\u00e3-2018-02-07-\u00e0s-14.58.43-300x101.png 300w, https:\/\/diinews.ismt.pt\/wp-content\/uploads\/2018\/02\/Captura-de-ecr\u00e3-2018-02-07-\u00e0s-14.58.43-768x258.png 768w, https:\/\/diinews.ismt.pt\/wp-content\/uploads\/2018\/02\/Captura-de-ecr\u00e3-2018-02-07-\u00e0s-14.58.43-1024x344.png 1024w, https:\/\/diinews.ismt.pt\/wp-content\/uploads\/2018\/02\/Captura-de-ecr\u00e3-2018-02-07-\u00e0s-14.58.43-500x168.png 500w\" sizes=\"(max-width: 1742px) 100vw, 1742px\" \/><\/p>\n<p><strong><em>Fonte<\/em><\/strong>: DeG\u00f3is (Publica\u00e7\u00f5es dos docentes do\u00a0Instituto Superior Miguel Torga nos \u00faltimos 5 anos)<\/p>\n<p>&nbsp;<\/p>\n<p><img loading=\"lazy\" class=\"aligncenter size-full wp-image-2706\" src=\"https:\/\/diinews.ismt.pt\/wp-content\/uploads\/2018\/02\/Captura-de-ecr\u00e3-2018-02-07-\u00e0s-14.49.11.png\" alt=\"\" width=\"1740\" height=\"560\" srcset=\"https:\/\/diinews.ismt.pt\/wp-content\/uploads\/2018\/02\/Captura-de-ecr\u00e3-2018-02-07-\u00e0s-14.49.11.png 1740w, https:\/\/diinews.ismt.pt\/wp-content\/uploads\/2018\/02\/Captura-de-ecr\u00e3-2018-02-07-\u00e0s-14.49.11-300x97.png 300w, https:\/\/diinews.ismt.pt\/wp-content\/uploads\/2018\/02\/Captura-de-ecr\u00e3-2018-02-07-\u00e0s-14.49.11-768x247.png 768w, https:\/\/diinews.ismt.pt\/wp-content\/uploads\/2018\/02\/Captura-de-ecr\u00e3-2018-02-07-\u00e0s-14.49.11-1024x330.png 1024w, https:\/\/diinews.ismt.pt\/wp-content\/uploads\/2018\/02\/Captura-de-ecr\u00e3-2018-02-07-\u00e0s-14.49.11-500x161.png 500w\" sizes=\"(max-width: 1740px) 100vw, 1740px\" \/><\/p>\n<p><strong><em>Fonte<\/em><\/strong>: DeG\u00f3is (Publica\u00e7\u00f5es totais\u00a0dos docentes do\u00a0Instituto Superior Miguel Torga at\u00e9 2017)<\/p>\n","protected":false},"excerpt":{"rendered":"<p>Fonte: DeG\u00f3is (Publica\u00e7\u00f5es dos docentes do\u00a0Instituto Superior Miguel Torga nos \u00faltimos 5 anos) &nbsp; Fonte: DeG\u00f3is (Publica\u00e7\u00f5es totais\u00a0dos docentes do\u00a0Instituto Superior Miguel Torga at\u00e9 2017)<\/p>\n","protected":false},"author":1,"featured_media":0,"parent":0,"menu_order":10,"comment_status":"closed","ping_status":"closed","template":"","meta":{"_mi_skip_tracking":false,"_monsterinsights_sitenote_active":false,"_monsterinsights_sitenote_note":"","_monsterinsights_sitenote_category":0},"_links":{"self":[{"href":"https:\/\/diinews.ismt.pt\/index.php?rest_route=\/wp\/v2\/pages\/2705"}],"collection":[{"href":"https:\/\/diinews.ismt.pt\/index.php?rest_route=\/wp\/v2\/pages"}],"about":[{"href":"https:\/\/diinews.ismt.pt\/index.php?rest_route=\/wp\/v2\/types\/page"}],"author":[{"embeddable":true,"href":"https:\/\/diinews.ismt.pt\/index.php?rest_route=\/wp\/v2\/users\/1"}],"replies":[{"embeddable":true,"href":"https:\/\/diinews.ismt.pt\/index.php?rest_route=%2Fwp%2Fv2%2Fcomments&post=2705"}],"version-history":[{"count":3,"href":"https:\/\/diinews.ismt.pt\/index.php?rest_route=\/wp\/v2\/pages\/2705\/revisions"}],"predecessor-version":[{"id":2710,"href":"https:\/\/diinews.ismt.pt\/index.php?rest_route=\/wp\/v2\/pages\/2705\/revisions\/2710"}],"wp:attachment":[{"href":"https:\/\/diinews.ismt.pt\/index.php?rest_route=%2Fwp%2Fv2%2Fmedia&parent=2705"}],"curies":[{"name":"wp","href":"https:\/\/api.w.org\/{rel}","templated":true}]}}