{"id":2599,"date":"2018-01-29T15:56:48","date_gmt":"2018-01-29T15:56:48","guid":{"rendered":"http:\/\/diinews.ismt.pt\/?page_id=2599"},"modified":"2019-02-21T03:43:27","modified_gmt":"2019-02-21T03:43:27","slug":"prng-livros-e-capitulos-de-livros","status":"publish","type":"page","link":"https:\/\/diinews.ismt.pt\/?page_id=2599&lang=pt","title":{"rendered":"Livros\/Cap\u00edtulos"},"content":{"rendered":"<h2><b>2015<\/b><\/h2>\n<ul>\n<li>Espirito-Santo, H., &amp; Lemos, L. (2015). <a href=\"http:\/\/repositorio.ismt.pt\/handle\/123456789\/780\" target=\"_blank\" rel=\"noopener noreferrer\"><i>Manual de reabilita\u00e7\u00e3o neuropsicol\u00f3gica.<\/i><\/a><em> Livro do terapeuta.<\/em> Coimbra:\u00a0Instituto Superior Miguel Torga<\/li>\n<li>Espirito-Santo, H., &amp; Lemos, L. (2015). <i><a href=\"http:\/\/repositorio.ismt.pt\/handle\/123456789\/780\" target=\"_blank\" rel=\"noopener noreferrer\">Manual de reabilita\u00e7\u00e3o neuropsicol\u00f3gica<\/a>.<\/i> <em>Livro do paciente.<\/em> Coimbra:\u00a0Instituto Superior Miguel Torga<\/li>\n<li>Espirito-Santo, H., &amp; Lemos, L. (2015). <a href=\"http:\/\/repositorio.ismt.pt\/handle\/123456789\/780\" target=\"_blank\" rel=\"noopener noreferrer\"><i>Manual de reabilita\u00e7\u00e3o neuropsicol\u00f3gica.<\/i><\/a> <em>Livro de instru\u00e7\u00f5es.<\/em> Coimbra:\u00a0Instituto Superior Miguel Torga<\/li>\n<\/ul>\n","protected":false},"excerpt":{"rendered":"<p>2015 Espirito-Santo, H., &amp; Lemos, L. (2015). Manual de reabilita\u00e7\u00e3o neuropsicol\u00f3gica. Livro do terapeuta. Coimbra:\u00a0Instituto Superior Miguel Torga Espirito-Santo, H., &amp; Lemos, L. (2015). Manual de reabilita\u00e7\u00e3o neuropsicol\u00f3gica. Livro do paciente. Coimbra:\u00a0Instituto Superior Miguel Torga Espirito-Santo, H., &amp; Lemos, L. (2015). Manual de reabilita\u00e7\u00e3o neuropsicol\u00f3gica. Livro de instru\u00e7\u00f5es. Coimbra:\u00a0Instituto Superior Miguel Torga<\/p>\n","protected":false},"author":1,"featured_media":0,"parent":1399,"menu_order":4,"comment_status":"closed","ping_status":"closed","template":"","meta":{"_mi_skip_tracking":false,"_monsterinsights_sitenote_active":false,"_monsterinsights_sitenote_note":"","_monsterinsights_sitenote_category":0},"_links":{"self":[{"href":"https:\/\/diinews.ismt.pt\/index.php?rest_route=\/wp\/v2\/pages\/2599"}],"collection":[{"href":"https:\/\/diinews.ismt.pt\/index.php?rest_route=\/wp\/v2\/pages"}],"about":[{"href":"https:\/\/diinews.ismt.pt\/index.php?rest_route=\/wp\/v2\/types\/page"}],"author":[{"embeddable":true,"href":"https:\/\/diinews.ismt.pt\/index.php?rest_route=\/wp\/v2\/users\/1"}],"replies":[{"embeddable":true,"href":"https:\/\/diinews.ismt.pt\/index.php?rest_route=%2Fwp%2Fv2%2Fcomments&post=2599"}],"version-history":[{"count":4,"href":"https:\/\/diinews.ismt.pt\/index.php?rest_route=\/wp\/v2\/pages\/2599\/revisions"}],"predecessor-version":[{"id":3510,"href":"https:\/\/diinews.ismt.pt\/index.php?rest_route=\/wp\/v2\/pages\/2599\/revisions\/3510"}],"up":[{"embeddable":true,"href":"https:\/\/diinews.ismt.pt\/index.php?rest_route=\/wp\/v2\/pages\/1399"}],"wp:attachment":[{"href":"https:\/\/diinews.ismt.pt\/index.php?rest_route=%2Fwp%2Fv2%2Fmedia&parent=2599"}],"curies":[{"name":"wp","href":"https:\/\/api.w.org\/{rel}","templated":true}]}}