{"id":2490,"date":"2018-01-28T22:07:15","date_gmt":"2018-01-28T22:07:15","guid":{"rendered":"http:\/\/diinews.ismt.pt\/?page_id=2490"},"modified":"2019-03-12T02:27:48","modified_gmt":"2019-03-12T02:27:48","slug":"dissertacoes-de-mestrado-redes","status":"publish","type":"page","link":"https:\/\/diinews.ismt.pt\/?page_id=2490&lang=pt","title":{"rendered":"Teses"},"content":{"rendered":"<h2><em><strong>Teses de doutoramento<\/strong><\/em><\/h2>\n<h2><strong>2017<\/strong><\/h2>\n<p><strong>Guadalupe, S.<\/strong> (2017). As redes de suporte social informal em Servi\u00e7o Social: as redes sociais pessoais de idosos portugueses nos processos de avalia\u00e7\u00e3o diagn\u00f3stica em respostas sociais [Tese de Doutoramento em Servi\u00e7o Social] Lisboa: ISCTE \u2013 Instituto Universit\u00e1rio de Lisboa, Escola de Sociologia e Pol\u00edticas P\u00fablicas e CIES, Centro de Investiga\u00e7\u00e3o e Estudos de Sociologia.<\/p>\n<h2><em><strong>Teses de mestrado<\/strong><\/em><\/h2>\n<h2><strong>2018<\/strong><\/h2>\n<ul>\n<li><strong>Gomes, Carlos Filipe Sousa<\/strong> (2018). <em>Evolu\u00e7\u00e3o da rede social pessoal ao longo do ciclo vital: caracter\u00edsticas estruturais, funcionais e contextuais<\/em>. Disserta\u00e7\u00e3o de Mestrado em Psicologia Cl\u00ednica, Ramo de Especialidade em Psicoterapia Psicodid\u00e2mica apresentada \u00e0 ESAE do ISMT. Prova p\u00fablica 17\/01\/2018. Orienta\u00e7\u00e3o: Henrique Testa Vicente.<\/li>\n<\/ul>\n<h2><strong>2016<\/strong><\/h2>\n<ul>\n<li><strong>Lucas, Ana Rita<\/strong>&nbsp;(2016). <a href=\"http:\/\/repositorio.ismt.pt\/handle\/123456789\/686\" target=\"_blank\" rel=\"noopener noreferrer\"><i>A rela\u00e7\u00e3o entre tempo de reforma, rede social pessoal e bem-estar<\/i><\/a>. Disserta\u00e7\u00e3o de Mestrado n\u00e3o publicada. Instituto Superior Miguel Torga, Coimbra. Aprovado em 14 de Setembro de 2016.&nbsp;Orienta\u00e7\u00e3o: Henrique Testa Vicente.<\/li>\n<li><strong>Figueiredo, Mafalda Liliana Gomes<\/strong> (2016). <em><a href=\"http:\/\/repositorio.ismt.pt\/handle\/123456789\/566\" target=\"_blank\" rel=\"noopener noreferrer\">Participa\u00e7\u00e3o social e redes sociais pessoais de idosos<\/a>.<\/em> Disserta\u00e7\u00e3o de Mestrado em Psicologia Cl\u00ednica, Ramo de Especialidade em Terapias Familiares e Sist\u00e9micas apresentada \u00e0 ESAE do ISMT. Prova p\u00fablica no dia 24 de fevereiro de 2016. Orienta\u00e7\u00e3o: S\u00f3nia Guadalupe Abreu.<\/li>\n<\/ul>\n<h2><strong>2015<\/strong><\/h2>\n<ul>\n<li><strong>Dias, Lina Sofia Ven\u00e2ncio <\/strong>(2015).<a href=\"http:\/\/repositorio.ismt.pt\/handle\/123456789\/558\" target=\"_blank\" rel=\"noopener noreferrer\"><em>&nbsp;Redes Sociais Pessoais e Mobilidade em Idosos.<\/em><\/a>&nbsp; [Orientadora: S\u00f3nia Guadalupe]. Disserta\u00e7\u00e3o de Mestrado em Psicologia Cl\u00ednica.&nbsp;Instituto Superior Miguel Torga.&nbsp;Orienta\u00e7\u00e3o: S\u00f3nia Guadalupe Abreu.<\/li>\n<li>\n<div><strong>Monteiro, Daniela Alexandra Nascimento Pereira<\/strong>&nbsp;(2015). <a href=\"http:\/\/repositorio.ismt.pt\/handle\/123456789\/559\" target=\"_blank\" rel=\"noopener noreferrer\"><i>O papel dos irm\u00e3os nas redes sociais pessoais de idosos portugueses<\/i><\/a>. Disserta\u00e7\u00e3o de Mestrado n\u00e3o publicada. Instituto Superior Miguel Torga, Coimbra. Aprovado em 9 de Setembro de 2015.&nbsp;Orienta\u00e7\u00e3o: Henrique Testa Vicente.<\/div>\n<\/li>\n<li>\n<div><strong>Rasteiro, Ana Sofia Malva<\/strong> (2015).&nbsp;<a href=\"http:\/\/repositorio.ismt.pt\/handle\/123456789\/506\" target=\"_blank\" rel=\"noopener noreferrer\"><em>Redes Sociais Pessoais de Idosos Segundo o Sexo dos Filhos<\/em><\/a> [Orientadora: S\u00f3nia Guadalupe]. Disserta\u00e7\u00e3o de Mestrado em Psicologia Cl\u00ednica.&nbsp;Instituto Superior Miguel Torga<\/div>\n<\/li>\n<li><strong>Reis, Z\u00e9lia Cristina A. F. S.<\/strong> (2015). <em><a href=\"http:\/\/repositorio.ismt.pt\/handle\/123456789\/532\" target=\"_blank\" rel=\"noopener noreferrer\">Fam\u00edlias unipessoais idosas: um estudo das redes sociais pessoais de idosos que vivem s\u00f3s<\/a>.<\/em> Disserta\u00e7\u00e3o de Mestrado em Psicologia Cl\u00ednica, Ramo de Especialidade em Terapias Familiares e Sist\u00e9micas apresentada \u00e0 ESAE do ISMT. Prova p\u00fablica no dia 2 de dezembro de 2015. &nbsp;Orienta\u00e7\u00e3o: S\u00f3nia Guadalupe Abreu.<\/li>\n<li><strong>Relva, Juliana Raquel Ribeiro<\/strong> (2015).&nbsp;<a href=\"ttp:\/\/repositorio.ismt.pt\/handle\/123456789\/501\" target=\"_blank\" rel=\"noopener noreferrer\"><em>As Caracter\u00edsticas das Redes Sociais Pessoais de Idosos Segundo o Estado Civil<\/em><\/a>.[Orientadora: S\u00f3nia Guadalupe]. Disserta\u00e7\u00e3o de Mestrado em Psicologia Cl\u00ednica.&nbsp;Instituto Superior Miguel Torga<\/li>\n<li><strong>Pereira, Cristina Maria Madalena Pires de Miranda<\/strong> (2015). <em>Redes sociais pessoais e in(ex)clus\u00e3o digital em idosos.<\/em> Disserta\u00e7\u00e3o de Mestrado em Psicologia Cl\u00ednica, Ramo de Especialidade em Terapias Familiares e Sist\u00e9micas apresentada \u00e0 ESAE do ISMT. Prova p\u00fablica no dia 18 de novembro de 2015. Orienta\u00e7\u00e3o: S\u00f3nia Guadalupe Abreu.<\/li>\n<li><strong>Silva, Ana Rute Monteiro<\/strong> (2015).&nbsp;<em><a href=\"http:\/\/repositorio.ismt.pt\/handle\/123456789\/533\" target=\"_blank\" rel=\"noopener noreferrer\">A fam\u00edlia nas redes sociais pessoais de idosos<\/a>.<\/em>&nbsp;[Orientadora: S\u00f3nia Guadalupe]. Disserta\u00e7\u00e3o de Mestrado em Psicologia Cl\u00ednica.&nbsp;Instituto Superior Miguel Torga<\/li>\n<li>\n<div><strong>Vieira, Adeneusa Marques<\/strong>&nbsp;(2015).<a href=\"http:\/\/repositorio.ismt.pt\/handle\/123456789\/561\" target=\"_blank\" rel=\"noopener noreferrer\"> <i>Redes sociais pessoais e fam\u00edlia nas fases finais do ciclo vital: Um estudo de tipologia de redes<\/i><\/a>. Disserta\u00e7\u00e3o de Mestrado n\u00e3o publicada. Instituto Superior Miguel Torga, Coimbra. Aprovado em 9 de Setembro de 2015.&nbsp;Orienta\u00e7\u00e3o: Henrique Testa Vicente.<\/div>\n<\/li>\n<\/ul>\n<h2><strong>2014<\/strong><\/h2>\n<ul>\n<li><strong>Antunes, Andreia Sofia da Silva<\/strong> (2014).&nbsp;<a href=\"http:\/\/repositorio.ismt.pt\/handle\/123456789\/579\" target=\"_blank\" rel=\"noopener noreferrer\"><em>Redes Sociais Pessoais e Coping Resiliente nas Idades Avan\u00e7adas<\/em><\/a>&nbsp;[Orientadora: Fernanda Daniel]. Disserta\u00e7\u00e3o de Mestrado em Psicologia Cl\u00ednica.&nbsp;Instituto Superior Miguel Torga<\/li>\n<li><strong>Campos, Paula Alexandra Dinis Ribeiro Marques <\/strong>(2014). <em>O papel dos netos nas redes sociais pessoais de idosos portugueses.<\/em> Disserta\u00e7\u00e3o de Mestrado em Psicologia Cl\u00ednica, Ramo de Especialidade em Psicologia Forense apresentada \u00e0 ESAE do ISMT. Orienta\u00e7\u00e3o: Henrique Testa Vicente.<\/li>\n<li><strong>Duarte, Laura Rosa Carranha Machado<\/strong> (2014). <em><a href=\"http:\/\/repositorio.ismt.pt\/handle\/123456789\/610\" target=\"_blank\" rel=\"noopener noreferrer\">Rede social pessoal, qualidade de vida e depress\u00e3o em idosos<\/a>.<\/em> Disserta\u00e7\u00e3o de Mestrado em Psicologia Cl\u00ednica, Ramo de Especialidade em Psicoterapia e Psicologia Cl\u00ednica apresentada \u00e0 ESAE do ISMT. Orienta\u00e7\u00e3o: S\u00f3nia Guadalupe Abreu.<\/li>\n<li><strong>Gomes, Patricia Raquel Santos Iran Da Cruz<\/strong> (2014). <a href=\"http:\/\/repositorio.ismt.pt\/handle\/123456789\/625\" target=\"_blank\" rel=\"noopener noreferrer\"><em>Redes sociais pessoais de idosos com e sem filhos<\/em><\/a>.&nbsp;[Orientadora: Fernanda Daniel]. Disserta\u00e7\u00e3o de Mestrado em Psicologia Cl\u00ednica.&nbsp;Instituto Superior Miguel Torga<\/li>\n<li><strong>Mendes, Fl\u00e1via Raquel Fernandes<\/strong> (2014).&nbsp;<a href=\"http:\/\/repositorio.ismt.pt\/handle\/123456789\/621\" target=\"_blank\" rel=\"noopener noreferrer\"><em>Satisfa\u00e7\u00e3o com a Vida e Redes Sociais Pessoais de Idosos<\/em><\/a>.&nbsp;[Orientadora: S\u00f3nia Guadalupe]. Disserta\u00e7\u00e3o de Mestrado em Psicologia Cl\u00ednica.&nbsp;Instituto Superior Miguel Torga<\/li>\n<li>\n<div><strong>Oliveira, Ana Pais (2014).<\/strong> <a href=\"http:\/\/repositorio.ismt.pt\/handle\/123456789\/400\" target=\"_blank\" rel=\"noopener noreferrer\">Redes sociais pessoais dos idosos numa perspectiva de g\u00e9nero<\/a>. [Orient.&nbsp;Fernanda Daniel].&nbsp;Relat\u00f3rio de Mestrado em Servi\u00e7o Social.&nbsp;Instituto Superior Miguel Torga<\/div>\n<\/li>\n<li>\n<div><strong>Ribeiro, S. V.<\/strong> (2014). <i>Redes sociais pessoais de idosos portugueses e satisfa\u00e7\u00e3o com a reforma<\/i>. Disserta\u00e7\u00e3o de Mestrado em Psicologia Cl\u00ednica, Ramo de Especialidade em Psicoterapia e Psicologia Cl\u00ednica apresentada \u00e0 ESAE do ISMT.Orienta\u00e7\u00e3o: Henrique Testa Vicente.<\/div>\n<\/li>\n<li>\n<div><strong>Silva, Joel Martins<\/strong> (2014).<a href=\"http:\/\/repositorio.ismt.pt\/handle\/123456789\/404\" target=\"_blank\" rel=\"noopener noreferrer\"><em> Perfis de Redes Sociais Pessoais de Idosos com e Sem Apoio de Respostas Sociais: um contributo para o desenvolvimento de tipologias no Diagn\u00f3stico Social.<\/em><\/a>&nbsp;&nbsp;[Orientadora: S\u00f3nia Guadalupe]. Disserta\u00e7\u00e3o de Mestrado em Psicologia Cl\u00ednica.&nbsp;Instituto Superior Miguel Torga<\/div>\n<\/li>\n<li><strong>Viegas, Ana Cl\u00e1udia Mogo<\/strong> (2014).&nbsp;<a href=\"http:\/\/repositorio.ismt.pt\/handle\/123456789\/580\" target=\"_blank\" rel=\"noopener noreferrer\"><em>Sintomatologia Depressiva e Redes Sociais Pessoais de Idosos.<\/em><\/a>&nbsp;&nbsp;[Orientadora: S\u00f3nia Guadalupe]. Disserta\u00e7\u00e3o de Mestrado em Psicologia Cl\u00ednica.&nbsp;Instituto Superior Miguel Torga<\/li>\n<\/ul>\n<h2><strong>2013<\/strong><\/h2>\n<ul>\n<li><strong>Matias, Rita Margarida de Jesus<\/strong> (2013). <em>Redes sociais pessoais e solid\u00e3o em idosos<\/em>. Disserta\u00e7\u00e3o de Mestrado em Psicologia Cl\u00ednica apresentada \u00e0 ESAE do ISMT. Orienta\u00e7\u00e3o: Henrique Testa Vicente.<\/li>\n<li><strong>Mendes, Fl\u00e1via Raquel Fernandes<\/strong> (2014). <a href=\"http:\/\/repositorio.ismt.pt\/handle\/123456789\/621\" target=\"_blank\" rel=\"noopener noreferrer\"><em>Satisfa\u00e7\u00e3o com a vida e redes sociais pessoais de idosos<\/em><\/a>. Disserta\u00e7\u00e3o de Mestrado em Psicologia Cl\u00ednica, Ramo de Especialidade em Psicoterapia e Psicologia Cl\u00ednica apresentada \u00e0 ESAE do ISMT. Orienta\u00e7\u00e3o: S\u00f3nia Guadalupe Abreu.<\/li>\n<li><strong>Monteiro, Andreia Raquel Dias<\/strong> (2014). <em><a href=\"http:\/\/repositorio.ismt.pt\/handle\/123456789\/484\" target=\"_blank\" rel=\"noopener noreferrer\">Redes sociais pessoais de idosos, satisfa\u00e7\u00e3o com as rela\u00e7\u00f5es interpessoais e confian\u00e7a<\/a>.<\/em> Disserta\u00e7\u00e3o de Mestrado em Psicologia Cl\u00ednica, Ramo de Especialidade em Psicoterapia e Psicologia Cl\u00ednica apresentada \u00e0 ESAE do ISMT. Orienta\u00e7\u00e3o: S\u00f3nia Guadalupe Abreu.<\/li>\n<li><strong>Oliveira, Ana Paula<\/strong> (2013). <em><a href=\"http:\/\/repositorio.ismt.pt\/handle\/123456789\/400\" target=\"_blank\" rel=\"noopener noreferrer\">Redes sociais pessoais dos idosos numa perspectiva de g\u00e9nero<\/a>.<\/em> Relat\u00f3rio de Mestrado em Servi\u00e7o Social apresentada \u00e0 ESAE do Instituto Superior Miguel Torga. Orienta\u00e7\u00e3o: Fernanda Daniel.<\/li>\n<li><strong>Ribeiro, Sara Valente<\/strong> (2014). <em>Redes sociais pessoais de idosos portugueses e satisfa\u00e7\u00e3o com a reforma<\/em>. Disserta\u00e7\u00e3o de Mestrado em Psicologia Cl\u00ednica, Ramo de Especialidade em Psicoterapia e Psicologia Cl\u00ednica apresentada \u00e0 ESAE do ISMT. Orienta\u00e7\u00e3o: Henrique Testa Vicente.<\/li>\n<li><strong>Santos, Catarina Alexandra Melo dos<\/strong> (2013).&nbsp;<a href=\"http:\/\/repositorio.ismt.pt\/handle\/123456789\/394\" target=\"_blank\" rel=\"noopener noreferrer\"><em>Sa\u00fade Mental e Redes Sociais Pessoais de Idosos.<\/em><\/a>&nbsp;[Orientadora: S\u00f3nia Guadalupe]. Disserta\u00e7\u00e3o de Mestrado em Psicologia Cl\u00ednica.&nbsp;Instituto Superior Miguel Torga<\/li>\n<li><strong>Silva, Joel Martins (2014).<\/strong> <a href=\"http:\/\/repositorio.ismt.pt\/handle\/123456789\/404\" target=\"_blank\" rel=\"noopener noreferrer\"><em>Perfis de redes sociais pessoais de idosos com e sem apoio de respostas sociais: um contributo para o desenvolvimento de tipologias no Diagn\u00f3stico Social<\/em><\/a>. Disserta\u00e7\u00e3o de Mestrado em Servi\u00e7o Social apresentada \u00e0 ESAE do Instituto Superior Miguel Torga. Orienta\u00e7\u00e3o: S\u00f3nia Guadalupe Abreu.<\/li>\n<li><strong>Silva, Liliana Alexandra da Cruz<\/strong> (2014). <em>Perdas na rede social pessoal em idosos.<\/em> Disserta\u00e7\u00e3o de Mestrado em Psicologia Cl\u00ednica, Ramo de Especialidade em Psicoterapia e Psicologia Cl\u00ednica apresentada \u00e0 ESAE do ISMT. Orienta\u00e7\u00e3o: S\u00f3nia Guadalupe Abreu.<\/li>\n<li><strong>Viegas, Ana Cl\u00e1udia Mogo<\/strong> (2014). <em><a href=\"http:\/\/repositorio.ismt.pt\/handle\/123456789\/580\" target=\"_blank\" rel=\"noopener noreferrer\">Sintomatologia Depressiva e Redes Sociais Pessoais de Idosos<\/a>.<\/em> Disserta\u00e7\u00e3o de Mestrado em Psicologia Cl\u00ednica, Ramo de Especialidade em Psicoterapia e Psicologia Cl\u00ednica apresentada \u00e0 ESAE do ISMT. Orienta\u00e7\u00e3o: S\u00f3nia Guadalupe Abreu<\/li>\n<\/ul>\n","protected":false},"excerpt":{"rendered":"<p>Teses de doutoramento 2017 Guadalupe, S. (2017). As redes de suporte social informal em Servi\u00e7o Social: as redes sociais pessoais de idosos portugueses nos processos de avalia\u00e7\u00e3o diagn\u00f3stica em respostas sociais [Tese de Doutoramento em Servi\u00e7o Social] Lisboa: ISCTE \u2013 Instituto Universit\u00e1rio de Lisboa, Escola de Sociologia e Pol\u00edticas P\u00fablicas e CIES, Centro de Investiga\u00e7\u00e3o [&hellip;]<\/p>\n","protected":false},"author":1,"featured_media":0,"parent":1397,"menu_order":1,"comment_status":"closed","ping_status":"closed","template":"","meta":{"_mi_skip_tracking":false,"_monsterinsights_sitenote_active":false,"_monsterinsights_sitenote_note":"","_monsterinsights_sitenote_category":0},"_links":{"self":[{"href":"https:\/\/diinews.ismt.pt\/index.php?rest_route=\/wp\/v2\/pages\/2490"}],"collection":[{"href":"https:\/\/diinews.ismt.pt\/index.php?rest_route=\/wp\/v2\/pages"}],"about":[{"href":"https:\/\/diinews.ismt.pt\/index.php?rest_route=\/wp\/v2\/types\/page"}],"author":[{"embeddable":true,"href":"https:\/\/diinews.ismt.pt\/index.php?rest_route=\/wp\/v2\/users\/1"}],"replies":[{"embeddable":true,"href":"https:\/\/diinews.ismt.pt\/index.php?rest_route=%2Fwp%2Fv2%2Fcomments&post=2490"}],"version-history":[{"count":17,"href":"https:\/\/diinews.ismt.pt\/index.php?rest_route=\/wp\/v2\/pages\/2490\/revisions"}],"predecessor-version":[{"id":3838,"href":"https:\/\/diinews.ismt.pt\/index.php?rest_route=\/wp\/v2\/pages\/2490\/revisions\/3838"}],"up":[{"embeddable":true,"href":"https:\/\/diinews.ismt.pt\/index.php?rest_route=\/wp\/v2\/pages\/1397"}],"wp:attachment":[{"href":"https:\/\/diinews.ismt.pt\/index.php?rest_route=%2Fwp%2Fv2%2Fmedia&parent=2490"}],"curies":[{"name":"wp","href":"https:\/\/api.w.org\/{rel}","templated":true}]}}