{"id":2341,"date":"2018-01-26T19:13:17","date_gmt":"2018-01-26T19:13:17","guid":{"rendered":"http:\/\/diinews.ismt.pt\/?page_id=2341"},"modified":"2019-02-19T20:19:51","modified_gmt":"2019-02-19T20:19:51","slug":"outra-producao-ciipso","status":"publish","type":"page","link":"https:\/\/diinews.ismt.pt\/?page_id=2341","title":{"rendered":"Outra produ\u00e7\u00e3o [Other production] CIIPSO"},"content":{"rendered":"<h1>2017<\/h1>\n<p>Espirito-Santo, H. (2017). <a href=\"http:\/\/www.ismt.pt\/pt-files\/pdf\/ISMT-DI-RRTE-2017.pdf\" target=\"_blank\" rel=\"noopener noreferrer\"><i>Guia para os trabalhos escolares<\/i>\u00a0(Ed. Revista). Coimbra [Guide to school works (Rev. Ed.).].<\/a>\u00a0Departamento de Investiga\u00e7\u00e3o &amp; Desenvolvimento e Conselho Pedag\u00f3gico, Instituto Superior Miguel Torga<\/p>\n<p>Espirito-Santo, H., Cunha, M., Guadalupe, S., Sim\u00f5es, S., &amp; Sousa, A. (2017). <a href=\"http:\/\/www.ismt.pt\/pt-files\/pdf\/GuiaRedacao_Mestrado1718.pdf\" target=\"_blank\" rel=\"noopener noreferrer\"><i>Guia para as disserta\u00e7\u00f5es de mestrado segundo as normas da APA<\/i> (Ed. Revista) [Guide to the masters dissertations according to APA style (Rev. Ed.)].<\/a> Coimbra: Departamento de Investiga\u00e7\u00e3o &amp; Desenvolvimento e Conselho Cient\u00edfico, Instituto Superior Miguel Torga<\/p>\n<p>Espirito-Santo, H., &amp; Daniel, F. (2015). Calcular e apresentar tamanhos do efeito em trabalhos cient\u00edficos (1): As limita\u00e7\u00f5es do <em>p<\/em> &lt; 0,05 na an\u00e1lise de diferen\u00e7as de m\u00e9dias de dois grupos [Calculating and reporting effect sizes on scientific papers (1): <em>p<\/em> &lt; 0.05 limitations in the analysis of mean differences of two groups] [<a href=\"http:\/\/rpics.ismt.pt\/index.php\/ISMT\/article\/view\/14\/13\" target=\"_blank\" rel=\"noopener noreferrer\">Folha de c\u00e1lculo Excel para computa\u00e7\u00e3o do <em>d<\/em> de Cohen, <em>g<\/em> de Hedges, delta de Glass (Excel Spreadsheet for Cohen&#8217;s <em>d<\/em>, Hedges&#8217; <em>g<\/em>, Glass delta computation<\/a>]. <em>Revista Portuguesa de Investiga\u00e7\u00e3o Comportamental e Social, 1<\/em>(1), 3-16.<\/p>\n<p>Esp\u00edrito Santo, H., &amp; Daniel, F. (2017). Calcular e apresentar tamanhos do efeito em trabalhos cient\u00edficos (2): Guia para reportar a for\u00e7a das rela\u00e7\u00f5es.\u00a0[Calculating and reporting effect sizes on scientific papers (2): Guide to report the strength of relationships] <a href=\"http:\/\/rpics.ismt.pt\/index.php\/ISMT\/article\/view\/48\/xml\" target=\"_blank\" rel=\"noopener noreferrer\">[Folha de c\u00e1lculo Excel para o C\u00e1lculo para o teste das diferen\u00e7as entre duas correla\u00e7\u00f5es independentes (Excel Spreadsheet for the\u00a0computation of the differences between two independent correlations)]<\/a>. <em>Revista Portuguesa de Investiga\u00e7\u00e3o Comportamental e Social, 3<\/em>(1), 3-16.<\/p>\n<p>Esp\u00edrito Santo, H., &amp; Daniel, F. (2017). Calcular e apresentar tamanhos do efeito em trabalhos cient\u00edficos (2): Guia para reportar a for\u00e7a das rela\u00e7\u00f5es [Calculating and reporting effect sizes on scientific papers (2): Guide to report the strength of relationships].<a href=\"http:\/\/rpics.ismt.pt\/index.php\/ISMT\/article\/view\/48\/xml_1\" target=\"_blank\" rel=\"noopener noreferrer\"> [Folha de c\u00e1lculo Excel\u00a0com\u00a0F\u00f3rmulas de corre\u00e7\u00e3o do tamanho do efeito para correla\u00e7\u00f5es com amostras &lt; 60 (Excel spreadsheet with effect size correction of correlations formulas for samples &lt; 60)].<\/a> <em>Revista Portuguesa de Investiga\u00e7\u00e3o Comportamental e Social, 3<\/em>(1), 3-16.<\/p>\n<p>Esp\u00edrito Santo, H., &amp; Daniel, F. (2017). Calcular e apresentar tamanhos do efeito em trabalhos cient\u00edficos (2): Guia para reportar a for\u00e7a das rela\u00e7\u00f5es [Calculating and reporting effect sizes on scientific papers (2): Guide to report the strength of relationships]. <a href=\"http:\/\/rpics.ismt.pt\/index.php\/ISMT\/article\/view\/48\/xml_2\" target=\"_blank\" rel=\"noopener noreferrer\">[Folha de c\u00e1lculo\u00a0das correla\u00e7\u00f5es ponto-bisserial e bisseria (Datasheet of the point-bisserial and bisserial correlations)].<\/a> <em>Revista Portuguesa de Investiga\u00e7\u00e3o Comportamental e Social, 3<\/em>(1), 53-64.<\/p>\n","protected":false},"excerpt":{"rendered":"<p>2017 Espirito-Santo, H. (2017). Guia para os trabalhos escolares\u00a0(Ed. Revista). Coimbra [Guide to school works (Rev. Ed.).].\u00a0Departamento de Investiga\u00e7\u00e3o &amp; Desenvolvimento e Conselho Pedag\u00f3gico, Instituto Superior Miguel Torga Espirito-Santo, H., Cunha, M., Guadalupe, S., Sim\u00f5es, S., &amp; Sousa, A. (2017). Guia para as disserta\u00e7\u00f5es de mestrado segundo as normas da APA (Ed. Revista) [Guide to [&hellip;]<\/p>\n","protected":false},"author":1,"featured_media":0,"parent":2237,"menu_order":5,"comment_status":"closed","ping_status":"closed","template":"","meta":{"_mi_skip_tracking":false,"_monsterinsights_sitenote_active":false,"_monsterinsights_sitenote_note":"","_monsterinsights_sitenote_category":0},"_links":{"self":[{"href":"https:\/\/diinews.ismt.pt\/index.php?rest_route=\/wp\/v2\/pages\/2341"}],"collection":[{"href":"https:\/\/diinews.ismt.pt\/index.php?rest_route=\/wp\/v2\/pages"}],"about":[{"href":"https:\/\/diinews.ismt.pt\/index.php?rest_route=\/wp\/v2\/types\/page"}],"author":[{"embeddable":true,"href":"https:\/\/diinews.ismt.pt\/index.php?rest_route=\/wp\/v2\/users\/1"}],"replies":[{"embeddable":true,"href":"https:\/\/diinews.ismt.pt\/index.php?rest_route=%2Fwp%2Fv2%2Fcomments&post=2341"}],"version-history":[{"count":5,"href":"https:\/\/diinews.ismt.pt\/index.php?rest_route=\/wp\/v2\/pages\/2341\/revisions"}],"predecessor-version":[{"id":2981,"href":"https:\/\/diinews.ismt.pt\/index.php?rest_route=\/wp\/v2\/pages\/2341\/revisions\/2981"}],"up":[{"embeddable":true,"href":"https:\/\/diinews.ismt.pt\/index.php?rest_route=\/wp\/v2\/pages\/2237"}],"wp:attachment":[{"href":"https:\/\/diinews.ismt.pt\/index.php?rest_route=%2Fwp%2Fv2%2Fmedia&parent=2341"}],"curies":[{"name":"wp","href":"https:\/\/api.w.org\/{rel}","templated":true}]}}