{"id":2310,"date":"2018-01-26T18:23:14","date_gmt":"2018-01-26T18:23:14","guid":{"rendered":"http:\/\/diinews.ismt.pt\/?page_id=2310"},"modified":"2019-02-26T03:30:09","modified_gmt":"2019-02-26T03:30:09","slug":"software","status":"publish","type":"page","link":"https:\/\/diinews.ismt.pt\/?page_id=2310&lang=pt","title":{"rendered":"Software e Instrumentos de Avalia\u00e7\u00e3o"},"content":{"rendered":"<p><a href=\"http:\/\/repositorio.ismt.pt\/handle\/123456789\/809\" target=\"_blank\" rel=\"noopener noreferrer\">Escala de Ansiedade Cognitiva aos Testes- Revist [Cognitive Test Anxiety Scale Revised (CTAR-25)]<\/a>. Silva, J., Cunha, M., Galhardo, A., Couto, M., &amp; Massano-Cardoso, I. (2017).<\/p>\n<p>Escala de Ansiedade e Evitamento de Situa\u00e7\u00f5es devido ao Peso e Apar\u00eancia F\u00edsica (EAESPAF). Cunha, M., Palmeira, L., &amp; Costa, A. R. (2017).<\/p>\n<p>Escala de Ansiedade e Evitamento de Situa\u00e7\u00f5es Sociais para Adolescentes (EAESSA). Cunha, M., Pinto-Gouveia, J., &amp; Salvador, MC. (2008).<\/p>\n<p>Escala de Ansiedade e Evitamento em Situa\u00e7\u00f5es de Desempenho e Intera\u00e7\u00e3o Social (EAESDIS). Pinto Gouveia, J., Cunha, M., &amp; Salvador, M. C. (2003).<\/p>\n<p>Escala de Ansiedade Social para Adolescentes (Social Anxiety Scale for Adolescents &#8211; SAS-A). Cunha, M., Pinto-Gouveia, J., Salvador, M. C., &amp; Alegre, S. (2004).<\/p>\n<p><a href=\"http:\/\/repositorio.ismt.pt\/handle\/123456789\/810\" target=\"_blank\" rel=\"noopener noreferrer\">Escalas dos Atributos e A\u00e7\u00f5es Compassivas &#8211;\u00a0Adapta\u00e7\u00e3o para Adolescentes [The Compassionate Engagement and Action Scales].\u00a0<\/a>Cunha, M., Matos, M., Gilbert, P., Pinto-Gouveia, J., &amp; Duarte,C. (2016).<\/p>\n<p><a href=\"http:\/\/repositorio.ismt.pt\/handle\/123456789\/818\" target=\"_blank\" rel=\"noopener noreferrer\">Escala de Auto-Compaix\u00e3o para Adolescentes (SCS-A) [Self-compassion Scale (SCS)].<\/a>\u00a0Pinto Gouveia, J., Cunha, M., Xavier, A., &amp; Castilho, P. (2011).<\/p>\n<p><a href=\"http:\/\/repositorio.ismt.pt\/handle\/123456789\/826\">Escala de Auto-Efic\u00e1cia para Lidar com a Infertilidade [Portuguese Version of the Infertility Self-Efficacy Scale (ISE-P)]<\/a>. Galhardo, A., Cunha, M., &amp; Pinto-Gouveia, J. (2013).<\/p>\n<p><a href=\"http:\/\/repositorio.ismt.pt\/handle\/123456789\/813\" target=\"_blank\" rel=\"noopener noreferrer\">Escala de Avalia\u00e7\u00e3o da Depress\u00e3o para Crian\u00e7as [Center for Epidemiologic Studies Depression Scale for Children (CES-DC)]<\/a>. Cunha, M., Carvalho, C., &amp; Cherpe, S. (2013).<\/p>\n<p>Escala de Avalia\u00e7\u00e3o Retrospectiva de Inibi\u00e7\u00e3o Comportamental (<em>Retrospective Self Report of Inhibition &#8211; RSRI<\/em>). Cunha, M., &amp; Pinto-Gouveia, J., &amp; Morgado, C. (2010).<\/p>\n<p><a href=\"http:\/\/repositorio.ismt.pt\/handle\/123456789\/814\" target=\"_blank\" rel=\"noopener noreferrer\">Escala de Centralidade do Acontecimento para Adolescentes [Centrality of Event Scale (CES)].<\/a>\u00a0Matos, M., Pinto Gouveia, J., &amp; Cunha, M. (2011).<\/p>\n<p>Escala de Comportamentos de Seguran\u00e7a na Ansiedade Social para Adolescentes (ECSAS-A) Salvador, M. C., Cunha, M., &amp; Pinto-Gouveia, J. (2002).<\/p>\n<p>Escala de Comportamentos de Seguran\u00e7a na Ansiedade Social (ECSAS). Pinto- Gouveia, J., Cunha, M., &amp; Salvador, M. C. (2003).<\/p>\n<p><a href=\"http:\/\/repositorio.ismt.pt\/handle\/123456789\/669\" target=\"_blank\" rel=\"noopener noreferrer\">Escala das Experi\u00eancias Dissociativas [Dissociative Experiences Scale (DES)]<\/a>.\u00a0Espirito Santo, H., &amp; Pio Abreu, J. L. (2009).<\/p>\n<p><a href=\"http:\/\/repositorio.ismt.pt\/handle\/123456789\/668\" target=\"_blank\" rel=\"noopener noreferrer\">Escala das Experi\u00eancias Dissociativas para Adolescente [Adolescent Dissociative Experience Scale (A-DES)]<\/a>.\u00a0Espirito Santo, H., Lopes, M., Sim\u00f5es, S., Cunha, M., &amp; Lemos, L. (2014).<\/p>\n<p><a href=\"http:\/\/repositorio.ismt.pt\/handle\/123456789\/819\" target=\"_blank\" rel=\"noopener noreferrer\">Escala de Experi\u00eancias Precoces de Vida para Adolescentes (ELES-A) [The Early Life Experiences Scale (ELES)]<\/a>. Pinto-Gouveia, J., Xavier, A., &amp; Cunha, M. (2012).<\/p>\n<p>Escalas de Medos da Compaix\u00e3o para Adolescentes\u00a0<em>(Fears of Compassion Scales<\/em>\u2013 <em>FCS-A<\/em>). Pinto-Gouveia, J., Cunha, M., &amp; Duarte, C. (2014).<\/p>\n<p><a href=\"http:\/\/repositorio.ismt.pt\/handle\/123456789\/808\" target=\"_blank\" rel=\"noopener noreferrer\">Escala de Mem\u00f3rias Precoces de Calor e Seguran\u00e7a na intera\u00e7\u00e3o com os Pares (EMPCS_Pares) [Early Memories of Warmth and Safeness with Peers Scale for adolescents].<\/a>\u00a0Cunha, M., Ferreira, C., Duarte, C., Andrade, D., Marta-Sim\u00f5es, J., &amp; Pinto-Gouveia, J. (2017).<\/p>\n<p>Escala Pensamentos Autom\u00e1ticos na Ansiedade Social para Adolescentes (EPAAS-A). Salvador, M. C., Cunha, M., Pinto-Gouveia, J., &amp; Bento, C. (2016).<\/p>\n<p>Entrevista das Perturba\u00e7\u00f5es de Ansiedade para Crian\u00e7as segundo o DSM-IV (<em>Anxiety Disorder Interview for Children &#8211; ADIS-C<\/em>). Salvador, M. C., Cunha, M., &amp; Martins, C. (2013).<\/p>\n<p><a href=\"http:\/\/repositorio.ismt.pt\/handle\/123456789\/824\">Escala de Preocupa\u00e7\u00f5es durante a Procria\u00e7\u00e3o Medicamente Assistida (CART-P)<\/a>. Galhardo, A., Pinto-Gouveia, J., &amp; Cunha, M. (2012).<\/p>\n<p><a href=\"http:\/\/repositorio.ismt.pt\/handle\/123456789\/820\" target=\"_blank\" rel=\"noopener noreferrer\">Escala de Respostas Ruminativas para Adolescentes [Ruminative Responses Scale (RRS)].\u00a0<\/a>Pinto Gouveia, J., Dinis, A., Xavier, A., &amp; Cunha, M. (2012).<\/p>\n<p>Escala Revista de Compara\u00e7\u00e3o Social para Adolescentes\u00a0<em>(Adolescent Social Comparison Scale-Revised<\/em>&#8211; ASCS-R). Xavier, A., Cunha, M., &amp; Pinto-Gouveia, J. (2012).<\/p>\n<p><a href=\"http:\/\/repositorio.ismt.pt\/handle\/123456789\/812\" target=\"_blank\" rel=\"noopener noreferrer\">Escala de Vergonha Externa para Adolescentes \u2013 vers\u00e3o breve (OASB-A) [Other as Shamer Scale &#8211; 2]<\/a>. Cunha, M., Xavier, A., Cherpe, S., &amp; Pinto Gouveia, J. (2014).<\/p>\n<p><a href=\"http:\/\/repositorio.ismt.pt\/handle\/123456789\/817\" target=\"_blank\" rel=\"noopener noreferrer\">Escala do Impacto do Acontecimento para Adolescentes [Impact of Event Scale \u2013 Revised (IES-R)]<\/a>. Cunha, M., Matos, M., &amp; Pinto Gouveia, J. (2011).<\/p>\n<p><a href=\"http:\/\/repositorio.ismt.pt\/handle\/123456789\/675\" target=\"_blank\" rel=\"noopener noreferrer\">Escala Geri\u00e1trica de Ansiedade \u00a0[Geriatric Anxiety Inventory (GAI)]<\/a>.\u00a0Daniel, F., Vicente, H., Guadalupe, S., Silva, A., &amp; Espirito Santo, H. (2015).<\/p>\n<p><a href=\"http:\/\/repositorio.ismt.pt\/handle\/123456789\/779\" target=\"_blank\" rel=\"noopener noreferrer\">Esquema de\u00a0Entrevista dos Dist\u00farbios Dissociativos \u00a0[Dissociative Disorders Interview Schedule, Portuguese version (DDIS-P)]<\/a>.\u00a0Espirito Santo, H., Madeira, F.,\u00a0\u00a0&amp; Pio Abreu, J. L. (2009).<\/p>\n<p><a href=\"http:\/\/repositorio.ismt.pt\/handle\/123456789\/821\" target=\"_blank\" rel=\"noopener noreferrer\">Invent\u00e1rio de Comportamentos de Risco e Auto-dano para Adolescentes [The Risk-Taking and Self-Harm Inventory for Adolescents (RTSHIA)].<\/a>\u00a0Xavier, A., Pinto Gouveia, J., &amp; Cunha, M. (2011).<\/p>\n<p>Invent\u00e1rio de Del\u00edrios (<em>Peters Delusions Inventory <\/em>\u2013 PDI). Pimentel, S., &amp; Cunha, M. (2016).<\/p>\n<p><a href=\"http:\/\/repositorio.ismt.pt\/handle\/123456789\/777\" target=\"_blank\" rel=\"noopener noreferrer\">Invent\u00e1rio de Lateralidade de Edinburgh [Edinburgh Handedness Inventory (EHI)]<\/a>.\u00a0Espirito-Santo, H., Pires, A. C., Queiroz Garcia, I., Daniel, F., Silva, A., &amp; Fazio, R. (2017).<\/p>\n<p><a href=\"http:\/\/repositorio.ismt.pt\/handle\/123456789\/829\" target=\"_blank\" rel=\"noopener noreferrer\">Invent\u00e1rio Neuropsiqui\u00e1trico (question\u00e1rio para Informantes de Idosos) [Neuropsychiatric Inventory (NPI-Q)].<\/a>\u00a0Espirito-Santo, H., Amaro, H., Lemos, L., Matias, N., Gomes, J., S\u00e1, P.<\/p>\n<p><a href=\"http:\/\/repositorio.ismt.pt\/handle\/123456789\/825\">Invent\u00e1rio Obsessivo de Coimbra (IOC)<\/a>. Galhardo, A., &amp; Pinto-Gouveia, J. (2008).<\/p>\n<p><a href=\"http:\/\/repositorio.ismt.pt\/handle\/123456789\/947\">Invent\u00e1rio Obsessivo de Coimbra \u2013 vers\u00e3o Reduzida (IOC-R)<\/a>.\u00a0Galhardo, A.,\u00a0Anast\u00e1cio, S.,\u00a0Cunha, M., Massano-Cardoso, I., Pinto-Gouveia, J. (2018).<\/p>\n<p><a href=\"http:\/\/repositorio.ismt.pt\/handle\/123456789\/948\">Invent\u00e1rio de P\u00e1dua \u2013 vers\u00e3o Reduzida (IP-R)<\/a>.\u00a0Galhardo, A., Santos, D., Massano-Cardoso, I., &amp; Cunha, M. (2018).<\/p>\n<p><a href=\"http:\/\/repositorio.ismt.pt\/handle\/123456789\/815\" target=\"_blank\" rel=\"noopener noreferrer\">Medida de <em>Mindfulness<\/em> para Crian\u00e7as e Adolescentes [Child and Adolescent Mindfulness Measure (CAMM)].<\/a>\u00a0Cunha, M., Galhardo, A., &amp; Pinto-Gouveia, J. (2013).<\/p>\n<p>MindfulSpot, 2016 [software].\u00a0Galhardo, A. (2016).<\/p>\n<p><a href=\"http:\/\/repositorio.ismt.pt\/handle\/123456789\/827\">Portuguese Version of the Padua Inventory (PI)<\/a>. Galhardo, A., &amp; Pinto-Gouveia, J. (1999)<\/p>\n<p><a href=\"http:\/\/repositorio.ismt.pt\/handle\/123456789\/780\" target=\"_blank\" rel=\"noopener noreferrer\">Programa de Reabilita\u00e7\u00e3o Neuropsicol\u00f3gica Grupal (PRNG) [Group Neuropsychological Rehabilitation Program]<\/a>\u00a0[Intervention program].\u00a0Espirito Santo, H., &amp; Lemos, L. (2015).<\/p>\n<p><a href=\"http:\/\/repositorio.ismt.pt\/handle\/123456789\/950\">Psychological Inflexibility in Pain Scale \u2013 Portuguese version (PIPS-PT)<\/a>. Galhardo, A., Ferreirinha, C., Massano-Cardoso, I., &amp; Cunha, M. (2018).<\/p>\n<p>Question\u00e1rio de Aceita\u00e7\u00e3o e A\u00e7\u00e3o Parental (Parental Acceptance and Action Questionnaire &#8211; PAAQ). Cunha, M., Xavier, A., &amp; Navega, A. (2018).<\/p>\n<p><a href=\"tp:\/\/repositorio.ismt.pt:8080\/jspui\/handle\/123456789\/949\">Question\u00e1rio de Aceita\u00e7\u00e3o A\u00e7\u00e3o para Professores (Teachers Acceptance and Action Questionnaire &#8211; Portuguese version (TAAQ-PT)<\/a>.\u00a0Galhardo, A., Carvalho, B., Massano-Cardoso, I., &amp; Cunha, M. (2018).<\/p>\n<p>Question\u00e1rio de Cyberbullying\u00a0<em>(Cuestionario de Cyberbullying- <\/em>CCB). Pinto, T., &amp; Cunha, M. (2011).<\/p>\n<p>Question\u00e1rio de Cyberbullying<em>&#8211; vitimiza\u00e7\u00e3o (Cuestionario de cyberbullying-victimizaci\u00f3n <\/em>&#8211; CCB-V). Pinto, T., &amp; Cunha, M. (2011).<\/p>\n<p>Question\u00e1rio de Esquemas Interpessoais (<em>Interpersonal Schema Questionnaire &#8211; ISQ<\/em>). Pinto-Gouveia, J., Cunha, M., &amp; Robalo, M. (1997).<\/p>\n<p><a href=\"http:\/\/repositorio.ismt.pt\/handle\/123456789\/775\" target=\"_blank\" rel=\"noopener noreferrer\">Question\u00e1rio das Experi\u00eancias Traum\u00e1ticast (P-TEC) [Traumatic Experiences Checklis (TEC)]<\/a>.\u00a0Esp\u00edrito-Santo, H., Gon\u00e7alves, L., Cassimo, S., Martins, L., &amp;\u00a0Xavier, M. (2013).<\/p>\n<p>Question\u00e1rio de Evitamento e Fus\u00e3o Cognitiva para Adolescentes <em>(Avoidance and Fusion Questionnaire for Youth<\/em>\u00a0 &#8211; AFQ-Y). Cunha, M., &amp; Santos, A. M. (2011).<\/p>\n<p>Question\u00e1rio de Preocupa\u00e7\u00f5es para Crian\u00e7as (Penn State Worry Questionnaire for Children- PSWQ-C). Cunha, M., Xavier, A., &amp; Cherpe, S. (2013).<\/p>\n<p>Question\u00e1rio de Purdue para a Perturba\u00e7\u00e3o P\u00f3s-stress Traum\u00e1tica (<em>Purdue Post Traumatic Stress Disorder \u2013 Revised \u2013 PPTSD<\/em>). Ferreira, C. F., &amp; Cunha, M. (2010).<\/p>\n<p><a href=\"http:\/\/repositorio.ismt.pt\/handle\/123456789\/816\" target=\"_blank\" rel=\"noopener noreferrer\">Question\u00e1rio de Qualidade de Vida para Adolescentes [Youth Quality of Life \u2013 Research version (YQOL-R)].<\/a>\u00a0Cunha, M., Pinto-Gouveia, J., &amp; Xavier, A. (2011)<\/p>\n<p><a href=\"http:\/\/repositorio.ismt.pt\/handle\/123456789\/828\" target=\"_blank\" rel=\"noopener noreferrer\">Question\u00e1rio para Informantes sobre Decl\u00ednio Cognitivo em Idosos [Informant Questionnaire on Cognitive Decline in the Elderly (IQCODE)]<\/a>.\u00a0Espirito Santo, H., Materno, J., Gomes, J., &amp; Reis, R. (2011).<\/p>\n<p><a href=\"http:\/\/repositorio.ismt.pt\/handle\/123456789\/670\" target=\"_blank\" rel=\"noopener noreferrer\">Question\u00e1rio sobre o Sono na Terceira Idade (QSTI) [Questionnaire About Sleep for Older Adults]<\/a>. Marques, M., Esp\u00edrito-Santo, H., Matreno, J., Fermino, S., Alves, V., Vig\u00e1rio, V., &amp; Ferreira, L. (2012).<\/p>\n<p>Therapeutic Identity Questionnaire (THID, vers\u00e3o portuguesa). Couto, M., Farate, C., Torres, Ramos, &amp; Fleming (2013).<\/p>\n<p><a href=\"http:\/\/repositorio.ismt.pt\/handle\/123456789\/778\" target=\"_blank\" rel=\"noopener noreferrer\">Vers\u00e3o Torga do Teste Stroop [Torga&#8217;s Stroop test]<\/a>.\u00a0Garcia, I., Pessoa, I., Monteiro, B., Daniel, F., Lemos, L., &amp; Espirito Santo, H. (2016).<\/p>\n","protected":false},"excerpt":{"rendered":"<p>Escala de Ansiedade Cognitiva aos Testes- Revist [Cognitive Test Anxiety Scale Revised (CTAR-25)]. Silva, J., Cunha, M., Galhardo, A., Couto, M., &amp; Massano-Cardoso, I. (2017). Escala de Ansiedade e Evitamento de Situa\u00e7\u00f5es devido ao Peso e Apar\u00eancia F\u00edsica (EAESPAF). Cunha, M., Palmeira, L., &amp; Costa, A. R. (2017). Escala de Ansiedade e Evitamento de Situa\u00e7\u00f5es [&hellip;]<\/p>\n","protected":false},"author":1,"featured_media":0,"parent":2237,"menu_order":6,"comment_status":"closed","ping_status":"closed","template":"","meta":{"_mi_skip_tracking":false,"_monsterinsights_sitenote_active":false,"_monsterinsights_sitenote_note":"","_monsterinsights_sitenote_category":0},"_links":{"self":[{"href":"https:\/\/diinews.ismt.pt\/index.php?rest_route=\/wp\/v2\/pages\/2310"}],"collection":[{"href":"https:\/\/diinews.ismt.pt\/index.php?rest_route=\/wp\/v2\/pages"}],"about":[{"href":"https:\/\/diinews.ismt.pt\/index.php?rest_route=\/wp\/v2\/types\/page"}],"author":[{"embeddable":true,"href":"https:\/\/diinews.ismt.pt\/index.php?rest_route=\/wp\/v2\/users\/1"}],"replies":[{"embeddable":true,"href":"https:\/\/diinews.ismt.pt\/index.php?rest_route=%2Fwp%2Fv2%2Fcomments&post=2310"}],"version-history":[{"count":31,"href":"https:\/\/diinews.ismt.pt\/index.php?rest_route=\/wp\/v2\/pages\/2310\/revisions"}],"predecessor-version":[{"id":3546,"href":"https:\/\/diinews.ismt.pt\/index.php?rest_route=\/wp\/v2\/pages\/2310\/revisions\/3546"}],"up":[{"embeddable":true,"href":"https:\/\/diinews.ismt.pt\/index.php?rest_route=\/wp\/v2\/pages\/2237"}],"wp:attachment":[{"href":"https:\/\/diinews.ismt.pt\/index.php?rest_route=%2Fwp%2Fv2%2Fmedia&parent=2310"}],"curies":[{"name":"wp","href":"https:\/\/api.w.org\/{rel}","templated":true}]}}