{"id":23,"date":"2012-04-23T06:58:23","date_gmt":"2012-04-23T06:58:23","guid":{"rendered":"http:\/\/web.ismt.pt\/wp\/diinews\/?page_id=23"},"modified":"2019-02-20T20:03:27","modified_gmt":"2019-02-20T20:03:27","slug":"investigacao","status":"publish","type":"page","link":"https:\/\/diinews.ismt.pt\/?page_id=23&lang=pt","title":{"rendered":"Linhas de Investiga\u00e7\u00e3o"},"content":{"rendered":"<p><span style=\"color: #000000;\">A <span class=\"GRspelling\">investiga<\/span>\u00e7\u00e3o divide-se,\u00a0<span class=\"GRspelling\">atualmente<\/span>, <span class=\"GRspelling\">em<\/span>\u00a0<span class=\"GRspelling\">duas<\/span>\u00a0<span class=\"GRspelling\">linhas<\/span>\u00a0<span class=\"GRspelling\">que<\/span>\u00a0<span class=\"GRspelling\">pertencem<\/span> \u00e0s \u00e1<span class=\"GRspelling\">reas<\/span>\u00a0<span class=\"GRspelling\">integradores<\/span>\u00a0do DI&amp;D (clique nos links):<\/span><\/p>\n<h3><strong>\u00c1REA<\/strong>: Ci\u00eancias do Comportamento<\/h3>\n<p><strong>Linha de\u00a0Investiga\u00e7\u00e3o<\/strong>: Processos e Interven\u00e7\u00e3o psicossocial em popula\u00e7\u00f5es em risco<br \/>\n<strong>Coordenadora<\/strong>: Helena Esp\u00edrito Santo<\/p>\n<h2>\u00c1REA: Ci\u00eancias Sociais<\/h2>\n<p>Linha de\u00a0Investiga\u00e7\u00e3o: N\u00e3o definida<br \/>\nCoordenador: N\u00e3o definido<\/p>\n<p style=\"margin: 0px 0px 5px; text-align: justify; font-size: 12px; font-family: 'Helvetica Neue'; color: #232323;\">\n<p style=\"margin: 0px 0px 5px; text-align: justify; font-size: 12px; font-family: 'Helvetica Neue'; color: #232323;\"><span style=\"font-size: 12px; color: #000000;\"><strong>\u00a0<\/strong><\/span><\/p>\n<p><span style=\"color: #000000;\">\u00a0<\/span><br \/>\n<span style=\"color: #000000;\">\u00a0<\/span><br \/>\n<span style=\"color: #000000;\">\u00a0<\/span><br \/>\n<span style=\"color: #000000;\">\u00a0<\/span><br \/>\n<span style=\"color: #000000;\">\u00a0<\/span><br \/>\n<span style=\"color: #000000;\">\u00a0<\/span><\/p>\n","protected":false},"excerpt":{"rendered":"<p>A investiga\u00e7\u00e3o divide-se,\u00a0atualmente, em\u00a0duas\u00a0linhas\u00a0que\u00a0pertencem \u00e0s \u00e1reas\u00a0integradores\u00a0do DI&amp;D (clique nos links): \u00c1REA: Ci\u00eancias do Comportamento Linha de\u00a0Investiga\u00e7\u00e3o: Processos e Interven\u00e7\u00e3o psicossocial em popula\u00e7\u00f5es em risco Coordenadora: Helena Esp\u00edrito Santo \u00c1REA: Ci\u00eancias Sociais Linha de\u00a0Investiga\u00e7\u00e3o: N\u00e3o definida Coordenador: N\u00e3o definido \u00a0 \u00a0 \u00a0 \u00a0 \u00a0 \u00a0 \u00a0<\/p>\n","protected":false},"author":1,"featured_media":0,"parent":0,"menu_order":2,"comment_status":"closed","ping_status":"closed","template":"","meta":{"_mi_skip_tracking":false,"_monsterinsights_sitenote_active":false,"_monsterinsights_sitenote_note":"","_monsterinsights_sitenote_category":0},"_links":{"self":[{"href":"https:\/\/diinews.ismt.pt\/index.php?rest_route=\/wp\/v2\/pages\/23"}],"collection":[{"href":"https:\/\/diinews.ismt.pt\/index.php?rest_route=\/wp\/v2\/pages"}],"about":[{"href":"https:\/\/diinews.ismt.pt\/index.php?rest_route=\/wp\/v2\/types\/page"}],"author":[{"embeddable":true,"href":"https:\/\/diinews.ismt.pt\/index.php?rest_route=\/wp\/v2\/users\/1"}],"replies":[{"embeddable":true,"href":"https:\/\/diinews.ismt.pt\/index.php?rest_route=%2Fwp%2Fv2%2Fcomments&post=23"}],"version-history":[{"count":77,"href":"https:\/\/diinews.ismt.pt\/index.php?rest_route=\/wp\/v2\/pages\/23\/revisions"}],"predecessor-version":[{"id":3251,"href":"https:\/\/diinews.ismt.pt\/index.php?rest_route=\/wp\/v2\/pages\/23\/revisions\/3251"}],"wp:attachment":[{"href":"https:\/\/diinews.ismt.pt\/index.php?rest_route=%2Fwp%2Fv2%2Fmedia&parent=23"}],"curies":[{"name":"wp","href":"https:\/\/api.w.org\/{rel}","templated":true}]}}