{"id":2,"date":"2012-04-18T10:16:43","date_gmt":"2012-04-18T10:16:43","guid":{"rendered":"http:\/\/web.ismt.pt\/wp\/diinews\/?page_id=2"},"modified":"2021-03-11T16:37:44","modified_gmt":"2021-03-11T16:37:44","slug":"sample-page","status":"publish","type":"page","link":"https:\/\/diinews.ismt.pt\/?page_id=2&lang=pt","title":{"rendered":"Sobre N\u00f3s"},"content":{"rendered":"\n<p class=\"has-text-align-right\"><a href=\"https:\/\/diinews.ismt.pt\/\">EN\ufeff<\/a><br><\/p>\n\n\n\n<p><strong>APRESENTA\u00c7\u00c3O<\/strong><\/p>\n\n\n\n<figure class=\"wp-block-image is-resized\"><img loading=\"lazy\" src=\"https:\/\/diinews.ismt.pt\/wp-content\/uploads\/2019\/03\/DID-p-1024x184.png\" alt=\"\" class=\"wp-image-3582\" width=\"264\" height=\"47\" srcset=\"https:\/\/diinews.ismt.pt\/wp-content\/uploads\/2019\/03\/DID-p-1024x184.png 1024w, https:\/\/diinews.ismt.pt\/wp-content\/uploads\/2019\/03\/DID-p-300x54.png 300w, https:\/\/diinews.ismt.pt\/wp-content\/uploads\/2019\/03\/DID-p-768x138.png 768w, https:\/\/diinews.ismt.pt\/wp-content\/uploads\/2019\/03\/DID-p-624x112.png 624w\" sizes=\"(max-width: 264px) 100vw, 264px\" \/><\/figure>\n\n\n\n<p>O<strong>&nbsp;Departamento de Investiga\u00e7\u00e3o &amp; Desenvolvimento<\/strong>&nbsp;do&nbsp;<a rel=\"noreferrer noopener\" href=\"http:\/\/www.ismt.pt\/\" target=\"_blank\"><em>Instituto Superior Miguel Torga<\/em><\/a>&nbsp;\u00e9 uma estrutura organizativa, de natureza interdisciplinar, que tem como miss\u00e3o a promo\u00e7\u00e3o, apoio, dinamiza\u00e7\u00e3o, coordena\u00e7\u00e3o e difus\u00e3o da investiga\u00e7\u00e3o cient\u00edfica&nbsp;nas \u00e1reas das Ci\u00eancias Sociais, das Ci\u00eancias do Comportamento, das Ci\u00eancias Empresariais e das Tecnologias de Informa\u00e7\u00e3o e Comunica\u00e7\u00e3o (nomeadamente em Servi\u00e7o Social, Sociologia, Psicologia, Antropologia, Economia, Hist\u00f3ria, Ci\u00eancia Pol\u00edtica, Direito, Comunica\u00e7\u00e3o, Inform\u00e1tica, Gest\u00e3o e Gest\u00e3o de Recursos Humanos) e dom\u00ednios afins.<\/p>\n\n\n\n<p>O DI&amp;D integra a Comiss\u00e3o de \u00c9tica (CE-ISMT), o Centro Interdisciplinar de Investiga\u00e7\u00e3o Psicossocial (CIIPSO), e promove a dissemina\u00e7\u00e3o de duas revistas cient\u00edficas revistas por pares.<\/p>\n\n\n\n<p><strong>OBJETIVOS<\/strong><\/p>\n\n\n\n<ul><li>Desenvolver, promover, aprovar e apoiar atividades e projetos de investiga\u00e7\u00e3o nas Ci\u00eancias Sociais e do Comportamento;<\/li><li>Promover uma pol\u00edtica de investiga\u00e7\u00e3o conjunta e transversal \u00e0s \u00e1reas disciplinares e linhas de investiga\u00e7\u00e3o, fomentadora da cria\u00e7\u00e3o de equipas interdisciplinares;<\/li><li>Apoiar os projetos de investiga\u00e7\u00e3o conduzidos pelos coordenadores das linhas de investiga\u00e7\u00e3o;<\/li><li>Coordenar as rela\u00e7\u00f5es institucionais com outros departamentos, laborat\u00f3rios ou centros que prossigam objetivos de investiga\u00e7\u00e3o e desenvolvimento, particularmente aqueles com os quais o ISMT tem protocolo e com aqueles que integram membros do DI&amp;D;<\/li><li>Contribuir para que os projetos de investiga\u00e7\u00e3o apresentados pelos membros do Departamento de Investiga\u00e7\u00e3o sejam reconhecidos e apoiados por entidades nacionais e\/ou estrangeiras;<\/li><li>Contribuir para o interc\u00e2mbio e coopera\u00e7\u00e3o cient\u00edfica entre organismos e departamentos nacionais e internacionais ligados \u00e0 investiga\u00e7\u00e3o;<\/li><li>Prestar servi\u00e7os \u00e0s comunidades acad\u00e9mica e cient\u00edfica e \u00e0 sociedade em geral;<\/li><li>Promover e apoiar a realiza\u00e7\u00e3o de a\u00e7\u00f5es de forma\u00e7\u00e3o avan\u00e7ada para investigadores;<\/li><li>Promover a participa\u00e7\u00e3o de estudantes do ensino superior pr\u00e9-graduados, graduados e p\u00f3s-graduados em atividades e projetos de investiga\u00e7\u00e3o;<\/li><li>Promover a integra\u00e7\u00e3o de projetos de investiga\u00e7\u00e3o em estudos p\u00f3s-graduados;<\/li><li>Estimular a divulga\u00e7\u00e3o e a publica\u00e7\u00e3o de investiga\u00e7\u00e3o, disseminando o conhecimento cient\u00edfico na comunidade.<\/li><li>Promover uma pol\u00edtica editorial que privilegie a publica\u00e7\u00e3o de monografias, de relat\u00f3rios de investiga\u00e7\u00e3o e de revistas cient\u00edficas no \u00e2mbito das Ci\u00eancias Sociais e do Comportamento;<\/li><li>Promover encontros cient\u00edficos nacionais e internacionais.<\/li><\/ul>\n\n\n\n<p><strong>EQUIPA<\/strong><\/p>\n\n\n\n<p>Helena Esp\u00edrito Santo, Ph.D. (Coordenadora)<\/p>\n\n\n\n<p>Bruno Cordeiro, Ms. (Colaborador)<\/p>\n\n\n\n<p><strong>REGULAMENTO<\/strong><\/p>\n\n\n\n<p><strong>Artigo 1\u00ba &#8211; Defini\u00e7\u00e3o<\/strong><\/p>\n\n\n\n<ol><li>O Departamento de Investiga\u00e7\u00e3o &amp; Desenvolvimento (DI&amp;D) do Instituto Superior Miguel Torga (ISMT), adiante designado por Departamento (ou pelo acr\u00f3nimo DI&amp;D), \u00e9 uma estrutura organizacional, de natureza interdisciplinar, que tem como miss\u00e3o a promo\u00e7\u00e3o, apoio, dinamiza\u00e7\u00e3o, coordena\u00e7\u00e3o e difus\u00e3o da investiga\u00e7\u00e3o cient\u00edfica nas \u00e1reas das Ci\u00eancias Sociais, das Ci\u00eancias do Comportamento, das Ci\u00eancias Empresariais e das Tecnologias de Informa\u00e7\u00e3o e Comunica\u00e7\u00e3o (nomeadamente em Servi\u00e7o Social, Sociologia, Psicologia, Antropologia, Economia, Hist\u00f3ria, Ci\u00eancia Pol\u00edtica, Direito, Comunica\u00e7\u00e3o, Inform\u00e1tica, Gest\u00e3o e Gest\u00e3o de Recursos Humanos) e dom\u00ednios afins.<\/li><\/ol>\n\n\n\n<p><strong>Artigo 2\u00ba &#8211; Institui\u00e7\u00e3o de Acolhimento<\/strong><\/p>\n\n\n\n<ol><li>O DI&amp;D est\u00e1 integrado no Instituto Superior Miguel Torga, sendo um departamento diferenciado e aut\u00f3nomo que prossegue objetivos espec\u00edficos e concorre para a miss\u00e3o e finalidade do Instituto.<\/li><\/ol>\n\n\n\n<p><strong>Artigo 3\u00ba &#8211; Objetivos<\/strong><\/p>\n\n\n\n<p>1. S\u00e3o objetivos gerais do DI&amp;D:<\/p>\n\n\n\n<ol><li>Desenvolver, promover, aprovar e apoiar atividades e projetos de investiga\u00e7\u00e3o em Ci\u00eancias Sociais, Ci\u00eancias do Comportamento, Ci\u00eancias Empresariais e das Tecnologias de Informa\u00e7\u00e3o e Comunica\u00e7\u00e3o;<\/li><li>Promover uma pol\u00edtica de investiga\u00e7\u00e3o conjunta e transversal \u00e0s \u00e1reas disciplinares e linhas de investiga\u00e7\u00e3o, fomentadora da cria\u00e7\u00e3o de equipas interdisciplinares;<\/li><li>Apoiar os projetos de investiga\u00e7\u00e3o conduzidos pelos coordenadores das linhas de investiga\u00e7\u00e3o junto da FCT ou outras entidades financiadoras;<\/li><li>Coordenar as rela\u00e7\u00f5es interinstitucionais com entidades que prossigam objetivos de investiga\u00e7\u00e3o e desenvolvimento, particularmente aquelas com os quais o ISMT tem protocolo e com aquelas que integram membros do DI&amp;D;<\/li><li>Contribuir para que os projetos de investiga\u00e7\u00e3o apresentados pelos membros do DI&amp;D sejam reconhecidos e apoiados por entidades nacionais e\/ou estrangeiras;<\/li><li>Contribuir para o interc\u00e2mbio e coopera\u00e7\u00e3o cient\u00edfica entre organismos e departamentos nacionais e internacionais ligados \u00e0 investiga\u00e7\u00e3o;<\/li><li>Prestar servi\u00e7os \u00e0s comunidades acad\u00e9mica e cient\u00edfica e \u00e0 sociedade em geral;<\/li><li>Promover e apoiar a realiza\u00e7\u00e3o de a\u00e7\u00f5es de forma\u00e7\u00e3o avan\u00e7ada para investigadores;<\/li><li>Promover a participa\u00e7\u00e3o de estudantes do ensino superior pr\u00e9-graduados, graduados e p\u00f3s-graduados em atividades e projetos de investiga\u00e7\u00e3o;<\/li><li>Promover a integra\u00e7\u00e3o de projetos de investiga\u00e7\u00e3o em estudos p\u00f3s-graduados;<\/li><li>Estimular a divulga\u00e7\u00e3o e a publica\u00e7\u00e3o de investiga\u00e7\u00e3o, disseminando o conhecimento cient\u00edfico na comunidade.<\/li><li>Promover uma pol\u00edtica editorial que privilegie a publica\u00e7\u00e3o de monografias, de relat\u00f3rios de investiga\u00e7\u00e3o e de artigos em revistas cient\u00edficas no \u00e2mbito \u00e1reas cient\u00edficas do DI&amp;D;<\/li><li>Promover encontros cient\u00edficos nacionais e internacionais.<\/li><\/ol>\n\n\n\n<p><strong>Artigo 4\u00ba &#8211; Constitui\u00e7\u00e3o<\/strong><\/p>\n\n\n\n<ol><li>O DI&amp;D \u00e9 constitu\u00eddo por investigadores do ISMT e investigadores externos ao Instituto que o desejarem e cuja produ\u00e7\u00e3o cient\u00edfica se inscreva nas \u00e1reas cient\u00edficas e na pol\u00edtica de investiga\u00e7\u00e3o prosseguida. Os investigadores externos ao ISMT, contudo, n\u00e3o podem ser em n\u00famero superior aos investigadores vinculados ao ISMT, nem exercer fun\u00e7\u00f5es de Coordena\u00e7\u00e3o do DI&amp;D. Est\u00e3o inclu\u00eddos os docentes, outros investigadores de estudos p\u00f3s-graduados e colaboradores em trabalhos de investiga\u00e7\u00e3o com a participa\u00e7\u00e3o de investigadores do ISMT.<\/li><li>Os membros do DI&amp;D podem ser integrados, associados e colaboradores.\n<ol><li>\u00c9 membro integrado, o investigador doutorado em tempo integral\/regime de exclusividade do ISMT que re\u00fane as condi\u00e7\u00f5es previstas pela Funda\u00e7\u00e3o para a Ci\u00eancia e a Tecnologia e assegura uma produ\u00e7\u00e3o cient\u00edfica regular na Linha de Investiga\u00e7\u00e3o a que pertence. \u00c9, ainda, membro integrado o bolseiro ou o doutorado que tenha um contrato com o DI&amp;D, com dura\u00e7\u00e3o total de pelo menos um ano. Um membro integrado pode ser membro colaborador noutra institui\u00e7\u00e3o, desde que realize atividade de investiga\u00e7\u00e3o com dura\u00e7\u00e3o total m\u00ednima de um ano no DI&amp;D. A percentagem total de tempo de dedica\u00e7\u00e3o \u00e0 investiga\u00e7\u00e3o nas duas institui\u00e7\u00f5es nunca dever\u00e1 ultrapassar os 100%;<\/li><li>\u00c9 membro associado o investigador que, n\u00e3o pertencendo ao ISMT, realiza atividades de investiga\u00e7\u00e3o de car\u00e1ter duradouro\/permanente nesta unidade, mediante parecer favor\u00e1vel da Comiss\u00e3o Cient\u00edfica, e com parecer favor\u00e1vel da institui\u00e7\u00e3o a que perten\u00e7a;<\/li><li>\u00c9 membro colaborador todo o investigador que desenvolva atividades de pesquisa, incluindo estudantes de p\u00f3s-gradua\u00e7\u00e3o e bolseiros, no \u00e2mbito dos grupos de investiga\u00e7\u00e3o, por um per\u00edodo m\u00ednimo de um ano.<\/li><\/ol>\n<\/li><\/ol>\n\n\n\n<p><strong>Artigo 5\u00ba &#8211; \u00d3rg\u00e3os<\/strong><\/p>\n\n\n\n<ol><li>S\u00e3o \u00f3rg\u00e3os do DI&amp;D:\n<ol><li>Coordena\u00e7\u00e3o;<\/li><li>Comiss\u00e3o de Investiga\u00e7\u00e3o;<\/li><li>Comiss\u00e3o Cient\u00edfica;<\/li><li>Comiss\u00e3o de \u00c9tica;<\/li><li>Comiss\u00e3o externa de Acompanhamento.<\/li><\/ol>\n<\/li><\/ol>\n\n\n\n<p><strong>Artigo 6\u00ba &#8211; Coordena\u00e7\u00e3o<\/strong><\/p>\n\n\n\n<ol><li>Integram a Coordena\u00e7\u00e3o do DI&amp;D:\n<ol><li>Coordenadores que s\u00e3o professore(a)s doutorado(a)s associados ou auxiliares com v\u00ednculo ao ISMT.<\/li><li>Uma assessoria composta por um(a) doutorado(a) que tem por miss\u00e3o coadjuvar os coordenadores.<\/li><li>A coordena\u00e7\u00e3o deve ser composta por um m\u00ednimo de tr\u00eas e um m\u00e1ximo de quatro membros.<\/li><\/ol>\n<\/li><\/ol>\n\n\n\n<p>2. Compete \u00e0 Coordena\u00e7\u00e3o:<\/p>\n\n\n\n<ol><li>Presidir \u00e0 Comiss\u00e3o de Investiga\u00e7\u00e3o e \u00e0 Comiss\u00e3o Cient\u00edfica, dando cumprimento \u00e0s decis\u00f5es tomadas pelas mesmas;<\/li><li>Representar o DI&amp;D;<\/li><li>Definir a pol\u00edtica e dirigir as atividades do DI&amp;D;<\/li><li>Acompanhar e avaliar o desenvolvimento dos projetos de investiga\u00e7\u00e3o em curso;<\/li><li>Deliberar sobre a pol\u00edtica editorial;<\/li><li>Articular com a Comiss\u00e3o Cient\u00edfica, propondo a cria\u00e7\u00e3o, extin\u00e7\u00e3o ou reestrutura\u00e7\u00e3o de linhas de investiga\u00e7\u00e3o;<\/li><li>Intermediar a afeta\u00e7\u00e3o de recursos humanos e materiais \u00e0s atividades de investiga\u00e7\u00e3o junto da institui\u00e7\u00e3o de acolhimento;<\/li><li>Assegurar a gest\u00e3o do DI&amp;D;<\/li><li>Convocar as reuni\u00f5es da Coordena\u00e7\u00e3o, Comiss\u00e3o Cient\u00edfica e Comiss\u00e3o de Investiga\u00e7\u00e3o do DI&amp;D;<\/li><li>Assegurar o cumprimento das delibera\u00e7\u00f5es da Coordena\u00e7\u00e3o do DI&amp;D;<\/li><li>Propor a aprova\u00e7\u00e3o de protocolos com institui\u00e7\u00f5es similares e\/ou entidades prestadoras de servi\u00e7os, no \u00e2mbito das atribui\u00e7\u00f5es do DI&amp;D.<\/li><\/ol>\n\n\n\n<p>3. Elei\u00e7\u00e3o e dura\u00e7\u00e3o do mandato da Coordena\u00e7\u00e3o:<\/p>\n\n\n\n<ol><li>A Coordena\u00e7\u00e3o \u00e9 eleita pela Comiss\u00e3o Cient\u00edfica. A Comiss\u00e3o Cient\u00edfica elege dois coordenadores do DI&amp;D, assegurando preferencialmente a representa\u00e7\u00e3o de duas \u00e1reas cient\u00edficas do DI&amp;D.<\/li><li>A decis\u00e3o da elei\u00e7\u00e3o dos coordenadores, para cada tri\u00e9nio, cabe \u00e0 Comiss\u00e3o Cient\u00edfica.<\/li><li>A elei\u00e7\u00e3o \u00e9 efetuada por voto secreto, tendo direito a voto todos os membros da Comiss\u00e3o Cient\u00edfica.<\/li><li>Podem candidatar-se a coordenadores os membros integrados do DI&amp;D que sejam Professores Doutorados do ISMT em regime de tempo integral ou dedica\u00e7\u00e3o exclusiva.<\/li><li>O mandato da Coordena\u00e7\u00e3o \u00e9 de tr\u00eas anos.<\/li><li>A elei\u00e7\u00e3o decorre no m\u00eas de Junho.<\/li><\/ol>\n\n\n\n<p><strong>Artigo 7\u00ba &#8211; Composi\u00e7\u00e3o e Compet\u00eancias da Comiss\u00e3o de Investiga\u00e7\u00e3o<\/strong><\/p>\n\n\n\n<ol><li>Esta Comiss\u00e3o integra os coordenadores do DI&amp;D e os Coordenadores das linhas de investiga\u00e7\u00e3o (Artigo 11\u00ba).<\/li><li>Os Coordenadores das linhas de investiga\u00e7\u00e3o s\u00e3o eleitos pelos membros que integram a respetiva linha.<\/li><li>Compete \u00e0 Comiss\u00e3o de Investiga\u00e7\u00e3o:\n<ol><li>Supervisionar a atividade cient\u00edfica dos grupos\/linhas de investiga\u00e7\u00e3o;<\/li><li>Avaliar, emitir pareceres e aprovar projetos de investiga\u00e7\u00e3o (ver Artigo 12\u00ba);<\/li><li>Dinamizar encontros cient\u00edficos;<\/li><li>Elaborar relat\u00f3rios anuais de atividade cient\u00edfica e planos de atividades;<\/li><li>Coordenar todas as a\u00e7\u00f5es relacionadas com processos de avalia\u00e7\u00e3o do DI&amp;D;<\/li><li>Providenciar o acesso a equipamento comum afeto ao DI&amp;D.<\/li><li>Esta Comiss\u00e3o re\u00fane ordinariamente com periodicidade trimestral, reunindo extraordinariamente, sempre que pertinente, por convocat\u00f3ria dos membros.<\/li><\/ol>\n<\/li><\/ol>\n\n\n\n<p><strong>Artigo 8\u00ba &#8211; Composi\u00e7\u00e3o e Compet\u00eancias da Comiss\u00e3o Cient\u00edfica<\/strong><\/p>\n\n\n\n<ol><li>Esta Comiss\u00e3o integra os investigadores integrados doutorados ou aqueles que, sem a qualifica\u00e7\u00e3o de doutor, integrem a carreira de investiga\u00e7\u00e3o em categoria igual ou superior \u00e0 de investigador auxiliar ou a carreira docente universit\u00e1ria em categoria igual ou superior \u00e0 de professor auxiliar nas \u00e1reas das Ci\u00eancias Sociais, Ci\u00eancias do Comportamento, Ci\u00eancias Empresariais e das Tecnologias de Informa\u00e7\u00e3o e Comunica\u00e7\u00e3o do ISMT.<\/li><li>Compete a esta Comiss\u00e3o:\n<ol><li>Aprovar as revis\u00f5es do Regulamento do DI&amp;D;<\/li><li>Aprovar os seus planos e relat\u00f3rios de atividades anuais do DI&amp;D;<\/li><li>Eleger os Coordenadores das linhas de investiga\u00e7\u00e3o;<\/li><li>Regulamentar sobre a propriedade material e intelectual do DI&amp;D;<\/li><li>Decidir sobre a admiss\u00e3o e exonera\u00e7\u00e3o de membros do DI&amp;D;<\/li><li>Nomear, anualmente, os membros da Comiss\u00e3o de \u00c9tica;<\/li><li>Nomear a Comiss\u00e3o externa de Acompanhamento.<\/li><\/ol>\n<\/li><li>Esta Comiss\u00e3o re\u00fane anualmente.<\/li><\/ol>\n\n\n\n<p><strong>Artigo 9\u00ba &#8211; Composi\u00e7\u00e3o e Compet\u00eancias da Comiss\u00e3o de \u00c9tica<\/strong><\/p>\n\n\n\n<ol><li>\u00c9 miss\u00e3o desta Comiss\u00e3o promover os mais altos padr\u00f5es de integridade cient\u00edfica e dar a devida considera\u00e7\u00e3o \u00e0s quest\u00f5es \u00e9ticas e sociais decorrentes da atividade cient\u00edfica. Assim, na revis\u00e3o \u00e9tica dos estudos vai esfor\u00e7ar-se para proteger os direitos, a dignidade, a seguran\u00e7a e o bem-estar de todos os participantes reais e potenciais.<\/li><li>Esta Comiss\u00e3o integra tr\u00eas investigadores integrados doutorados e\/ou especialistas de reconhecido m\u00e9rito nas \u00e1reas das Ci\u00eancias Sociais, Ci\u00eancias do Comportamento, Ci\u00eancias Empresariais ou das Tecnologias de Informa\u00e7\u00e3o e Comunica\u00e7\u00e3o do ISMT. Integrar\u00e1 ainda, como consultor, um aluno do primeiro ciclo ou do segundo ciclo designado pela Associa\u00e7\u00e3o de Estudantes.<\/li><li>Os membros da Comiss\u00e3o s\u00e3o propostos pela Coordena\u00e7\u00e3o ao Conselho Cient\u00edfico.<\/li><li>Esta Comiss\u00e3o re\u00fane-se sempre que sejam submetidos projetos para revis\u00e3o \u00e9tica.<\/li><li>Compete a esta Comiss\u00e3o:\n<ol><li>Preparar as diretrizes em rela\u00e7\u00e3o \u00e0s quest\u00f5es \u00e9ticas que podem surgir a partir de atividades de investiga\u00e7\u00e3o no ISMT;<\/li><li>Atualizar as diretrizes sempre que necess\u00e1rio;<\/li><li>Elaborar Formul\u00e1rios de candidatura;<\/li><li>Elaborar Formul\u00e1rios de Informa\u00e7\u00e3o e de Consentimento;<\/li><li>Rever todos os estudos que envolvam seres humanos, designadamente: os projetos submetidos por investigadores do DI&amp;D; os projetos submetidos por alunos; e as investiga\u00e7\u00f5es realizadas com alunos do ISMT, com funcion\u00e1rios da institui\u00e7\u00e3o ou com os utentes dos servi\u00e7os de apoio psicol\u00f3gico do ISMT;<\/li><li>Dar opini\u00e3o imparcial aos participantes e aos investigadores;<\/li><li>Dar um parecer favor\u00e1vel com base na decis\u00e3o un\u00e2nime dos membros da Comiss\u00e3o, e n\u00e3o em decis\u00e3o por maioria. No caso de qualquer membro expressar uma preocupa\u00e7\u00e3o s\u00e9ria sobre uma proposta de investiga\u00e7\u00e3o particular e o investigador n\u00e3o for capaz de responder \u00e0 preocupa\u00e7\u00e3o do membro relevante da Comiss\u00e3o, poder\u00e1 ser convocada uma reuni\u00e3o extraordin\u00e1ria da Comiss\u00e3o para resolver as quest\u00f5es pendentes.<\/li><\/ol>\n<\/li><li>Os coordenadores dos projetos de investiga\u00e7\u00e3o e os orientadores das teses s\u00e3o respons\u00e1veis por assegurar que os investigadores e alunos envolvidos nas investiga\u00e7\u00f5es conhecem as Diretrizes \u00c9ticas de Investiga\u00e7\u00e3o com Seres Humanos do ISMT.<\/li><\/ol>\n\n\n\n<p><strong>Artigo 10\u00ba &#8211; Composi\u00e7\u00e3o e Compet\u00eancias da Comiss\u00e3o externa de Acompanhamento<\/strong><\/p>\n\n\n\n<ol><li>A Comiss\u00e3o Externa de Acompanhamento \u00e9 constitu\u00edda por tr\u00eas investigadores de reconhecido m\u00e9rito.<\/li><li>Os elementos da Comiss\u00e3o Externa de Acompanhamento s\u00e3o convidados pela Comiss\u00e3o Cient\u00edfica e nomeados por tr\u00eas anos.<\/li><li>Compete \u00e0 Comiss\u00e3o Externa de Acompanhamento proceder \u00e0 an\u00e1lise do funcionamento do DI&amp;D, devendo visitar anualmente e emitir parecer sobre o plano e relat\u00f3rio de atividade, assim como o or\u00e7amento.<\/li><\/ol>\n\n\n\n<p><strong>Artigo 11\u00ba &#8211; Linhas de Investiga\u00e7\u00e3o<\/strong><\/p>\n\n\n\n<ol><li>As linhas de investiga\u00e7\u00e3o concretizam a pol\u00edtica de investiga\u00e7\u00e3o do DI&amp;D nas \u00e1reas das Ci\u00eancias Sociais, Ci\u00eancias do Comportamento, Ci\u00eancias Empresariais e das Tecnologias de Informa\u00e7\u00e3o e Comunica\u00e7\u00e3o, atrav\u00e9s de objetivos de longo prazo que presidem \u00e0 organiza\u00e7\u00e3o e \u00e0 execu\u00e7\u00e3o dos projetos de investiga\u00e7\u00e3o neles inscritos.<\/li><li>Para efeitos de organiza\u00e7\u00e3o e coordena\u00e7\u00e3o das atividades de investiga\u00e7\u00e3o, cada linha de investiga\u00e7\u00e3o organiza-se em projetos de investiga\u00e7\u00e3o nela inscritos e aprovados.<\/li><\/ol>\n\n\n\n<p><strong>Artigo 12\u00ba &#8211; Projetos de Investiga\u00e7\u00e3o<\/strong><\/p>\n\n\n\n<ol><li>Consideram-se projetos de investiga\u00e7\u00e3o as atividades de investiga\u00e7\u00e3o cient\u00edfica que visem objetivos bem definidos, de dura\u00e7\u00e3o limitada e de execu\u00e7\u00e3o programada no tempo.<\/li><li>Os projetos de investiga\u00e7\u00e3o correspondem a dom\u00ednios relevantes dentro das linhas de investiga\u00e7\u00e3o e s\u00e3o coordenados por um investigador doutorado do DI&amp;D.<\/li><li>O Investigador Respons\u00e1vel apresenta o Projeto de Investiga\u00e7\u00e3o \u00e0 Comiss\u00e3o Coordenadora que decidir\u00e1 sobre a sua admissibilidade e sobre a Linha em que deve ser integrado.<\/li><li>Os Projetos de Investiga\u00e7\u00e3o devem implicar:\n<ol><li>A inclus\u00e3o de alunos p\u00f3s-graduados e a sua express\u00e3o em disserta\u00e7\u00f5es de mestrado ou teses de doutoramento;<\/li><li>A publica\u00e7\u00e3o dos resultados do projeto em revistas cient\u00edficas, preferencialmente referenciadas em bases de dados internacionais;<\/li><li>A divulga\u00e7\u00e3o em encontros promovidos pelo DI&amp;D e noutras reuni\u00f5es cient\u00edficas nacionais e internacionais.<\/li><li>Para efeitos de avalia\u00e7\u00e3o, findo o per\u00edodo previsto de execu\u00e7\u00e3o do projeto de investiga\u00e7\u00e3o, o investigador coordenador do projeto ter\u00e1 que apresentar ao Coordenador da linha em que se inscreve o respetivo relat\u00f3rio cient\u00edfico, sendo este apresentado e discutido em sede de Comiss\u00e3o Coordenadora.<\/li><li>O n\u00e3o cumprimento das normas e dos compromissos para com os relat\u00f3rios da unidade ou a falta de produtividade, ser\u00e3o apreciados em Comiss\u00e3o Cient\u00edfica, que decide sobre a continuidade dos mesmos no Plano de Atividades do DI&amp;D.<\/li><\/ol>\n<\/li><\/ol>\n\n\n\n<p><strong>Artigo 13\u00ba &#8211; Avalia\u00e7\u00e3o<\/strong><\/p>\n\n\n\n<ol><li>Anualmente, o DI&amp;D promover\u00e1 uma avalia\u00e7\u00e3o dos projetos de investiga\u00e7\u00e3o em curso, recorrendo a um painel de especialistas por si designado, quando os projetos n\u00e3o forem avaliados e credenciados por outra inst\u00e2ncia reconhecida.<\/li><li>Nesta avalia\u00e7\u00e3o ser\u00e3o tidos em conta os crit\u00e9rios definidos pela Funda\u00e7\u00e3o para a Ci\u00eancia e a Tecnologia.<\/li><li>O DI&amp;D elaborar\u00e1 e divulgar\u00e1 anualmente o relat\u00f3rio das suas atividades, at\u00e9 ao final de cada ano civil.<\/li><\/ol>\n\n\n\n<p><strong>Artigo 14\u00ba &#8211; Regulamenta\u00e7\u00e3o geral<\/strong><\/p>\n\n\n\n<ol><li>A regulamenta\u00e7\u00e3o est\u00e1 de acordo como previsto no Decreto-Lei n.\u00ba 125\/99 de 20 de Abril no que concerne \u00e0s \u201cInstitui\u00e7\u00f5es particulares de investiga\u00e7\u00e3o\u201d (artigo 2\u00ba, al\u00ednea c).<\/li><\/ol>\n\n\n\n<p><strong>Artigo 15\u00ba &#8211; Homologa\u00e7\u00e3o<\/strong><\/p>\n\n\n\n<ol><li>A primeira homologa\u00e7\u00e3o do Regulamento tem lugar em sede de Conselho Cient\u00edfico do Instituto Superior Miguel Torga.<\/li><li>Todas as altera\u00e7\u00f5es posteriores ao Regulamento s\u00e3o votadas e aprovadas, por maioria, em reuni\u00e3o da Comiss\u00e3o Cient\u00edfica.<\/li><\/ol>\n\n\n\n<p><strong>Artigo 16\u00ba &#8211; Fase de Instala\u00e7\u00e3o<\/strong><\/p>\n\n\n\n<ol><li>A fase de instala\u00e7\u00e3o dura dois anos. Por nomea\u00e7\u00e3o dos Conselhos Diretivo e Cient\u00edfico do ISMT, esta fase inicia-se em Novembro de 2011.<\/li><li>No primeiro e segundo ano funciona a Coordena\u00e7\u00e3o e Assessoria.<\/li><li>Findo este per\u00edodo de instala\u00e7\u00e3o inicia-se o funcionamento dos restantes \u00f3rg\u00e3os.<\/li><\/ol>\n\n\n\n<p><strong>Artigo 17\u00ba &#8211; Entrada em Vigor<\/strong><\/p>\n\n\n\n<ol><li>Este Regulamento entra em vigor no dia seguinte ao da sua homologa\u00e7\u00e3o.<\/li><\/ol>\n\n\n\n<p><em>Regulamento aprovado em 27 de novembro de 2013 pelo Conselho Cient\u00edfico do ISMT.<\/em><\/p>\n","protected":false},"excerpt":{"rendered":"<p>EN\ufeff APRESENTA\u00c7\u00c3O O&nbsp;Departamento de Investiga\u00e7\u00e3o &amp; Desenvolvimento&nbsp;do&nbsp;Instituto Superior Miguel Torga&nbsp;\u00e9 uma estrutura organizativa, de natureza interdisciplinar, que tem como miss\u00e3o a promo\u00e7\u00e3o, apoio, dinamiza\u00e7\u00e3o, coordena\u00e7\u00e3o e difus\u00e3o da investiga\u00e7\u00e3o cient\u00edfica&nbsp;nas \u00e1reas das Ci\u00eancias Sociais, das Ci\u00eancias do Comportamento, das Ci\u00eancias Empresariais e das Tecnologias de Informa\u00e7\u00e3o e Comunica\u00e7\u00e3o (nomeadamente em Servi\u00e7o Social, Sociologia, Psicologia, Antropologia, [&hellip;]<\/p>\n","protected":false},"author":1,"featured_media":0,"parent":0,"menu_order":1,"comment_status":"closed","ping_status":"closed","template":"page-templates\/front-page.php","meta":{"_mi_skip_tracking":false,"_monsterinsights_sitenote_active":false,"_monsterinsights_sitenote_note":"","_monsterinsights_sitenote_category":0},"_links":{"self":[{"href":"https:\/\/diinews.ismt.pt\/index.php?rest_route=\/wp\/v2\/pages\/2"}],"collection":[{"href":"https:\/\/diinews.ismt.pt\/index.php?rest_route=\/wp\/v2\/pages"}],"about":[{"href":"https:\/\/diinews.ismt.pt\/index.php?rest_route=\/wp\/v2\/types\/page"}],"author":[{"embeddable":true,"href":"https:\/\/diinews.ismt.pt\/index.php?rest_route=\/wp\/v2\/users\/1"}],"replies":[{"embeddable":true,"href":"https:\/\/diinews.ismt.pt\/index.php?rest_route=%2Fwp%2Fv2%2Fcomments&post=2"}],"version-history":[{"count":71,"href":"https:\/\/diinews.ismt.pt\/index.php?rest_route=\/wp\/v2\/pages\/2\/revisions"}],"predecessor-version":[{"id":3938,"href":"https:\/\/diinews.ismt.pt\/index.php?rest_route=\/wp\/v2\/pages\/2\/revisions\/3938"}],"wp:attachment":[{"href":"https:\/\/diinews.ismt.pt\/index.php?rest_route=%2Fwp%2Fv2%2Fmedia&parent=2"}],"curies":[{"name":"wp","href":"https:\/\/api.w.org\/{rel}","templated":true}]}}