{"id":1537,"date":"2014-11-10T19:54:18","date_gmt":"2014-11-10T19:54:18","guid":{"rendered":"http:\/\/diinews.ismt.pt\/?page_id=1537"},"modified":"2014-11-10T21:10:24","modified_gmt":"2014-11-10T21:10:24","slug":"2014-2","status":"publish","type":"page","link":"https:\/\/diinews.ismt.pt\/?page_id=1537","title":{"rendered":"2014"},"content":{"rendered":"<p><strong><span style=\"color: #ff9900;\">1\u00ba Congresso Nacional\u00a0Conversas de\u00a0Psicologia<\/span><\/strong><\/p>\n<p><a href=\"https:\/\/diinews.ismt.pt\/wp-content\/uploads\/2014\/11\/1-congresso-CONVERSAS-DE-PSICOLOGIA.png\"><img loading=\"lazy\" class=\"alignleft size-medium wp-image-1538\" alt=\"1 congresso CONVERSAS DE PSICOLOGIA\" src=\"https:\/\/diinews.ismt.pt\/wp-content\/uploads\/2014\/11\/1-congresso-CONVERSAS-DE-PSICOLOGIA-226x300.png\" width=\"226\" height=\"300\" srcset=\"https:\/\/diinews.ismt.pt\/wp-content\/uploads\/2014\/11\/1-congresso-CONVERSAS-DE-PSICOLOGIA-226x300.png 226w, https:\/\/diinews.ismt.pt\/wp-content\/uploads\/2014\/11\/1-congresso-CONVERSAS-DE-PSICOLOGIA-774x1024.png 774w, https:\/\/diinews.ismt.pt\/wp-content\/uploads\/2014\/11\/1-congresso-CONVERSAS-DE-PSICOLOGIA.png 1126w\" sizes=\"(max-width: 226px) 100vw, 226px\" \/><\/a><\/p>\n<p>&nbsp;<\/p>\n<p>&nbsp;<\/p>\n<p>&nbsp;<\/p>\n<p>&nbsp;<\/p>\n<p>&nbsp;<\/p>\n<p>&nbsp;<\/p>\n<p>&nbsp;<\/p>\n<h5>Nos dias 4 e 5 de Novembro de 2014 realizou-se o I CONGRESSO NACIONAL CONVERSAS DE PSICOLOGIA no Audit\u00f3rio da Reitoria da Universidade de Coimbra.<br \/>\nPara al\u00e9m de contar com v\u00e1rios oradores reconhecidos nas \u00e1reas da sa\u00fade mental, gerontologia, trabalho, \u00e9tica e interven\u00e7\u00e3o terap\u00eautica, a organiza\u00e7\u00e3o do congresso envolveu\u00a0alunos do 1\u00ba ano do mestrado em\u00a0Psicologia Cl\u00ednica\u00a0do ISMT.<\/h5>\n<h5>Entre as participa\u00e7\u00f5es, contaram-se\u00a0v\u00e1rias\u00a0comunica\u00e7\u00f5es de\u00a0alunos,\u00a0professores, e investigadores\u00a0do\u00a0Instituto Superior Miguel Torga, da\u00a0Universidade do Porto, Universidade de\u00a0Coimbra, Escola de\u00a0Enfermagem de\u00a0Coimbra e Ordem dos\u00a0Psic\u00f3logos.<\/h5>\n<h5>Neste congresso\u00a0<span style=\"white-space: nowrap;\">foi\u00a0tamb\u00e9m<\/span>\u00a0atribu\u00eddo um pr\u00e9mio de carreira ao Sr. Professor Carlos Amaral Dias, diretor do ISMT.<\/h5>\n<p>&nbsp;<\/p>\n","protected":false},"excerpt":{"rendered":"<p>1\u00ba Congresso Nacional\u00a0Conversas de\u00a0Psicologia &nbsp; &nbsp; &nbsp; &nbsp; &nbsp; &nbsp; &nbsp; Nos dias 4 e 5 de Novembro de 2014 realizou-se o I CONGRESSO NACIONAL CONVERSAS DE PSICOLOGIA no Audit\u00f3rio da Reitoria da Universidade de Coimbra. Para al\u00e9m de contar com v\u00e1rios oradores reconhecidos nas \u00e1reas da sa\u00fade mental, gerontologia, trabalho, \u00e9tica e interven\u00e7\u00e3o terap\u00eautica, [&hellip;]<\/p>\n","protected":false},"author":1,"featured_media":0,"parent":39,"menu_order":0,"comment_status":"closed","ping_status":"closed","template":"","meta":{"_mi_skip_tracking":false,"_monsterinsights_sitenote_active":false,"_monsterinsights_sitenote_note":"","_monsterinsights_sitenote_category":0},"_links":{"self":[{"href":"https:\/\/diinews.ismt.pt\/index.php?rest_route=\/wp\/v2\/pages\/1537"}],"collection":[{"href":"https:\/\/diinews.ismt.pt\/index.php?rest_route=\/wp\/v2\/pages"}],"about":[{"href":"https:\/\/diinews.ismt.pt\/index.php?rest_route=\/wp\/v2\/types\/page"}],"author":[{"embeddable":true,"href":"https:\/\/diinews.ismt.pt\/index.php?rest_route=\/wp\/v2\/users\/1"}],"replies":[{"embeddable":true,"href":"https:\/\/diinews.ismt.pt\/index.php?rest_route=%2Fwp%2Fv2%2Fcomments&post=1537"}],"version-history":[{"count":3,"href":"https:\/\/diinews.ismt.pt\/index.php?rest_route=\/wp\/v2\/pages\/1537\/revisions"}],"predecessor-version":[{"id":1541,"href":"https:\/\/diinews.ismt.pt\/index.php?rest_route=\/wp\/v2\/pages\/1537\/revisions\/1541"}],"up":[{"embeddable":true,"href":"https:\/\/diinews.ismt.pt\/index.php?rest_route=\/wp\/v2\/pages\/39"}],"wp:attachment":[{"href":"https:\/\/diinews.ismt.pt\/index.php?rest_route=%2Fwp%2Fv2%2Fmedia&parent=1537"}],"curies":[{"name":"wp","href":"https:\/\/api.w.org\/{rel}","templated":true}]}}