{"id":1501,"date":"2014-11-08T14:24:23","date_gmt":"2014-11-08T14:24:23","guid":{"rendered":"http:\/\/diinews.ismt.pt\/?page_id=1501"},"modified":"2019-02-26T03:45:32","modified_gmt":"2019-02-26T03:45:32","slug":"servico-social-em-portugal-e-no-brasil","status":"publish","type":"page","link":"https:\/\/diinews.ismt.pt\/?page_id=1501&lang=pt","title":{"rendered":"Servi\u00e7o Social em Portugal e no Brasil"},"content":{"rendered":"\n<p><\/p>\n\n\n<h2>Investiga\u00e7\u00e3o, forma\u00e7\u00e3o e trabalho em Servi\u00e7o Social em Portugal e no Brasil<\/h2>\n<p>O projeto apresenta-se em tr\u00eas dimens\u00f5es: 1) Investiga\u00e7\u00e3o; 2) Forma\u00e7\u00e3o profissional; 3) Trabalho.<\/p>\n<p><strong>Objetivos:<\/strong><\/p>\n<p>\u00a7\u00a0 Promover o interc\u00e2mbio entre as unidades acad\u00e9micas de forma\u00e7\u00e3o profissional Brasil\/Portugal;<\/p>\n<p>\u00a7\u00a0 Analisar os fundamentos, princ\u00edpios, perfil profissional que norteiam a forma\u00e7\u00e3o dos assistentes sociais brasileiros e portugueses e as implica\u00e7\u00f5es para o exerc\u00edcio profissional;<\/p>\n<p>\u00a7\u00a0 Realizar pesquisas integradas que permitam uma vis\u00e3o das determina\u00e7\u00f5es hist\u00f3rico-universais e das particularidades dos pa\u00edses e regi\u00f5es envolvidas;<\/p>\n<p>\u00a7\u00a0 Investir na\u00a0 qualifica\u00e7\u00e3o de quadros aptos ao desenvolvimento\u00a0 da\u00a0 investiga\u00e7\u00e3o acad\u00eamica direcionada ao desvendamento da realidade e dos objetos de interven\u00e7\u00e3o profissional.<\/p>\n<p><strong>Investigadores<\/strong>:\u00a0(ISMT\/CEPESE):\u00a0Alcina Maria de Castro Martins (investigadora respons\u00e1vel);\u00a0Dulce Serra Sim\u00f5es;\u00a0Maria F\u00e1tima Costa Toscano;\u00a0Maria Rosa Ferreira Clemente Morais Tom\u00e9;\u00a0Regina Tralh\u00e3o Farate;\u00a0Sara Cristina Martins Lopes Borges;\u00a0S\u00f3nia GuadalupeSantos R. N. Abreu; (UFRJ):\u00a0Yolanda Aparecida Dem\u00e9trio Guerra;\u00a0F\u00e1tima da Silva Grave Ortiz; (UFOP; p\u00f3s-doutoramento realizado no ISMT em 2013\/2014):\u00a0Virg\u00ednia Alves Carrara.<\/p>\n<p><strong>Antecedentes do projeto internacional e primeiros resultados:<\/strong><\/p>\n<p>1)\u00a0<a href=\"https:\/\/diinews.ismt.pt\/wp-admin\/post.php?post=1476&amp;action=edit\" target=\"_blank\" rel=\"noreferrer noopener\">Produ\u00e7\u00e3o de disserta\u00e7\u00f5es de mestrado em Servi\u00e7o Social\u00a0<\/a><\/p>\n<p>2)\u00a0<a href=\"https:\/\/diinews.ismt.pt\/?page_id=1479\" target=\"_blank\" rel=\"noreferrer noopener\">Apresenta\u00e7\u00e3o de comunica\u00e7\u00f5es em Congressos nacionais e internacionais, Semin\u00e1rios<\/a><\/p>\n<p>3)\u00a0<a href=\"https:\/\/diinews.ismt.pt\/?page_id=1481\" target=\"_blank\" rel=\"noreferrer noopener\">Publica\u00e7\u00e3o de artigos em revistas nacionais e internacionais, com revis\u00e3o por pares<\/a>\u00a0<\/p>\n<p>4)\u00a0<a href=\"https:\/\/diinews.ismt.pt\/?page_id=1483\" target=\"_blank\" rel=\"noreferrer noopener\">Publica\u00e7\u00e3o de livro\/ cap\u00edtulo de livro<\/a><\/p>\n<p>5)\u00a0<a href=\"https:\/\/diinews.ismt.pt\/?page_id=1487\" target=\"_blank\" rel=\"noreferrer noopener\">Resumos publicados<\/a><\/p>\n<p>6)\u00a0<a href=\"https:\/\/diinews.ismt.pt\/?page_id=1485\" target=\"_blank\" rel=\"noreferrer noopener\">Orienta\u00e7\u00e3o de doutoramento e p\u00f3s-doutoramento em Servi\u00e7o Social<\/a><\/p>\n<p>7)<a href=\"https:\/\/diinews.ismt.pt\/?page_id=1490\" target=\"_blank\" rel=\"noreferrer noopener\">Organiza\u00e7\u00e3o de Confer\u00eancias, Semin\u00e1rios<\/a><\/p>\n\n\n<h6>1)&nbsp;<a href=\"https:\/\/diinews.ismt.pt\/wp-admin\/post.php?post=1476&amp;action=edit\" target=\"_blank\" rel=\"noreferrer noopener\">Produ\u00e7\u00e3o de disserta\u00e7\u00f5es de mestrado em Servi\u00e7o Social&nbsp;<\/a><\/h6>\n\n\n\n<h6><br><\/h6>\n\n\n\n<h6><br><\/h6>\n\n\n\n<h6><br><\/h6>\n\n\n\n<h6><br><\/h6>\n\n\n\n<h6><br><\/h6>\n\n\n\n<h6><strong><a rel=\"noreferrer noopener\" href=\"https:\/\/diinews.ismt.pt\/?page_id=1490\" target=\"_blank\"><\/a><\/strong><\/h6>\n","protected":false},"excerpt":{"rendered":"<p>Investiga\u00e7\u00e3o, forma\u00e7\u00e3o e trabalho em Servi\u00e7o Social em Portugal e no Brasil O projeto apresenta-se em tr\u00eas dimens\u00f5es: 1) Investiga\u00e7\u00e3o; 2) Forma\u00e7\u00e3o profissional; 3) Trabalho. Objetivos: \u00a7\u00a0 Promover o interc\u00e2mbio entre as unidades acad\u00e9micas de forma\u00e7\u00e3o profissional Brasil\/Portugal; \u00a7\u00a0 Analisar os fundamentos, princ\u00edpios, perfil profissional que norteiam a forma\u00e7\u00e3o dos assistentes sociais brasileiros e portugueses [&hellip;]<\/p>\n","protected":false},"author":1,"featured_media":0,"parent":3552,"menu_order":5,"comment_status":"closed","ping_status":"closed","template":"","meta":{"_mi_skip_tracking":false,"_monsterinsights_sitenote_active":false,"_monsterinsights_sitenote_note":"","_monsterinsights_sitenote_category":0},"_links":{"self":[{"href":"https:\/\/diinews.ismt.pt\/index.php?rest_route=\/wp\/v2\/pages\/1501"}],"collection":[{"href":"https:\/\/diinews.ismt.pt\/index.php?rest_route=\/wp\/v2\/pages"}],"about":[{"href":"https:\/\/diinews.ismt.pt\/index.php?rest_route=\/wp\/v2\/types\/page"}],"author":[{"embeddable":true,"href":"https:\/\/diinews.ismt.pt\/index.php?rest_route=\/wp\/v2\/users\/1"}],"replies":[{"embeddable":true,"href":"https:\/\/diinews.ismt.pt\/index.php?rest_route=%2Fwp%2Fv2%2Fcomments&post=1501"}],"version-history":[{"count":5,"href":"https:\/\/diinews.ismt.pt\/index.php?rest_route=\/wp\/v2\/pages\/1501\/revisions"}],"predecessor-version":[{"id":3554,"href":"https:\/\/diinews.ismt.pt\/index.php?rest_route=\/wp\/v2\/pages\/1501\/revisions\/3554"}],"up":[{"embeddable":true,"href":"https:\/\/diinews.ismt.pt\/index.php?rest_route=\/wp\/v2\/pages\/3552"}],"wp:attachment":[{"href":"https:\/\/diinews.ismt.pt\/index.php?rest_route=%2Fwp%2Fv2%2Fmedia&parent=1501"}],"curies":[{"name":"wp","href":"https:\/\/api.w.org\/{rel}","templated":true}]}}