{"id":1490,"date":"2014-11-06T18:54:37","date_gmt":"2014-11-06T18:54:37","guid":{"rendered":"http:\/\/diinews.ismt.pt\/?page_id=1490"},"modified":"2014-11-08T14:27:41","modified_gmt":"2014-11-08T14:27:41","slug":"7-organizacao-de-conferencias-seminarios","status":"publish","type":"page","link":"https:\/\/diinews.ismt.pt\/?page_id=1490","title":{"rendered":"7) Organiza\u00e7\u00e3o de Confer\u00eancias, Semin\u00e1rios"},"content":{"rendered":"<p><b>\u00a0<\/b>MARTINS, Alcina; TOM\u00c9, M. Rosa, 2014 &#8211; organiza\u00e7\u00e3o Semin\u00e1rio\u00a0<i>Demandas do mercado de trabalho e forma\u00e7\u00e3o acad\u00e9mica do Servi\u00e7o Social<\/i>, com Prof\u00aa Doutora Maria Augusta Tavares, professora Associada do Departamento de Servi\u00e7o Social e da P\u00f3s-Gradua\u00e7\u00e3o da Universidade Federal da Para\u00edba, com p\u00f3s-doutoramento no ISMT, no \u00e2mbito do mestrado em Servi\u00e7o Social ISMT, 20.06.<\/p>\n<p>MARTINS, Alcina; TOM\u00c9, M. Rosa, 2014 &#8211; organiza\u00e7\u00e3o do Semin\u00e1rio\u00a0<i>Trabalho e Forma\u00e7\u00e3o Profissional em Tempos de Crise do Capital. Fundamentos Cr\u00edticos com a\u00a0<\/i>Prof\u00aa Doutora \u00a0Virg\u00ednia Alves Carrara da Universidade Federal de Ouro Preto, no Semin\u00e1rio\u00a0<b><i>Crise Contempor\u00e2nea e Servi\u00e7o Social. Trabalho e Pol\u00edticas P\u00fablicas<\/i><\/b>, do mestrado em Servi\u00e7o Social, 31.01.<\/p>\n<p><i>\u00a0<\/i>MARTINS, Alcina; TOM\u00c9, M. Rosa, 2014 &#8211; organiza\u00e7\u00e3o do Semin\u00e1rio\u00a0<i>O Lugar da Investiga\u00e7\u00e3o na Forma\u00e7\u00e3o e na Pr\u00e1tica do Assistente Social,\u00a0<\/i>com a Prof\u00aa Doutora<i>\u00a0<\/i>Adelaide Fernandes Pires Malainho, coordenadora do Curso de Servi\u00e7o Social no Instituto Polit\u00e9cnico de Beja (IPB), no Semin\u00e1rio\u00a0<b><i>Crise Contempor\u00e2nea e Servi\u00e7o Social. Trabalho e Pol\u00edticas P\u00fablicas<\/i><\/b><i>,\u00a0<\/i>no \u00e2mbito do mestrado em Servi\u00e7o Social, 24.01.<\/p>\n<p>MARTINS, Alcina; TOM\u00c9, M. Rosa, 2014 &#8211; organiza\u00e7\u00e3o do Semin\u00e1rio\u00a0<i>Satisfa\u00e7\u00e3o no Trabalho: estudo com professores do ensino superior,<\/i>\u00a0com a Prof\u00aa Doutora Sara Borges,\u00a0<b><i>Crise Contempor\u00e2nea e Servi\u00e7o Social. Trabalho e Pol\u00edticas P\u00fablicas<\/i><\/b>, no \u00e2mbito do curso de mestrado em Servi\u00e7o Social, 17.01.<\/p>\n<p>MARTINS, Alcina e TOM\u00c9, Maria Rosa, 2013 \u2013\u00a0<i>Os campos profissionais do Servi\u00e7o Social: a A\u00e7\u00e3o Social em contexto local,<\/i>\u00a0com a Prof.\u00aa Doutora Maria J\u00falia Cardoso<i>,<\/i>\u00a0<b><i>Crise Contempor\u00e2nea e Servi\u00e7o Social. Trabalho e Pol\u00edticas P\u00fablicas.\u00a0<\/i><\/b>Coimbra:<b><i>\u00a0<\/i><\/b>ISMT, 06.12.<\/p>\n<p>MARTINS, Alcina e TOM\u00c9, Maria Rosa, 2013 \u2013\u00a0<i>O Servi\u00e7o Social Brasileiro: avan\u00e7os e perspectivas, com a Prof.\u00aa Doutora Yolanda Guerra,<\/i>\u00a0<i>professora da Universidade Federal do Rio de Janeiro,<b>\u00a0Crise Contempor\u00e2nea e Servi\u00e7o Social. Trabalho e Pol\u00edticas P\u00fablicas.\u00a0<\/b><\/i>Coimbra: ISMT, 05-11.<\/p>\n<p>MARTINS, Alcina e TOM\u00c9, Maria Rosa, 2013 \u2013\u00a0<i>Quest\u00e3o Social e Pol\u00edticas Sociais \u2013 o caso brasileiro com a Prof.\u00aa Doutora Janete Luzia Leite,<\/i>\u00a0<i>professora da Universidade Federal do Rio de Janeiro,<b>\u00a0Crise Contempor\u00e2nea e Servi\u00e7o Social. Trabalho e Pol\u00edticas P\u00fablicas.\u00a0<\/b><\/i>Coimbra:<b><i>\u00a0<\/i><\/b>ISMT, 05.11.<\/p>\n<p>MARTINS, Alcina e SIM\u00d5ES, Dulce, 2013 \u2013\u00a0<i>Servi\u00e7o Social da Universidade Federal Fluminense no ISMT<\/i>. Semana de Interc\u00e2mbio ao abrigo do Protocolo interinstitucional entre ISMT e a Escola de Servi\u00e7o Social da UFF. Coimbra: ISMT, coordena\u00e7\u00e3o dos cursos de licenciatura e mestrado em Servi\u00e7o Social, 25 a 29.11.<\/p>\n<p>MARTINS, Alcina e TOM\u00c9, Maria Rosa, 2013 \u2013\u00a0<i>O Brasil na Crise do Capital: Desdobramentos na conjuntura atual e as lutas dos trabalhadores, com o Prof. Doutor\u00a0<\/i>Frederico Jos\u00e9 Falc\u00e3o Doutorado em Servi\u00e7o Social pela UFRJ, Ex Diretor do Sindicato Nacional dos Docentes das Institui\u00e7\u00f5es de Ensino Superior (ANDES-SN), Semin\u00e1rio no \u00e2mbito do mestrado em Servi\u00e7o Social. Coimbra:<b><i>\u00a0<\/i><\/b>ISMT, 21.06.<\/p>\n<p>MARTINS, Alcina e TOM\u00c9, Maria Rosa, 2013 \u2013\u00a0<i>Trabalho prec\u00e1rio, superexplora\u00e7\u00e3o e pobreza,\u00a0<\/i>com a Prof\u00aa. Doutora<i>\u00a0<\/i>Ana Elisabete Mota<i>, professora da Universidade Federal de Pernambuco,<b>\u00a0Crise Contempor\u00e2nea e Servi\u00e7o Social. Trabalho e Pol\u00edticas P\u00fablicas,\u00a0<\/b><\/i>ISMT, 18.01.<\/p>\n<p>MARTINS, Alcina e TOM\u00c9, Maria Rosa, 2012 \u2013\u00a0<i>A Mudan\u00e7a do Sentido Social da Interven\u00e7\u00e3o Profissional,\u00a0<\/i>com o Prof. Doutor Jos\u00e9 Paulo Netto, professor em\u00e9rito da Universidade Federal do Rio de Janeiro,\u00a0<b><i>Crise Contempor\u00e2nea e Servi\u00e7o Social. Trabalho e Pol\u00edticas P\u00fablicas.\u00a0<\/i><\/b>Coimbra: ISMT, 05-12.<\/p>\n<p>MARTINS, Alcina, 2012 &#8211;\u00a0<i>O Debate sobre a Defini\u00e7\u00e3o de Servi\u00e7o Social da FIAS na Am\u00e9rica Latina,<\/i>\u00a0com a Prof\u00aa Doutora Esther Luiza de Sousa Lemos, da Comiss\u00e3o de Forma\u00e7\u00e3o Profissional e Rela\u00e7\u00f5es Internacionais do Conselho Federal de Servi\u00e7o Social (CFESS), no \u00e2mbito do mestrado em Servi\u00e7o Social. Coimbra: ISMT, 25.05.<\/p>\n<p>MARTINS, Alcina, 2012 &#8211;\u00a0<i>\u00a0Reflex\u00f5es te\u00f3ricas e metodol\u00f3gicas a partir da proposta da nova defini\u00e7\u00e3o de Servi\u00e7o Social da FIAS na Am\u00e9rica Latina, a ser apresentada no Congresso Mundial de Estocolmo, 2012<\/i>, com a Prof\u00aa Doutora Ana Elisabete Sim\u00f5es da Mota, do Departamento de Servi\u00e7o Social da Universidade Federal de Pernambuco, presidente da Associa\u00e7\u00e3o Latino Americana de Ensino e Investiga\u00e7\u00e3o em Trabalho Social (ALAEITS) e membro do Grupo de Trabalho do CFESS \u201cDefini\u00e7\u00e3o Mundial do Servi\u00e7o Social\u201d, no \u00e2mbito do mestrado em Servi\u00e7o Social. Coimbra: ISMT, 25.05.<\/p>\n<p>MARTINS, Alcina e TOM\u00c9, Maria Rosa, 2011 \u2013<i>\u00a0O Trabalho flexivel: informalidade e precariza\u00e7\u00e3o,\u00a0<\/i>com a Prof\u00aa Doutora<i>\u00a0<\/i>Maria Augusta Tavares<b>,\u00a0<\/b>do Departamento de Servi\u00e7o Social e da P\u00f3s-Gradua\u00e7\u00e3o da<i>\u00a0<\/i>Universidade Federal da Para\u00edba, \u00a0Bolseira de p\u00f3s-doutoramento do Conselho Nacional de Desenvolvimento Cient\u00edfico e Tecnol\u00f3gico (CNPq), no ISMT.\u00a0<b><i>Semin\u00e1rio\u00a0<\/i><\/b><b><i>Tempos de Mudan\u00e7a Hist\u00f3ria, Mem\u00f3ria e Investiga\u00e7\u00e3o em Servi\u00e7o Social<\/i><\/b><i>.<\/i>\u00a0Coimbra: ISMT, 25.11.<\/p>\n<p>MARTINS, Alcina e TOM\u00c9, Maria Rosa, 2011 \u2013<b>\u00a0<\/b><i>Investiga\u00e7\u00e3o em Servi\u00e7o Social. Trabalho e Quest\u00e3o Social.<\/i><b>\u00a0<\/b>com a Prof\u00aa Doutora Maria Augusta Tavares, do Departamento de Servi\u00e7o Social e da P\u00f3s-Gradua\u00e7\u00e3o da<i>\u00a0<\/i>Universidade Federal da Para\u00edba, \u00a0Bolseira de p\u00f3s-doutoramento do Conselho Nacional de Desenvolvimento Cient\u00edfico e Tecnol\u00f3gico (CNPq).\u00a0<b>Aula Aberta<\/b>\u00a0do \u201cSemin\u00e1rio de Disserta\u00e7\u00e3o I\u201d do mestrado em Servi\u00e7o Social. Coimbra: ISMT, 24.06.<\/p>\n<p>MARTINS, Alcina e TOM\u00c9, Maria Rosa, 2011\u00a0 \u2013\u00a0<i>Quotidiano e \u00c9tica\u00a0no exerc\u00edcio profissional do Assistente Social, com\u00a0<\/i>Prof. Doutor Maur\u00edlio Castro de Matos,\u00a0Professor do Programa de P\u00f3s-Gradua\u00e7\u00e3o da Faculdade de Servi\u00e7o Social da Universidade do Estado do Rio de Janeiro (UERJ).\u00a0<b><i>Semin\u00e1rio<\/i><\/b><b><i>\u00a0Tempos de Mudan\u00e7a Hist\u00f3ria, Mem\u00f3ria e Investiga\u00e7\u00e3o em Servi\u00e7o Social<\/i><\/b><i>.\u00a0<\/i>Coimbra:<i>\u00a0<\/i>ISMT, 11.02.<\/p>\n<p>MARTINS, Alcina, 2010\u00a0 \u2013 \u201cRela\u00e7\u00f5es Sociais e Rela\u00e7\u00f5es de G\u00e9nero no Contexto do Mundo do Trabalho\u201d, com os Prof. Doutores Jos\u00e9 Walter Can\u00f4as e Cilene Swain Can\u00f4as.\u00a0<b><i>Semin\u00e1rio\u00a0<\/i><\/b><b><i>Tempos de Mudan\u00e7a Hist\u00f3ria, Mem\u00f3ria e Investiga\u00e7\u00e3o em Servi\u00e7o Social<\/i><\/b><i>,<\/i>\u00a0ISMT, 10.09.<\/p>\n<p>MARTINS, Alcina (coord.) 2010 \u2013\u00a0<b><i>Semin\u00e1rio Produ\u00e7\u00e3o do Conhecimento para a Interven\u00e7\u00e3o Profissional: Contributos do Mestrado em Servi\u00e7o Social do ISMT<\/i><\/b><i>,\u00a0<\/i>ISMT, Casa Municipal da Cultura em Coimbra, 25 e 26.02.<\/p>\n<p>MARTINS, Alcina, 2010 \u2013 \u201cEnfrentamento da Pobreza no Neoliberalismo: Desafios para o Servi\u00e7o Social\u201d, com Prof. Doutor Carlos Monta\u00f1o e doutoranda Luana Siqueira.\u00a0<b><i>Semin\u00e1rio<\/i><\/b><b><i>\u00a0Tempos de Mudan\u00e7a Hist\u00f3ria, Mem\u00f3ria e Investiga\u00e7\u00e3o em Servi\u00e7o Social<\/i><\/b><i>,\u00a0<\/i>ISMT, 15.01.<\/p>\n","protected":false},"excerpt":{"rendered":"<p>\u00a0MARTINS, Alcina; TOM\u00c9, M. Rosa, 2014 &#8211; organiza\u00e7\u00e3o Semin\u00e1rio\u00a0Demandas do mercado de trabalho e forma\u00e7\u00e3o acad\u00e9mica do Servi\u00e7o Social, com Prof\u00aa Doutora Maria Augusta Tavares, professora Associada do Departamento de Servi\u00e7o Social e da P\u00f3s-Gradua\u00e7\u00e3o da Universidade Federal da Para\u00edba, com p\u00f3s-doutoramento no ISMT, no \u00e2mbito do mestrado em Servi\u00e7o Social ISMT, 20.06. MARTINS, Alcina; [&hellip;]<\/p>\n","protected":false},"author":1,"featured_media":0,"parent":1501,"menu_order":7,"comment_status":"closed","ping_status":"closed","template":"","meta":{"_mi_skip_tracking":false,"_monsterinsights_sitenote_active":false,"_monsterinsights_sitenote_note":"","_monsterinsights_sitenote_category":0},"_links":{"self":[{"href":"https:\/\/diinews.ismt.pt\/index.php?rest_route=\/wp\/v2\/pages\/1490"}],"collection":[{"href":"https:\/\/diinews.ismt.pt\/index.php?rest_route=\/wp\/v2\/pages"}],"about":[{"href":"https:\/\/diinews.ismt.pt\/index.php?rest_route=\/wp\/v2\/types\/page"}],"author":[{"embeddable":true,"href":"https:\/\/diinews.ismt.pt\/index.php?rest_route=\/wp\/v2\/users\/1"}],"replies":[{"embeddable":true,"href":"https:\/\/diinews.ismt.pt\/index.php?rest_route=%2Fwp%2Fv2%2Fcomments&post=1490"}],"version-history":[{"count":2,"href":"https:\/\/diinews.ismt.pt\/index.php?rest_route=\/wp\/v2\/pages\/1490\/revisions"}],"predecessor-version":[{"id":1495,"href":"https:\/\/diinews.ismt.pt\/index.php?rest_route=\/wp\/v2\/pages\/1490\/revisions\/1495"}],"up":[{"embeddable":true,"href":"https:\/\/diinews.ismt.pt\/index.php?rest_route=\/wp\/v2\/pages\/1501"}],"wp:attachment":[{"href":"https:\/\/diinews.ismt.pt\/index.php?rest_route=%2Fwp%2Fv2%2Fmedia&parent=1490"}],"curies":[{"name":"wp","href":"https:\/\/api.w.org\/{rel}","templated":true}]}}