{"id":1485,"date":"2014-11-06T18:53:51","date_gmt":"2014-11-06T18:53:51","guid":{"rendered":"http:\/\/diinews.ismt.pt\/?page_id=1485"},"modified":"2014-11-08T14:27:30","modified_gmt":"2014-11-08T14:27:30","slug":"6-orientacao-de-doutoramento-e-pos-doutoramento-em-servico-social","status":"publish","type":"page","link":"https:\/\/diinews.ismt.pt\/?page_id=1485","title":{"rendered":"6) Orienta\u00e7\u00e3o de doutoramento e p\u00f3s-doutoramento em Servi\u00e7o Social"},"content":{"rendered":"<p>MARTINS, Alcina \u2013 investiga\u00e7\u00e3o de p\u00f3s doutoramento da Prof\u00aa Doutora Virg\u00ednia Alves Carrara. <i>A imagem social constru\u00edda e a atual auto imagem da profiss\u00e3o:<b> <\/b>di\u00e1logo entre as particularidades do Servi\u00e7o Social Portugu\u00eas e o Servi\u00e7o Social Brasileiro em tempo de crise do capital<\/i>. Doutorada em Servi\u00e7o Social, professora adjunta II do Curso de Servi\u00e7o Social do Departamento de Ci\u00eancias Sociais, Jornalismo e Servi\u00e7o Social do Instituto de Ci\u00eancias Sociais Aplicadas da Universidade Federal de Ouro Preto\/UFOP. ISMT- institui\u00e7\u00e3o de acolhimento, de 09.2013 a 08. 2014.<\/p>\n<p>MARTINS, Alcina, &#8211; investiga\u00e7\u00e3o de p\u00f3s-doutoramento da Prof\u00aa Doutora Maria Augusta Tavares. <i>O Mercado como mecanismo do (des) Entrela\u00e7amento dos Povos. Um debate sobre o Trabalho Informal na Imigra\u00e7\u00e3o Portuguesa<\/i>. \u00a0professora do Departamento de Servi\u00e7o Social e da P\u00f3s-Gradua\u00e7\u00e3o da<i> <\/i>Universidade Federal da Para\u00edba, Bolseira de p\u00f3s-doutoramento do Conselho Nacional de Desenvolvimento Cient\u00edfico e Tecnol\u00f3gico (CNPq). Desenvolveu parte dos estudos p\u00f3s-doutorais em Portugal, no ISMT- institui\u00e7\u00e3o de acolhimento, de 05.2011 a 10.2012.<\/p>\n<p>MARTINS, Alcina &#8211; investiga\u00e7\u00e3o de p\u00f3s-doutoramento Prof. Doutor Carlos Eduardo Monta\u00f1o<i>. <\/i><i>Estrat\u00e9gias de interven\u00e7\u00e3o profissional: uma avalia\u00e7\u00e3o cr\u00edtica das propostas de Boaventura de Sousa Santos<\/i>. Professor adjunto da Escola de Servi\u00e7o Social da Universidade Federal do Rio de Janeiro (UFRJ). Desenvolveu parte dos estudos p\u00f3s-doutorais em Portugal, no ISMT- institui\u00e7\u00e3o de acolhimento, de 10.2009 a 03.2010.<\/p>\n<p><b>\u00a0<\/b><\/p>\n<p><b>Orienta\u00e7\u00e3o de doutorandos\u00a0 <\/b><\/p>\n<p>MARTINS, Alcina &#8211; A droga na sociedade capitalista, <i>Vera L\u00facia Martins<\/i>, doutoranda em Servi\u00e7o Social da Pontif\u00edcia Universidade Cat\u00f3lica de S\u00e3o Paulo (PUC-SP). ISMT- institui\u00e7\u00e3o de acolhimento de 07. a 12. 2010.<\/p>\n<p>MARTINS, Alcina &#8211; Desafios e Impasses nos diferentes tratos te\u00f3ricos da categoria pobreza na produ\u00e7\u00e3o acad\u00eamica do Servi\u00e7o Social, <i>Luana Souza Siqueira<\/i>, doutoranda da Faculdade de Servi\u00e7o Social, Programa de P\u00f3s-Gradua\u00e7\u00e3o, Centro de Ci\u00eancias Sociais, da Universidade do Estado do Rio de Janeiro (UERJ). ISMT- institui\u00e7\u00e3o de acolhimento de 10. 2009 a 02. 2010.<\/p>\n<p>MARTINS, Alcina &#8211; As Liga\u00e7\u00f5es Perigosas: Servi\u00e7o Social e os Movimentos Sociais no Brasil Contempor\u00e2neo<i>, Frederico Jos\u00e9 Falc\u00e3o<\/i>, doutorando do Programa de Estudos P\u00f3s-Graduados em Servi\u00e7o Social da Escola de Servi\u00e7o Social da Universidade Federal do Rio de Janeiro (UFRJ). ISMT- institui\u00e7\u00e3o de acolhimento de 07. a 09.2009.<\/p>\n<p>MARTINS, Alcina &#8211; Servi\u00e7o Social e Economia Solid\u00e1ria, <i>Daniela Neves de Sousa<\/i>, doutoranda do Programa de Estudos P\u00f3s-Graduados em Servi\u00e7o Social da Universidade Federal do Rio de Janeiro (UFRJ). ISMT- institui\u00e7\u00e3o de acolhimento de 05. a 08.2008.<\/p>\n<p>MARTINS, Alcina &#8211; Lukacs e o Servi\u00e7o Social, <i>Adrianyce Ang\u00e9lica Silva de Sousa<\/i>, doutoranda do Programa de Estudos P\u00f3s-Graduados em Servi\u00e7o Social da Universidade Federal do Rio de Janeiro (UFRJ). ISMT- institui\u00e7\u00e3o de acolhimento de 05. a 08.2008.<\/p>\n<p>MARTINS, Alcina &#8211; Viol\u00eancia contra as mulheres: direitos, acesso \u00e0 justi\u00e7a e Servi\u00e7o Social, <i>Rosana Mirales<\/i>, doutoranda em Servi\u00e7o Social da Pontif\u00edcia Universidade Cat\u00f3lica de S\u00e3o Paulo (PUC-SP). ISMT- institui\u00e7\u00e3o de acolhimento de 08.2007 a 02.2008.<\/p>\n<p>MARTINS, Alcina &#8211; Servi\u00e7o Social e Sa\u00fade: o desafio de consolidar, no exerc\u00edcio profissional, o projecto \u00e9tico-pol\u00edtico da profiss\u00e3o e o projecto da reforma sanit\u00e1ria, <i>Maur\u00edlio Castro de Matos<\/i>, doutorando em Servi\u00e7o Social da Pontif\u00edcia Universidade Cat\u00f3lica de S\u00e3o Paulo (PUC-SP). ISMT- institui\u00e7\u00e3o de acolhimento de 02.a 08. 2007.<\/p>\n<p>MARTINS, Alcina &#8211; Hegemonia do projecto \u00e9tico-pol\u00edtico do Servi\u00e7o Social: crise ou resist\u00eancia? Uma an\u00e1lise a partir dos fundamentos te\u00f3rico-metodol\u00f3gicos, <i>Ana L\u00edvia Adriano<\/i>, doutoranda em Servi\u00e7o Social da Pontif\u00edcia Universidade Cat\u00f3lica de S\u00e3o Paulo (PUC-SP). ISMT- institui\u00e7\u00e3o de acolhimento de 02.a 06. 2007.<\/p>\n<p>MARTINS, Alcina &#8211; Considera\u00e7\u00f5es bio\u00e9ticas sobre o exerc\u00edcio profissional em Servi\u00e7o Social, <i>Luciana Maria Cavalcante Melo<\/i>, doutoranda em Servi\u00e7o Social da Pontif\u00edcia Universidade Cat\u00f3lica de S\u00e3o Paulo (PUC-SP). ISMT- institui\u00e7\u00e3o de acolhimento de 01. a 04. 2007.<\/p>\n<p>MARTINS, Alcina &#8211; A particularidade da rela\u00e7\u00e3o entre Servi\u00e7o Social e Pol\u00edtica de Assist\u00eancia Social na d\u00e9cada de 90, <i>Esther Lu\u00edza Lemos Hein,<\/i> doutoranda do Programa de P\u00f3s-Gradua\u00e7\u00e3o em Servi\u00e7o Social da Universidade Federal do Rio de Janeiro \u00a0(UFRJ). ISMT- institui\u00e7\u00e3o de acolhimento de 09. 2006 a 02.2007.<\/p>\n","protected":false},"excerpt":{"rendered":"<p>MARTINS, Alcina \u2013 investiga\u00e7\u00e3o de p\u00f3s doutoramento da Prof\u00aa Doutora Virg\u00ednia Alves Carrara. A imagem social constru\u00edda e a atual auto imagem da profiss\u00e3o: di\u00e1logo entre as particularidades do Servi\u00e7o Social Portugu\u00eas e o Servi\u00e7o Social Brasileiro em tempo de crise do capital. Doutorada em Servi\u00e7o Social, professora adjunta II do Curso de Servi\u00e7o Social [&hellip;]<\/p>\n","protected":false},"author":1,"featured_media":0,"parent":1501,"menu_order":6,"comment_status":"closed","ping_status":"closed","template":"","meta":{"_mi_skip_tracking":false,"_monsterinsights_sitenote_active":false,"_monsterinsights_sitenote_note":"","_monsterinsights_sitenote_category":0},"_links":{"self":[{"href":"https:\/\/diinews.ismt.pt\/index.php?rest_route=\/wp\/v2\/pages\/1485"}],"collection":[{"href":"https:\/\/diinews.ismt.pt\/index.php?rest_route=\/wp\/v2\/pages"}],"about":[{"href":"https:\/\/diinews.ismt.pt\/index.php?rest_route=\/wp\/v2\/types\/page"}],"author":[{"embeddable":true,"href":"https:\/\/diinews.ismt.pt\/index.php?rest_route=\/wp\/v2\/users\/1"}],"replies":[{"embeddable":true,"href":"https:\/\/diinews.ismt.pt\/index.php?rest_route=%2Fwp%2Fv2%2Fcomments&post=1485"}],"version-history":[{"count":1,"href":"https:\/\/diinews.ismt.pt\/index.php?rest_route=\/wp\/v2\/pages\/1485\/revisions"}],"predecessor-version":[{"id":1489,"href":"https:\/\/diinews.ismt.pt\/index.php?rest_route=\/wp\/v2\/pages\/1485\/revisions\/1489"}],"up":[{"embeddable":true,"href":"https:\/\/diinews.ismt.pt\/index.php?rest_route=\/wp\/v2\/pages\/1501"}],"wp:attachment":[{"href":"https:\/\/diinews.ismt.pt\/index.php?rest_route=%2Fwp%2Fv2%2Fmedia&parent=1485"}],"curies":[{"name":"wp","href":"https:\/\/api.w.org\/{rel}","templated":true}]}}