{"id":1483,"date":"2014-11-06T18:49:06","date_gmt":"2014-11-06T18:49:06","guid":{"rendered":"http:\/\/diinews.ismt.pt\/?page_id=1483"},"modified":"2014-11-08T14:27:06","modified_gmt":"2014-11-08T14:27:06","slug":"4-publicacao-de-livro-capitulo-de-livro","status":"publish","type":"page","link":"https:\/\/diinews.ismt.pt\/?page_id=1483","title":{"rendered":"4) Publica\u00e7\u00e3o de livro\/ cap\u00edtulo de livro"},"content":{"rendered":"<p>MARTINS, Alcina; Carrara, Virg\u00ednia, 2014 &#8211; Di\u00e1logo entre las particularidades del Trabajo Social Portugu\u00e9s y Brasile\u00f1o en tiempo de crisis del capital y internacionalizaci\u00f3n de la formaci\u00f3n professional in: Seller, E.P.; Fuentes, M. T.; Hern\u00e1ndez, M.A.; L\u00f3pez, Y. D. (coord). <i>El Trabajo Social ante el reto de la crisis y la<\/i> <i>educaci\u00f3n superior. I Congreso Internacional de Facultades y Escuelas de Trabajo<\/i> <i>Social<\/i>, Murcia, abril de 2014, Editorial Universitas, S.A. pp. 1645-1653. ISBN 978-84-7991-424-0.<\/p>\n<p>MARTINS, Alcina, 2013 &#8211; Women in the History of Social Work in Portugal, in: Sabine Hering, Berteke Waaldijk (ed), History of Social Work in Europe (1900-1960). <i>Female Pioneers and their Influence on the Development of International Social Organisations<\/i>, Hamburg, Opladen, p. 177-185. ISBN &#8211; 10 9783810036353<\/p>\n<p>MARTINS, Alcina, 2013 &#8211; <i>Internacionaliza\u00e7\u00e3o e <\/i><i>Dissemina\u00e7\u00e3o do Conhecimento. Mestrado em Servi\u00e7o Social do Instituto Superior Miguel Torga<\/i>. &#8211; I (2001-1013). Coimbra: Instituto Superior Miguel Torga, 2013. ISBN: 978-989-98594-1-8. Em: <a href=\"http:\/\/www.ismt.pt\/index.jsp?hm=0&amp;vm=1x2\">http:\/\/www.ismt.pt\/index.jsp?hm=0&amp;vm=1&#215;2<\/a><\/p>\n<p>MARTINS, Alcina, 2013 &#8211; <i>Produ\u00e7\u00e3o de conhecimento nos cursos de Mestrado em Servi\u00e7o Social<\/i>. Disserta\u00e7\u00f5es (2003-2012). Coimbra: Instituto Superior Miguel Torga. 2013. ISBN: 978-989-98594-0-1. Em: <a href=\"http:\/\/www.ismt.pt\/index.jsp?hm=0&amp;vm=1x2\">http:\/\/www.ismt.pt\/index.jsp?hm=0&amp;vm=1&#215;2<\/a><\/p>\n<p>MARTINS, Alcina, 2010 &#8211; Os Cursos de Mestrado e de 2\u00ba ciclo em Servi\u00e7o Social no Instituto Superior Miguel Torga &#8211; apresenta\u00e7\u00e3o de <i>Recortes dos Cursos de Mestrado em Servi\u00e7o Social. Mostra de Investiga\u00e7\u00e3o em Servi\u00e7o Social: Disserta\u00e7\u00f5es e obras publicadas dos professores e investigadores dos cursos de Mestrado em Servi\u00e7o Social no ISMT,<\/i> CD-ROM fevereiro.<\/p>\n<p>MARTINS, Alcina; TOM\u00c9, Rosa, 2008 &#8211; O Estado Actual da Forma\u00e7\u00e3o em Servi\u00e7o Social em Portugal. Problemas e desafios \u00e0 organiza\u00e7\u00e3o profissional. IFSW, CFESS, <i>19\u00ba Confer\u00eancia Mundial de Servi\u00e7o Social<\/i>, Salvador &#8211; Bahia, Brasil, 16 a 19 agosto. Formato CD-ROM.<\/p>\n<p>MARTINS, Alcina; TOM\u00c9, Rosa, 2008 &#8211; Desemprego e Diplomados em Servi\u00e7o Social.\u00a0 Lisboa, CPIHTS.<\/p>\n","protected":false},"excerpt":{"rendered":"<p>MARTINS, Alcina; Carrara, Virg\u00ednia, 2014 &#8211; Di\u00e1logo entre las particularidades del Trabajo Social Portugu\u00e9s y Brasile\u00f1o en tiempo de crisis del capital y internacionalizaci\u00f3n de la formaci\u00f3n professional in: Seller, E.P.; Fuentes, M. T.; Hern\u00e1ndez, M.A.; L\u00f3pez, Y. D. (coord). El Trabajo Social ante el reto de la crisis y la educaci\u00f3n superior. I Congreso [&hellip;]<\/p>\n","protected":false},"author":1,"featured_media":0,"parent":1501,"menu_order":4,"comment_status":"closed","ping_status":"closed","template":"","meta":{"_mi_skip_tracking":false,"_monsterinsights_sitenote_active":false,"_monsterinsights_sitenote_note":"","_monsterinsights_sitenote_category":0},"_links":{"self":[{"href":"https:\/\/diinews.ismt.pt\/index.php?rest_route=\/wp\/v2\/pages\/1483"}],"collection":[{"href":"https:\/\/diinews.ismt.pt\/index.php?rest_route=\/wp\/v2\/pages"}],"about":[{"href":"https:\/\/diinews.ismt.pt\/index.php?rest_route=\/wp\/v2\/types\/page"}],"author":[{"embeddable":true,"href":"https:\/\/diinews.ismt.pt\/index.php?rest_route=\/wp\/v2\/users\/1"}],"replies":[{"embeddable":true,"href":"https:\/\/diinews.ismt.pt\/index.php?rest_route=%2Fwp%2Fv2%2Fcomments&post=1483"}],"version-history":[{"count":1,"href":"https:\/\/diinews.ismt.pt\/index.php?rest_route=\/wp\/v2\/pages\/1483\/revisions"}],"predecessor-version":[{"id":1484,"href":"https:\/\/diinews.ismt.pt\/index.php?rest_route=\/wp\/v2\/pages\/1483\/revisions\/1484"}],"up":[{"embeddable":true,"href":"https:\/\/diinews.ismt.pt\/index.php?rest_route=\/wp\/v2\/pages\/1501"}],"wp:attachment":[{"href":"https:\/\/diinews.ismt.pt\/index.php?rest_route=%2Fwp%2Fv2%2Fmedia&parent=1483"}],"curies":[{"name":"wp","href":"https:\/\/api.w.org\/{rel}","templated":true}]}}