{"id":1479,"date":"2014-11-06T16:37:26","date_gmt":"2014-11-06T16:37:26","guid":{"rendered":"http:\/\/diinews.ismt.pt\/?page_id=1479"},"modified":"2014-11-08T14:26:15","modified_gmt":"2014-11-08T14:26:15","slug":"2-apresentacao-de-comunicacoes-em-congressos-nacionais-e-internacionais-seminarios","status":"publish","type":"page","link":"https:\/\/diinews.ismt.pt\/?page_id=1479","title":{"rendered":"2) Apresenta\u00e7\u00e3o de comunica\u00e7\u00f5es em Congressos nacionais e internacionais, Semin\u00e1rios"},"content":{"rendered":"<p>MARTINS, Alcina; CARRARA, Virg\u00ednia, TOM\u00c9, M. Rosa, 2014 &#8211; A emigra\u00e7\u00e3o dos Assistentes Sociais portugueses: faces do trabalho e do desemprego em tempos de crise e austeridade. Comunica\u00e7\u00e3o apresentada ao <i>III Congresso Nacional de Servi\u00e7o Social <\/i><i>&#8211; Crises e (In)Justi\u00e7a Social: Desafios para A(o)s Assistentes Sociais<\/i>, Associa\u00e7\u00e3o de Profissionais de Servi\u00e7o Social, Coimbra, 23 e 24 maio.<\/p>\n<p>MARTINS, Alcina; CARRARA, Virg\u00ednia, 2014 &#8211; Di\u00e1logo entre las particularidades del Trabajo Social Portugu\u00e9s y Brasile\u00f1o en tiempo de crisis del capital y internacionalizaci\u00f3n de la formaci\u00f3n professional, in: <i>El Trabajo Social ante el reto de la crisis y la<\/i> <i>educaci\u00f3n superior. I Congreso Internacional de Facultades y Escuelas de Trabajo<\/i> <i>Social<\/i>, Murcia, 23 a 25 abril.<\/p>\n<p>MARTINS, Alcina, 2010 \u2013 Forma\u00e7\u00e3o e Mercado de trabalho em Servi\u00e7o Social nos \u00faltimos 20 anos em Portugal. Comunica\u00e7\u00e3o apresentada no <i>II Congresso Nacional em Servi\u00e7o Social \u2013 Espa\u00e7o (s) e Compromisso (s) da Profiss\u00e3o<\/i>. Almada: Associa\u00e7\u00e3o de Profissionais de Servi\u00e7o Social, 18 e 19 novembro.<\/p>\n<p>MARTINS, Alcina, 2010 \u2013 Traject\u00f3ria, Desenvolvimento e\u00a0Desafios Contempor\u00e2neos ao Servi\u00e7o Social em Portugal<b><i>, <\/i><\/b>Confer\u00eancia de Abertura do <i>Col\u00f3quio Internacional<\/i> &#8211; <i>Desafios do Servi\u00e7o Social:<\/i> <i>pol\u00edticas, interven\u00e7\u00f5es e luta<\/i> <i>contra a pobreza e a exclus\u00e3o<\/i>. Universidade dos A\u00e7ores, 11 a 13 novembro.<\/p>\n<p>MARTINS, Alcina, 2010 &#8211;<i> <\/i>Servi\u00e7o Social, Desafios Contempor\u00e2neos e Investiga\u00e7\u00e3o<i>.<\/i> <i>Semana de Servi\u00e7o Social<\/i>, Instituto Superior de Ci\u00eancias Jur\u00eddicas e Sociais. Cidade da Praia &#8211; Santiago, Cabo Verde, 27 e 28 setembro.<\/p>\n<p>MARTINS, Alcina, 2010<i> &#8211;<\/i> Doutrinarismo, metodologismo e aproxima\u00e7\u00e3o ao Servi\u00e7o Social Cr\u00edtico na Ditadura. <i>I Semin\u00e1rio Internacional de Servi\u00e7o Social na ULHT<\/i>. Lisboa: Universidade Lus\u00f3fona de Humanidades e Tecnologias, 29 maio,1 e 2 junho.<\/p>\n<p>MARTINS, Alcina, 2010 &#8211; Forma\u00e7\u00e3o e mercado de trabalho dos Assistentes Sociais nos \u00faltimos 20 anos. Uma aproxima\u00e7\u00e3o\u201d. <i>Semin\u00e1rio Produ\u00e7\u00e3o do conhecimento para a interven\u00e7\u00e3o profissional. Contributos do mestrado em Servi\u00e7o Social do ISMT. <\/i>Coimbra: Instituto Superior Miguel Torga, 25 fevereiro.<\/p>\n<p>MARTINS, Alcina; BRANCO, Ana; ROCHA, Ana; PIRES, Susana, 2010 &#8211; Forma\u00e7\u00e3o, diplomados e desempregados em Servi\u00e7o Social: an\u00e1lise das estat\u00edsticas do ensino superior e do emprego em 2007\/08. <i>Semin\u00e1rio Produ\u00e7\u00e3o do conhecimento para a interven\u00e7\u00e3o profissional. Contributos do mestrado em Servi\u00e7o Social do ISMT. <\/i>Coimbra: Instituto Superior Miguel Torga, 25 fevereiro.<\/p>\n<p>MARTINS, Alcina, 2008 &#8211; Investiga\u00e7\u00e3o em Servi\u00e7o Social no Portugal Contempor\u00e2neo. Paradoxos e Desafios\u201d. International Seminar <i>Social Work Research: current experience &amp; Tendencies<\/i>, CESSS, Universidade Cat\u00f3lica Portuguesa. Lisboa:\u00a0 22 e 23 maio.<\/p>\n<p>MARTINS, Alcina, 2008 &#8211; A Forma\u00e7\u00e3o em Servi\u00e7o Social ap\u00f3s a adequa\u00e7\u00e3o ao processo de Bolonha: quest\u00f5es e desafios \u00e0 organiza\u00e7\u00e3o profissional, <i>Semin\u00e1rio Luso Espanhol Servi\u00e7o Social, forma\u00e7\u00e3o, profiss\u00e3o e investiga\u00e7\u00e3o \u2013 desafios para o s\u00e9culo XXI<\/i>. Escola Superior de Educa\u00e7\u00e3o do Instituto Polit\u00e9cnico de Beja, \u00a0CPIHTS. Beja: 7 maio.<\/p>\n<p>MARTINS, Alcina; TOM\u00c9, Rosa, 2008 &#8211; O Estado Actual da Forma\u00e7\u00e3o em Servi\u00e7o Social em Portugal: uma proposta de refor\u00e7o da organiza\u00e7\u00e3o profissional. <i>Semin\u00e1rio Euro-Brasileiro Servi\u00e7o Social, Forma\u00e7\u00e3o, Investiga\u00e7\u00e3o, Qualidade &amp; Desenvolvimento<\/i>. Mestrado em Servi\u00e7o Social do ISMT. Coimbra: 20 fevereiro.<\/p>\n<p>MARTINS, Alcina, 2007 &#8211; Servi\u00e7o Social: que desafios profissionais na sociedade contempor\u00e2nea?, Ora\u00e7\u00e3o de Sapi\u00eancia, <i>Abertura Solene das Aulas do Instituto Superior Miguel Torga<\/i>, 11 novembro.<\/p>\n<p>MARTINS, Alcina, 2007 &#8211; O processo de Bolonha e a forma\u00e7\u00e3o em Servi\u00e7o Social. Quest\u00f5es e problemas. <i>Dia Mundial do Assistente Social<\/i>, APSS\/ AIDSS, Matosinhos, 27 mar\u00e7o.<\/p>\n","protected":false},"excerpt":{"rendered":"<p>MARTINS, Alcina; CARRARA, Virg\u00ednia, TOM\u00c9, M. Rosa, 2014 &#8211; A emigra\u00e7\u00e3o dos Assistentes Sociais portugueses: faces do trabalho e do desemprego em tempos de crise e austeridade. Comunica\u00e7\u00e3o apresentada ao III Congresso Nacional de Servi\u00e7o Social &#8211; Crises e (In)Justi\u00e7a Social: Desafios para A(o)s Assistentes Sociais, Associa\u00e7\u00e3o de Profissionais de Servi\u00e7o Social, Coimbra, 23 e [&hellip;]<\/p>\n","protected":false},"author":1,"featured_media":0,"parent":1501,"menu_order":2,"comment_status":"closed","ping_status":"closed","template":"","meta":{"_mi_skip_tracking":false,"_monsterinsights_sitenote_active":false,"_monsterinsights_sitenote_note":"","_monsterinsights_sitenote_category":0},"_links":{"self":[{"href":"https:\/\/diinews.ismt.pt\/index.php?rest_route=\/wp\/v2\/pages\/1479"}],"collection":[{"href":"https:\/\/diinews.ismt.pt\/index.php?rest_route=\/wp\/v2\/pages"}],"about":[{"href":"https:\/\/diinews.ismt.pt\/index.php?rest_route=\/wp\/v2\/types\/page"}],"author":[{"embeddable":true,"href":"https:\/\/diinews.ismt.pt\/index.php?rest_route=\/wp\/v2\/users\/1"}],"replies":[{"embeddable":true,"href":"https:\/\/diinews.ismt.pt\/index.php?rest_route=%2Fwp%2Fv2%2Fcomments&post=1479"}],"version-history":[{"count":1,"href":"https:\/\/diinews.ismt.pt\/index.php?rest_route=\/wp\/v2\/pages\/1479\/revisions"}],"predecessor-version":[{"id":1480,"href":"https:\/\/diinews.ismt.pt\/index.php?rest_route=\/wp\/v2\/pages\/1479\/revisions\/1480"}],"up":[{"embeddable":true,"href":"https:\/\/diinews.ismt.pt\/index.php?rest_route=\/wp\/v2\/pages\/1501"}],"wp:attachment":[{"href":"https:\/\/diinews.ismt.pt\/index.php?rest_route=%2Fwp%2Fv2%2Fmedia&parent=1479"}],"curies":[{"name":"wp","href":"https:\/\/api.w.org\/{rel}","templated":true}]}}