{"id":1476,"date":"2014-11-06T16:31:39","date_gmt":"2014-11-06T16:31:39","guid":{"rendered":"http:\/\/diinews.ismt.pt\/?page_id=1476"},"modified":"2014-11-08T14:25:03","modified_gmt":"2014-11-08T14:25:03","slug":"1-producao-de-dissertacoes-de-mestrado-em-servico-social","status":"publish","type":"page","link":"https:\/\/diinews.ismt.pt\/?page_id=1476","title":{"rendered":"1) Produ\u00e7\u00e3o de disserta\u00e7\u00f5es de mestrado em Servi\u00e7o Social"},"content":{"rendered":"<p><b>2014<\/b><\/p>\n<p>MARTINS, Alcina \u2013 <a href=\"http:\/\/repositorio.ismt.pt\/browse?type=author&amp;value=Pitarma%2C+Maria+Dulce+Cruz+Sim%C3%A3o+Gomes\"><span>Maria Dulce Cruz Sim\u00e3o Gomes<\/span><\/a> Pitarma. <a href=\"http:\/\/repositorio.ismt.pt\/handle\/123456789\/410\"><i><span>O Servi\u00e7o Social na Unidade de Transplanta\u00e7\u00e3o Hep\u00e1tica Pedi\u00e1trica e a Cria\u00e7\u00e3o da Associa\u00e7\u00e3o de Crian\u00e7as e Jovens Transplantados ou com Doen\u00e7as Hep\u00e1ticas \u2013 HEPATURIX pelo Direito \u00e0 Sa\u00fade<\/span><\/i><\/a>. Tese de Mestrado em Servi\u00e7o Social, ESAE, Instituto Superior Miguel Torga. Aprovada em 07-2014. Em:<\/p>\n<p><a href=\"http:\/\/repositorio.ismt.pt\/handle\/123456789\/410\">http:\/\/repositorio.ismt.pt\/handle\/123456789\/410<\/a><\/p>\n<p>MARTINS, Alcina \u2013 Anabela Ferreira Alves de Almeida Lobo. <i>Entre o Direito de Reclamar e o Direito \u00e0 Sa\u00fade: Servi\u00e7o Social em Gabinetes do Cidad\u00e3o do SNS<\/i>. Tese de Mestrado em Servi\u00e7o Social, ESAE, Instituto Superior Miguel Torga. Aprovada em 06-2014. Em: <a href=\"http:\/\/repositorio.ismt.pt\/xmlui\/handle\/123456789\/406\">http:\/\/repositorio.ismt.pt\/xmlui\/handle\/123456789\/406<\/a><\/p>\n<p>MARTINS, Alcina \u2013 Carla Herm\u00e2nia Videira Oliveira Rodrigues. <i>Os Deputados Assistentes Sociais na Assembleia Nacional e na Assembleia da Rep\u00fablica: principais interven\u00e7\u00f5es parlamentares entre 1949 e 2011. <\/i>Tese de Mestrado em Servi\u00e7o Social, ESAE, Instituto Superior Miguel Torga. Aprovada em 05-2014. Em: \u00a0<a href=\"http:\/\/repositorio.ismt.pt\/handle\/123456789\/407\">http:\/\/repositorio.ismt.pt\/handle\/123456789\/407<\/a><\/p>\n<p>MARTINS, Alcina &#8211; Miguel Bernardo Lopes Pereira Leite. <i>O Estado e o associativismo profissional e sindical dos assistentes sociais em Portugal<\/i><b>.<\/b> Tese de Mestrado em Servi\u00e7o Social, ESAE, Instituto Superior Miguel Torga. Aprovada em 01-2014. Em:<\/p>\n<p><a href=\"http:\/\/repositorio.ismt.pt\/bitstream\/123456789\/405\/1\/Disserta%C3%A7%C3%A3o%20de%20Mestrado-Final.pdf\">http:\/\/repositorio.ismt.pt\/bitstream\/123456789\/405\/1\/Disserta\u00e7\u00e3o%20de%20Mestrado-Final.pdf<\/a><\/p>\n<p><b>\u00a0<\/b>MARTINS, Alcina &#8211; Maria Alexandra Alves Lopes. <i>Servi\u00e7os de a\u00e7\u00e3o social da Universidade de Coimbra &#8211; A pol\u00edtica de atribui\u00e7\u00e3o de bolsas de estudo e o servi\u00e7o social. <\/i>Tese de Mestrado em Servi\u00e7o Social, ESAE, Instituto Superior Miguel Torga. Aprovada em\u00a0 01.2014. Em:<\/p>\n<p><a href=\"http:\/\/repositorio.ismt.pt\/bitstream\/123456789\/373\/1\/DISSERTA%C3%87%C3%83O_Alexandra%20Lopes.pdf\">http:\/\/repositorio.ismt.pt\/bitstream\/123456789\/373\/1\/DISSERTA\u00c7\u00c3O_Alexandra%20Lopes.pdf<\/a><\/p>\n<p>&nbsp;<\/p>\n<p><b>2012<\/b><\/p>\n<p>MARTINS, Alcina \u2013 C\u00e1tia In\u00eas Gomes Duarte. <i>O Servi\u00e7o Social numa Comiss\u00e3o Social de Freguesia, uma abordagem<\/i> <i>preliminar deste novo espa\u00e7o s\u00f3cio ocupacional. Comiss\u00e3o Social de Freguesia da Guia<\/i>. Tese de Mestrado em Servi\u00e7o Social.\u00a0 ESAE. Instituto Superior Miguel Torga. Aprovada em 07.2012. Em: <a href=\"http:\/\/repositorio.ismt.pt\/handle\/123456789\/190\">http:\/\/repositorio.ismt.pt\/handle\/123456789\/190<\/a><\/p>\n<p>&nbsp;<\/p>\n<p><b>2011<\/b><\/p>\n<p>MARTINS, Alcina &#8211; Sara Cristina Mendes Ribeiro. <i>Movimentos e Lutas Estudantis em Servi\u00e7o Social nas \u00daltimas D\u00e9cadas em Portugal e no Brasil. Uma Primeira Aproxima\u00e7\u00e3o.<\/i> Tese de Mestrado em Servi\u00e7o Social, ESAE, Instituto Superior Miguel Torga. Aprovada em 12. 2011. Em: <a href=\"http:\/\/repositorio.ismt.pt\/handle\/123456789\/192\">http:\/\/repositorio.ismt.pt\/handle\/123456789\/192<\/a><\/p>\n<p>MARTINS, Alcina &#8211; Gon\u00e7alo Jo\u00e3o Marques Mota. <i>As rela\u00e7\u00f5es do Estado com o Terceiro Sector no Rendimento Social de Inser\u00e7\u00e3o. O emprego dos assistentes sociais na medida no distrito de Viseu (2005-2010)<\/i>. \u00a0Tese de Mestrado em Servi\u00e7o Social, ESAE, Instituto Superior Miguel Torga. Aprovada em 05.2011.<\/p>\n<p>&nbsp;<\/p>\n<p><b>2010<\/b><\/p>\n<p>MARTINS, Alcina &#8211; Susana Margarida Sim\u00f5es Pires. <i>Mercado de Trabalho em Servi\u00e7o Social no Sector P\u00fablico em Portugal nos Anos 90: An\u00e1lise a partir da abertura de concursos p\u00fablicos<\/i>. Tese de Mestrado em Servi\u00e7o Social, ESAE, Instituto Superior Miguel Torga.\u00a0 Aprovada em 03.2010. Em:<\/p>\n<p><a href=\"http:\/\/repositorio.ismt.pt\/handle\/123456789\/193\">http:\/\/repositorio.ismt.pt\/handle\/123456789\/193<\/a><\/p>\n<p>&nbsp;<\/p>\n<p><b>2009<\/b><\/p>\n<p>MARTINS, Alcina &#8211; Ana Isabel Louro Rodrigues Branco. <i>O Processo da Institucionaliza\u00e7\u00e3o do Curso de Servi\u00e7o Social na Escola Superior de Educa\u00e7\u00e3o do Instituto Polit\u00e9cnico de Leira. <\/i>Tese de Mestrado em Servi\u00e7o Social, Instituto Superior Miguel Torga. Aprovada em 12.2009<i>.<\/i> Em:<\/p>\n<p><a href=\"http:\/\/repositorio.ismt.pt\/handle\/123456789\/197\">http:\/\/repositorio.ismt.pt\/handle\/123456789\/197<\/a><\/p>\n<p>MARTINS, Alcina &#8211; Telma Ros\u00e1ria Freitas Duarte.<i> Forma\u00e7\u00e3o de 1\u00ba Ciclo em Servi\u00e7o Social ap\u00f3s Adequa\u00e7\u00e3o ao Processo de Bolonha em Portugal. <\/i>Tese de Mestrado em Servi\u00e7o Social, Instituto Superior Miguel Torga. Aprovada em \u00a009.2009. Em: <a href=\"http:\/\/repositorio.ismt.pt\/handle\/123456789\/177\">http:\/\/repositorio.ismt.pt\/handle\/123456789\/177<\/a><\/p>\n<p>MARTINS, Alcina &#8211; T\u00e2nia Sofia Duarte Ant\u00f3nio. <i>Mercado e condi\u00e7\u00f5es de trabalho dos Assistentes Sociais no Concelho de Tomar<\/i>. Tese de Mestrado em Servi\u00e7o Social, Instituto Superior Miguel Torga. Aprovada em 03.2009. Em: <a href=\"http:\/\/repositorio.ismt.pt\/handle\/123456789\/198\">http:\/\/repositorio.ismt.pt\/handle\/123456789\/198<\/a><\/p>\n<p>MARTINS, Alcina &#8211; Maria Flor da Rocha Ferreira Canas. <i>O Servi\u00e7o Social na Educa\u00e7\u00e3o. Primeiros ensaios nas escolas do Ensino Particular e Cooperativo com ensino b\u00e1sico (2\u00ba e 3\u00ba ciclos) e secund\u00e1rio, desde os anos 90, no distrito de Aveiro<\/i>. Tese de Mestrado em Servi\u00e7o Social, Instituto Superior Miguel Torga. \u00a0Aprovada em 2009.<i> <\/i><\/p>\n<p>MARTINS, Alcina &#8211; Cl\u00e1udia Sofia da Costa Duarte. <i>As novas Tecnologias como componente da forma\u00e7\u00e3o, de 1\u00ba ciclo, em Servi\u00e7o Social<\/i>. Tese de Mestrado em Servi\u00e7o Social, Instituto Superior Miguel Torga. Aprovada em<i> <\/i>03. 2009.\u00a0 Em: <a href=\"http:\/\/repositorio.ismt.pt\/handle\/123456789\/205\">http:\/\/repositorio.ismt.pt\/handle\/123456789\/205<\/a><\/p>\n<p><i>\u00a0<\/i><\/p>\n<p><b>2006<\/b><\/p>\n<p><i>\u00a0<\/i>MARTINS, Alcina &#8211; Paula Manuela Almeida Marques Henriques. <i>Servi\u00e7o Social nos munic\u00edpios dos anos 80 \u00e0 atualidade: o Distrito de Viseu. <\/i>Tese de Mestrado em Servi\u00e7o Social, Instituto Superior Miguel Torga. Aprovada em<i> <\/i>06. 2006. Em: <a href=\"http:\/\/repositorio.ismt.pt\/handle\/123456789\/199\">http:\/\/repositorio.ismt.pt\/handle\/123456789\/199<\/a><\/p>\n<p><i>\u00a0<\/i><\/p>\n<p><b>2005<\/b><\/p>\n<p><b>\u00a0<\/b>MARTINS, Alcina \u2013 S\u00f3nia Maria Martins dos Santos.\u00a0 <i>O Servi\u00e7o Social e seu significado nos Servi\u00e7os de Psicologia e Orienta\u00e7\u00e3o do Minist\u00e9rio da Educa\u00e7\u00e3o<\/i>. Tese de Mestrado em Servi\u00e7o Social, Instituto Superior Miguel Torga.<i> <\/i>Aprovada em 03.2004<i>. <\/i>Em: <a href=\"http:\/\/repositorio.ismt.pt\/handle\/123456789\/166\">http:\/\/repositorio.ismt.pt\/handle\/123456789\/166<\/a><\/p>\n<p><b>\u00a0<\/b><\/p>\n<p><b>2004<\/b><\/p>\n<p>MARTINS, Alcina &#8211; Ana Cristina de Almeida Mendes Franco. <i>A Investiga\u00e7\u00e3o em Servi\u00e7o Social e a forma\u00e7\u00e3o ao n\u00edvel da licenciatura \u2013 an\u00e1lise dos planos de estudo nos anos 90, em Portugal.\u00a0 <\/i>Tese de Mestrado em Servi\u00e7o Social, Instituto Superior Miguel Torga.<i> <\/i>Aprovada em 01.2004<i>.<\/i><\/p>\n<p><i>\u00a0<\/i><\/p>\n<p><b>2003<\/b><\/p>\n<p><i>\u00a0<\/i>MARTINS, Alcina &#8211; Maria Ivone Blaize do Amaral Semblano. <i>Servi\u00e7o Social Escolar em Portugal &#8211; traject\u00f3rias e din\u00e2micas nos anos 60 e 70,<\/i> Tese de Mestrado em Servi\u00e7o Social, Instituto Superior Miguel Torga.<i> <\/i>Aprovada em 07.2003.<\/p>\n<p><i>\u00a0<\/i><\/p>\n","protected":false},"excerpt":{"rendered":"<p>2014 MARTINS, Alcina \u2013 Maria Dulce Cruz Sim\u00e3o Gomes Pitarma. O Servi\u00e7o Social na Unidade de Transplanta\u00e7\u00e3o Hep\u00e1tica Pedi\u00e1trica e a Cria\u00e7\u00e3o da Associa\u00e7\u00e3o de Crian\u00e7as e Jovens Transplantados ou com Doen\u00e7as Hep\u00e1ticas \u2013 HEPATURIX pelo Direito \u00e0 Sa\u00fade. Tese de Mestrado em Servi\u00e7o Social, ESAE, Instituto Superior Miguel Torga. Aprovada em 07-2014. Em: http:\/\/repositorio.ismt.pt\/handle\/123456789\/410 [&hellip;]<\/p>\n","protected":false},"author":1,"featured_media":0,"parent":1501,"menu_order":1,"comment_status":"closed","ping_status":"closed","template":"","meta":{"_mi_skip_tracking":false,"_monsterinsights_sitenote_active":false,"_monsterinsights_sitenote_note":"","_monsterinsights_sitenote_category":0},"_links":{"self":[{"href":"https:\/\/diinews.ismt.pt\/index.php?rest_route=\/wp\/v2\/pages\/1476"}],"collection":[{"href":"https:\/\/diinews.ismt.pt\/index.php?rest_route=\/wp\/v2\/pages"}],"about":[{"href":"https:\/\/diinews.ismt.pt\/index.php?rest_route=\/wp\/v2\/types\/page"}],"author":[{"embeddable":true,"href":"https:\/\/diinews.ismt.pt\/index.php?rest_route=\/wp\/v2\/users\/1"}],"replies":[{"embeddable":true,"href":"https:\/\/diinews.ismt.pt\/index.php?rest_route=%2Fwp%2Fv2%2Fcomments&post=1476"}],"version-history":[{"count":1,"href":"https:\/\/diinews.ismt.pt\/index.php?rest_route=\/wp\/v2\/pages\/1476\/revisions"}],"predecessor-version":[{"id":1477,"href":"https:\/\/diinews.ismt.pt\/index.php?rest_route=\/wp\/v2\/pages\/1476\/revisions\/1477"}],"up":[{"embeddable":true,"href":"https:\/\/diinews.ismt.pt\/index.php?rest_route=\/wp\/v2\/pages\/1501"}],"wp:attachment":[{"href":"https:\/\/diinews.ismt.pt\/index.php?rest_route=%2Fwp%2Fv2%2Fmedia&parent=1476"}],"curies":[{"name":"wp","href":"https:\/\/api.w.org\/{rel}","templated":true}]}}