{"id":1465,"date":"2014-11-05T17:08:07","date_gmt":"2014-11-05T17:08:07","guid":{"rendered":"http:\/\/diinews.ismt.pt\/?page_id=1465"},"modified":"2019-02-21T02:48:48","modified_gmt":"2019-02-21T02:48:48","slug":"linhas-de-investigacao-comportamento","status":"publish","type":"page","link":"https:\/\/diinews.ismt.pt\/?page_id=1465&lang=pt","title":{"rendered":"Linhas de Investiga\u00e7\u00e3o &#8211; Comportamento"},"content":{"rendered":"<h1>\u00c1REA: Ci\u00eancias do Comportamento<\/h1>\n<p><strong>Linha de\u00a0Investiga\u00e7\u00e3o<\/strong>: Processos e interven\u00e7\u00e3o psicossocial em popula\u00e7\u00f5es em risco<br \/>\n<strong>Coordenadora<\/strong>: Helena Esp\u00edrito Santo<\/p>\n<p><strong>Projetos em\u00a0Curso<\/strong>:<\/p>\n<ul>\n<li><span style=\"letter-spacing: 0px; color: #000000;\"><span style=\"color: #000000; letter-spacing: 0px;\"><a style=\"color: #000000;\" href=\"https:\/\/diinews.ismt.pt\/?page_id=1391\">Trajet\u00f3<span class=\"GRspelling\">rias<\/span>\u00a0do Envelhecimento<\/a><\/span><\/span><\/li>\n<li><span style=\"letter-spacing: 0px; color: #000000;\"><a style=\"letter-spacing: 0px; color: #000000;\" href=\"https:\/\/diinews.ismt.pt\/wp\/diinews\/?page_id=703\">Reabilita\u00e7\u00e3o Cognitiva de Idosos<\/a><\/span><\/li>\n<li><a style=\"letter-spacing: 0px; color: #000000;\" href=\"https:\/\/diinews.ismt.pt\/wp\/diinews\/?page_id=703\"><span id=\"GRmark_82bad276475496aed6a88836467f487efb8ecea4_Processos:0\" class=\"GRcorrect\">Processos<\/span>\u00a0Emocionais Protetores<\/a><\/li>\n<li><a style=\"letter-spacing: 0px; color: #000000;\" href=\"https:\/\/diinews.ismt.pt\/wp\/diinews\/?page_id=703\"><span style=\"letter-spacing: 0px;\">Redes Sociais Pessoais de Idosos<\/span><\/a><\/li>\n<li>Trajet\u00f3rias de sa\u00fade mental de doentes com esclerose m\u00faltipla<\/li>\n<\/ul>\n<h3 style=\"margin: 0px 0px 10px; text-align: justify; font-size: 13px; line-height: normal; font-family: 'Avenir'; color: #444444;\"><\/h3>\n<h4 style=\"margin: 0px 0px 10px; text-align: justify; font-size: 13px; line-height: normal; font-family: 'Avenir'; color: #444444;\"><\/h4>\n<h4 style=\"margin: 0px 0px 10px; text-align: justify; font-size: 13px; line-height: normal; font-family: 'Avenir'; color: #444444;\"><span style=\"letter-spacing: 0px; color: #000000;\">Esta linha de investiga\u00e7\u00e3o estrutura-se em tr\u00eas temas\u00a0complementares:\u00a0<\/span><\/h4>\n<p><span style=\"color: #000000;\"><span style=\"letter-spacing: 0.0px;\"><b>Estudos dos\u00a0processos emocionais,\u00a0dimens\u00f5es neuropsicol\u00f3gicas\u00a0e\u00a0processos sociais\u00a0ao\u00a0longo\u00a0do\u00a0ciclo\u00a0vital<\/b><\/span><span style=\"letter-spacing: 0px;\">:<\/span><\/span><\/p>\n<ol>\n<li><span style=\"letter-spacing: 0px; color: #000000;\">Regula\u00e7\u00e3o emocional e esquemas; esquemas mal-adaptativos precoces; mentalidades sociais e sistemas de afeto e vincula\u00e7\u00e3o; comportamentos parentais; trauma e dissocia\u00e7\u00e3o; e fenomenologia dos comportamentos de risco para a sa\u00fade.<\/span><\/li>\n<li><span style=\"letter-spacing: 0px; color: #000000;\">Redes de suporte social e sa\u00fade mental; suporte social em popula\u00e7\u00f5es vulner\u00e1veis; e fam\u00edlia.<\/span><\/li>\n<li><span style=\"letter-spacing: 0px; color: #000000;\">Dimens\u00f5es\u00a0neuropsicol\u00f3gicas\u00a0na\u00a0sa\u00fade e na\u00a0doen\u00e7a.<\/span><\/li>\n<\/ol>\n<p><span style=\"color: #000000;\"><span style=\"letter-spacing: 0px;\"><b>Estudos\u00a0sobre Programas\u00a0e Processos Terap\u00eauticos<\/b>:\u00a0<\/span><span style=\"letter-spacing: 0.0px;\">Nesta \u00e1rea abordam-se-se os programas terap\u00eauticos, e diferentes processos terap\u00eauticos e seus resultados.<\/span><\/span><\/p>\n<p><span style=\"color: #000000;\"><span style=\"letter-spacing: 0px;\"><b>Estudos\u00a0Psicom\u00e9tricos:\u00a0<\/b><\/span><span style=\"letter-spacing: 0.0px;\">Neste tema,\u00a0temos vindo a adaptar e validar instrumentos de avalia\u00e7\u00e3o psicol\u00f3gica e neuropsicol\u00f3gica.<\/span><\/span><\/p>\n","protected":false},"excerpt":{"rendered":"<p>\u00c1REA: Ci\u00eancias do Comportamento Linha de\u00a0Investiga\u00e7\u00e3o: Processos e interven\u00e7\u00e3o psicossocial em popula\u00e7\u00f5es em risco Coordenadora: Helena Esp\u00edrito Santo Projetos em\u00a0Curso: Trajet\u00f3rias\u00a0do Envelhecimento Reabilita\u00e7\u00e3o Cognitiva de Idosos Processos\u00a0Emocionais Protetores Redes Sociais Pessoais de Idosos Trajet\u00f3rias de sa\u00fade mental de doentes com esclerose m\u00faltipla Esta linha de investiga\u00e7\u00e3o estrutura-se em tr\u00eas temas\u00a0complementares:\u00a0 Estudos dos\u00a0processos emocionais,\u00a0dimens\u00f5es neuropsicol\u00f3gicas\u00a0e\u00a0processos sociais\u00a0ao\u00a0longo\u00a0do\u00a0ciclo\u00a0vital: [&hellip;]<\/p>\n","protected":false},"author":1,"featured_media":0,"parent":23,"menu_order":2,"comment_status":"closed","ping_status":"closed","template":"","meta":{"_mi_skip_tracking":false,"_monsterinsights_sitenote_active":false,"_monsterinsights_sitenote_note":"","_monsterinsights_sitenote_category":0},"_links":{"self":[{"href":"https:\/\/diinews.ismt.pt\/index.php?rest_route=\/wp\/v2\/pages\/1465"}],"collection":[{"href":"https:\/\/diinews.ismt.pt\/index.php?rest_route=\/wp\/v2\/pages"}],"about":[{"href":"https:\/\/diinews.ismt.pt\/index.php?rest_route=\/wp\/v2\/types\/page"}],"author":[{"embeddable":true,"href":"https:\/\/diinews.ismt.pt\/index.php?rest_route=\/wp\/v2\/users\/1"}],"replies":[{"embeddable":true,"href":"https:\/\/diinews.ismt.pt\/index.php?rest_route=%2Fwp%2Fv2%2Fcomments&post=1465"}],"version-history":[{"count":24,"href":"https:\/\/diinews.ismt.pt\/index.php?rest_route=\/wp\/v2\/pages\/1465\/revisions"}],"predecessor-version":[{"id":3345,"href":"https:\/\/diinews.ismt.pt\/index.php?rest_route=\/wp\/v2\/pages\/1465\/revisions\/3345"}],"up":[{"embeddable":true,"href":"https:\/\/diinews.ismt.pt\/index.php?rest_route=\/wp\/v2\/pages\/23"}],"wp:attachment":[{"href":"https:\/\/diinews.ismt.pt\/index.php?rest_route=%2Fwp%2Fv2%2Fmedia&parent=1465"}],"curies":[{"name":"wp","href":"https:\/\/api.w.org\/{rel}","templated":true}]}}