{"id":1460,"date":"2014-11-05T17:03:17","date_gmt":"2014-11-05T17:03:17","guid":{"rendered":"http:\/\/diinews.ismt.pt\/?page_id=1460"},"modified":"2019-02-20T19:42:33","modified_gmt":"2019-02-20T19:42:33","slug":"linhas-investigacao-ciencias-sociais","status":"publish","type":"page","link":"https:\/\/diinews.ismt.pt\/?page_id=1460&lang=pt","title":{"rendered":"Linhas Investiga\u00e7\u00e3o &#8211; Ci\u00eancias Sociais"},"content":{"rendered":"<h1>\u00c1REA: Ci\u00eancias Sociais<\/h1>\n<p><strong>Linha&nbsp;de&nbsp;Investiga\u00e7\u00e3o:<\/strong> Mudan\u00e7as Econ\u00f3micas e Sociais: Organiza\u00e7\u00f5es e Sustentabilidade&nbsp;do&nbsp;Centro de Estudos da Popula\u00e7\u00e3o, Economia e Sociedade (CEPESE)<\/p>\n<p><strong>Coordenador<\/strong>: Carlos Machado dos Santos<\/p>\n<h3>Projetos em&nbsp;Curso (ISMT)<\/h3>\n<ul>\n<li><span style=\"letter-spacing: 0px; color: #000000;\"><span style=\"letter-spacing: 0px;\"><a style=\"color: #000000;\" href=\"https:\/\/diinews.ismt.pt\/wp\/diinews\/?page_id=703\">Investiga\u00e7\u00e3o, Forma\u00e7\u00e3o e Trabalho&nbsp;em&nbsp;Servi\u00e7o Social&nbsp;em&nbsp;Portugal e no Brasil<\/a><\/span><\/span><\/li>\n<li><a style=\"color: #000000;\" href=\"https:\/\/diinews.ismt.pt\/wp\/diinews\/?page_id=703\"><span style=\"letter-spacing: 0px;\">Constru\u00e7\u00e3o de conhecimento e pr\u00e1ticas profissionais<\/span><\/a><\/li>\n<\/ul>\n","protected":false},"excerpt":{"rendered":"<p>\u00c1REA: Ci\u00eancias Sociais Linha&nbsp;de&nbsp;Investiga\u00e7\u00e3o: Mudan\u00e7as Econ\u00f3micas e Sociais: Organiza\u00e7\u00f5es e Sustentabilidade&nbsp;do&nbsp;Centro de Estudos da Popula\u00e7\u00e3o, Economia e Sociedade (CEPESE) Coordenador: Carlos Machado dos Santos Projetos em&nbsp;Curso (ISMT) Investiga\u00e7\u00e3o, Forma\u00e7\u00e3o e Trabalho&nbsp;em&nbsp;Servi\u00e7o Social&nbsp;em&nbsp;Portugal e no Brasil Constru\u00e7\u00e3o de conhecimento e pr\u00e1ticas profissionais<\/p>\n","protected":false},"author":1,"featured_media":0,"parent":23,"menu_order":1,"comment_status":"closed","ping_status":"closed","template":"","meta":{"_mi_skip_tracking":false,"_monsterinsights_sitenote_active":false,"_monsterinsights_sitenote_note":"","_monsterinsights_sitenote_category":0},"_links":{"self":[{"href":"https:\/\/diinews.ismt.pt\/index.php?rest_route=\/wp\/v2\/pages\/1460"}],"collection":[{"href":"https:\/\/diinews.ismt.pt\/index.php?rest_route=\/wp\/v2\/pages"}],"about":[{"href":"https:\/\/diinews.ismt.pt\/index.php?rest_route=\/wp\/v2\/types\/page"}],"author":[{"embeddable":true,"href":"https:\/\/diinews.ismt.pt\/index.php?rest_route=\/wp\/v2\/users\/1"}],"replies":[{"embeddable":true,"href":"https:\/\/diinews.ismt.pt\/index.php?rest_route=%2Fwp%2Fv2%2Fcomments&post=1460"}],"version-history":[{"count":17,"href":"https:\/\/diinews.ismt.pt\/index.php?rest_route=\/wp\/v2\/pages\/1460\/revisions"}],"predecessor-version":[{"id":3230,"href":"https:\/\/diinews.ismt.pt\/index.php?rest_route=\/wp\/v2\/pages\/1460\/revisions\/3230"}],"up":[{"embeddable":true,"href":"https:\/\/diinews.ismt.pt\/index.php?rest_route=\/wp\/v2\/pages\/23"}],"wp:attachment":[{"href":"https:\/\/diinews.ismt.pt\/index.php?rest_route=%2Fwp%2Fv2%2Fmedia&parent=1460"}],"curies":[{"name":"wp","href":"https:\/\/api.w.org\/{rel}","templated":true}]}}