{"id":1435,"date":"2014-10-27T21:22:56","date_gmt":"2014-10-27T21:22:56","guid":{"rendered":"http:\/\/diinews.ismt.pt\/?page_id=1435"},"modified":"2019-02-21T03:35:24","modified_gmt":"2019-02-21T03:35:24","slug":"livroscapitulos","status":"publish","type":"page","link":"https:\/\/diinews.ismt.pt\/?page_id=1435&lang=pt","title":{"rendered":"Livros\/Cap\u00edtulos"},"content":{"rendered":"<h2><em>Cap\u00edtulo de livro<\/em><\/h2>\n<p>Costa, M., Espirito-Santo, H., Matreno, J., Fermino, S., e Amaro, H. (2012). Trauma, dissocia\u00e7\u00e3o e <span id=\"GRmark_976114218d39811c4c4d2322d0202324bcdfca85_psicopatologia:0\" class=\"GRcorrect\">psicopatologia<\/span> <span id=\"GRmark_976114218d39811c4c4d2322d0202324bcdfca85_em:1\" class=\"GRcorrect\">em<\/span> <span id=\"GRmark_976114218d39811c4c4d2322d0202324bcdfca85_reclusos:2\" class=\"GRcorrect\">reclusos<\/span>. <span id=\"GRmark_ef67e7b73d4e76f76e8c4b6c213d14f708a26819_Em:0\" class=\"GRcorrect\">Em<\/span> R. Quevedo-Blasco\u00a0e V. J. Quevedo-Blasco (Eds.),\u00a0Avances en Psicolog\u00eda Cl\u00ednica. Libro De Cap\u00edtulos Del v Congreso Internacional Y X Nacional de Psicolog\u00eda Cl\u00ednica(pp. 491\u2013494). Granada: Asociaci\u00f3n Espa\u00f1ola de Psicolog\u00eda Conductual AEPC. Dispon\u00ed<span class=\"GRspelling\">vel<\/span> <span id=\"GRmark_ef35fca4750cf984fdc20781faf855cd9c2d66e6_emhttp:0\" class=\"GRcorrect\">em <a title=\"http:\/\/www.ispcs.es\/xcongreso\/Documentos\/librocapitulosXcongreso.pdf\" href=\"http:\/\/www.ispcs.es\/xcongreso\/Documentos\/librocapitulosXcongreso.pdf\" data-jsb_prepared=\"f2yyv9zz3s\">http<\/a><\/span><a title=\"http:\/\/www.ispcs.es\/xcongreso\/Documentos\/librocapitulosXcongreso.pdf\" href=\"http:\/\/www.ispcs.es\/xcongreso\/Documentos\/librocapitulosXcongreso.pdf\" data-jsb_prepared=\"f2yyv9zz3s\"><span id=\"GRmark_ef35fca4750cf984fdc20781faf855cd9c2d66e6_::1\" class=\"GRcorrect\">:<\/span>\/\/www.<span class=\"GRspelling\">ispcs<\/span>.<span class=\"GRspelling\">es<\/span>\/<span id=\"GRmark_ef35fca4750cf984fdc20781faf855cd9c2d66e6_xcongreso:2\" class=\"GRcorrect\">xcongreso<\/span>\/Documentos\/<span class=\"GRspelling\">librocapitulosXcongreso<\/span>.pdf<\/a><\/p>\n","protected":false},"excerpt":{"rendered":"<p>Cap\u00edtulo de livro Costa, M., Espirito-Santo, H., Matreno, J., Fermino, S., e Amaro, H. (2012). Trauma, dissocia\u00e7\u00e3o e psicopatologia em reclusos. Em R. Quevedo-Blasco\u00a0e V. J. Quevedo-Blasco (Eds.),\u00a0Avances en Psicolog\u00eda Cl\u00ednica. Libro De Cap\u00edtulos Del v Congreso Internacional Y X Nacional de Psicolog\u00eda Cl\u00ednica(pp. 491\u2013494). Granada: Asociaci\u00f3n Espa\u00f1ola de Psicolog\u00eda Conductual AEPC. Dispon\u00edvel em http:\/\/www.ispcs.es\/xcongreso\/Documentos\/librocapitulosXcongreso.pdf<\/p>\n","protected":false},"author":1,"featured_media":0,"parent":1422,"menu_order":4,"comment_status":"closed","ping_status":"closed","template":"","meta":{"_mi_skip_tracking":false,"_monsterinsights_sitenote_active":false,"_monsterinsights_sitenote_note":"","_monsterinsights_sitenote_category":0},"_links":{"self":[{"href":"https:\/\/diinews.ismt.pt\/index.php?rest_route=\/wp\/v2\/pages\/1435"}],"collection":[{"href":"https:\/\/diinews.ismt.pt\/index.php?rest_route=\/wp\/v2\/pages"}],"about":[{"href":"https:\/\/diinews.ismt.pt\/index.php?rest_route=\/wp\/v2\/types\/page"}],"author":[{"embeddable":true,"href":"https:\/\/diinews.ismt.pt\/index.php?rest_route=\/wp\/v2\/users\/1"}],"replies":[{"embeddable":true,"href":"https:\/\/diinews.ismt.pt\/index.php?rest_route=%2Fwp%2Fv2%2Fcomments&post=1435"}],"version-history":[{"count":6,"href":"https:\/\/diinews.ismt.pt\/index.php?rest_route=\/wp\/v2\/pages\/1435\/revisions"}],"predecessor-version":[{"id":3483,"href":"https:\/\/diinews.ismt.pt\/index.php?rest_route=\/wp\/v2\/pages\/1435\/revisions\/3483"}],"up":[{"embeddable":true,"href":"https:\/\/diinews.ismt.pt\/index.php?rest_route=\/wp\/v2\/pages\/1422"}],"wp:attachment":[{"href":"https:\/\/diinews.ismt.pt\/index.php?rest_route=%2Fwp%2Fv2%2Fmedia&parent=1435"}],"curies":[{"name":"wp","href":"https:\/\/api.w.org\/{rel}","templated":true}]}}