{"id":1422,"date":"2014-10-27T21:12:07","date_gmt":"2014-10-27T21:12:07","guid":{"rendered":"http:\/\/diinews.ismt.pt\/?page_id=1422"},"modified":"2019-02-21T03:06:33","modified_gmt":"2019-02-21T03:06:33","slug":"processo-emocionais","status":"publish","type":"page","link":"https:\/\/diinews.ismt.pt\/?page_id=1422&lang=pt","title":{"rendered":"Processo Emocionais"},"content":{"rendered":"<h2>4. O papel dos processos emocionais no funcionamento intra e interpessoal<\/h2>\n<p><span style=\"letter-spacing: 0.0px;\">Pretende-se estudar o papel de algumas vari\u00e1veis protetoras do funcionamento intra e interpessoal, como a autocompaix\u00e3o, a esperan\u00e7a, a espiritualidade, o otimismo, a resili\u00eancia\u00a0e\u00a0a aten\u00e7\u00e3o plena para a sa\u00fade mental. Queremos ainda perceber, o potencial\u00a0papel\u00a0mediador\u00a0dessas vari\u00e1veis\u00a0protetoras face\u00a0a\u00a0vari\u00e1veis\u00a0de\u00a0risco para a psicopatologia,\u00a0como\u00a0a dissocia\u00e7\u00e3o,\u00a0experi\u00eancias\u00a0traum\u00e1ticas,\u00a0experi\u00eancias\u00a0mal-adaptativas\u00a0precoces e dificuldades interpessoais.<\/span><\/p>\n<p><span style=\"letter-spacing: 0.0px;\"><strong>Investigadores:\u00a0<\/strong>Helena Amaral Esp\u00edrito Santo (coordenadora); S\u00f3nia Catarina Carvalho Sim\u00f5es; Laura Lemos; Mariana Vaz Pires Marques; Carlos Farate.<\/span><\/p>\n<p><span style=\"letter-spacing: 0.0px;\"><strong>Produ\u00e7\u00e3o Cient\u00edfica<\/strong><\/span><\/p>\n<p><span style=\"letter-spacing: 0.0px;\">1) <a href=\"https:\/\/diinews.ismt.pt\/?page_id=1424\" target=\"_blank\" rel=\"noopener noreferrer\">Disserta\u00e7\u00f5es de\u00a0mestrado<\/a><\/span><\/p>\n<p><span style=\"letter-spacing: 0.0px;\">2) <a href=\"https:\/\/diinews.ismt.pt\/?page_id=1427\" target=\"_blank\" rel=\"noopener noreferrer\">Apresenta\u00e7\u00e3o <span id=\"GRmark_11c9486d38dbb129e63a1494d0beaa95ffcc2069_de:0\" class=\"GRcorrect\">de<\/span> papers e posters <span id=\"GRmark_11c9486d38dbb129e63a1494d0beaa95ffcc2069_em:1\" class=\"GRcorrect\">em<\/span>\u00a0eventos nacionais e internacionais<\/a><\/span><\/p>\n<p><span style=\"letter-spacing: 0.0px;\">3) <a href=\"https:\/\/diinews.ismt.pt\/?page_id=1430\" target=\"_blank\" rel=\"noopener noreferrer\">Artigos em revistas nacionais e internacionais<\/a><br \/>\n<\/span><\/p>\n<p>4) <a href=\"https:\/\/diinews.ismt.pt\/?page_id=1435\" target=\"_blank\" rel=\"noopener noreferrer\">Livros e cap\u00ed<span class=\"GRspelling\">tulos<\/span> <span class=\"GRspelling\">de<\/span>\u00a0livros.<\/a><\/p>\n","protected":false},"excerpt":{"rendered":"<p>4. O papel dos processos emocionais no funcionamento intra e interpessoal Pretende-se estudar o papel de algumas vari\u00e1veis protetoras do funcionamento intra e interpessoal, como a autocompaix\u00e3o, a esperan\u00e7a, a espiritualidade, o otimismo, a resili\u00eancia\u00a0e\u00a0a aten\u00e7\u00e3o plena para a sa\u00fade mental. Queremos ainda perceber, o potencial\u00a0papel\u00a0mediador\u00a0dessas vari\u00e1veis\u00a0protetoras face\u00a0a\u00a0vari\u00e1veis\u00a0de\u00a0risco para a psicopatologia,\u00a0como\u00a0a dissocia\u00e7\u00e3o,\u00a0experi\u00eancias\u00a0traum\u00e1ticas,\u00a0experi\u00eancias\u00a0mal-adaptativas\u00a0precoces e dificuldades interpessoais. [&hellip;]<\/p>\n","protected":false},"author":1,"featured_media":0,"parent":703,"menu_order":1,"comment_status":"closed","ping_status":"closed","template":"","meta":{"_mi_skip_tracking":false,"_monsterinsights_sitenote_active":false,"_monsterinsights_sitenote_note":"","_monsterinsights_sitenote_category":0},"_links":{"self":[{"href":"https:\/\/diinews.ismt.pt\/index.php?rest_route=\/wp\/v2\/pages\/1422"}],"collection":[{"href":"https:\/\/diinews.ismt.pt\/index.php?rest_route=\/wp\/v2\/pages"}],"about":[{"href":"https:\/\/diinews.ismt.pt\/index.php?rest_route=\/wp\/v2\/types\/page"}],"author":[{"embeddable":true,"href":"https:\/\/diinews.ismt.pt\/index.php?rest_route=\/wp\/v2\/users\/1"}],"replies":[{"embeddable":true,"href":"https:\/\/diinews.ismt.pt\/index.php?rest_route=%2Fwp%2Fv2%2Fcomments&post=1422"}],"version-history":[{"count":17,"href":"https:\/\/diinews.ismt.pt\/index.php?rest_route=\/wp\/v2\/pages\/1422\/revisions"}],"predecessor-version":[{"id":3449,"href":"https:\/\/diinews.ismt.pt\/index.php?rest_route=\/wp\/v2\/pages\/1422\/revisions\/3449"}],"up":[{"embeddable":true,"href":"https:\/\/diinews.ismt.pt\/index.php?rest_route=\/wp\/v2\/pages\/703"}],"wp:attachment":[{"href":"https:\/\/diinews.ismt.pt\/index.php?rest_route=%2Fwp%2Fv2%2Fmedia&parent=1422"}],"curies":[{"name":"wp","href":"https:\/\/api.w.org\/{rel}","templated":true}]}}