{"id":1402,"date":"2014-10-27T20:43:57","date_gmt":"2014-10-27T20:43:57","guid":{"rendered":"http:\/\/diinews.ismt.pt\/?page_id=1402"},"modified":"2019-03-12T01:43:26","modified_gmt":"2019-03-12T01:43:26","slug":"reabilitacao-neuropsicologica-teses","status":"publish","type":"page","link":"https:\/\/diinews.ismt.pt\/?page_id=1402&lang=pt","title":{"rendered":"Disserta\u00e7\u00f5es e Teses"},"content":{"rendered":"<h1><strong><em><span id=\"GRmark_a776dfbc1909b8865b90313ee7efcc0718c19877_Doutoramento:0\" class=\"GRcorrect\">Doutoramento<\/span><\/em><\/strong><\/h1>\n<ul>\n<li><strong>Laura Lemos (2014).<\/strong>\u00a0<a href=\"http:\/\/dehesa.unex.es\/xmlui\/handle\/10662\/2856\" data-wplink-edit=\"true\"><em>El impacto de un programa de rehabilitaci\u00f3n neuropsicologica en el funcionamiento cognitivo e emocional de los ancianos institucionalizados<\/em><\/a>\u00a0(Orientadores:\u00a0Helena Esp\u00edrito Santo e Flor\u00eancio Castro).\u00a0\u00a0Universidade da Extremadura. Espanha<\/li>\n<\/ul>\n<h1><strong><em><span id=\"GRmark_c7120a2676432984bed5c385e08b31aac96b6d92_Mestrado:0\" class=\"GRcorrect\">Mestrado<\/span><\/em><\/strong><\/h1>\n<ul>\n<li><strong>Fabiana Silva\u00a0(2013).<\/strong>\u00a0<a title=\"https:\/\/www.academia.edu\/5141410\/Reabilitacao_Neuropsicologica_Grupal_de_idosos_institucionalizados_com_Declinio_Cognitivo_sem_Demencia\" href=\"https:\/\/www.academia.edu\/5141410\/Reabilitacao_Neuropsicologica_Grupal_de_idosos_institucionalizados_com_Declinio_Cognitivo_sem_Demencia\" data-jsb_prepared=\"cl2cn9mwhv\">Reabilita\u00e7\u00e3o Neuropsicol\u00f3gica Grupal de idosos institucionalizados com Decl\u00ednio Cognitivo sem Dem\u00eancia<\/a>.(Orientadora:\u00a0Helena Esp\u00edrito Santo). Disserta\u00e7\u00e3o de mestrado, Instituto Superior Miguel Torga, Coimbra<\/li>\n<li><strong>Marina Costa\u00a0(2013).\u00a0<\/strong><a title=\"https:\/\/www.academia.edu\/5141427\/Reabilitacao_Neuropsicologica_Grupal_de_Idosos_Institucionalizados_com_Declinio_Cognitivo_sem_Demencia_em_interacao_com_criancas_do_pre-escolar\" href=\"https:\/\/www.academia.edu\/5141427\/Reabilitacao_Neuropsicologica_Grupal_de_Idosos_Institucionalizados_com_Declinio_Cognitivo_sem_Demencia_em_interacao_com_criancas_do_pre-escolar\" data-jsb_prepared=\"csjyh837i2\">Reabilita\u00e7\u00e3o Neuropsicol\u00f3gica Grupal de Idosos Institucionalizados com Decl\u00ednio Cognitivo sem Dem\u00eancia em intera\u00e7\u00e3o com crian\u00e7as do pr\u00e9-escolar<\/a>.(Orientadora:\u00a0Helena Esp\u00edrito Santo). Disserta\u00e7\u00e3o de mestrado, Instituto Superior Miguel Torga, Coimbra<\/li>\n<li><b>S\u00f3nia Martins\u00a0(2013).<\/b>\u00a0\u00a0<i><a href=\"http:\/\/repositorio.ismt.pt\/handle\/123456789\/784\" target=\"_blank\" rel=\"noopener noreferrer\">O impacto de um Programa de Reabilita\u00e7\u00e3o Neuropsicol\u00f3gico Grupal nos Aspetos emocionais e afetivos em idosos institucionalizados com Decl\u00ednio Cognitivo Sem Dem\u00eancia\u00a0<\/a>.\u00a0<\/i>(Orientadora:\u00a0Helena Esp\u00edrito Santo). Disserta\u00e7\u00e3o de mestrado, Instituto Superior Miguel Torga, Coimbra<\/li>\n<li><strong>Cl\u00e1udia Filipe\u00a0(2009).<\/strong>\u00a0<a title=\"https:\/\/docs.google.com\/open?id=0Bx4Cfg6cC4ZrV2p3RkpYMEFQWTg\" href=\"https:\/\/docs.google.com\/open?id=0Bx4Cfg6cC4ZrV2p3RkpYMEFQWTg\" data-jsb_prepared=\"f0o47fvzoh\">Reabilita\u00e7\u00e3o neuropsicol\u00f3gica na doen\u00e7a de Alzheimer<\/a>.\u00a0(Orientadora:\u00a0Helena Esp\u00edrito Santo). Disserta\u00e7\u00e3o de mestrado, Instituto Superior Miguel Torga, Coimbra<\/li>\n<li><strong>V\u00edtor Alves (2012).<\/strong>\u00a0<a title=\"https:\/\/docs.google.com\/file\/d\/0Bx4Cfg6cC4ZrNnI5QWxmUE13cmc\/edit?usp=sharing\" href=\"https:\/\/docs.google.com\/file\/d\/0Bx4Cfg6cC4ZrNnI5QWxmUE13cmc\/edit?usp=sharing\" data-jsb_prepared=\"tl299wdsmv\">Estudo piloto de um programa de reabilita\u00e7\u00e3o cognitivo grupal e o seu impacto no funcionamento cognitivo e n\u00e3o-cognitivo em idosos sob resposta social<\/a>.(Orientadora:\u00a0Helena Esp\u00edrito Santo). Disserta\u00e7\u00e3o de mestrado, Instituto Superior Miguel Torga, Coimbra<\/li>\n<\/ul>\n","protected":false},"excerpt":{"rendered":"<p>Doutoramento Laura Lemos (2014).\u00a0El impacto de un programa de rehabilitaci\u00f3n neuropsicologica en el funcionamiento cognitivo e emocional de los ancianos institucionalizados\u00a0(Orientadores:\u00a0Helena Esp\u00edrito Santo e Flor\u00eancio Castro).\u00a0\u00a0Universidade da Extremadura. Espanha Mestrado Fabiana Silva\u00a0(2013).\u00a0Reabilita\u00e7\u00e3o Neuropsicol\u00f3gica Grupal de idosos institucionalizados com Decl\u00ednio Cognitivo sem Dem\u00eancia.(Orientadora:\u00a0Helena Esp\u00edrito Santo). Disserta\u00e7\u00e3o de mestrado, Instituto Superior Miguel Torga, Coimbra Marina Costa\u00a0(2013).\u00a0Reabilita\u00e7\u00e3o Neuropsicol\u00f3gica [&hellip;]<\/p>\n","protected":false},"author":1,"featured_media":0,"parent":1399,"menu_order":1,"comment_status":"closed","ping_status":"closed","template":"","meta":{"_mi_skip_tracking":false,"_monsterinsights_sitenote_active":false,"_monsterinsights_sitenote_note":"","_monsterinsights_sitenote_category":0},"_links":{"self":[{"href":"https:\/\/diinews.ismt.pt\/index.php?rest_route=\/wp\/v2\/pages\/1402"}],"collection":[{"href":"https:\/\/diinews.ismt.pt\/index.php?rest_route=\/wp\/v2\/pages"}],"about":[{"href":"https:\/\/diinews.ismt.pt\/index.php?rest_route=\/wp\/v2\/types\/page"}],"author":[{"embeddable":true,"href":"https:\/\/diinews.ismt.pt\/index.php?rest_route=\/wp\/v2\/users\/1"}],"replies":[{"embeddable":true,"href":"https:\/\/diinews.ismt.pt\/index.php?rest_route=%2Fwp%2Fv2%2Fcomments&post=1402"}],"version-history":[{"count":13,"href":"https:\/\/diinews.ismt.pt\/index.php?rest_route=\/wp\/v2\/pages\/1402\/revisions"}],"predecessor-version":[{"id":3828,"href":"https:\/\/diinews.ismt.pt\/index.php?rest_route=\/wp\/v2\/pages\/1402\/revisions\/3828"}],"up":[{"embeddable":true,"href":"https:\/\/diinews.ismt.pt\/index.php?rest_route=\/wp\/v2\/pages\/1399"}],"wp:attachment":[{"href":"https:\/\/diinews.ismt.pt\/index.php?rest_route=%2Fwp%2Fv2%2Fmedia&parent=1402"}],"curies":[{"name":"wp","href":"https:\/\/api.w.org\/{rel}","templated":true}]}}