{"id":1399,"date":"2014-10-27T20:42:06","date_gmt":"2014-10-27T20:42:06","guid":{"rendered":"http:\/\/diinews.ismt.pt\/?page_id=1399"},"modified":"2019-02-21T03:19:09","modified_gmt":"2019-02-21T03:19:09","slug":"reabilitacao-neuropsicologica","status":"publish","type":"page","link":"https:\/\/diinews.ismt.pt\/?page_id=1399&lang=pt","title":{"rendered":"Reabilita\u00e7\u00e3o Neuropsicol\u00f3gica"},"content":{"rendered":"<h3>3. O papel de um programa de reabilita\u00e7\u00e3o neuropsicol\u00f3gica grupal no funcionamento cognitivo e n\u00e3o-cognitivo de idosos sob resposta social<\/h3>\n<p><span style=\"letter-spacing: 0.0px;\">O projeto tem como objetivo criar e avaliar os resultados de um programa estruturado de reabilita\u00e7\u00e3o neuropsicologica\u00a0grupal em idosos institucionalizados com vista ao desenvolvimento de aptid\u00f5es cognitivas\u00a0e emocionais.<\/span><\/p>\n<p><span style=\"letter-spacing: 0.0px;\"><strong>Investigadores:\u00a0<\/strong><\/span><span style=\"letter-spacing: 0px;\">Helena Amaral Espirito-Santo (coordenadora);\u00a0Carlos Amaral Dias;\u00a0Fernanda Bento Daniel;\u00a0Laura Susana Tavares Lemos;\u00a0Mariana Vaz Pires Marques.<\/span><\/p>\n<p><span style=\"letter-spacing: 0.0px;\"><strong>Produ\u00e7\u00e3o Cient\u00edfica<\/strong><\/span><\/p>\n<p><span style=\"letter-spacing: 0.0px;\">1) <a href=\"https:\/\/diinews.ismt.pt\/?page_id=1402\" target=\"_blank\" rel=\"noopener noreferrer\">Disserta\u00e7\u00f5es de\u00a0mestrado<\/a><\/span><\/p>\n<p><span style=\"letter-spacing: 0.0px;\">2) <a href=\"https:\/\/diinews.ismt.pt\/?page_id=1381\" target=\"_blank\" rel=\"noopener noreferrer\">Apresenta\u00e7\u00e3o de artigos e comunica\u00e7\u00f5es em congressos nacionais e internacionais<\/a><\/span><\/p>\n<p><span style=\"letter-spacing: 0.0px;\">3) <a href=\"https:\/\/diinews.ismt.pt\/?page_id=1442\" target=\"_blank\" rel=\"noopener noreferrer\">Artigos em revistas nacionais e internacionais<\/a><\/span><\/p>\n<p>4)\u00a0<a href=\"https:\/\/diinews.ismt.pt\/?page_id=2599\" target=\"_blank\" rel=\"noopener noreferrer\">Livros ou cap\u00edtulos de\u00a0livro<\/a><\/p>\n<p style=\"margin: 0px 0px 12px; text-align: justify; font-size: 14px; font-family: Arial; color: #ff6600; line-height: 1.5;\"><span style=\"letter-spacing: 0.0px;\"><strong>\u00a0<\/strong><\/span><\/p>\n","protected":false},"excerpt":{"rendered":"<p>3. O papel de um programa de reabilita\u00e7\u00e3o neuropsicol\u00f3gica grupal no funcionamento cognitivo e n\u00e3o-cognitivo de idosos sob resposta social O projeto tem como objetivo criar e avaliar os resultados de um programa estruturado de reabilita\u00e7\u00e3o neuropsicologica\u00a0grupal em idosos institucionalizados com vista ao desenvolvimento de aptid\u00f5es cognitivas\u00a0e emocionais. Investigadores:\u00a0Helena Amaral Espirito-Santo (coordenadora);\u00a0Carlos Amaral Dias;\u00a0Fernanda Bento [&hellip;]<\/p>\n","protected":false},"author":1,"featured_media":0,"parent":703,"menu_order":2,"comment_status":"closed","ping_status":"closed","template":"","meta":{"_mi_skip_tracking":false,"_monsterinsights_sitenote_active":false,"_monsterinsights_sitenote_note":"","_monsterinsights_sitenote_category":0},"_links":{"self":[{"href":"https:\/\/diinews.ismt.pt\/index.php?rest_route=\/wp\/v2\/pages\/1399"}],"collection":[{"href":"https:\/\/diinews.ismt.pt\/index.php?rest_route=\/wp\/v2\/pages"}],"about":[{"href":"https:\/\/diinews.ismt.pt\/index.php?rest_route=\/wp\/v2\/types\/page"}],"author":[{"embeddable":true,"href":"https:\/\/diinews.ismt.pt\/index.php?rest_route=\/wp\/v2\/users\/1"}],"replies":[{"embeddable":true,"href":"https:\/\/diinews.ismt.pt\/index.php?rest_route=%2Fwp%2Fv2%2Fcomments&post=1399"}],"version-history":[{"count":16,"href":"https:\/\/diinews.ismt.pt\/index.php?rest_route=\/wp\/v2\/pages\/1399\/revisions"}],"predecessor-version":[{"id":3461,"href":"https:\/\/diinews.ismt.pt\/index.php?rest_route=\/wp\/v2\/pages\/1399\/revisions\/3461"}],"up":[{"embeddable":true,"href":"https:\/\/diinews.ismt.pt\/index.php?rest_route=\/wp\/v2\/pages\/703"}],"wp:attachment":[{"href":"https:\/\/diinews.ismt.pt\/index.php?rest_route=%2Fwp%2Fv2%2Fmedia&parent=1399"}],"curies":[{"name":"wp","href":"https:\/\/api.w.org\/{rel}","templated":true}]}}