{"id":1397,"date":"2014-10-27T20:40:47","date_gmt":"2014-10-27T20:40:47","guid":{"rendered":"http:\/\/diinews.ismt.pt\/?page_id=1397"},"modified":"2019-02-21T03:23:31","modified_gmt":"2019-02-21T03:23:31","slug":"redes-sociais-pessoais-idosos","status":"publish","type":"page","link":"https:\/\/diinews.ismt.pt\/?page_id=1397&lang=pt","title":{"rendered":"Redes sociais pessoais Idosos"},"content":{"rendered":"<h3>Redes Sociais Pessoais de Idosos<\/h3>\n<p><span style=\"letter-spacing: 0.0px;\">O estudo pretende descrever e tipificar as redes sociais dos idosos portugueses quanto \u00e0s suas caracter\u00edsticas estruturais, funcionais e relacionais-contextuais, analisando intercess\u00f5es com vari\u00e1veis demogr\u00e1ficas, familiares, relacionais, socioprofissionais, psicol\u00f3gicas, de sa\u00fade e de participa\u00e7\u00e3o social. Integra catorze estudos seccionais, utilizando as metodologias quantitativa e de an\u00e1lise de redes sociais\u00a0(ego network analysis).<\/span><\/p>\n<p><span style=\"letter-spacing: 0.0px;\"><strong>Investigadores<\/strong>\u00a0(CEPESE\/ISMT):\u00a0S\u00f3nia Guadalupe; Henrique Vicente; Fernanda Daniel; In\u00eas Amaral.<\/span><\/p>\n<p><strong><span style=\"letter-spacing: 0px;\">Produ\u00e7\u00e3o Cient\u00edfica<\/span><\/strong><\/p>\n<ol>\n<li><span style=\"letter-spacing: 0.0px;\"><a href=\"https:\/\/diinews.ismt.pt\/wp-admin\/post.php?post=2490&amp;action=edit\" target=\"_blank\" rel=\"noopener noreferrer\">Teses de doutoramento e Disserta\u00e7\u00f5es de mestrado<\/a><\/span><\/li>\n<li><a href=\"https:\/\/diinews.ismt.pt\/?page_id=2511\" target=\"_blank\" rel=\"noopener noreferrer\">Apresenta\u00e7\u00e3o de\u00a0papers\u00a0e\u00a0p\u00f3steres\u00a0em congressos nacionais e internacionais<\/a><\/li>\n<li><a href=\"https:\/\/diinews.ismt.pt\/?page_id=2503\" target=\"_blank\" rel=\"noopener noreferrer\">A<span class=\"GRspelling\">rtigos<\/span> <span class=\"GRspelling\">em<\/span> <span class=\"GRspelling\">revistas<\/span> <span class=\"GRspelling\">nacionais<\/span> e <span class=\"GRspelling\">internacionais<\/span><\/a><\/li>\n<li><a href=\"https:\/\/diinews.ismt.pt\/?page_id=2500\" target=\"_blank\" rel=\"noopener noreferrer\"><span class=\"GRspelling\">Livros e Cap\u00edtulos de Livro<\/span><\/a><\/li>\n<\/ol>\n<p style=\"margin: 0px 0px 12px; text-align: justify; font-size: 14px; font-family: Arial; color: #ff6600; line-height: 1.5;\"><span style=\"letter-spacing: 0.0px;\"><strong>\u00a0<\/strong><\/span><\/p>\n","protected":false},"excerpt":{"rendered":"<p>Redes Sociais Pessoais de Idosos O estudo pretende descrever e tipificar as redes sociais dos idosos portugueses quanto \u00e0s suas caracter\u00edsticas estruturais, funcionais e relacionais-contextuais, analisando intercess\u00f5es com vari\u00e1veis demogr\u00e1ficas, familiares, relacionais, socioprofissionais, psicol\u00f3gicas, de sa\u00fade e de participa\u00e7\u00e3o social. Integra catorze estudos seccionais, utilizando as metodologias quantitativa e de an\u00e1lise de redes sociais\u00a0(ego network [&hellip;]<\/p>\n","protected":false},"author":1,"featured_media":0,"parent":703,"menu_order":3,"comment_status":"closed","ping_status":"closed","template":"","meta":{"_mi_skip_tracking":false,"_monsterinsights_sitenote_active":false,"_monsterinsights_sitenote_note":"","_monsterinsights_sitenote_category":0},"_links":{"self":[{"href":"https:\/\/diinews.ismt.pt\/index.php?rest_route=\/wp\/v2\/pages\/1397"}],"collection":[{"href":"https:\/\/diinews.ismt.pt\/index.php?rest_route=\/wp\/v2\/pages"}],"about":[{"href":"https:\/\/diinews.ismt.pt\/index.php?rest_route=\/wp\/v2\/types\/page"}],"author":[{"embeddable":true,"href":"https:\/\/diinews.ismt.pt\/index.php?rest_route=\/wp\/v2\/users\/1"}],"replies":[{"embeddable":true,"href":"https:\/\/diinews.ismt.pt\/index.php?rest_route=%2Fwp%2Fv2%2Fcomments&post=1397"}],"version-history":[{"count":21,"href":"https:\/\/diinews.ismt.pt\/index.php?rest_route=\/wp\/v2\/pages\/1397\/revisions"}],"predecessor-version":[{"id":3466,"href":"https:\/\/diinews.ismt.pt\/index.php?rest_route=\/wp\/v2\/pages\/1397\/revisions\/3466"}],"up":[{"embeddable":true,"href":"https:\/\/diinews.ismt.pt\/index.php?rest_route=\/wp\/v2\/pages\/703"}],"wp:attachment":[{"href":"https:\/\/diinews.ismt.pt\/index.php?rest_route=%2Fwp%2Fv2%2Fmedia&parent=1397"}],"curies":[{"name":"wp","href":"https:\/\/api.w.org\/{rel}","templated":true}]}}