{"id":1391,"date":"2014-10-27T20:36:16","date_gmt":"2014-10-27T20:36:16","guid":{"rendered":"http:\/\/diinews.ismt.pt\/?page_id=1391"},"modified":"2019-02-21T03:13:10","modified_gmt":"2019-02-21T03:13:10","slug":"projeto-trajetorias-do-envelhecimento","status":"publish","type":"page","link":"https:\/\/diinews.ismt.pt\/?page_id=1391&lang=pt","title":{"rendered":"Trajet\u00f3rias do Envelhecimento"},"content":{"rendered":"\n<p>Trajet\u00f3rias do envelhecimento: desempenho cognitivo, estado emocional, padr\u00f5es do comportamento e suas mudan\u00e7as longitudinais em idosos institucionalizados de Coimbra<\/p>\n\n\n\n<p><strong>Refer\u00eancia<\/strong>:\u00a0PTDC\/PSI-PCL\/117379\/2010<\/p>\n\n\n\n<p>\u00c9 uma prioridade determinar a presen\u00e7a de altera\u00e7\u00f5es cognitivas nas pessoas idosas antes da instala\u00e7\u00e3o de dem\u00eancia, para se poder adiar ou at\u00e9 reverter essas altera\u00e7\u00f5es. \u00c9 tamb\u00e9m importante verificar se as pessoas idosas sofrem de sintomas neuropsiqui\u00e1tricos que prenunciam a dem\u00eancia, tamb\u00e9m para que se possa intervir antecipadamente. Os idosos institucionalizados constituem uma popula\u00e7\u00e3o vulner\u00e1vel ao decl\u00ednio cognitivo, e, por isso, pretendemos identificar os que est\u00e3o em risco, elucidando os correlatos e os fatores de risco de progress\u00e3o demencial. Para tal, estamos a avaliar longitudinalmente idosos institucionalizados do concelho de Coimbra atrav\u00e9s uma bateria neuropsicol\u00f3gica-emocional.<\/p>\n\n\n\n<p><strong>Investigadores <\/strong><br><strong>ISMT<\/strong>:\u00a0Helena Amaral Espirito-Santo (coordenadora); professores Ana Galhardo; Carlos Amaral Dias;\u00a0Fernanda Bento Daniel; Laura Susana Tavares Lemos;\u00a0Mariana Vaz Pires Marques;\u00a0Marina Cunha;\u00a0S\u00f3nia Guadalupe Abreu; S\u00f3nia Sim\u00f5es.<br><strong>Instituto Polit\u00e9cnico de Leiria<\/strong>: Professora Sara Gordo;<br><strong>Universidade de Salamanca<\/strong>: Professor Ricardo Garcia.<\/p>\n\n\n\n<p><strong>Produ\u00e7\u00e3o Cient\u00edfica:<\/strong><\/p>\n\n\n\n<p>1) <a href=\"https:\/\/diinews.ismt.pt\/?page_id=1369\" target=\"_blank\" rel=\"noreferrer noopener\">Disserta\u00e7\u00f5es&nbsp;de&nbsp;mestrado e doutoramento<\/a><\/p>\n\n\n\n<p>2) <a href=\"https:\/\/diinews.ismt.pt\/?page_id=1374\" target=\"_blank\" rel=\"noreferrer noopener\">Apresenta\u00e7\u00e3o de comunica\u00e7\u00f5es em congressos nacionais e internacionais<\/a><\/p>\n\n\n\n<p>3) <a href=\"https:\/\/diinews.ismt.pt\/?page_id=1439\" target=\"_blank\" rel=\"noreferrer noopener\">Artigos em revistas nacionais e internacionais<\/a><\/p>\n\n\n\n<p>4) <a href=\"https:\/\/diinews.ismt.pt\/?page_id=1386\" target=\"_blank\" rel=\"noreferrer noopener\">Livros ou&nbsp;cap\u00edtulos de&nbsp;livro<\/a><\/p>\n\n\n\n<p><\/p>\n","protected":false},"excerpt":{"rendered":"<p>Trajet\u00f3rias do envelhecimento: desempenho cognitivo, estado emocional, padr\u00f5es do comportamento e suas mudan\u00e7as longitudinais em idosos institucionalizados de Coimbra Refer\u00eancia:\u00a0PTDC\/PSI-PCL\/117379\/2010 \u00c9 uma prioridade determinar a presen\u00e7a de altera\u00e7\u00f5es cognitivas nas pessoas idosas antes da instala\u00e7\u00e3o de dem\u00eancia, para se poder adiar ou at\u00e9 reverter essas altera\u00e7\u00f5es. \u00c9 tamb\u00e9m importante verificar se as pessoas idosas sofrem [&hellip;]<\/p>\n","protected":false},"author":1,"featured_media":0,"parent":703,"menu_order":1,"comment_status":"closed","ping_status":"closed","template":"","meta":{"_mi_skip_tracking":false,"_monsterinsights_sitenote_active":false,"_monsterinsights_sitenote_note":"","_monsterinsights_sitenote_category":0},"_links":{"self":[{"href":"https:\/\/diinews.ismt.pt\/index.php?rest_route=\/wp\/v2\/pages\/1391"}],"collection":[{"href":"https:\/\/diinews.ismt.pt\/index.php?rest_route=\/wp\/v2\/pages"}],"about":[{"href":"https:\/\/diinews.ismt.pt\/index.php?rest_route=\/wp\/v2\/types\/page"}],"author":[{"embeddable":true,"href":"https:\/\/diinews.ismt.pt\/index.php?rest_route=\/wp\/v2\/users\/1"}],"replies":[{"embeddable":true,"href":"https:\/\/diinews.ismt.pt\/index.php?rest_route=%2Fwp%2Fv2%2Fcomments&post=1391"}],"version-history":[{"count":19,"href":"https:\/\/diinews.ismt.pt\/index.php?rest_route=\/wp\/v2\/pages\/1391\/revisions"}],"predecessor-version":[{"id":3456,"href":"https:\/\/diinews.ismt.pt\/index.php?rest_route=\/wp\/v2\/pages\/1391\/revisions\/3456"}],"up":[{"embeddable":true,"href":"https:\/\/diinews.ismt.pt\/index.php?rest_route=\/wp\/v2\/pages\/703"}],"wp:attachment":[{"href":"https:\/\/diinews.ismt.pt\/index.php?rest_route=%2Fwp%2Fv2%2Fmedia&parent=1391"}],"curies":[{"name":"wp","href":"https:\/\/api.w.org\/{rel}","templated":true}]}}