{"id":1386,"date":"2014-10-27T20:32:26","date_gmt":"2014-10-27T20:32:26","guid":{"rendered":"http:\/\/diinews.ismt.pt\/?page_id=1386"},"modified":"2019-02-21T03:39:42","modified_gmt":"2019-02-21T03:39:42","slug":"trajetorias-do-envelhecimento-livros","status":"publish","type":"page","link":"https:\/\/diinews.ismt.pt\/?page_id=1386&lang=pt","title":{"rendered":"Livros e Cap\u00edtulos"},"content":{"rendered":"<h1>2019<\/h1>\n<ul>\n<li>Chiote Rodrigues, I., &amp; Esp\u00edrito-Santo, H. (2019). Otimismo e esperan\u00e7a na idade avan\u00e7ada. In H. Esp\u00edrito-Santo &amp; F. Daniel (Coord.), <em>Trajetos do envelhecimento: perspetivas te\u00f3ricas e emp\u00edricas<\/em> (pp. 375-393).<\/li>\n<li>Cunha, M., &amp; Galhardo, A. (2019). Mindfulness e compaix\u00e3o na idade avan\u00e7ada. In H. Esp\u00edrito-Santo &amp; F. Daniel (Coord). In H. Esp\u00edrito-Santo, F. Daniel (Coord.),\u00a0<em>Trajetos do envelhecimento: Perspetivas te\u00f3ricas e emp\u00edricas<\/em> (pp. 353-374).<\/li>\n<li>Daniel, F., Gordo, S., Queiroz Garcia, I., &amp; Esp\u00edrito-Santo, H. (2019) Funcionalidade e envelhecimento. In H. Esp\u00edrito-Santo &amp; F. Daniel (Coord.), <em>Trajetos do envelhecimento: perspetivas te\u00f3ricas e emp\u00edricas<\/em> (pp. 79-118).<\/li>\n<li>Espirito-Santo, H., &amp; Daniel, F. (Coord.) (2019). <em>Trajetos do envelhecimento: Perspetivas te\u00f3ricas e emp\u00edricas<\/em>. 420 pp.<\/li>\n<li>Esp\u00edrito-Santo, H., Lemos, L., &amp; Torres-Pena, I. (2019). Envelhecimento e sa\u00fade mental II: Depress\u00e3o. In H. Esp\u00edrito-Santo &amp; F. Daniel (Coord.), <em>Trajetos do envelhecimento: Perspetivas te\u00f3ricas e emp\u00edricas<\/em> (pp. 175-216).<\/li>\n<li>Esp\u00edrito-Santo, H., Torres-Pena, I., Carolino, N., Monteiro, B., Lemos, L., &amp; Galhardo, A. (2019). Envelhecimento e sa\u00fade mental I: Ansiedade. In H. Esp\u00edrito-Santo &amp; F. Daniel (Coord.), <em>Trajetos do envelhecimento: Perspetivas te\u00f3ricas e emp\u00edricas<\/em> (pp. 119-173).<\/li>\n<li>Lemos, L., Carreiras, D., Rodrigues, S., Queiroz Garcia, I., Daniel, F., &amp; Esp\u00edrito-Santo, H. (2019). D\u00e9fice cognitivo e dem\u00eancia. In H. Esp\u00edrito-Santo &amp; F. Daniel (Coord.), <em>Trajetos do envelhecimento: Perspetivas te\u00f3ricas e emp\u00edricas<\/em> (pp. 13-77).<\/li>\n<li>Marques, M., Chiote Rodrigues, I., &amp; Esp\u00edrito-Santo, H. (2019). O sono na idade avan\u00e7ada. In H. Esp\u00edrito-Santo &amp; F. Daniel (Coord). In H. Esp\u00edrito-Santo, F. Daniel (Coord.), <em>Trajetos do envelhecimento: Perspetivas te\u00f3ricas e emp\u00edricas<\/em> (pp. 197-254).<\/li>\n<li>Marques, M., Chiote Rodrigues, I., &amp; Esp\u00edrito-Santo, H. (2019). Envelhecimento e sa\u00fade mental III: Psicose e perturba\u00e7\u00f5es da personalidade. In H. Esp\u00edrito-Santo &amp; F. Daniel (Coord). In H. Esp\u00edrito-Santo, F. Daniel (Coord.),\u00a0<em>Trajetos do envelhecimento: Perspetivas te\u00f3ricas e emp\u00edricas<\/em> (pp. 217-242).<\/li>\n<\/ul>\n<ul>\n<li>Sim\u00f5es, S., Lemos, L., Galhardo, J., &amp; Oliveira, M. (2019). Espiritualidade e envelhecimento. In H. Esp\u00edrito-Santo &amp; F. Daniel (Coord). In H. Esp\u00edrito-Santo, F. Daniel (Coord.),\u00a0<em>Trajetos do envelhecimento: Perspetivas te\u00f3ricas e emp\u00edricas<\/em> (pp. 313-351).<\/li>\n<\/ul>\n<h1><b>2015<\/b><\/h1>\n<ul>\n<li>Espirito-Santo, H., Lemos, L., Torres-Pena, I., Vicente, F., Silva, F., Costa, M., Marques, M., Sim\u00f5es, S., Guadalupe, S., &amp; Daniel, F. B. (2015). <a href=\"https:\/\/estudogeral.sib.uc.pt\/handle\/10316\/46748\" target=\"_blank\" rel=\"noopener noreferrer\">Bateria de avalia\u00e7\u00e3o frontal (FAB).<\/a> Em M. Sim\u00f5es, I. Santana, &amp; Grupo de Estudos de Envelhecimento Cerebral e Dem\u00eancia (coord.).\u00a0<i>Escalas e testes na dem\u00eancia<\/i>\u00a0(3\u00aa ed., pp. 68-75). Porto Salvo: Novartis<\/li>\n<li>Espirito-Santo, H., Lemos, L., Ventura, L., Moitinho, S., Pinto, A. L., Rodrigues, F., Vig\u00e1rio, V., Marques, M., Sim\u00f5es, S., &amp; Daniel, F. B. (2015). <a href=\"https:\/\/estudogeral.sib.uc.pt\/handle\/10316\/46766\" target=\"_blank\" rel=\"noopener noreferrer\">Teste da Figura Complexa de Rey-Osterrieth<\/a>. Em M. Sim\u00f5es, I. Santana, &amp; Grupo de Estudos de Envelhecimento Cerebral e Dem\u00eancia (coord.). <i>Escalas e testes na dem\u00eancia<\/i> (3\u00aa ed., pp. 100-107). Porto Salvo: Novartis<\/li>\n<li>Espirito-Santo, H., Lemos, L., Fernandes, D., Cardoso, D., Neves, C. S., Caldas, L., Marques, M., Guadalupe, S., &amp; Daniel, F. B. (2015). <a href=\"https:\/\/estudogeral.sib.uc.pt\/handle\/10316\/46749\" target=\"_blank\" rel=\"noopener noreferrer\">Teste de Stroop<\/a>. Em M. Sim\u00f5es, I. Santana, &amp; Grupo de Estudos de Envelhecimento Cerebral e Dem\u00eancia (coord.). Escalas e testes na dem\u00eancia (3\u00aa ed., pp. 114-119). Porto Salvo: Novartis<\/li>\n<\/ul>\n<h1>2012<\/h1>\n<ul>\n<li><span style=\"letter-spacing: 0.0px;\">Gaspar, A., Marques, M., Espirito-Santo, H., Matreno, J., Fermino, S., Lemos, L., Amaro, H., Daniel, F., Guadalupe, S., &amp; Sim\u00f5es, D. (2012). Mem\u00f3ria a curto-prazo em idosos em lar e em centro de dia.\u00a0Em\u00a0R. Quevedo-Blasco\u00a0e V. J. Quevedo-Blasco (Eds.),\u00a0<em>Avances en Psicolog\u00eda Cl\u00ednica<\/em>. <em>Libro De Cap\u00edtulos Del V Congreso Internacional Y X Nacional De Psicolog\u00eda Cl\u00ednica<\/em>\u00a0(pp. 28\u201331). Granada: Asociaci\u00f3n Espa\u00f1ola de Psicolog\u00eda Conductual AEPC. Dispon\u00edvel\u00a0em\u00a0<a href=\"http:\/\/www.ispcs.es\/xcongreso\/Documentos\/librocapitulosXcongreso.pdf\"><span style=\"letter-spacing: 0px; color: #021eaa;\">http<\/span><\/a><a href=\"http:\/\/www.ispcs.es\/xcongreso\/Documentos\/librocapitulosXcongreso.pdf\"><span style=\"letter-spacing: 0px; color: #021eaa;\">:\/\/www.ispcs.es\/xcongreso\/Documentos\/librocapitulosXcongreso.pdf<\/span><\/a><\/span><\/li>\n<li><span style=\"letter-spacing: 0.0px;\">Espirito-Santo, H., Maia, S., Matreno, J., Fermino, S., Pena, I.T., Amaro, H., Lemos, L., Sim\u00f5es, D., Guadalupe, S., &amp; Daniel, F. (2012). Fun\u00e7\u00f5es executivas e sintomas de ansiedade: estudo em idosos sob resposta social.\u00a0Em\u00a0R. Quevedo-Blasco\u00a0e V. J. Quevedo-Blasco (Eds.),\u00a0<em>Avances en Psicolog\u00eda Cl\u00ednica<\/em>.<em> Libro De Cap\u00edtulos Del V Congreso Internacional Y X Nacional De Psicolog\u00eda Cl\u00ednica<\/em>\u00a0(pp. 150\u2013153). Granada: Asociaci\u00f3n Espa\u00f1ola de Psicolog\u00eda Conductual AEPC. Dispon\u00edvel em <a href=\"http:\/\/www.ispcs.es\/xcongreso\/Documentos\/librocapitulosXcongreso.pdf\"><span style=\"letter-spacing: 0px; color: #021eaa;\">http:\/\/www.ispcs.es\/xcongreso\/Documentos\/librocapitulosXcongreso.pdf<\/span><\/a><\/span><\/li>\n<li><span style=\"letter-spacing: 0.0px;\">Pena, I.T., Espirito-Santo, H., Fermino, S., Matreno, J., Lemos, L., Amaro, H., Daniel, F., Sim\u00f5es, D., &amp; Guadalupe, S. (2012). O impacto dos sintomas depressivos no d\u00e9fice cognitivo em idosos institucionalizados. Em\u00a0R. Quevedo-Blasco\u00a0e V. J. Quevedo-Blasco (Eds.),\u00a0<em>Avances en Psicolog\u00eda Cl\u00ednica. Libro De Cap\u00edtulos Del V Congreso Internacional Y X Nacional De Psicolog\u00eda Cl\u00ednica<\/em>\u00a0(pp. 199\u2013202). Granada: Asociaci\u00f3n Espa\u00f1ola de Psicolog\u00eda Conductual AEPC. Dispon\u00edvel em\u00a0<a href=\"http:\/\/www.ispcs.es\/xcongreso\/Documentos\/librocapitulosXcongreso.pdf\"><span style=\"letter-spacing: 0px; color: #021eaa;\">http:\/\/www.ispcs.es\/xcongreso\/Documentos\/librocapitulosXcongreso.pdf<\/span><\/a><\/span><\/li>\n<li><span style=\"letter-spacing: 0.0px;\">Fermino, S., Espirito-Santo, H., Matreno, J., Daniel, F., Pena, I., Maia, S., Gon\u00e7alves, Marques, M., Falc\u00e3o, D., &amp; Gaspar, A. (2012). Diferen\u00e7as sintom\u00e1ticas, neuropsicol\u00f3gicas e sociodemogr\u00e1ficas em idosos com doen\u00e7a de Alzheimer\u00a0versus\u00a0idosos com depress\u00e3o.\u00a0Em\u00a0R. Quevedo-Blasco\u00a0e V. J. Quevedo-Blasco (Eds.),\u00a0<em>Avances en Psicolog\u00eda Cl\u00ednica. Libro De Cap\u00edtulos Del V Congreso Internacional Y X Nacional De Psicolog\u00eda Cl\u00ednica<\/em>\u00a0(pp. 36\u201339). Granada: Asociaci\u00f3n Espa\u00f1ola de Psicolog\u00eda Conductual AEPC. Dispon\u00edvel em\u00a0<a href=\"http:\/\/www.ispcs.es\/xcongreso\/Documentos\/librocapitulosXcongreso.pdf\"><span style=\"letter-spacing: 0px; color: #021eaa;\">http:\/\/www.ispcs.es\/xcongreso\/Documentos\/librocapitulosXcongreso.pdf<\/span><\/a><\/span><\/li>\n<\/ul>\n","protected":false},"excerpt":{"rendered":"<p>2019 Chiote Rodrigues, I., &amp; Esp\u00edrito-Santo, H. (2019). Otimismo e esperan\u00e7a na idade avan\u00e7ada. In H. Esp\u00edrito-Santo &amp; F. Daniel (Coord.), Trajetos do envelhecimento: perspetivas te\u00f3ricas e emp\u00edricas (pp. 375-393). Cunha, M., &amp; Galhardo, A. (2019). Mindfulness e compaix\u00e3o na idade avan\u00e7ada. In H. Esp\u00edrito-Santo &amp; F. Daniel (Coord). In H. Esp\u00edrito-Santo, F. Daniel (Coord.),\u00a0Trajetos [&hellip;]<\/p>\n","protected":false},"author":1,"featured_media":0,"parent":1391,"menu_order":4,"comment_status":"closed","ping_status":"closed","template":"","meta":{"_mi_skip_tracking":false,"_monsterinsights_sitenote_active":false,"_monsterinsights_sitenote_note":"","_monsterinsights_sitenote_category":0},"_links":{"self":[{"href":"https:\/\/diinews.ismt.pt\/index.php?rest_route=\/wp\/v2\/pages\/1386"}],"collection":[{"href":"https:\/\/diinews.ismt.pt\/index.php?rest_route=\/wp\/v2\/pages"}],"about":[{"href":"https:\/\/diinews.ismt.pt\/index.php?rest_route=\/wp\/v2\/types\/page"}],"author":[{"embeddable":true,"href":"https:\/\/diinews.ismt.pt\/index.php?rest_route=\/wp\/v2\/users\/1"}],"replies":[{"embeddable":true,"href":"https:\/\/diinews.ismt.pt\/index.php?rest_route=%2Fwp%2Fv2%2Fcomments&post=1386"}],"version-history":[{"count":20,"href":"https:\/\/diinews.ismt.pt\/index.php?rest_route=\/wp\/v2\/pages\/1386\/revisions"}],"predecessor-version":[{"id":3496,"href":"https:\/\/diinews.ismt.pt\/index.php?rest_route=\/wp\/v2\/pages\/1386\/revisions\/3496"}],"up":[{"embeddable":true,"href":"https:\/\/diinews.ismt.pt\/index.php?rest_route=\/wp\/v2\/pages\/1391"}],"wp:attachment":[{"href":"https:\/\/diinews.ismt.pt\/index.php?rest_route=%2Fwp%2Fv2%2Fmedia&parent=1386"}],"curies":[{"name":"wp","href":"https:\/\/api.w.org\/{rel}","templated":true}]}}