{"id":1381,"date":"2014-10-27T20:28:13","date_gmt":"2014-10-27T20:28:13","guid":{"rendered":"http:\/\/diinews.ismt.pt\/?page_id=1381"},"modified":"2019-03-05T20:34:23","modified_gmt":"2019-03-05T20:34:23","slug":"reabilitacao-neuropsicologica-comunicacoes","status":"publish","type":"page","link":"https:\/\/diinews.ismt.pt\/?page_id=1381&lang=pt","title":{"rendered":"Comunica\u00e7\u00f5es"},"content":{"rendered":"<h2>2018<\/h2>\n<ul>\n<li>Costa, M., Sim\u00f5es, S., &amp; Lemos, L. (2018). <em>Avalia\u00e7\u00e3o da efic\u00e1cia de um Programa de Reabilita\u00e7\u00e3o Neuropsicol\u00f3gica Grupal no funcionamento cognitivo e emocional de pessoas idosas em resposta social<\/em>. III Semin\u00e1rio Internacional de Alzheimer e outras Dem\u00eancias: Conhecer, Compreender e Intervir, 13-14 dezembro, Viseu, Portugal.<\/li>\n<\/ul>\n<h2>2016<\/h2>\n<ul>\n<li>Lemos, L., Esp\u00edrito Santo, H., Sim\u00f5es, S., Silva, F., Galhardo, J., Oliveira, M., Costa, M., Martins, S., &amp; Daniel, F. (3-6, mar\u00e7o, 2016). <a href=\"https:\/\/doi.org\/10.1016\/j.eurpsy.2016.01.588.\" target=\"_blank\" rel=\"noopener noreferrer\" data-slimstat=\"5\">EW470 \u2014 A neuropsychological group rehabilitation program with institutionalized elderly<\/a> [Abstract of\u00a0Poster presented at the\u00a0 24rd European Congress of Psychiatry, Madrid]. <i>European Psychiatry<\/i>, <i>33, <\/i>S235. doi:10.1016\/j.eurpsy.2016.01.588.<\/li>\n<\/ul>\n<h2><strong>2014<\/strong><\/h2>\n<ul>\n<li>Lemos, L.<a href=\"http:\/\/www.sciencedirect.com\/science\/article\/pii\/S0924933814788029\">,<\/a> Espirito-Santo, H., Silva, G. F., Costa, M., Cardoso, D., F. Vicente, Martins, S., Vig\u00e1rio, V., Rodrigues, F., Neves, C. S., Pascoal, V., Pinto, A. L., &amp; Moitinho, S. (2014).<a href=\"http:\/\/www.sciencedirect.com\/science\/article\/pii\/S0924933814788029\"> EPA-1657 \u2013 The impact of a neuropsychological rehabilitation group program (NRGP) on cognitive and emotional functioning in institutionalized elderly [<\/a>Abstract\u00a0of the\u00a0E05 &#8211; e-Poster presented\u00a0at\u00a0Session 05: Childhood and Geriatry, Depression do 22nd European Congress of Psychiatry. Munich, Germany]. <em>European Psychiatry, 29<\/em>(Supl. 1), 1. doi:10.1016\/S0924-9338(14)78802-9<\/li>\n<\/ul>\n<h2><strong>2013<\/strong><\/h2>\n<ul>\n<li>Esp\u00edrito-Santo, H., Lemos, L, Pinto, A. L., Neves, C. S., Rodrigues, F., Torres Pena, I., Caldas, L., Moitinho, S., Vig\u00e1rio, V., Pascoal, V., Fernandes, D., Cardoso, D., Vicente, F., Silva, G. F., Ventura, L., &amp; Costa, Marina.\u00a0 (2013, Junho). <em>Apresenta\u00e7\u00e3o de um programa de reabilita\u00e7\u00e3o neuropsicol\u00f3gica grupal.<\/em> Comunica\u00e7\u00e3o oral na 27\u00aa Reuni\u00e3o do Grupo de Estudos de Envelhecimento Cerebral e Dem\u00eancia. Coimbra: GEECD<\/li>\n<\/ul>\n","protected":false},"excerpt":{"rendered":"<p>2018 Costa, M., Sim\u00f5es, S., &amp; Lemos, L. (2018). Avalia\u00e7\u00e3o da efic\u00e1cia de um Programa de Reabilita\u00e7\u00e3o Neuropsicol\u00f3gica Grupal no funcionamento cognitivo e emocional de pessoas idosas em resposta social. III Semin\u00e1rio Internacional de Alzheimer e outras Dem\u00eancias: Conhecer, Compreender e Intervir, 13-14 dezembro, Viseu, Portugal. 2016 Lemos, L., Esp\u00edrito Santo, H., Sim\u00f5es, S., Silva, [&hellip;]<\/p>\n","protected":false},"author":1,"featured_media":0,"parent":1399,"menu_order":2,"comment_status":"closed","ping_status":"closed","template":"","meta":{"_mi_skip_tracking":false,"_monsterinsights_sitenote_active":false,"_monsterinsights_sitenote_note":"","_monsterinsights_sitenote_category":0},"_links":{"self":[{"href":"https:\/\/diinews.ismt.pt\/index.php?rest_route=\/wp\/v2\/pages\/1381"}],"collection":[{"href":"https:\/\/diinews.ismt.pt\/index.php?rest_route=\/wp\/v2\/pages"}],"about":[{"href":"https:\/\/diinews.ismt.pt\/index.php?rest_route=\/wp\/v2\/types\/page"}],"author":[{"embeddable":true,"href":"https:\/\/diinews.ismt.pt\/index.php?rest_route=\/wp\/v2\/users\/1"}],"replies":[{"embeddable":true,"href":"https:\/\/diinews.ismt.pt\/index.php?rest_route=%2Fwp%2Fv2%2Fcomments&post=1381"}],"version-history":[{"count":11,"href":"https:\/\/diinews.ismt.pt\/index.php?rest_route=\/wp\/v2\/pages\/1381\/revisions"}],"predecessor-version":[{"id":3742,"href":"https:\/\/diinews.ismt.pt\/index.php?rest_route=\/wp\/v2\/pages\/1381\/revisions\/3742"}],"up":[{"embeddable":true,"href":"https:\/\/diinews.ismt.pt\/index.php?rest_route=\/wp\/v2\/pages\/1399"}],"wp:attachment":[{"href":"https:\/\/diinews.ismt.pt\/index.php?rest_route=%2Fwp%2Fv2%2Fmedia&parent=1381"}],"curies":[{"name":"wp","href":"https:\/\/api.w.org\/{rel}","templated":true}]}}