{"id":1369,"date":"2014-10-27T19:57:28","date_gmt":"2014-10-27T19:57:28","guid":{"rendered":"http:\/\/diinews.ismt.pt\/?page_id=1369"},"modified":"2019-09-09T19:29:48","modified_gmt":"2019-09-09T19:29:48","slug":"projeto-trajetorias-do-envelhecimento-dissertacoes-de-mestrado","status":"publish","type":"page","link":"https:\/\/diinews.ismt.pt\/?page_id=1369&lang=pt","title":{"rendered":"Disserta\u00e7\u00f5es e Teses"},"content":{"rendered":"<h2><em>Doutoramentos<\/em><\/h2>\n<h3>2014<\/h3>\n<ul>\n<li><span style=\"letter-spacing: 0px; color: #000000;\"><b>In\u00eas Torres Pena<\/b>:\u00a0<span style=\"letter-spacing: 0px;\"><i><a href=\"http:\/\/dehesa.unex.es:8080\/xmlui\/handle\/10662\/1778?locale-attribute=pt\">Funcionamiento neuropsicol\u00f3gico y emocional en el envejecimiento. Estudio comparativo entre ancianos institucionalizados y no-institucionalizados<\/a>\u00a0<\/i>(Orientadores:\u00a0Helena Esp\u00edrito Santo e Flor\u00eancio Castro). Universidade da Extremadura. Espanha<\/span><\/span><\/li>\n<li><strong>Sara Gordo:<\/strong>\u00a0<em>Contribuici\u00f3n del funcionamiento ejecutivo en la funcionalidad en ancianos no-institucionalizados, semi-institucionalizados e institucionalizados<\/em>\u00a0(Orientador:\u00a0Ricardo Garcia).\u00a0Universidade de Salamanca. Espanha<\/li>\n<\/ul>\n<h2><em>Mestrados<\/em><\/h2>\n<h3>2019<\/h3>\n<ul>\n<li><span style=\"font-weight: 600;\">Gabriela da Silva Cruz\u00a0<\/span>(2019, 4 abril). <em>Mindfulness em Idosos Institucionalizados: Valida\u00e7\u00e3o do Invent\u00e1rio de Mindfulness de Freiburg para Idosos<\/em>\u00a0(Orientadora:\u00a0Helena Esp\u00edrito Santo). Disserta\u00e7\u00e3o de mestrado, Instituto Superior Miguel Torga, Coimbra.<\/li>\n<\/ul>\n<h3>2018<\/h3>\n<ul>\n<li><strong>S\u00edlvia Cruz<\/strong> (2018, 12 dezembro).\u00a0<a href=\"http:\/\/repositorio.ismt.pt\/handle\/123456789\/952\"><em>Funcionamento emocional, qualidade do sono e bem-estar espiritual em idosos institucionalizados<\/em> <\/a>(Orientadora: Laura Lemos; Arguente: Helena Esp\u00edrito Santo; Presidente: Fernanda Daniel).\u00a0Disserta\u00e7\u00e3o de mestrado, Instituto Superior Miguel Torga, Coimbra.<\/li>\n<li><strong>Cristiana Duarte Ferreira<\/strong> (2018, 10 setembro). <a href=\"http:\/\/repositorio.ismt.pt\/handle\/123456789\/931\"><i>Valida\u00e7\u00e3o da Escala de Depress\u00e3o Geri\u00e1trica numa Amostra de Idosos Institucionalizados da Popula\u00e7\u00e3o Portuguesa<\/i><\/a> (Orientadora:\u00a0Helena Esp\u00edrito Santo; Arguente: L. Lemos; Presidente: F. Daniel). Disserta\u00e7\u00e3o de mestrado, Instituto Superior Miguel Torga, Coimbra.<\/li>\n<li><strong>Bruno Sousa Ferreira<\/strong> (2018, 14 setembro). <a href=\"http:\/\/dspace.ismt.pt\/handle\/123456789\/930\"><i>Impacto do yoga do riso na emocionalidade, na qualidade do sono e n\u00edvel cognitivo da pessoa idosa institucionalizada <\/i><\/a>(Orientadora:\u00a0Helena Esp\u00edrito Santo; Arguente: L. Lemos; Presidente: F. Daniel). Disserta\u00e7\u00e3o de mestrado, Instituto Superior Miguel Torga, Coimbra.<\/li>\n<\/ul>\n<h3>2017<\/h3>\n<ul>\n<li><b>Mariana Neves<\/b>: <a href=\"http:\/\/repositorio.ismt.pt\/handle\/123456789\/724\" target=\"_blank\" rel=\"noopener noreferrer\">Bem-estar Espiritual, Sintomas Depressivos e Ansiosos nos Idosos <\/a>(Orientadora:\u00a0Helena Esp\u00edrito Santo; Arguente: Laura Lemos; Presidente: S\u00f3nia Sim\u00f5es). Disserta\u00e7\u00e3o de mestrado, Instituto Superior Miguel Torga, Coimbra.<\/li>\n<\/ul>\n<h3>2016<\/h3>\n<ul>\n<li><b>Mariana Napole\u00e3o<\/b>: <a href=\"http:\/\/repositorio.ismt.pt\/handle\/123456789\/650\" target=\"_blank\" rel=\"noopener noreferrer\">Qualidade Subjetiva do Sono, Sintomas Depressivos e Sentimentos de Solid\u00e3o em Idosos Institucionalizados e N\u00e3o Institucionalizados\u00a0<\/a>(Orientadora:\u00a0Helena Esp\u00edrito Santo). Disserta\u00e7\u00e3o de mestrado, Instituto Superior Miguel Torga, Coimbra<\/li>\n<\/ul>\n<h3>2015<\/h3>\n<ul>\n<li><b>Sara Brito<\/b>: Solid\u00e3o, Esperan\u00e7a e Seus Correlatos em Idosos Institucionalizados e N\u00e3o Institucionalizados no Concelho de Seia.\u00a0(Orientadora:\u00a0Helena Esp\u00edrito Santo; Arguente: Ana Galhardo; Presidente: Marina Cunha). Disserta\u00e7\u00e3o de mestrado, Instituto Superior Miguel Torga, Coimbra<\/li>\n<li><strong>Lu\u00eds Filipe Almeida Ventura<\/strong>. Figura Complexa de\u00a0Rey-Osterrieth\u00a0e Funcionamento Executivo em idosos institucionalizados (Orientadora: Helena Esp\u00edrito Santo; Arguente: Laura Lemos; Presidente: Joana Sequeira). Disserta\u00e7\u00e3o de mestrado, Instituto Superior Miguel Torga, Coimbra<\/li>\n<\/ul>\n<h3>2014<\/h3>\n<ul>\n<li><span style=\"letter-spacing: 0px;\"><b>Carmen Sousa:\u00a0<\/b><i><a href=\"http:\/\/repositorio.ismt.pt\/handle\/123456789\/782\" target=\"_blank\" rel=\"noopener noreferrer\">Comordidade e Rela\u00e7\u00e3o temporal entre ansiedade e depress\u00e3o em idosos institucionalizados<\/a>.<\/i>\u00a0(Orientadora:\u00a0Helena Esp\u00edrito Santo; Arguente: Margarida Pocinho; Presidente: Esmeralda Macedo). Disserta\u00e7\u00e3o de mestrado, Instituto Superior Miguel Torga, Coimbra<\/span><\/li>\n<\/ul>\n<h3>2013<\/h3>\n<ul>\n<li><span style=\"letter-spacing: 0px; color: #000000;\"><b>Andr\u00e9 Costa:<\/b>\u00a0<a href=\"http:\/\/repositorio.ismt.pt\/handle\/123456789\/318\" target=\"_blank\" rel=\"noopener noreferrer\"><i>Bem-estar subjetivo. Valida\u00e7\u00e3o das escalas PANAS e SWLS numa amostra de idosos portugueses institucionalizados<\/i><\/a><i>\u00a0\u00a0<\/i>(Orientadora:\u00a0Helena Esp\u00edrito Santo). Disserta\u00e7\u00e3o de mestrado, Instituto Superior Miguel Torga, Coimbra<\/span><\/li>\n<li><span style=\"letter-spacing: 0px; color: #000000;\"><b>Diana Cardoso:\u00a0<\/b><i><a href=\"http:\/\/repositorio.ismt.pt\/handle\/123456789\/381\" target=\"_blank\" rel=\"noopener noreferrer\">Sono, Depress\u00e3o e Afetividade em idosos Institucionalizados<\/a>.\u00a0<\/i>(Orientadora:\u00a0Helena Esp\u00edrito Santo). Disserta\u00e7\u00e3o de mestrado, Instituto Superior Miguel Torga, Coimbra<\/span><\/li>\n<li><span style=\"letter-spacing: 0px; color: #000000;\"><b>Filomena Vicente<\/b>:\u00a0<i><a href=\"http:\/\/repositorio.ismt.pt\/handle\/123456789\/426\" target=\"_blank\" rel=\"noopener noreferrer\">Estudo Longitudinal dos Fatores Associados \u00e0 Evolu\u00e7\u00e3o de Sintomas Depressivos em Idosos Institucionalizados<\/a>.<\/i>\u00a0(Orientadora:\u00a0Helena Esp\u00edrito Santo). Disserta\u00e7\u00e3o de mestrado, Instituto Superior Miguel Torga, Coimbra<\/span><\/li>\n<li><span style=\"letter-spacing: 0px;\"><b>Daniela Fernandes:<\/b>\u00a0<i><a href=\"http:\/\/repositorio.ismt.pt\/handle\/123456789\/783\" target=\"_blank\" rel=\"noopener noreferrer\">Decl\u00ednio Cognitivo e Depress\u00e3o em idosos institucionalizados do meio rural e urbano do Distrito de Coimbra<\/a>.\u00a0<\/i>(Orientadora:\u00a0Helena Esp\u00edrito Santo). Disserta\u00e7\u00e3o de mestrado, Instituto Superior Miguel Torga, Coimbra<\/span><\/li>\n<\/ul>\n<h3>2012<\/h3>\n<ul>\n<li><span style=\"letter-spacing: 0px; color: #000000;\"><b>Ana Raquel Correia<\/b>:\u00a0<i><a href=\"https:\/\/docs.google.com\/open?id=0Bx4Cfg6cC4ZrMmxIMDFuQ0hFRWs\">O impacto da afetividade no funcionamento cognitivo<\/a>.<\/i>\u00a0(Orientadora:\u00a0Helena Esp\u00edrito Santo). Disserta\u00e7\u00e3o de mestrado, Instituto Superior Miguel Torga, Coimbra<\/span><\/li>\n<li>\u00c2ngela Conde: Contributo para a valida\u00e7\u00e3o da ASKAS \u2013 <i>Aging Sexual Knowledge and Attitudes Scale<\/i> em cuidadores formais portugueses\u00a0(Orientadora: Mariana Marques). Disserta\u00e7\u00e3o de mestrado, Instituto Superior Miguel Torga, Coimbra<\/li>\n<li><span style=\"letter-spacing: 0px; color: #000000;\"><b>Diana Sim\u00f5es<\/b>:\u00a0<i><a href=\"http:\/\/helenum.ismt.pt\/Orientacoes\/Teses_files\/tese%2011%20de%20julho%20diana.pdf\">Impacto da satisfa\u00e7\u00e3o com a vida no funcionamento cognitivo<\/a>.\u00a0<\/i>(Orientadora:\u00a0Helena Esp\u00edrito Santo). Disserta\u00e7\u00e3o de mestrado, Instituto Superior Miguel Torga, Coimbra<\/span><\/li>\n<li><span style=\"letter-spacing: 0px; color: #000000;\"><b>F\u00e1tima Rodrigues<\/b>:\u00a0<i><a href=\"https:\/\/docs.google.com\/file\/d\/0Bx4Cfg6cC4ZrXzV0TlJSRHdEYUE\/edit?usp=sharing\">Flu\u00eancias verbais e funcionamento cognitivo em idosos institucionalizados do distrito de Coimbra<\/a>.\u00a0<\/i>(Orientadora:\u00a0Helena Esp\u00edrito Santo). Disserta\u00e7\u00e3o de mestrado, Instituto Superior Miguel Torga, Coimbra<\/span><\/li>\n<li><span style=\"letter-spacing: 0px; color: #000000;\"><b>Lib\u00e2nia Ferreira<\/b>:\u00a0<i><a href=\"https:\/\/docs.google.com\/open?id=0Bx4Cfg6cC4Zrck1sN1pSWGtnY2c\">O impacto das fun\u00e7\u00f5es executivas no funcionamento cognitivo do idoso sob resposta social<\/a>.\u00a0<\/i>(Orientadora:\u00a0Helena Esp\u00edrito Santo). Disserta\u00e7\u00e3o de mestrado, Instituto Superior Miguel Torga, Coimbra<\/span><\/li>\n<li><span style=\"letter-spacing: 0px; color: #000000;\"><b>Lu\u00edsa Caldas<\/b>:\u00a0<i><a href=\"https:\/\/docs.google.com\/file\/d\/0Bx4Cfg6cC4ZrMTFBRW1pRkNaRDA\/edit?usp=sharing\">Fatores Associados \u00e0s Flu\u00eancias Verbais No Idoso Sob Resposta Social do Distrito de Coimbra<\/a>.\u00a0<\/i>(Orientadora:\u00a0Helena Esp\u00edrito Santo). Disserta\u00e7\u00e3o de mestrado, Instituto Superior Miguel Torga, Coimbra<\/span><\/li>\n<li><span style=\"letter-spacing: 0px; color: #000000;\"><b>Marisa Benedito Tom\u00e1s<\/b>:\u00a0<a href=\"https:\/\/docs.google.com\/file\/d\/0Bx4Cfg6cC4ZrQTI3QnZwU3pBZ2c\/edit?usp=sharing\"><i>Rela\u00e7\u00e3o da afetividade, depress\u00e3o, ansiedade com a mem\u00f3ria a curto-prazo no idoso<\/i><\/a><i>\u00a0<\/i>(Orientadoras: Esmeralda Macedo e Helena Esp\u00edrito Santo). Disserta\u00e7\u00e3o de mestrado, Instituto Superior Miguel Torga, Coimbra<\/span><\/li>\n<li><span style=\"letter-spacing: 0px; color: #000000;\"><b>Marlene Costa<\/b>:\u00a0<i><a href=\"https:\/\/docs.google.com\/open?id=0Bx4Cfg6cC4ZrS3JTMktmMEN0V2M\">Sentimentos de solid\u00e3o, correlatos e preditores<\/a>.\u00a0<\/i>(Orientadora:\u00a0Helena Esp\u00edrito Santo). Disserta\u00e7\u00e3o de mestrado, Instituto Superior Miguel Torga, Coimbra<\/span><\/li>\n<li><span style=\"letter-spacing: 0px; color: #000000;\"><b>Rute Almeida<\/b>:\u00a0<i><a href=\"https:\/\/docs.google.com\/file\/d\/0Bx4Cfg6cC4ZrNGlUMTVnUXhScWM\/edit?usp=sharing\">Aten\u00e7\u00e3o Seletiva e Decl\u00ednio Cognitivo<\/a>.\u00a0<\/i>(Orientadora: Mariana Marques. Disserta\u00e7\u00e3o de mestrado, Instituto Superior Miguel Torga, Coimbra<\/span><\/li>\n<li><span style=\"letter-spacing: 0px; color: #000000;\"><b>Sara Moitinho<\/b>:\u00a0<i><a href=\"https:\/\/docs.google.com\/open?id=0Bx4Cfg6cC4ZrNl9XZkVLMFo3WFU\">Fun\u00e7\u00f5es\u00a0executivas\u00a0(Frontal Assessment Battery),\u00a0capacidade\u00a0visuo-construtiva\u00a0e mem\u00f3ria (Rey Complex Figure) numa amostra\u00a0de\u00a0idosos\u00a0sob\u00a0resposta\u00a0social<\/a>.\u00a0<\/i>(Orientadora: Mariana Marques. Disserta\u00e7\u00e3o de mestrado, Instituto Superior Miguel Torga, Coimbra<\/span><\/li>\n<li><span style=\"letter-spacing: 0px; color: #000000;\"><b>Tirsa Nascimento:\u00a0<\/b><a href=\"https:\/\/docs.google.com\/open?id=0Bx4Cfg6cC4ZrMHZyVGF3eHFsZm8\"><span style=\"letter-spacing: 0px;\"><i>Impacto da aten\u00e7\u00e3o no funcionamento cognitivo<\/i><\/span><\/a><\/span><span style=\"letter-spacing: 0px; color: #000000;\"><i>\u00a0<\/i>(Orientadora:\u00a0Helena Esp\u00edrito Santo e Joana Matreno). Disserta\u00e7\u00e3o de mestrado, Instituto Superior Miguel Torga, Coimbra<\/span><\/li>\n<li><span style=\"letter-spacing: 0px; color: #000000;\"><b>Vanessa Vig\u00e1rio:<\/b>\u00a0<a href=\"https:\/\/docs.google.com\/open?id=0Bx4Cfg6cC4ZrY0Jvb1FTejNtX28\"><span style=\"letter-spacing: 0px;\"><i>Diferen\u00e7as no funcionamento cognitivo entre idosos institucionalizados e n\u00e3o-institucionalizados<\/i><\/span><\/a><\/span><span style=\"letter-spacing: 0px; color: #000000;\"><i>\u00a0<\/i>(Orientadora: Mariana Marques e Lu\u00edsa Rolim). Disserta\u00e7\u00e3o de mestrado, Instituto Superior Miguel Torga, Coimbra<\/span><\/li>\n<\/ul>\n<h3>2011<\/h3>\n<ul>\n<li><span style=\"letter-spacing: 0px; color: #000000;\"><b>Alexandra Pardal:\u00a0<\/b><a href=\"https:\/\/docs.google.com\/file\/d\/0Bx4Cfg6cC4ZrblBTZWxBQUR1aVU\/edit?usp=sharing\"><i>Suporte Social, Sintomas de Ansiedade, de Depress\u00e3o e Satisfa\u00e7\u00e3o com a Vida em Idosos sob Resposta Social<\/i><\/a><i>\u00a0<\/i>(Orientadoras:\u00a0Helena Esp\u00edrito Santo e Sandra Oliveira). Disserta\u00e7\u00e3o de mestrado, Instituto Superior Miguel Torga, Coimbra<\/span><\/li>\n<li><span style=\"letter-spacing: 0px; color: #000000;\"><b>Anabela Gaspar:<\/b>\u00a0<i><a href=\"https:\/\/docs.google.com\/file\/d\/0Bx4Cfg6cC4Zrenlpcm02YUkwc2M\/edit?usp=sharing\">Mem\u00f3ria a curto-prazo, satisfa\u00e7\u00e3o com a vida e afectividade em idosos institucionalizados e em centro de dia<\/a>.\u00a0<\/i>(Orientadora:\u00a0Helena Esp\u00edrito Santo e Mariana Marques). Disserta\u00e7\u00e3o de mestrado, Instituto Superior Miguel Torga, Coimbra<\/span><\/li>\n<li><span style=\"letter-spacing: 0px; color: #000000;\"><b>Andreia Napole\u00e3o<\/b>:\u00a0<a href=\"https:\/\/docs.google.com\/file\/d\/0Bx4Cfg6cC4ZreUtWb3gwSU1QM28\/edit?usp=sharing\"><i>Sintomas neuropsiqui\u00e1tricos e decl\u00ednio cognitivo. Associa\u00e7\u00e3o entre os sintomas neuropsiqui\u00e1tricos (NPI-Q) e o decl\u00ednio cognitivo (moca) em idosos do concelho de Coimbra<\/i><\/a><i>\u00a0<\/i>(Orientadora: Mariana Marques). Disserta\u00e7\u00e3o de mestrado, Instituto Superior Miguel Torga, Coimbra<\/span><\/li>\n<li><span style=\"letter-spacing: 0px; color: #000000;\"><b>C\u00e1tia Noronha<\/b>:\u00a0<a href=\"https:\/\/docs.google.com\/file\/d\/0Bx4Cfg6cC4ZrSzJQYkk5QkZfOVE\/edit?usp=sharing\"><i>Decl\u00ednio Cognitivo e Depress\u00e3o na 3\u00aa e 4\u00aa idade<\/i><\/a><i>\u00a0<\/i>(Orientadores: Carlos Farate e Helena Esp\u00edrito Santo). Disserta\u00e7\u00e3o de mestrado, Instituto Superior Miguel Torga, Coimbra<\/span><\/li>\n<li><span style=\"letter-spacing: 0px; color: #000000;\"><b>Daniel Falc\u00e3o<\/b>: \u00a0<i><a href=\"https:\/\/docs.google.com\/file\/d\/0Bx4Cfg6cC4Zrc1l2U3cwU0Z1cm8\/edit?usp=sharing\">Influ\u00eancia da escolaridade e da profiss\u00e3o no desempenho de idosos em testes neuropsicol\u00f3gicos<\/a>\u00a0(<\/i>Orientadora:\u00a0Helena Esp\u00edrito Santo). Disserta\u00e7\u00e3o de mestrado, Instituto Superior Miguel Torga, Coimbra<\/span><\/li>\n<li><span style=\"letter-spacing: 0px; color: #000000;\"><b>Diana Carvalho:<\/b>\u00a0<i><a href=\"https:\/\/docs.google.com\/file\/d\/0Bx4Cfg6cC4ZrWm5PWFo3SXJSbjQ\/edit?usp=sharing\">Sintomas depressivos e defeito cognitivo em idosos sob resposta social do concelho de Coimbra<\/a>.\u00a0<\/i>(Orientadora:\u00a0Helena Esp\u00edrito Santo). Disserta\u00e7\u00e3o de mestrado, Instituto Superior Miguel Torga, Coimbra<\/span><\/li>\n<li><span style=\"letter-spacing: 0px; color: #000000;\"><b>Edgar Correia:<\/b>\u00a0<a href=\"https:\/\/docs.google.com\/file\/d\/0Bx4Cfg6cC4ZrQU52OFlFeTlIMXc\/edit?usp=sharing\"><i>Teste do Tempo &amp; Troco.\u00a0Estudo\u00a0de\u00a0Valida\u00e7\u00e3o<\/i><\/a><i>\u00a0<\/i>(Orientadora:\u00a0Helena Esp\u00edrito Santo). Disserta\u00e7\u00e3o de mestrado, Instituto Superior Miguel Torga, Coimbra<\/span><\/li>\n<li><span style=\"letter-spacing: 0px; color: #000000;\"><b>F\u00e1tima Ferreira:<\/b>\u00a0<i><a href=\"https:\/\/docs.google.com\/file\/d\/0Bx4Cfg6cC4ZrNlZhcFlXQlM4bHc\/edit?usp=sharing\">Fatores sociodemogr\u00e1ficos relacionados com o decl\u00ednio cognitivo e ansiedade em idosos<\/a>.\u00a0(Orientadora:\u00a0Helena Esp\u00edrito Santo). Disserta\u00e7\u00e3o de mestrado, Instituto Superior Miguel Torga, Coimbra<\/i><i>\u00a0<\/i><\/span><\/li>\n<li><span style=\"letter-spacing: 0px; color: #000000;\"><b>In\u00eas Pena:<\/b>\u00a0<a href=\"https:\/\/docs.google.com\/file\/d\/0Bx4Cfg6cC4ZrMmhkcEFvMGhqcEU\/edit?usp=sharing\"><i>Defeito cognitivo, sintomas depressivos e satisfa\u00e7\u00e3o com a vida em idosos sob resposta social do concelho de Coimbra<\/i><\/a><i>\u00a0<\/i>(Orientadora:\u00a0Helena Esp\u00edrito Santo). Disserta\u00e7\u00e3o de mestrado, Instituto Superior Miguel Torga, Coimbra<\/span><\/li>\n<li><span style=\"letter-spacing: 0px; color: #000000;\"><b>Joana Ferreira:<\/b>\u00a0<i><a href=\"https:\/\/docs.google.com\/file\/d\/0Bx4Cfg6cC4ZrWGRlQU1mVmdpaUk\/edit?usp=sharing\">Autonomia e Fun\u00e7\u00f5es Cognitivas\u00a0 numa popula\u00e7\u00e3o de Idosos de Coimbra sob resposta social<\/a>.\u00a0<\/i>(Orientadora:\u00a0Helena Esp\u00edrito Santo e Esmeralda Macedo). Disserta\u00e7\u00e3o de mestrado, Instituto Superior Miguel Torga, Coimbra<\/span><\/li>\n<li><span style=\"letter-spacing: 0px; color: #000000;\"><b>Joana Gomes<\/b>:\u00a0\u00a0<a href=\"https:\/\/docs.google.com\/file\/d\/0Bx4Cfg6cC4ZranlUb2gydVJVZm8\/edit?usp=sharing\"><i>Contribui\u00e7\u00e3o para a Valida\u00e7\u00e3o do IQCODE &#8211; Informant Questionnaire on Cognitive Decline in the Elderly<\/i><\/a><i>\u00a0<\/i>(Orientadora:\u00a0Helena Esp\u00edrito Santo). Disserta\u00e7\u00e3o de mestrado, Instituto Superior Miguel Torga, Coimbra<\/span><\/li>\n<li><span style=\"letter-spacing: 0px; color: #000000;\"><b>Manuela Fernandes:<\/b>\u00a0<a href=\"https:\/\/docs.google.com\/file\/d\/0Bx4Cfg6cC4ZrbjRHUWk5MktpVXM\/edit?usp=sharing\"><i>Rela\u00e7\u00e3o do bem-estar subjectivo, sa\u00fade f\u00edsica e mental do idoso sob resposta social<\/i><\/a>.\u00a0(Orientadora:\u00a0Helena Esp\u00edrito Santo e Esmeralda Macedo). Disserta\u00e7\u00e3o de mestrado, Instituto Superior Miguel Torga, Coimbra<\/span><\/li>\n<li><span style=\"letter-spacing: 0px; color: #000000;\"><b>Mafalda Silva<\/b>:\u00a0<a href=\"https:\/\/docs.google.com\/file\/d\/0Bx4Cfg6cC4ZrOG1xNXV6VFViWlU\/edit?usp=sharing\"><i>Contributo para a Valida\u00e7\u00e3o de Instrumentos de Avalia\u00e7\u00e3o das Caracter\u00edsticas Mn\u00e9sicas e Executivas de Idosos sob Resposta Social no Concelho de Coimbra<\/i><\/a><i>\u00a0<\/i>(Orientadora: Mariana Marques e Lu\u00edsa Rolim. Disserta\u00e7\u00e3o de mestrado, Instituto Superior Miguel Torga, Coimbra<\/span><\/li>\n<li><span style=\"letter-spacing: 0px; color: #000000;\"><b>Marina Sei\u00e7a<\/b>:\u00a0\u00a0<i><a href=\"https:\/\/docs.google.com\/file\/d\/0Bx4Cfg6cC4ZrUUk5VkdCVWpIUEE\/edit?usp=sharing\">Satisfa\u00e7\u00e3o com a Vida e Sintomas Ansiosos em Idosos sob resposta social no Concelho de Coimbra<\/a>.\u00a0<\/i>(Orientadores:\u00a0Helena Esp\u00edrito Santo e Michael Knoch). Disserta\u00e7\u00e3o de mestrado, Instituto Superior Miguel Torga, Coimbra<\/span><\/li>\n<li><span style=\"letter-spacing: 0px; color: #000000;\"><b>Miguel Fermino:<\/b>\u00a0<i><a href=\"https:\/\/docs.google.com\/open?id=0Bx4Cfg6cC4ZrMG1ZYmpMcGV1TE0\">Valida\u00e7\u00e3o da Severe Impaiment Battery Language numa amostra de idosos com Alzheimer em Portugal<\/a>.\u00a0<\/i>(Orientadora:\u00a0Helena Esp\u00edrito Santo). Disserta\u00e7\u00e3o de mestrado, Instituto Superior Miguel Torga, Coimbra<\/span><\/li>\n<li><span style=\"letter-spacing: 0px; color: #000000;\"><b>M\u00f3nica Carvalho<\/b>:\u00a0\u00a0<i><a href=\"https:\/\/docs.google.com\/file\/d\/0Bx4Cfg6cC4ZrTTJwQW85RU1EU2c\/edit?usp=sharing\">Sintomas Psicopatol\u00f3gicos e Afecto Positivo nos Idosos<\/a>.\u00a0<\/i>(Orientadora:\u00a0Helena Esp\u00edrito Santo). Disserta\u00e7\u00e3o de mestrado, Instituto Superior Miguel Torga, Coimbra<\/span><\/li>\n<li><span style=\"letter-spacing: 0px; color: #000000;\"><b>Patr\u00edcia Rodrigues<\/b>:\u00a0<i><a href=\"https:\/\/docs.google.com\/file\/d\/0Bx4Cfg6cC4ZraXFmX1dqVXJ0dFE\/edit?usp=sharing\">Rela\u00e7\u00e3o entre mem\u00f3ria e fun\u00e7\u00f5es construtivo-pr\u00e1xicas e d\u00e9fice cognitivo. Associa\u00e7\u00e3o entre a aus\u00eancia de compromisso\/compromisso apenas numa prova ou em ambas as provas da Figura Complexa de Rey e a presen\u00e7a de d\u00e9fice cognitivo grave segundo o Montreal Cognitive Assessment<\/a><u>.\u00a0(<\/u><\/i><u>Orientadoras: Mariana Marques e Helena Esp\u00edrito Santo). Disserta\u00e7\u00e3o de mestrado, Instituto Superior Miguel Torga, Coimbra<\/u><\/span><\/li>\n<li><span style=\"letter-spacing: 0px; color: #000000;\"><b>Raquel Carvalho<\/b>:\u00a0<i><a href=\"https:\/\/docs.google.com\/file\/d\/0Bx4Cfg6cC4ZrbEthMXB2eURwUHM\/edit?usp=sharing\">Fun\u00e7\u00f5es Executivas e Satisfa\u00e7\u00e3o com a Vida: Estudo em Idosos Sob Resposta Social<\/a>.\u00a0<\/i>(Orientadora:\u00a0Helena Esp\u00edrito Santo). Disserta\u00e7\u00e3o de mestrado, Instituto Superior Miguel Torga, Coimbra<\/span><\/li>\n<li><span style=\"letter-spacing: 0px; color: #000000;\"><b>Rita Gon\u00e7alves<\/b>:\u00a0<i><a href=\"https:\/\/docs.google.com\/file\/d\/0Bx4Cfg6cC4ZrSm45QmxwQ0NPN0k\/edit?usp=sharing\">Decl\u00ednio Cognitivo, Sintomas Ansiosos e Depressivos: Estudo em Idosos sob Resposta Social<\/a>.\u00a0<\/i>(Orientadora:\u00a0Helena Esp\u00edrito Santo e Lu\u00edsa Rolim). Disserta\u00e7\u00e3o de mestrado, Instituto Superior Miguel Torga, Coimbra<\/span><\/li>\n<li><span style=\"letter-spacing: 0px; color: #000000;\"><b>Rui Reis<\/b>:\u00a0<i><a href=\"https:\/\/docs.google.com\/file\/d\/0Bx4Cfg6cC4ZrQ2pFVnlYaUlUXzg\/edit?usp=sharing\">Sintomas neuropsiqui\u00e1tricos e decl\u00ednio cognitivo. Associa\u00e7\u00e3o entre os sintomas neuropsiqui\u00e1tricos relatados pelos cuidadores informais e o decl\u00ednio cognitivo avaliado junto dos idosos<\/a>.\u00a0<\/i>(Orientadoras: Mariana Marques e Helena Esp\u00edrito Santo). Disserta\u00e7\u00e3o de mestrado, Instituto Superior Miguel Torga, Coimbra<\/span><\/li>\n<li><span style=\"letter-spacing: 0px; color: #000000;\"><b>Susana Maia<\/b>:\u00a0<i><a href=\"https:\/\/docs.google.com\/file\/d\/0Bx4Cfg6cC4ZrbUlsa3k1Q1dCS2c\/edit?usp=sharing\">Rela\u00e7\u00e3o entre fun\u00e7\u00f5es executivas e ansiedade em idosos institucionalizados<\/a>.\u00a0<\/i>(Orientadora:\u00a0Helena Esp\u00edrito Santo). Disserta\u00e7\u00e3o de mestrado, Instituto Superior Miguel Torga, Coimbra<\/span><\/li>\n<\/ul>\n","protected":false},"excerpt":{"rendered":"<p>Doutoramentos 2014 In\u00eas Torres Pena:\u00a0Funcionamiento neuropsicol\u00f3gico y emocional en el envejecimiento. Estudio comparativo entre ancianos institucionalizados y no-institucionalizados\u00a0(Orientadores:\u00a0Helena Esp\u00edrito Santo e Flor\u00eancio Castro). Universidade da Extremadura. Espanha Sara Gordo:\u00a0Contribuici\u00f3n del funcionamiento ejecutivo en la funcionalidad en ancianos no-institucionalizados, semi-institucionalizados e institucionalizados\u00a0(Orientador:\u00a0Ricardo Garcia).\u00a0Universidade de Salamanca. Espanha Mestrados 2019 Gabriela da Silva Cruz\u00a0(2019, 4 abril). Mindfulness em [&hellip;]<\/p>\n","protected":false},"author":1,"featured_media":0,"parent":1391,"menu_order":1,"comment_status":"closed","ping_status":"closed","template":"","meta":{"_mi_skip_tracking":false,"_monsterinsights_sitenote_active":false,"_monsterinsights_sitenote_note":"","_monsterinsights_sitenote_category":0},"_links":{"self":[{"href":"https:\/\/diinews.ismt.pt\/index.php?rest_route=\/wp\/v2\/pages\/1369"}],"collection":[{"href":"https:\/\/diinews.ismt.pt\/index.php?rest_route=\/wp\/v2\/pages"}],"about":[{"href":"https:\/\/diinews.ismt.pt\/index.php?rest_route=\/wp\/v2\/types\/page"}],"author":[{"embeddable":true,"href":"https:\/\/diinews.ismt.pt\/index.php?rest_route=\/wp\/v2\/users\/1"}],"replies":[{"embeddable":true,"href":"https:\/\/diinews.ismt.pt\/index.php?rest_route=%2Fwp%2Fv2%2Fcomments&post=1369"}],"version-history":[{"count":47,"href":"https:\/\/diinews.ismt.pt\/index.php?rest_route=\/wp\/v2\/pages\/1369\/revisions"}],"predecessor-version":[{"id":3878,"href":"https:\/\/diinews.ismt.pt\/index.php?rest_route=\/wp\/v2\/pages\/1369\/revisions\/3878"}],"up":[{"embeddable":true,"href":"https:\/\/diinews.ismt.pt\/index.php?rest_route=\/wp\/v2\/pages\/1391"}],"wp:attachment":[{"href":"https:\/\/diinews.ismt.pt\/index.php?rest_route=%2Fwp%2Fv2%2Fmedia&parent=1369"}],"curies":[{"name":"wp","href":"https:\/\/api.w.org\/{rel}","templated":true}]}}