{"id":1299,"date":"2014-05-24T18:03:47","date_gmt":"2014-05-24T18:03:47","guid":{"rendered":"http:\/\/diinews.ismt.pt\/?page_id=1299"},"modified":"2019-02-21T00:55:11","modified_gmt":"2019-02-21T00:55:11","slug":"participantes-analfabetos","status":"publish","type":"page","link":"https:\/\/diinews.ismt.pt\/?page_id=1299&lang=pt","title":{"rendered":"Participantes analfabetos"},"content":{"rendered":"<p>&nbsp;<\/p>\n<p style=\"margin: 0px 0px 0px 0px; text-align: justify; font-size: 14PX; font-family: Avenir; color: #444444;\"><span style=\"letter-spacing: 0.0px;\">A <span class=\"GRspelling\">investiga<\/span>\u00e7\u00e3o <span class=\"GRspelling\">cient<\/span>\u00ed<span class=\"GRspelling\">fica<\/span> <span class=\"GRspelling\">com<\/span> <span class=\"GRspelling\">pessoas<\/span> <span class=\"GRspelling\">iletradas<\/span>, <span class=\"GRspelling\">ou<\/span> <span class=\"GRspelling\">que<\/span> n\u00e3o <span class=\"GRspelling\">dominem<\/span> a l\u00ed<span class=\"GRspelling\">ngua<\/span> <span class=\"GRspelling\">portuguesa<\/span>, <span class=\"GRspelling\">estando<\/span> <span class=\"GRspelling\">impedidas<\/span> <span class=\"GRspelling\">de<\/span> <span class=\"GRspelling\">entenderem<\/span> o <span class=\"GRspelling\">documento<\/span> do <em><strong>Consentimento Informado<\/strong><\/em> <span class=\"GRspelling\">deve<\/span> <span class=\"GRspelling\">incluir<\/span> a <span class=\"GRspelling\">presen<\/span>\u00e7a <span class=\"GRspelling\">de<\/span> um familiar, amigo <span class=\"GRspelling\">ou<\/span> <span class=\"GRspelling\">outra<\/span> <span class=\"GRspelling\">pessoa<\/span> <span class=\"GRspelling\">da<\/span> <span class=\"GRspelling\">confian<\/span>\u00e7a do <span class=\"GRspelling\">participante<\/span> <span class=\"GRspelling\">que<\/span> <span class=\"GRspelling\">testemunhe<\/span> a <span class=\"GRspelling\"><span class=\"GRspelling\">leitura<\/span> do<\/span><\/span> <em style=\"font-size: 14PX; letter-spacing: 0px;\"><strong>Consentimento Informado<\/strong><\/em><span style=\"font-size: 14PX; letter-spacing: 0px;\">.<\/span><\/p>\n<p>&nbsp;<\/p>\n<p style=\"margin: 0px 0px 0px 0px; text-align: justify; font-size: 14PX; font-family: Avenir; color: #444444;\">A <span class=\"GRspelling\">pessoa<\/span>, antes <span class=\"GRspelling\">de<\/span> <span class=\"GRspelling\">participar<\/span> <span class=\"GRspelling\">na<\/span> <span class=\"GRspelling\">investiga<\/span>\u00e7\u00e3o, deve <span class=\"GRspelling\">manifestar<\/span> <span class=\"GRspelling\">oralmente<\/span> a <span class=\"GRspelling\">sua<\/span> concord\u00e2<span class=\"GRspelling\">ncia<\/span> <span class=\"GRspelling\">em<\/span> <span class=\"GRspelling\">ser<\/span> envolvido na presen\u00e7a da testemunha.<\/p>\n<p>&nbsp;<\/p>\n<p>&nbsp;<\/p>\n<p style=\"margin: 0px 0px 0px 0px; text-align: justify; font-size: 14PX; font-family: Avenir; color: #444444;\"><em><strong>Modelo de Consentimento Informado<\/strong><\/em><\/p>\n<p>&nbsp;<\/p>\n<p>&nbsp;<\/p>\n","protected":false},"excerpt":{"rendered":"<p>&nbsp; A investiga\u00e7\u00e3o cient\u00edfica com pessoas iletradas, ou que n\u00e3o dominem a l\u00edngua portuguesa, estando impedidas de entenderem o documento do Consentimento Informado deve incluir a presen\u00e7a de um familiar, amigo ou outra pessoa da confian\u00e7a do participante que testemunhe a leitura do Consentimento Informado. &nbsp; A pessoa, antes de participar na investiga\u00e7\u00e3o, deve manifestar [&hellip;]<\/p>\n","protected":false},"author":1,"featured_media":0,"parent":1214,"menu_order":7,"comment_status":"closed","ping_status":"closed","template":"","meta":{"_mi_skip_tracking":false,"_monsterinsights_sitenote_active":false,"_monsterinsights_sitenote_note":"","_monsterinsights_sitenote_category":0},"_links":{"self":[{"href":"https:\/\/diinews.ismt.pt\/index.php?rest_route=\/wp\/v2\/pages\/1299"}],"collection":[{"href":"https:\/\/diinews.ismt.pt\/index.php?rest_route=\/wp\/v2\/pages"}],"about":[{"href":"https:\/\/diinews.ismt.pt\/index.php?rest_route=\/wp\/v2\/types\/page"}],"author":[{"embeddable":true,"href":"https:\/\/diinews.ismt.pt\/index.php?rest_route=\/wp\/v2\/users\/1"}],"replies":[{"embeddable":true,"href":"https:\/\/diinews.ismt.pt\/index.php?rest_route=%2Fwp%2Fv2%2Fcomments&post=1299"}],"version-history":[{"count":3,"href":"https:\/\/diinews.ismt.pt\/index.php?rest_route=\/wp\/v2\/pages\/1299\/revisions"}],"predecessor-version":[{"id":2808,"href":"https:\/\/diinews.ismt.pt\/index.php?rest_route=\/wp\/v2\/pages\/1299\/revisions\/2808"}],"up":[{"embeddable":true,"href":"https:\/\/diinews.ismt.pt\/index.php?rest_route=\/wp\/v2\/pages\/1214"}],"wp:attachment":[{"href":"https:\/\/diinews.ismt.pt\/index.php?rest_route=%2Fwp%2Fv2%2Fmedia&parent=1299"}],"curies":[{"name":"wp","href":"https:\/\/api.w.org\/{rel}","templated":true}]}}