{"id":1228,"date":"2014-05-15T02:50:57","date_gmt":"2014-05-15T02:50:57","guid":{"rendered":"http:\/\/diinews.ismt.pt\/?page_id=1228"},"modified":"2019-02-21T00:51:52","modified_gmt":"2019-02-21T00:51:52","slug":"o-que-e","status":"publish","type":"page","link":"https:\/\/diinews.ismt.pt\/?page_id=1228&lang=pt","title":{"rendered":"O que \u00e9 o consentimento informado"},"content":{"rendered":"<p style=\"margin: 0px 0px 11px; text-align: justify; font-size: 14PX; font-family: Avenir;\"><span style=\"letter-spacing: 0.0px;\">Na implementa\u00e7\u00e3o de toda a investiga\u00e7\u00e3o cient\u00edfica que envolva seres humanos como participantes, O <b><i>Consentimento Informado, Livre e Esclarecido<\/i><\/b> \u00e9 mandat\u00f3rio.<\/span><\/p>\n<p style=\"margin: 0px 0px 11px; text-align: justify; font-size: 14PX; font-family: Avenir;\"><span style=\"letter-spacing: 0.0px;\">O <b><i>Consentimento Informado, Livre e Esclarecido<\/i><\/b> consiste num documento escrito contendo informa\u00e7\u00e3o sobre a natureza, consequ\u00eancias, riscos ou benef\u00edcios em participar numa investiga\u00e7\u00e3o cient\u00edfica. Este documento \u00e9 datado e assinado pelos investigadores e pelos sujeitos capazes, ou de representantes legais em caso de impossibilidade dos pr\u00f3prios, que manifestam a sua decis\u00e3o livre e informada em participar nessa investiga\u00e7\u00e3o.<\/span><\/p>\n<p style=\"margin: 0px 0px 11px; text-align: justify; font-size: 14PX; font-family: Avenir;\"><span style=\"letter-spacing: 0.0px;\">O consentimento <b>oral<\/b> pode ser aceite em casos excepcionais em que o sujeito \u00e9 incapaz de escrever e\/ou ler, salvaguardando a presen\u00e7a de pelo menos uma testemunha e seguindo a legisla\u00e7\u00e3o em vigor.<\/span><\/p>\n<p style=\"margin: 0px 0px 11px; text-align: justify; font-size: 14PX; font-family: Avenir;\"><span style=\"letter-spacing: 0.0px;\">Na elabora\u00e7\u00e3o do <b><i>Consentimento Informado, Livre e Esclarecido, <\/i><\/b>devem seguir-se as Diretrizes \u00c9ticas Internacionais para a Investiga\u00e7\u00e3o Envolvendo Seres Humanos (<a href=\"http:\/\/www.cioms.ch\" target=\"_blank\" rel=\"noopener\">Council for International Organizations of Medical Sciences<\/a> e <a href=\"http:\/\/www.who.int\/en\/\" target=\"_blank\" rel=\"noopener\">Organiza\u00e7\u00e3o Mundial da Sa\u00fade, Genebra<\/a>, 1993).<\/span><\/p>\n","protected":false},"excerpt":{"rendered":"<p>Na implementa\u00e7\u00e3o de toda a investiga\u00e7\u00e3o cient\u00edfica que envolva seres humanos como participantes, O Consentimento Informado, Livre e Esclarecido \u00e9 mandat\u00f3rio. O Consentimento Informado, Livre e Esclarecido consiste num documento escrito contendo informa\u00e7\u00e3o sobre a natureza, consequ\u00eancias, riscos ou benef\u00edcios em participar numa investiga\u00e7\u00e3o cient\u00edfica. Este documento \u00e9 datado e assinado pelos investigadores e pelos [&hellip;]<\/p>\n","protected":false},"author":1,"featured_media":0,"parent":1214,"menu_order":1,"comment_status":"closed","ping_status":"closed","template":"","meta":{"_mi_skip_tracking":false,"_monsterinsights_sitenote_active":false,"_monsterinsights_sitenote_note":"","_monsterinsights_sitenote_category":0},"_links":{"self":[{"href":"https:\/\/diinews.ismt.pt\/index.php?rest_route=\/wp\/v2\/pages\/1228"}],"collection":[{"href":"https:\/\/diinews.ismt.pt\/index.php?rest_route=\/wp\/v2\/pages"}],"about":[{"href":"https:\/\/diinews.ismt.pt\/index.php?rest_route=\/wp\/v2\/types\/page"}],"author":[{"embeddable":true,"href":"https:\/\/diinews.ismt.pt\/index.php?rest_route=\/wp\/v2\/users\/1"}],"replies":[{"embeddable":true,"href":"https:\/\/diinews.ismt.pt\/index.php?rest_route=%2Fwp%2Fv2%2Fcomments&post=1228"}],"version-history":[{"count":9,"href":"https:\/\/diinews.ismt.pt\/index.php?rest_route=\/wp\/v2\/pages\/1228\/revisions"}],"predecessor-version":[{"id":3364,"href":"https:\/\/diinews.ismt.pt\/index.php?rest_route=\/wp\/v2\/pages\/1228\/revisions\/3364"}],"up":[{"embeddable":true,"href":"https:\/\/diinews.ismt.pt\/index.php?rest_route=\/wp\/v2\/pages\/1214"}],"wp:attachment":[{"href":"https:\/\/diinews.ismt.pt\/index.php?rest_route=%2Fwp%2Fv2%2Fmedia&parent=1228"}],"curies":[{"name":"wp","href":"https:\/\/api.w.org\/{rel}","templated":true}]}}